{"id":897,"date":"2022-02-16T19:18:37","date_gmt":"2022-02-16T18:18:37","guid":{"rendered":"https:\/\/blogsaverroes.juntadeandalucia.es\/cemjosedeltoro\/?page_id=897"},"modified":"2022-03-01T15:57:39","modified_gmt":"2022-03-01T14:57:39","slug":"p-a-s","status":"publish","type":"page","link":"https:\/\/blogsaverroes.juntadeandalucia.es\/cemjosedeltoro\/p-a-s\/","title":{"rendered":"P.A.S"},"content":{"rendered":"<p>[et_pb_section fb_built=\u00bb1&#8243; _builder_version=\u00bb4.5.0&#8243; _module_preset=\u00bbdefault\u00bb custom_margin=\u00bb-35px|||||\u00bb global_colors_info=\u00bb{}\u00bb][et_pb_row _builder_version=\u00bb4.14.5&#8243; _module_preset=\u00bbdefault\u00bb global_colors_info=\u00bb{}\u00bb][et_pb_column type=\u00bb4_4&#8243; _builder_version=\u00bb4.14.5&#8243; _module_preset=\u00bbdefault\u00bb global_colors_info=\u00bb{}\u00bb][et_pb_post_title meta=\u00bboff\u00bb featured_placement=\u00bbbackground\u00bb _builder_version=\u00bb4.14.5&#8243; _module_preset=\u00bbdefault\u00bb title_font=\u00bb|700|||||||\u00bb title_text_color=\u00bb#FFFFFF\u00bb title_font_size=\u00bb53px\u00bb max_height=\u00bb537px\u00bb custom_padding=\u00bb||204px|||\u00bb title_font_size_tablet=\u00bb53px\u00bb title_font_size_phone=\u00bb22px\u00bb title_font_size_last_edited=\u00bbon|desktop\u00bb title_text_shadow_style=\u00bbpreset3&#8243; global_colors_info=\u00bb{}\u00bb][\/et_pb_post_title][\/et_pb_column][\/et_pb_row][et_pb_row _builder_version=\u00bb4.5.0&#8243; _module_preset=\u00bbdefault\u00bb global_colors_info=\u00bb{}\u00bb][et_pb_column type=\u00bb4_4&#8243; _builder_version=\u00bb4.5.0&#8243; _module_preset=\u00bbdefault\u00bb global_colors_info=\u00bb{}\u00bb][et_pb_text _builder_version=\u00bb4.14.5&#8243; _module_preset=\u00bbdefault\u00bb text_font=\u00bb|600||on|||||\u00bb text_font_size=\u00bb17px\u00bb global_colors_info=\u00bb{}\u00bb]<\/p>\n<p><strong>personal de administraci\u00f3n y servicio de nuestro conservatorio<\/strong><\/p>\n<p>[\/et_pb_text][et_pb_text _builder_version=\u00bb4.14.5&#8243; _module_preset=\u00bbdefault\u00bb text_font=\u00bb|600|||||||\u00bb text_font_size=\u00bb17px\u00bb global_colors_info=\u00bb{}\u00bb]<\/p>\n<p><span style=\"font-weight: 400\">Son el colectivo de personal de administraci\u00f3n y servicio de nuestro conservatorio. Es un grupo humano sin el que la viabilidad del Conservatorio no ser\u00eda posible. Juntas trabajan en pro de la imagen corporativa del centro ya que se encargan de tareas de gesti\u00f3n administrativa, organizaci\u00f3n y gesti\u00f3n de la itinerancia de aulas, limpieza, as\u00ed como del orden y supervisi\u00f3n de las instalaciones.\u00a0<\/span><\/p>\n<p><span style=\"font-weight: 400\">&#8211; Carmen P\u00e9rez Ortega: Administrativa.<\/span><\/p>\n<p><span style=\"font-weight: 400\">&#8211; M\u00aa de la Cinta Agudo Ramos: Ordenanza.<\/span><\/p>\n<p><span style=\"font-weight: 400\">&#8211; Rosal\u00eda M\u00e1rquez Torrado: Limpiadora.<\/span><\/p>\n<p><span style=\"font-weight: 400\">&#8211; Eva Romero D\u00edaz: Limpiadora COVID.<\/span><\/p>\n<p><span style=\"font-weight: 400\"><\/span><\/p>\n<p>[\/et_pb_text][\/et_pb_column][\/et_pb_row][\/et_pb_section]<\/p>\n","protected":false},"excerpt":{"rendered":"<p>personal de administraci\u00f3n y servicio de nuestro conservatorioSon el colectivo de personal de administraci\u00f3n y servicio de nuestro conservatorio. Es un grupo humano sin el que la viabilidad del Conservatorio no ser\u00eda posible. Juntas trabajan en pro de la imagen corporativa del centro ya que se encargan de tareas de gesti\u00f3n administrativa, organizaci\u00f3n y gesti\u00f3n [&hellip;]<\/p>\n","protected":false},"author":13205,"featured_media":903,"parent":0,"menu_order":0,"comment_status":"closed","ping_status":"closed","template":"","meta":{"_et_pb_use_builder":"on","_et_pb_old_content":"","_et_gb_content_width":"","ngg_post_thumbnail":0,"footnotes":""},"aioseo_notices":[],"_links":{"self":[{"href":"https:\/\/blogsaverroes.juntadeandalucia.es\/cemjosedeltoro\/wp-json\/wp\/v2\/pages\/897"}],"collection":[{"href":"https:\/\/blogsaverroes.juntadeandalucia.es\/cemjosedeltoro\/wp-json\/wp\/v2\/pages"}],"about":[{"href":"https:\/\/blogsaverroes.juntadeandalucia.es\/cemjosedeltoro\/wp-json\/wp\/v2\/types\/page"}],"author":[{"embeddable":true,"href":"https:\/\/blogsaverroes.juntadeandalucia.es\/cemjosedeltoro\/wp-json\/wp\/v2\/users\/13205"}],"replies":[{"embeddable":true,"href":"https:\/\/blogsaverroes.juntadeandalucia.es\/cemjosedeltoro\/wp-json\/wp\/v2\/comments?post=897"}],"version-history":[{"count":6,"href":"https:\/\/blogsaverroes.juntadeandalucia.es\/cemjosedeltoro\/wp-json\/wp\/v2\/pages\/897\/revisions"}],"predecessor-version":[{"id":1094,"href":"https:\/\/blogsaverroes.juntadeandalucia.es\/cemjosedeltoro\/wp-json\/wp\/v2\/pages\/897\/revisions\/1094"}],"wp:featuredmedia":[{"embeddable":true,"href":"https:\/\/blogsaverroes.juntadeandalucia.es\/cemjosedeltoro\/wp-json\/wp\/v2\/media\/903"}],"wp:attachment":[{"href":"https:\/\/blogsaverroes.juntadeandalucia.es\/cemjosedeltoro\/wp-json\/wp\/v2\/media?parent=897"}],"curies":[{"name":"wp","href":"https:\/\/api.w.org\/{rel}","templated":true}]}}