{"id":908,"date":"2022-02-16T19:26:59","date_gmt":"2022-02-16T18:26:59","guid":{"rendered":"https:\/\/blogsaverroes.juntadeandalucia.es\/cemjosedeltoro\/?page_id=908"},"modified":"2022-02-16T19:49:11","modified_gmt":"2022-02-16T18:49:11","slug":"equipo-directivo","status":"publish","type":"page","link":"https:\/\/blogsaverroes.juntadeandalucia.es\/cemjosedeltoro\/equipo-directivo\/","title":{"rendered":"EQUIPO DIRECTIVO"},"content":{"rendered":"<p>[et_pb_section fb_built=\u00bb1&#8243; _builder_version=\u00bb4.5.0&#8243; _module_preset=\u00bbdefault\u00bb custom_margin=\u00bb-35px|||||\u00bb global_colors_info=\u00bb{}\u00bb][et_pb_row _builder_version=\u00bb4.14.5&#8243; _module_preset=\u00bbdefault\u00bb global_colors_info=\u00bb{}\u00bb][et_pb_column type=\u00bb4_4&#8243; _builder_version=\u00bb4.14.5&#8243; _module_preset=\u00bbdefault\u00bb global_colors_info=\u00bb{}\u00bb][et_pb_post_title meta=\u00bboff\u00bb featured_placement=\u00bbbackground\u00bb _builder_version=\u00bb4.14.5&#8243; _module_preset=\u00bbdefault\u00bb title_font=\u00bb|700|||||||\u00bb title_text_color=\u00bb#FFFFFF\u00bb title_font_size=\u00bb53px\u00bb max_height=\u00bb537px\u00bb custom_padding=\u00bb||204px|||\u00bb hover_enabled=\u00bb0&#8243; title_font_size_tablet=\u00bb53px\u00bb title_font_size_phone=\u00bb22px\u00bb title_font_size_last_edited=\u00bbon|desktop\u00bb global_colors_info=\u00bb{}\u00bb title_text_shadow_style=\u00bbpreset3&#8243; sticky_enabled=\u00bb0&#8243;][\/et_pb_post_title][\/et_pb_column][\/et_pb_row][et_pb_row _builder_version=\u00bb4.5.0&#8243; _module_preset=\u00bbdefault\u00bb global_colors_info=\u00bb{}\u00bb][et_pb_column type=\u00bb4_4&#8243; _builder_version=\u00bb4.5.0&#8243; _module_preset=\u00bbdefault\u00bb global_colors_info=\u00bb{}\u00bb][et_pb_text _builder_version=\u00bb4.14.5&#8243; _module_preset=\u00bbdefault\u00bb text_font=\u00bb|600||on|||||\u00bb text_font_size=\u00bb17px\u00bb global_colors_info=\u00bb{}\u00bb]<\/p>\n<p><strong>El equipo directivo es el \u00f3rgano ejecutivo de gobierno de los centros p\u00fablicos&#8230;<\/strong><\/p>\n<p>[\/et_pb_text][et_pb_text _builder_version=\u00bb4.14.5&#8243; _module_preset=\u00bbdefault\u00bb text_font=\u00bb|600|||||||\u00bb text_font_size=\u00bb17px\u00bb custom_padding=\u00bb||0px|||\u00bb global_colors_info=\u00bb{}\u00bb]<\/p>\n<p><span style=\"font-weight: 400\">El equipo directivo es el \u00f3rgano ejecutivo de gobierno de los centros p\u00fablicos, integrado por el director, el jefe de estudios, el secretario y cuantos otros cargos determinen las administraciones educativas.<\/span><\/p>\n<p>&nbsp;<\/p>\n<p><span style=\"font-weight: 400\">Para que un conjunto\u00a0 funcione de manera arm\u00f3nica debe estar regulado y coordinado. El Equipo Directivo es el encargado de organizar cada una de las parcelas que forman nuestro centro,\u00a0 gestionar temas espec\u00edficos con competencias propias, y tambi\u00e9n temas comunes. As\u00ed mismo, las reuniones entre el Equipo Directivo y cada uno de los colectivos a su cargo (profesorado, A.M.P.A., P.A.S. Departamentos), suponen la concreci\u00f3n de las acciones que se vayan a tomar. Cualquier gesti\u00f3n o toma de decisiones que tenga que ver con el Conservatorio pasa inexcusablemente por el Equipo Directivo. El del Conservatorio Elemental de M\u00fasica \u201cJos\u00e9 del Toro\u201d de Trigueros est\u00e1 formado por:<\/span><\/p>\n<p>&nbsp;<\/p>\n<p><span style=\"font-weight: 400\">&#8211; AGUST\u00cdN GARC\u00cdA ASENSI, DIRECTOR.<\/span><\/p>\n<p><span style=\"font-weight: 400\">&#8211; DIEGO CORONEL CARRASCO, SECRETARIO.<\/span><\/p>\n<p><span style=\"font-weight: 400\">&#8211; JAVIER GARC\u00cdA G\u00d3MEZ, JEFE DE ESTUDIOS.<\/span><\/p>\n<p>[\/et_pb_text][\/et_pb_column][\/et_pb_row][\/et_pb_section]<\/p>\n","protected":false},"excerpt":{"rendered":"<p>El equipo directivo es el \u00f3rgano ejecutivo de gobierno de los centros p\u00fablicos&#8230;El equipo directivo es el \u00f3rgano ejecutivo de gobierno de los centros p\u00fablicos, integrado por el director, el jefe de estudios, el secretario y cuantos otros cargos determinen las administraciones educativas. &nbsp; Para que un conjunto\u00a0 funcione de manera arm\u00f3nica debe estar regulado [&hellip;]<\/p>\n","protected":false},"author":13205,"featured_media":888,"parent":0,"menu_order":0,"comment_status":"closed","ping_status":"closed","template":"","meta":{"_et_pb_use_builder":"on","_et_pb_old_content":"","_et_gb_content_width":"","ngg_post_thumbnail":0,"footnotes":""},"aioseo_notices":[],"_links":{"self":[{"href":"https:\/\/blogsaverroes.juntadeandalucia.es\/cemjosedeltoro\/wp-json\/wp\/v2\/pages\/908"}],"collection":[{"href":"https:\/\/blogsaverroes.juntadeandalucia.es\/cemjosedeltoro\/wp-json\/wp\/v2\/pages"}],"about":[{"href":"https:\/\/blogsaverroes.juntadeandalucia.es\/cemjosedeltoro\/wp-json\/wp\/v2\/types\/page"}],"author":[{"embeddable":true,"href":"https:\/\/blogsaverroes.juntadeandalucia.es\/cemjosedeltoro\/wp-json\/wp\/v2\/users\/13205"}],"replies":[{"embeddable":true,"href":"https:\/\/blogsaverroes.juntadeandalucia.es\/cemjosedeltoro\/wp-json\/wp\/v2\/comments?post=908"}],"version-history":[{"count":6,"href":"https:\/\/blogsaverroes.juntadeandalucia.es\/cemjosedeltoro\/wp-json\/wp\/v2\/pages\/908\/revisions"}],"predecessor-version":[{"id":930,"href":"https:\/\/blogsaverroes.juntadeandalucia.es\/cemjosedeltoro\/wp-json\/wp\/v2\/pages\/908\/revisions\/930"}],"wp:featuredmedia":[{"embeddable":true,"href":"https:\/\/blogsaverroes.juntadeandalucia.es\/cemjosedeltoro\/wp-json\/wp\/v2\/media\/888"}],"wp:attachment":[{"href":"https:\/\/blogsaverroes.juntadeandalucia.es\/cemjosedeltoro\/wp-json\/wp\/v2\/media?parent=908"}],"curies":[{"name":"wp","href":"https:\/\/api.w.org\/{rel}","templated":true}]}}