{"id":918,"date":"2022-02-16T19:36:54","date_gmt":"2022-02-16T18:36:54","guid":{"rendered":"https:\/\/blogsaverroes.juntadeandalucia.es\/cemjosedeltoro\/?page_id=918"},"modified":"2022-03-02T11:48:04","modified_gmt":"2022-03-02T10:48:04","slug":"consejo-escolar","status":"publish","type":"page","link":"https:\/\/blogsaverroes.juntadeandalucia.es\/cemjosedeltoro\/consejo-escolar\/","title":{"rendered":"CONSEJO ESCOLAR"},"content":{"rendered":"<p>[et_pb_section fb_built=\u00bb1&#8243; _builder_version=\u00bb4.5.0&#8243; _module_preset=\u00bbdefault\u00bb custom_margin=\u00bb-35px|||||\u00bb global_colors_info=\u00bb{}\u00bb][et_pb_row _builder_version=\u00bb4.5.0&#8243; _module_preset=\u00bbdefault\u00bb global_colors_info=\u00bb{}\u00bb][et_pb_column type=\u00bb4_4&#8243; _builder_version=\u00bb4.5.0&#8243; _module_preset=\u00bbdefault\u00bb global_colors_info=\u00bb{}\u00bb][et_pb_post_title meta=\u00bboff\u00bb featured_placement=\u00bbbackground\u00bb _builder_version=\u00bb4.14.5&#8243; _module_preset=\u00bbdefault\u00bb title_font=\u00bb|700|||||||\u00bb title_text_color=\u00bb#FFFFFF\u00bb title_font_size=\u00bb53px\u00bb max_height=\u00bb537px\u00bb custom_padding=\u00bb||204px|||\u00bb title_font_size_tablet=\u00bb53px\u00bb title_font_size_phone=\u00bb22px\u00bb title_font_size_last_edited=\u00bbon|desktop\u00bb title_text_shadow_style=\u00bbpreset3&#8243; global_colors_info=\u00bb{}\u00bb][\/et_pb_post_title][et_pb_text _builder_version=\u00bb4.14.5&#8243; _module_preset=\u00bbdefault\u00bb text_font=\u00bb|600||on|||||\u00bb text_font_size=\u00bb17px\u00bb global_colors_info=\u00bb{}\u00bb]<\/p>\n<p><strong>El Consejo Escolar es el \u00f3rgano de participaci\u00f3n en el control y gesti\u00f3n del centro<\/strong><\/p>\n<p>[\/et_pb_text][et_pb_text _builder_version=\u00bb4.14.5&#8243; _module_preset=\u00bbdefault\u00bb text_font=\u00bb|600|||||||\u00bb text_font_size=\u00bb17px\u00bb custom_padding=\u00bb||0px|||\u00bb global_colors_info=\u00bb{}\u00bb]<\/p>\n<p><span style=\"font-weight: 400\">El Consejo Escolar es el \u00f3rgano de participaci\u00f3n en el control y gesti\u00f3n del centro de los distintos sectores que constituyen la comunidad educativa. Este \u00f3rgano de gobierno es la referencia a la hora de rendir cuentas y tomar decisiones de car\u00e1cter social e institucional.<\/span> <span style=\"font-weight: 400\">La composici\u00f3n del Consejo Escolar es la siguiente:<\/span><\/p>\n<p><span style=\"font-weight: 400\"><\/span><\/p>\n<ul>\n<li style=\"font-weight: 400\"><span style=\"font-weight: 400\"><span style=\"font-weight: 400\">Director, Jefe de Estudios, Secretario, Presidenta de la A.M.P.A., representante del Personal de Administraci\u00f3n y Servicios, representante del Ayuntamiento, 3 representantes de madres y padres, 4 miembros del claustro de profesores y un representante del colectivo del alumnado.<\/span><\/span><\/li>\n<\/ul>\n<p>[\/et_pb_text][\/et_pb_column][\/et_pb_row][et_pb_row _builder_version=\u00bb4.14.5&#8243; _module_preset=\u00bbdefault\u00bb global_colors_info=\u00bb{}\u00bb][et_pb_column type=\u00bb4_4&#8243; _builder_version=\u00bb4.14.5&#8243; _module_preset=\u00bbdefault\u00bb global_colors_info=\u00bb{}\u00bb][et_pb_accordion open_toggle_text_color=\u00bb#2672c9&#8243; open_toggle_background_color=\u00bb#ffffff\u00bb closed_toggle_text_color=\u00bb#2672c9&#8243; icon_color=\u00bb#0c71c3&#8243; disabled_on=\u00bboff|off|off\u00bb _builder_version=\u00bb4.14.5&#8243; _module_preset=\u00bbdefault\u00bb toggle_level=\u00bbh1&#8243; toggle_font=\u00bb|800|||||||\u00bb hover_enabled=\u00bb0&#8243; global_colors_info=\u00bb{}\u00bb theme_builder_area=\u00bbpost_content\u00bb sticky_enabled=\u00bb0&#8243;][et_pb_accordion_item title=\u00bbEQUIPO DIRECTIVO\u00bb open=\u00bboff\u00bb _builder_version=\u00bb4.5.0&#8243; _module_preset=\u00bbdefault\u00bb global_colors_info=\u00bb{}\u00bb theme_builder_area=\u00bbpost_content\u00bb]<\/p>\n<h4><span><\/span><\/h4>\n<p>&nbsp;<\/p>\n<h3><span>DIRECCI\u00d3N: <strong>AGUST\u00cdN GARC\u00cdA ASENSI<\/strong><\/span><\/h3>\n<h3><span>JEFATURA DE ESTUDIOS: <strong>JAVIER GARC\u00cdA G\u00d3MEZ<\/strong><\/span><\/h3>\n<h3><span>SECRETAR\u00cdO:\u00a0<strong>DIEGO CORONEL CARRASCO<\/strong><\/span><\/h3>\n<h3><\/h3>\n<p>&nbsp;<\/p>\n<p>[\/et_pb_accordion_item][et_pb_accordion_item title=\u00bbPROFESORADO\u00bb _builder_version=\u00bb4.5.0&#8243; _module_preset=\u00bbdefault\u00bb global_colors_info=\u00bb{}\u00bb theme_builder_area=\u00bbpost_content\u00bb open=\u00bboff\u00bb]<\/p>\n<h3><span><strong>ROC\u00cdO ACHA P\u00c9REZ:<\/strong> IMPULSORA DE MEDIDAS DE IGUALDAD<\/span><\/h3>\n<h3><span><strong>CARMEN JURADO CEREZO<\/strong><\/span><\/h3>\n<h3><span><strong>RUB\u00c9N RUBIO SALINAS<\/strong><\/span><\/h3>\n<p><span><\/span><\/p>\n<p>[\/et_pb_accordion_item][et_pb_accordion_item title=\u00bbMADRES\/PADRES\/TUTORES\u00bb _builder_version=\u00bb4.14.5&#8243; _module_preset=\u00bbdefault\u00bb hover_enabled=\u00bb0&#8243; global_colors_info=\u00bb{}\u00bb theme_builder_area=\u00bbpost_content\u00bb open=\u00bboff\u00bb sticky_enabled=\u00bb0&#8243;]<\/p>\n<h3><b>CRISTINA MART\u00cdNEZ CHULI\u00c1<\/b><\/h3>\n<h3><b>\u00a0<\/b><\/h3>\n<h3><b>ANA MART\u00cdNEZ MENDOZA<\/b><\/h3>\n<h3><b>\u00a0<\/b><\/h3>\n<h3><b>CINTA MORENO MART\u00cdNEZ<\/b><\/h3>\n<h3><b>\u00a0<\/b><\/h3>\n<h3><b>ROC\u00cdO GARC\u00cdA HUELVA: <\/b>REPRESENTANTE DE LA AMPA<\/h3>\n<p>[\/et_pb_accordion_item][et_pb_accordion_item title=\u00bbPERSONAL DE ADMINISTRACI\u00d3N Y SERVICIOS\u00bb _builder_version=\u00bb4.14.5&#8243; _module_preset=\u00bbdefault\u00bb hover_enabled=\u00bb0&#8243; global_colors_info=\u00bb{}\u00bb theme_builder_area=\u00bbpost_content\u00bb open=\u00bboff\u00bb sticky_enabled=\u00bb0&#8243;]<\/p>\n<h3><b>M\u00aa DE LA CINTA AGUDO RAMOS<\/b><\/h3>\n<p>[\/et_pb_accordion_item][et_pb_accordion_item title=\u00bbALUMNADO\u00bb _builder_version=\u00bb4.14.5&#8243; _module_preset=\u00bbdefault\u00bb theme_builder_area=\u00bbpost_content\u00bb hover_enabled=\u00bb0&#8243; sticky_enabled=\u00bb0&#8243; open=\u00bbon\u00bb]<\/p>\n<h3><strong>JUAN IGNACIO FLORES CANO<\/strong><\/h3>\n<p>[\/et_pb_accordion_item][\/et_pb_accordion][\/et_pb_column][\/et_pb_row][\/et_pb_section]<\/p>\n","protected":false},"excerpt":{"rendered":"<p>El Consejo Escolar es el \u00f3rgano de participaci\u00f3n en el control y gesti\u00f3n del centroEl Consejo Escolar es el \u00f3rgano de participaci\u00f3n en el control y gesti\u00f3n del centro de los distintos sectores que constituyen la comunidad educativa. Este \u00f3rgano de gobierno es la referencia a la hora de rendir cuentas y tomar decisiones de [&hellip;]<\/p>\n","protected":false},"author":13205,"featured_media":919,"parent":0,"menu_order":0,"comment_status":"closed","ping_status":"closed","template":"","meta":{"_et_pb_use_builder":"on","_et_pb_old_content":"","_et_gb_content_width":"","ngg_post_thumbnail":0,"footnotes":""},"aioseo_notices":[],"_links":{"self":[{"href":"https:\/\/blogsaverroes.juntadeandalucia.es\/cemjosedeltoro\/wp-json\/wp\/v2\/pages\/918"}],"collection":[{"href":"https:\/\/blogsaverroes.juntadeandalucia.es\/cemjosedeltoro\/wp-json\/wp\/v2\/pages"}],"about":[{"href":"https:\/\/blogsaverroes.juntadeandalucia.es\/cemjosedeltoro\/wp-json\/wp\/v2\/types\/page"}],"author":[{"embeddable":true,"href":"https:\/\/blogsaverroes.juntadeandalucia.es\/cemjosedeltoro\/wp-json\/wp\/v2\/users\/13205"}],"replies":[{"embeddable":true,"href":"https:\/\/blogsaverroes.juntadeandalucia.es\/cemjosedeltoro\/wp-json\/wp\/v2\/comments?post=918"}],"version-history":[{"count":8,"href":"https:\/\/blogsaverroes.juntadeandalucia.es\/cemjosedeltoro\/wp-json\/wp\/v2\/pages\/918\/revisions"}],"predecessor-version":[{"id":1100,"href":"https:\/\/blogsaverroes.juntadeandalucia.es\/cemjosedeltoro\/wp-json\/wp\/v2\/pages\/918\/revisions\/1100"}],"wp:featuredmedia":[{"embeddable":true,"href":"https:\/\/blogsaverroes.juntadeandalucia.es\/cemjosedeltoro\/wp-json\/wp\/v2\/media\/919"}],"wp:attachment":[{"href":"https:\/\/blogsaverroes.juntadeandalucia.es\/cemjosedeltoro\/wp-json\/wp\/v2\/media?parent=918"}],"curies":[{"name":"wp","href":"https:\/\/api.w.org\/{rel}","templated":true}]}}