{"id":938,"date":"2022-02-17T12:52:32","date_gmt":"2022-02-17T11:52:32","guid":{"rendered":"https:\/\/blogsaverroes.juntadeandalucia.es\/cemjosedeltoro\/?page_id=938"},"modified":"2022-02-17T12:52:32","modified_gmt":"2022-02-17T11:52:32","slug":"instrumentos","status":"publish","type":"page","link":"https:\/\/blogsaverroes.juntadeandalucia.es\/cemjosedeltoro\/instrumentos\/","title":{"rendered":"INSTRUMENTOS"},"content":{"rendered":"<p>[et_pb_section fb_built=\u00bb1&#8243; fullwidth=\u00bbon\u00bb _builder_version=\u00bb4.5.0&#8243; _module_preset=\u00bbdefault\u00bb background_color=\u00bb#000000&#8243; use_background_color_gradient=\u00bbon\u00bb background_color_gradient_start=\u00bb#000000&#8243; background_color_gradient_end=\u00bb#ffffff\u00bb background_image=\u00bbhttps:\/\/blogsaverroes.juntadeandalucia.es\/cemjosedeltoro\/files\/2021\/11\/Captura-de-pantalla-4.png\u00bb background_blend=\u00bbsoft-light\u00bb hover_enabled=\u00bb0&#8243; global_colors_info=\u00bb{}\u00bb sticky_enabled=\u00bb0&#8243;][et_pb_fullwidth_slider _builder_version=\u00bb4.14.5&#8243; _module_preset=\u00bbdefault\u00bb custom_padding=\u00bb||222px|||\u00bb hover_enabled=\u00bb0&#8243; global_colors_info=\u00bb{}\u00bb title_text=\u00bbguitar-g831b9b31e_1920&#8243; background_image=\u00bbhttps:\/\/blogsaverroes.juntadeandalucia.es\/cemjosedeltoro\/files\/2022\/02\/guitar-g831b9b31e_1920.jpg\u00bb sticky_enabled=\u00bb0&#8243;][et_pb_slide heading=\u00bbINSTRUMENTOS\u00bb _builder_version=\u00bb4.14.5&#8243; _module_preset=\u00bbdefault\u00bb header_font=\u00bb|700|||||||\u00bb body_font_size=\u00bb18px\u00bb background_enable_color=\u00bboff\u00bb background_enable_image=\u00bboff\u00bb hover_enabled=\u00bb0&#8243; global_colors_info=\u00bb{}\u00bb sticky_transition=\u00bbon\u00bb sticky_enabled=\u00bb0&#8243;][\/et_pb_slide][\/et_pb_fullwidth_slider][\/et_pb_section][et_pb_section fb_built=\u00bb1&#8243; _builder_version=\u00bb4.5.0&#8243; _module_preset=\u00bbdefault\u00bb global_colors_info=\u00bb{}\u00bb][et_pb_row _builder_version=\u00bb4.5.0&#8243; _module_preset=\u00bbdefault\u00bb custom_margin=\u00bb-18px|auto||auto||\u00bb global_colors_info=\u00bb{}\u00bb][et_pb_column type=\u00bb4_4&#8243; _builder_version=\u00bb4.5.0&#8243; _module_preset=\u00bbdefault\u00bb global_colors_info=\u00bb{}\u00bb][et_pb_text _builder_version=\u00bb4.5.0&#8243; _module_preset=\u00bbdefault\u00bb text_font_size=\u00bb48px\u00bb header_font_size=\u00bb33px\u00bb text_text_color_tablet=\u00bb\u00bb text_text_color_phone=\u00bb\u00bb text_text_color_last_edited=\u00bbon|phone\u00bb text_font_size_tablet=\u00bb24px\u00bb text_font_size_phone=\u00bb14px\u00bb text_font_size_last_edited=\u00bbon|desktop\u00bb global_colors_info=\u00bb{}\u00bb]<\/p>\n<p><strong>Conservatorio Elemental de M\u00fasica Jos\u00e9 del Toro<\/strong><\/p>\n<p>[\/et_pb_text][\/et_pb_column][\/et_pb_row][\/et_pb_section][et_pb_section fb_built=\u00bb1&#8243; admin_label=\u00bbWhat we do best Row\u00bb _builder_version=\u00bb4.5.0&#8243; inner_width_tablet=\u00bb50px\u00bb inner_max_width_tablet=\u00bb50px\u00bb custom_padding=\u00bb0px||0px|\u00bb z_index_tablet=\u00bb500&#8243; box_shadow_horizontal_tablet=\u00bb0px\u00bb box_shadow_vertical_tablet=\u00bb0px\u00bb box_shadow_blur_tablet=\u00bb40px\u00bb box_shadow_spread_tablet=\u00bb0px\u00bb global_colors_info=\u00bb{}\u00bb][et_pb_row column_structure=\u00bb2_5,3_5&#8243; _builder_version=\u00bb4.5.0&#8243; _module_preset=\u00bbdefault\u00bb width=\u00bb68.3%\u00bb global_colors_info=\u00bb{}\u00bb][et_pb_column type=\u00bb2_5&#8243; _builder_version=\u00bb4.5.0&#8243; _module_preset=\u00bbdefault\u00bb global_colors_info=\u00bb{}\u00bb][et_pb_text _builder_version=\u00bb4.14.5&#8243; _module_preset=\u00bbdefault\u00bb hover_enabled=\u00bb0&#8243; global_colors_info=\u00bb{}\u00bb sticky_enabled=\u00bb0&#8243;]<\/p>\n<h1><strong>Nuestras ense\u00f1anzas<\/strong><\/h1>\n<h3><span style=\"font-weight: 400\">En el Conservatorio de Trigueros se pueden estudiar las siguientes especialidades instrumentales: clarinete, saxof\u00f3n, trompeta, guitarra, viol\u00edn, viola y piano.<\/span><\/h3>\n<h3>\n<\/h3>\n<p>[\/et_pb_text][\/et_pb_column][et_pb_column type=\u00bb3_5&#8243; _builder_version=\u00bb4.5.0&#8243; _module_preset=\u00bbdefault\u00bb global_colors_info=\u00bb{}\u00bb][et_pb_image src=\u00bbhttps:\/\/blogsaverroes.juntadeandalucia.es\/cemjosedeltoro\/files\/2021\/11\/Captura-de-pantalla-13.png\u00bb title_text=\u00bbCaptura de pantalla (13)\u00bb _builder_version=\u00bb4.5.0&#8243; _module_preset=\u00bbdefault\u00bb global_colors_info=\u00bb{}\u00bb][\/et_pb_image][\/et_pb_column][\/et_pb_row][et_pb_row _builder_version=\u00bb4.5.0&#8243; _module_preset=\u00bbdefault\u00bb width=\u00bb68.3%\u00bb global_colors_info=\u00bb{}\u00bb][et_pb_column type=\u00bb4_4&#8243; _builder_version=\u00bb4.5.0&#8243; _module_preset=\u00bbdefault\u00bb global_colors_info=\u00bb{}\u00bb][et_pb_text _builder_version=\u00bb4.5.0&#8243; _module_preset=\u00bbdefault\u00bb global_colors_info=\u00bb{}\u00bb]<\/p>\n<h1><b>CLARINETE<\/b><\/h1>\n<h3><span style=\"font-weight: 400\">El clarinete pertenece a la familia de los instrumentos de viento-madera. Es de sonido \u00e1gil y expresivo, de forma recta y color negro. Se suelen construir en madera. Es capaz de interpretar cualquier tipo de m\u00fasica, sirviendo al mismo tiempo para desarrollar las relaciones sociales, ya que es un componente imprescindible en bandas y orquestas.<\/span><\/h3>\n<p><span style=\"font-weight: 400\"><\/span><\/p>\n<p><span style=\"font-weight: 400\"><\/span><\/p>\n<p><span style=\"font-weight: 400\"><\/span><\/p>\n<p>[\/et_pb_text][et_pb_image src=\u00bbhttps:\/\/blogsaverroes.juntadeandalucia.es\/cemjosedeltoro\/files\/2022\/02\/clarinet-g3f8f0dbf8_1920.jpg\u00bb title_text=\u00bbclarinet-g3f8f0dbf8_1920&#8243; _builder_version=\u00bb4.14.5&#8243; _module_preset=\u00bbdefault\u00bb hover_enabled=\u00bb0&#8243; global_colors_info=\u00bb{}\u00bb sticky_enabled=\u00bb0&#8243;][\/et_pb_image][et_pb_text _builder_version=\u00bb4.5.0&#8243; _module_preset=\u00bbdefault\u00bb global_colors_info=\u00bb{}\u00bb]<\/p>\n<h1><b>SAXSOF\u00d3N<\/b><\/h1>\n<h3><span style=\"font-weight: 400\">El saxof\u00f3n pertenece a la familia de los instrumentos de viento-madera. Es de sonido brillante y \u00e1gil, de silueta curva en forma de \u201cS\u201d, y color dorado o plateado. Se suelen construir en metal. Es un instrumento muy vers\u00e1til y adaptable a cualquier g\u00e9nero musical, muy adecuado para el desarrollo de la sociabilidad entre el alumnado, ya que es un componente imprescindible en bandas y numerosos grupos.<\/span><\/h3>\n<p><span style=\"font-weight: 400\"><\/span><\/p>\n<p><span style=\"font-weight: 400\"><\/span><\/p>\n<p><span style=\"font-weight: 400\"><\/span><\/p>\n<p>[\/et_pb_text][et_pb_image src=\u00bbhttps:\/\/blogsaverroes.juntadeandalucia.es\/cemjosedeltoro\/files\/2022\/02\/tenor-saxophone-gab6f1a754_1920.jpg\u00bb title_text=\u00bbtenor-saxophone-gab6f1a754_1920&#8243; _builder_version=\u00bb4.14.5&#8243; _module_preset=\u00bbdefault\u00bb hover_enabled=\u00bb0&#8243; global_colors_info=\u00bb{}\u00bb sticky_enabled=\u00bb0&#8243;][\/et_pb_image][et_pb_text _builder_version=\u00bb4.14.5&#8243; _module_preset=\u00bbdefault\u00bb hover_enabled=\u00bb0&#8243; global_colors_info=\u00bb{}\u00bb sticky_enabled=\u00bb0&#8243;]<\/p>\n<h1><b>TROMPETA<\/b><\/h1>\n<h3><span style=\"font-weight: 400\">La trompeta pertenece a la familia de los instrumentos de viento-metal. Es de sonido<\/span><span style=\"font-weight: 400\"> brillante y potente, de forma curva y de color dorado o plateado.<\/span><span style=\"font-weight: 400\"> Se construyen en metal. Es un instrumento utilizado en m\u00faltiples formaciones musicales: ensembles, bandas, orquestas\u2026 por lo que a trav\u00e9s de su aprendizaje tambi\u00e9n se fomentan las relaciones sociales.<\/span><\/h3>\n<p><span style=\"font-weight: 400\"><\/span><\/p>\n<p><span style=\"font-weight: 400\"><\/span><\/p>\n<p><span style=\"font-weight: 400\"><\/span><\/p>\n<p>[\/et_pb_text][et_pb_image src=\u00bbhttps:\/\/blogsaverroes.juntadeandalucia.es\/cemjosedeltoro\/files\/2021\/11\/Captura-de-pantalla-3.png\u00bb title_text=\u00bbCaptura de pantalla (3)\u00bb _builder_version=\u00bb4.14.5&#8243; _module_preset=\u00bbdefault\u00bb hover_enabled=\u00bb0&#8243; global_colors_info=\u00bb{}\u00bb sticky_enabled=\u00bb0&#8243;][\/et_pb_image][et_pb_text _builder_version=\u00bb4.5.0&#8243; _module_preset=\u00bbdefault\u00bb global_colors_info=\u00bb{}\u00bb]<\/p>\n<h1><b>GUITARRA<\/b><\/h1>\n<h3><span style=\"font-weight: 400\">La guitarra <\/span><span style=\"font-weight: 400\">pertenece a la familia de los instrumentos de cuerda pulsada. Es de sonido elegante y silueta redondeada, en forma de \u201c8\u201d. Se construyen en madera. Adem\u00e1s de utilizarse como solista, tambi\u00e9n se usa en formaciones musicales de grupo, lo que facilita a su vez la socializaci\u00f3n y motivaci\u00f3n del alumnado<\/span><\/h3>\n<p><span style=\"font-weight: 400\"><\/span><\/p>\n<p><span style=\"font-weight: 400\"><\/span><\/p>\n<p><span style=\"font-weight: 400\"><\/span><\/p>\n<p>[\/et_pb_text][et_pb_image src=\u00bbhttps:\/\/blogsaverroes.juntadeandalucia.es\/cemjosedeltoro\/files\/2022\/02\/hands-g57544e165_1280.jpg\u00bb title_text=\u00bbhands-g57544e165_1280&#8243; _builder_version=\u00bb4.14.5&#8243; _module_preset=\u00bbdefault\u00bb hover_enabled=\u00bb0&#8243; global_colors_info=\u00bb{}\u00bb sticky_enabled=\u00bb0&#8243;][\/et_pb_image][et_pb_text _builder_version=\u00bb4.5.0&#8243; _module_preset=\u00bbdefault\u00bb global_colors_info=\u00bb{}\u00bb]<\/p>\n<h1><b>VIOL\u00cdN<\/b><\/h1>\n<h3><span style=\"font-weight: 400\">El viol\u00edn pertenece a la familia de los instrumentos de cuerda frotada. Es de sonido muy expresivo y elegante, con una silueta redondeada en forma de \u201c8\u201d. Se construyen en madera. Se utiliza en muchas formaciones musicales de grupo, potenciando el v\u00ednculo social entre el alumnado del centro.<\/span><\/h3>\n<p><span style=\"font-weight: 400\"><\/span><\/p>\n<p><span style=\"font-weight: 400\"><\/span><\/p>\n<p><span style=\"font-weight: 400\"><\/span><\/p>\n<p>[\/et_pb_text][et_pb_image src=\u00bbhttps:\/\/blogsaverroes.juntadeandalucia.es\/cemjosedeltoro\/files\/2022\/02\/violin-g686c70973_1920.jpg\u00bb title_text=\u00bbviolin-g686c70973_1920&#8243; _builder_version=\u00bb4.14.5&#8243; _module_preset=\u00bbdefault\u00bb hover_enabled=\u00bb0&#8243; global_colors_info=\u00bb{}\u00bb sticky_enabled=\u00bb0&#8243;][\/et_pb_image][et_pb_text _builder_version=\u00bb4.5.0&#8243; _module_preset=\u00bbdefault\u00bb global_colors_info=\u00bb{}\u00bb]<\/p>\n<h1><b>VIOLA<\/b><\/h1>\n<h3><span style=\"font-weight: 400\">La viola pertenece a la familia de los instrumentos de cuerda frotada. Es de sonido c\u00e1lido y elegante, con una silueta redondeada en forma de \u201c8\u201d. Su sonido es m\u00e1s grave que el del viol\u00edn. Se construyen en madera. Se utiliza en muchas formaciones musicales de grupo, como grupos de c\u00e1mara y orquestas, lo que sin duda fomenta las relaciones sociales del alumnado.<\/span><\/h3>\n<p><span style=\"font-weight: 400\"><\/span><\/p>\n<p><span style=\"font-weight: 400\"><\/span><\/p>\n<p><span style=\"font-weight: 400\"><\/span><\/p>\n<p>[\/et_pb_text][et_pb_image src=\u00bbhttps:\/\/blogsaverroes.juntadeandalucia.es\/cemjosedeltoro\/files\/2021\/11\/viola.jpeg\u00bb title_text=\u00bbviola\u00bb _builder_version=\u00bb4.14.5&#8243; _module_preset=\u00bbdefault\u00bb hover_enabled=\u00bb0&#8243; global_colors_info=\u00bb{}\u00bb sticky_enabled=\u00bb0&#8243;][\/et_pb_image][et_pb_text _builder_version=\u00bb4.5.0&#8243; _module_preset=\u00bbdefault\u00bb global_colors_info=\u00bb{}\u00bb]<\/p>\n<h1><b>PIANO<\/b><\/h1>\n<h3><span style=\"font-weight: 400\">El piano pertenece a la familia de instrumentos de cuerda percutida. Es de sonido suave y envolvente, de forma cuadrangular y construido en madera y metal.\u00a0 Adem\u00e1s de utilizarse como solista, se usa en muchas formaciones musicales de grupo, potenciando las relaciones sociales entre el alumnado.<\/span><\/h3>\n<h3>\n<p><\/h3>\n<p><span style=\"font-weight: 400\"><\/span><\/p>\n<p><span style=\"font-weight: 400\"><\/span><\/p>\n<p><span style=\"font-weight: 400\"><\/span><\/p>\n<p>[\/et_pb_text][et_pb_image src=\u00bbhttps:\/\/blogsaverroes.juntadeandalucia.es\/cemjosedeltoro\/files\/2022\/02\/piano-gd9348c92b_1920.jpg\u00bb title_text=\u00bbpiano-gd9348c92b_1920&#8243; _builder_version=\u00bb4.14.5&#8243; _module_preset=\u00bbdefault\u00bb hover_enabled=\u00bb0&#8243; global_colors_info=\u00bb{}\u00bb sticky_enabled=\u00bb0&#8243;][\/et_pb_image][\/et_pb_column][\/et_pb_row][\/et_pb_section][et_pb_section fb_built=\u00bb1&#8243; custom_padding_last_edited=\u00bbon|tablet\u00bb admin_label=\u00bbTestimonials\u00bb _builder_version=\u00bb3.23.3&#8243; background_color=\u00bb#F2F2FA\u00bb use_background_color_gradient=\u00bbon\u00bb background_color_gradient_start=\u00bb#ffffff\u00bb background_color_gradient_end=\u00bb#F2F2FA\u00bb background_color_gradient_end_position=\u00bb50%\u00bb background_size=\u00bbinitial\u00bb custom_padding=\u00bb|||\u00bb custom_padding_tablet=\u00bb\u00bb custom_padding_phone=\u00bb|||\u00bb bottom_divider_height=\u00bb200px\u00bb bottom_divider_flip=\u00bbhorizontal\u00bb z_index_tablet=\u00bb500&#8243; box_shadow_horizontal_tablet=\u00bb0px\u00bb box_shadow_vertical_tablet=\u00bb0px\u00bb box_shadow_blur_tablet=\u00bb40px\u00bb box_shadow_spread_tablet=\u00bb0px\u00bb global_colors_info=\u00bb{}\u00bb][et_pb_row column_structure=\u00bb1_2,1_2&#8243; _builder_version=\u00bb3.25&#8243; custom_padding=\u00bb42px|||||\u00bb z_index_tablet=\u00bb500&#8243; box_shadow_horizontal_tablet=\u00bb0px\u00bb box_shadow_vertical_tablet=\u00bb0px\u00bb box_shadow_blur_tablet=\u00bb40px\u00bb box_shadow_spread_tablet=\u00bb0px\u00bb global_colors_info=\u00bb{}\u00bb][et_pb_column type=\u00bb1_2&#8243; _builder_version=\u00bb3.25&#8243; custom_padding=\u00bb|||\u00bb global_colors_info=\u00bb{}\u00bb custom_padding__hover=\u00bb|||\u00bb][et_pb_text admin_label=\u00bbT\u00edtulo (Matric\u00falate con nosotros) y subtitulo\u00bb _builder_version=\u00bb4.5.0&#8243; text_line_height=\u00bb2em\u00bb ul_text_color=\u00bb#000000&#8243; ul_line_height=\u00bb2em\u00bb header_2_font=\u00bbRoboto|700|||||||\u00bb header_2_font_size=\u00bb45px\u00bb header_2_line_height=\u00bb1.2em\u00bb header_3_font=\u00bb|||on|||||\u00bb header_3_text_color=\u00bb#c1c1c1&#8243; header_3_font_size=\u00bb20px\u00bb header_3_letter_spacing=\u00bb4px\u00bb header_3_line_height=\u00bb1.6em\u00bb text_orientation=\u00bbcenter\u00bb max_width_tablet=\u00bb\u00bb max_width_phone=\u00bb\u00bb max_width_last_edited=\u00bbon|desktop\u00bb module_alignment=\u00bbcenter\u00bb custom_margin=\u00bb|||\u00bb custom_padding=\u00bb56px||108px|||\u00bb header_2_font_size_tablet=\u00bb35px\u00bb header_2_font_size_phone=\u00bb28px\u00bb header_2_font_size_last_edited=\u00bbon|phone\u00bb z_index_tablet=\u00bb500&#8243; text_text_shadow_horizontal_length_tablet=\u00bb0px\u00bb text_text_shadow_vertical_length_tablet=\u00bb0px\u00bb text_text_shadow_blur_strength_tablet=\u00bb1px\u00bb link_text_shadow_horizontal_length_tablet=\u00bb0px\u00bb link_text_shadow_vertical_length_tablet=\u00bb0px\u00bb link_text_shadow_blur_strength_tablet=\u00bb1px\u00bb ul_text_shadow_horizontal_length_tablet=\u00bb0px\u00bb ul_text_shadow_vertical_length_tablet=\u00bb0px\u00bb ul_text_shadow_blur_strength_tablet=\u00bb1px\u00bb ol_text_shadow_horizontal_length_tablet=\u00bb0px\u00bb ol_text_shadow_vertical_length_tablet=\u00bb0px\u00bb ol_text_shadow_blur_strength_tablet=\u00bb1px\u00bb quote_text_shadow_horizontal_length_tablet=\u00bb0px\u00bb quote_text_shadow_vertical_length_tablet=\u00bb0px\u00bb quote_text_shadow_blur_strength_tablet=\u00bb1px\u00bb header_text_shadow_horizontal_length_tablet=\u00bb0px\u00bb header_text_shadow_vertical_length_tablet=\u00bb0px\u00bb header_text_shadow_blur_strength_tablet=\u00bb1px\u00bb header_2_text_shadow_horizontal_length_tablet=\u00bb0px\u00bb header_2_text_shadow_vertical_length_tablet=\u00bb0px\u00bb header_2_text_shadow_blur_strength_tablet=\u00bb1px\u00bb header_3_text_shadow_horizontal_length_tablet=\u00bb0px\u00bb header_3_text_shadow_vertical_length_tablet=\u00bb0px\u00bb header_3_text_shadow_blur_strength_tablet=\u00bb1px\u00bb header_4_text_shadow_horizontal_length_tablet=\u00bb0px\u00bb header_4_text_shadow_vertical_length_tablet=\u00bb0px\u00bb header_4_text_shadow_blur_strength_tablet=\u00bb1px\u00bb header_5_text_shadow_horizontal_length_tablet=\u00bb0px\u00bb header_5_text_shadow_vertical_length_tablet=\u00bb0px\u00bb header_5_text_shadow_blur_strength_tablet=\u00bb1px\u00bb header_6_text_shadow_horizontal_length_tablet=\u00bb0px\u00bb header_6_text_shadow_vertical_length_tablet=\u00bb0px\u00bb header_6_text_shadow_blur_strength_tablet=\u00bb1px\u00bb box_shadow_horizontal_tablet=\u00bb0px\u00bb box_shadow_vertical_tablet=\u00bb0px\u00bb box_shadow_blur_tablet=\u00bb40px\u00bb box_shadow_spread_tablet=\u00bb0px\u00bb text_text_align=\u00bbcenter\u00bb global_colors_info=\u00bb{}\u00bb]<\/p>\n<h2><span>Conservatorio Elemental de M\u00fasica Jos\u00e9 del Toro<\/span><\/h2>\n<h2><span style=\"color: #c1c1c1;font-family: 'Open Sans', Arial, sans-serif\"><span style=\"font-size: 20px;font-weight: 500;letter-spacing: 4px;text-transform: uppercase\"><span>c\/ Labradores, 40 Trigueros. 21620<\/span><\/span><\/span><\/h2>\n<p>Tel\u00e9fono: 959524114<br \/><span>Email: conservatoriojosedeltoro@gmail.com<\/span><\/p>\n<p>[\/et_pb_text][\/et_pb_column][et_pb_column type=\u00bb1_2&#8243; _builder_version=\u00bb3.25&#8243; custom_padding=\u00bb4em|||\u00bb global_colors_info=\u00bb{}\u00bb custom_padding__hover=\u00bb|||\u00bb][et_pb_code _builder_version=\u00bb4.5.0&#8243; _module_preset=\u00bbdefault\u00bb max_height=\u00bb458px\u00bb border_radii=\u00bbon|10px|10px|10px|10px\u00bb global_module=\u00bb658&#8243; global_colors_info=\u00bb{}\u00bb]<iframe loading=\"lazy\" src=\"https:\/\/www.google.com\/maps\/embed?pb=!1m18!1m12!1m3!1d3170.2082267499395!2d-6.836694185340469!3d37.38490764226801!2m3!1f0!2f0!3f0!3m2!1i1024!2i768!4f13.1!3m3!1m2!1s0xd11c1332f979841%3A0xb006e8461c65f6ec!2sConservatorio%20Elemental%20de%20M%C3%BAsica%20de%20Trigueros!5e0!3m2!1ses!2ses!4v1623316012389!5m2!1ses!2ses\" width=\"100%\" height=\"458\"><\/iframe>[\/et_pb_code][\/et_pb_column][\/et_pb_row][\/et_pb_section]<\/p>\n","protected":false},"excerpt":{"rendered":"<p>Conservatorio Elemental de M\u00fasica Jos\u00e9 del ToroNuestras ense\u00f1anzas En el Conservatorio de Trigueros se pueden estudiar las siguientes especialidades instrumentales: clarinete, saxof\u00f3n, trompeta, guitarra, viol\u00edn, viola y piano. CLARINETE El clarinete pertenece a la familia de los instrumentos de viento-madera. Es de sonido \u00e1gil y expresivo, de forma recta y color negro. Se suelen construir [&hellip;]<\/p>\n","protected":false},"author":13205,"featured_media":0,"parent":0,"menu_order":0,"comment_status":"closed","ping_status":"closed","template":"","meta":{"_et_pb_use_builder":"on","_et_pb_old_content":"","_et_gb_content_width":"","ngg_post_thumbnail":0,"footnotes":""},"aioseo_notices":[],"_links":{"self":[{"href":"https:\/\/blogsaverroes.juntadeandalucia.es\/cemjosedeltoro\/wp-json\/wp\/v2\/pages\/938"}],"collection":[{"href":"https:\/\/blogsaverroes.juntadeandalucia.es\/cemjosedeltoro\/wp-json\/wp\/v2\/pages"}],"about":[{"href":"https:\/\/blogsaverroes.juntadeandalucia.es\/cemjosedeltoro\/wp-json\/wp\/v2\/types\/page"}],"author":[{"embeddable":true,"href":"https:\/\/blogsaverroes.juntadeandalucia.es\/cemjosedeltoro\/wp-json\/wp\/v2\/users\/13205"}],"replies":[{"embeddable":true,"href":"https:\/\/blogsaverroes.juntadeandalucia.es\/cemjosedeltoro\/wp-json\/wp\/v2\/comments?post=938"}],"version-history":[{"count":3,"href":"https:\/\/blogsaverroes.juntadeandalucia.es\/cemjosedeltoro\/wp-json\/wp\/v2\/pages\/938\/revisions"}],"predecessor-version":[{"id":944,"href":"https:\/\/blogsaverroes.juntadeandalucia.es\/cemjosedeltoro\/wp-json\/wp\/v2\/pages\/938\/revisions\/944"}],"wp:attachment":[{"href":"https:\/\/blogsaverroes.juntadeandalucia.es\/cemjosedeltoro\/wp-json\/wp\/v2\/media?parent=938"}],"curies":[{"name":"wp","href":"https:\/\/api.w.org\/{rel}","templated":true}]}}