{"id":969,"date":"2022-02-17T13:35:13","date_gmt":"2022-02-17T12:35:13","guid":{"rendered":"https:\/\/blogsaverroes.juntadeandalucia.es\/cemjosedeltoro\/?page_id=969"},"modified":"2022-02-17T13:48:09","modified_gmt":"2022-02-17T12:48:09","slug":"ampa-3","status":"publish","type":"page","link":"https:\/\/blogsaverroes.juntadeandalucia.es\/cemjosedeltoro\/ampa-3\/","title":{"rendered":"AMPA"},"content":{"rendered":"<p>[et_pb_section fb_built=\u00bb1&#8243; _builder_version=\u00bb4.5.0&#8243; _module_preset=\u00bbdefault\u00bb custom_margin=\u00bb-35px|||||\u00bb global_colors_info=\u00bb{}\u00bb][et_pb_row _builder_version=\u00bb4.14.5&#8243; _module_preset=\u00bbdefault\u00bb global_colors_info=\u00bb{}\u00bb][et_pb_column type=\u00bb4_4&#8243; _builder_version=\u00bb4.14.5&#8243; _module_preset=\u00bbdefault\u00bb global_colors_info=\u00bb{}\u00bb][et_pb_post_title meta=\u00bboff\u00bb featured_placement=\u00bbbackground\u00bb _builder_version=\u00bb4.14.5&#8243; _module_preset=\u00bbdefault\u00bb title_font=\u00bb|700|||||||\u00bb title_text_color=\u00bb#FFFFFF\u00bb title_font_size=\u00bb53px\u00bb max_height=\u00bb537px\u00bb custom_padding=\u00bb||204px|||\u00bb title_font_size_tablet=\u00bb53px\u00bb title_font_size_phone=\u00bb22px\u00bb title_font_size_last_edited=\u00bbon|desktop\u00bb global_colors_info=\u00bb{}\u00bb][\/et_pb_post_title][\/et_pb_column][\/et_pb_row][et_pb_row _builder_version=\u00bb4.5.0&#8243; _module_preset=\u00bbdefault\u00bb global_colors_info=\u00bb{}\u00bb][et_pb_column type=\u00bb4_4&#8243; _builder_version=\u00bb4.5.0&#8243; _module_preset=\u00bbdefault\u00bb global_colors_info=\u00bb{}\u00bb][et_pb_text _builder_version=\u00bb4.14.5&#8243; _module_preset=\u00bbdefault\u00bb text_font=\u00bb|600||on|||||\u00bb text_font_size=\u00bb17px\u00bb global_colors_info=\u00bb{}\u00bb]<\/p>\n<p><strong>Las Asociaciones de Madres y Padres de Alumnos<\/strong><\/p>\n<p>[\/et_pb_text][et_pb_text _builder_version=\u00bb4.14.5&#8243; _module_preset=\u00bbdefault\u00bb text_font=\u00bb|600|||||||\u00bb text_font_size=\u00bb17px\u00bb global_colors_info=\u00bb{}\u00bb]<\/p>\n<p><span style=\"font-weight: 400\">Las Asociaciones de Madres y Padres de Alumnos (AMPA) son entidades sin \u00e1nimo de lucro cuyo objetivo fundamental es velar por una educaci\u00f3n de calidad en los centros educativos de sus hijos y representar los intereses de los padres, madres o tutores legales en relaci\u00f3n al centro.<\/span><\/p>\n<p><span style=\"font-weight: 400\">Actualmente el Conservatorio cuenta con una AMPA activa, que se implica y participa en tantas actividades como se les solicita. Cabe destacar la incesante labor que desempe\u00f1an curso tras curso desde la creaci\u00f3n del banco de libros, procurando ayudar a las familias a atenuar el gasto econ\u00f3mico en la adquisici\u00f3n de los libros de texto y disponer de las necesidades bibliogr\u00e1ficas espec\u00edficas de cada asignatura. Adem\u00e1s, se interesan de manera significativa en el correcto funcionamiento del Centro, en lo que se refiere a la din\u00e1mica del d\u00eda a d\u00eda y posibles problemas que puedan acontecer. Por ello, pretendemos que el protagonismo de esta asociaci\u00f3n permanezca latente en el d\u00eda a d\u00eda del Conservatorio.<\/span><\/p>\n<p><span style=\"font-weight: 400\">Para ponerte en contacto con ellos, puedes hacerlo en la siguiente direcci\u00f3n de e-mail: \u00a0 ampajosedeltoro@gmail.com<\/span><\/p>\n<p><span style=\"font-weight: 400\"><\/span><\/p>\n<p>[\/et_pb_text][\/et_pb_column][\/et_pb_row][et_pb_row column_structure=\u00bb2_5,3_5&#8243; _builder_version=\u00bb4.14.5&#8243; _module_preset=\u00bbdefault\u00bb global_colors_info=\u00bb{}\u00bb][et_pb_column type=\u00bb2_5&#8243; _builder_version=\u00bb4.14.5&#8243; _module_preset=\u00bbdefault\u00bb global_colors_info=\u00bb{}\u00bb][et_pb_text _builder_version=\u00bb4.14.5&#8243; _module_preset=\u00bbdefault\u00bb text_font=\u00bb|600||on|||||\u00bb text_font_size=\u00bb17px\u00bb global_colors_info=\u00bb{}\u00bb]<\/p>\n<p><strong>BANCO DE LIBROS<\/strong><\/p>\n<p>[\/et_pb_text][et_pb_text _builder_version=\u00bb4.14.5&#8243; _module_preset=\u00bbdefault\u00bb text_font=\u00bb|600|||||||\u00bb text_font_size=\u00bb17px\u00bb global_colors_info=\u00bb{}\u00bb]<\/p>\n<p><span style=\"font-weight: 400\">El AMPA dispone de un Banco de libros de todas las especialidades para pr\u00e9stamo al alumnado de todos los cursos. Dichos libros se entregan a comienzo del primer curso y han de devolverse\u00a0 al finalizar del mismo. La cesi\u00f3n es totalmente gratuita para los miembros del APMA. Esto supone que el alumnado no tenga que adquirir libros con el consiguiente ahorro econ\u00f3mico para las familias<\/span><\/p>\n<p><span style=\"font-weight: 400\"><\/span><\/p>\n<p>[\/et_pb_text][et_pb_button button_text=\u00bbApuntate al AMPA\u00bb _builder_version=\u00bb4.14.5&#8243; _module_preset=\u00bbdefault\u00bb hover_enabled=\u00bb0&#8243; global_colors_info=\u00bb{}\u00bb button_url=\u00bbhttps:\/\/blogsaverroes.juntadeandalucia.es\/cemjosedeltoro\/files\/2021\/11\/AMPA.pdf\u00bb url_new_window=\u00bbon\u00bb sticky_enabled=\u00bb0&#8243;][\/et_pb_button][\/et_pb_column][et_pb_column type=\u00bb3_5&#8243; _builder_version=\u00bb4.14.5&#8243; _module_preset=\u00bbdefault\u00bb global_colors_info=\u00bb{}\u00bb][et_pb_image src=\u00bbhttps:\/\/blogsaverroes.juntadeandalucia.es\/cemjosedeltoro\/files\/2022\/02\/books-geb42d797d_1920.jpg\u00bb title_text=\u00bbbooks-geb42d797d_1920&#8243; _builder_version=\u00bb4.14.5&#8243; _module_preset=\u00bbdefault\u00bb global_colors_info=\u00bb{}\u00bb][\/et_pb_image][\/et_pb_column][\/et_pb_row][\/et_pb_section]<\/p>\n","protected":false},"excerpt":{"rendered":"<p>Las Asociaciones de Madres y Padres de AlumnosLas Asociaciones de Madres y Padres de Alumnos (AMPA) son entidades sin \u00e1nimo de lucro cuyo objetivo fundamental es velar por una educaci\u00f3n de calidad en los centros educativos de sus hijos y representar los intereses de los padres, madres o tutores legales en relaci\u00f3n al centro. Actualmente [&hellip;]<\/p>\n","protected":false},"author":13205,"featured_media":970,"parent":0,"menu_order":0,"comment_status":"closed","ping_status":"closed","template":"","meta":{"_et_pb_use_builder":"on","_et_pb_old_content":"","_et_gb_content_width":"","ngg_post_thumbnail":0,"footnotes":""},"aioseo_notices":[],"_links":{"self":[{"href":"https:\/\/blogsaverroes.juntadeandalucia.es\/cemjosedeltoro\/wp-json\/wp\/v2\/pages\/969"}],"collection":[{"href":"https:\/\/blogsaverroes.juntadeandalucia.es\/cemjosedeltoro\/wp-json\/wp\/v2\/pages"}],"about":[{"href":"https:\/\/blogsaverroes.juntadeandalucia.es\/cemjosedeltoro\/wp-json\/wp\/v2\/types\/page"}],"author":[{"embeddable":true,"href":"https:\/\/blogsaverroes.juntadeandalucia.es\/cemjosedeltoro\/wp-json\/wp\/v2\/users\/13205"}],"replies":[{"embeddable":true,"href":"https:\/\/blogsaverroes.juntadeandalucia.es\/cemjosedeltoro\/wp-json\/wp\/v2\/comments?post=969"}],"version-history":[{"count":9,"href":"https:\/\/blogsaverroes.juntadeandalucia.es\/cemjosedeltoro\/wp-json\/wp\/v2\/pages\/969\/revisions"}],"predecessor-version":[{"id":985,"href":"https:\/\/blogsaverroes.juntadeandalucia.es\/cemjosedeltoro\/wp-json\/wp\/v2\/pages\/969\/revisions\/985"}],"wp:featuredmedia":[{"embeddable":true,"href":"https:\/\/blogsaverroes.juntadeandalucia.es\/cemjosedeltoro\/wp-json\/wp\/v2\/media\/970"}],"wp:attachment":[{"href":"https:\/\/blogsaverroes.juntadeandalucia.es\/cemjosedeltoro\/wp-json\/wp\/v2\/media?parent=969"}],"curies":[{"name":"wp","href":"https:\/\/api.w.org\/{rel}","templated":true}]}}