{"id":16,"date":"2020-01-10T07:39:23","date_gmt":"2020-01-10T06:39:23","guid":{"rendered":"http:\/\/blogsaverroes.juntadeandalucia.es\/pre\/nuevoiesv2\/?page_id=16"},"modified":"2022-02-11T01:15:51","modified_gmt":"2022-02-11T00:15:51","slug":"acceso-a-eepp","status":"publish","type":"page","link":"https:\/\/blogsaverroes.juntadeandalucia.es\/cemlapalmera\/acceso-a-eepp\/","title":{"rendered":"Acceso a ense\u00f1anzas profesionales"},"content":{"rendered":"<p>[et_pb_section fb_built=&#8221;1&#8243; _builder_version=&#8221;4.5.0&#8243; custom_padding=&#8221;0px||0px|&#8221; z_index_tablet=&#8221;500&#8243; box_shadow_horizontal_tablet=&#8221;0px&#8221; box_shadow_vertical_tablet=&#8221;0px&#8221; box_shadow_blur_tablet=&#8221;40px&#8221; box_shadow_spread_tablet=&#8221;0px&#8221; global_colors_info=&#8221;{}&#8221;][et_pb_row _builder_version=&#8221;3.25&#8243; background_size=&#8221;initial&#8221; background_position=&#8221;top_left&#8221; background_repeat=&#8221;repeat&#8221; global_colors_info=&#8221;{}&#8221;][et_pb_column type=&#8221;4_4&#8243; _builder_version=&#8221;3.0.47&#8243; custom_padding=&#8221;|||&#8221; global_colors_info=&#8221;{}&#8221; custom_padding__hover=&#8221;|||&#8221;][et_pb_text disabled_on=&#8221;on|on|on&#8221; admin_label=&#8221;Texto descriptivo&#8221; _builder_version=&#8221;4.14.5&#8243; hover_enabled=&#8221;0&#8243; z_index_tablet=&#8221;500&#8243; text_text_shadow_horizontal_length_tablet=&#8221;0px&#8221; text_text_shadow_vertical_length_tablet=&#8221;0px&#8221; text_text_shadow_blur_strength_tablet=&#8221;1px&#8221; link_text_shadow_horizontal_length_tablet=&#8221;0px&#8221; link_text_shadow_vertical_length_tablet=&#8221;0px&#8221; link_text_shadow_blur_strength_tablet=&#8221;1px&#8221; ul_text_shadow_horizontal_length_tablet=&#8221;0px&#8221; ul_text_shadow_vertical_length_tablet=&#8221;0px&#8221; ul_text_shadow_blur_strength_tablet=&#8221;1px&#8221; ol_text_shadow_horizontal_length_tablet=&#8221;0px&#8221; ol_text_shadow_vertical_length_tablet=&#8221;0px&#8221; ol_text_shadow_blur_strength_tablet=&#8221;1px&#8221; quote_text_shadow_horizontal_length_tablet=&#8221;0px&#8221; quote_text_shadow_vertical_length_tablet=&#8221;0px&#8221; quote_text_shadow_blur_strength_tablet=&#8221;1px&#8221; header_text_shadow_horizontal_length_tablet=&#8221;0px&#8221; header_text_shadow_vertical_length_tablet=&#8221;0px&#8221; header_text_shadow_blur_strength_tablet=&#8221;1px&#8221; header_2_text_shadow_horizontal_length_tablet=&#8221;0px&#8221; header_2_text_shadow_vertical_length_tablet=&#8221;0px&#8221; header_2_text_shadow_blur_strength_tablet=&#8221;1px&#8221; header_3_text_shadow_horizontal_length_tablet=&#8221;0px&#8221; header_3_text_shadow_vertical_length_tablet=&#8221;0px&#8221; header_3_text_shadow_blur_strength_tablet=&#8221;1px&#8221; header_4_text_shadow_horizontal_length_tablet=&#8221;0px&#8221; header_4_text_shadow_vertical_length_tablet=&#8221;0px&#8221; header_4_text_shadow_blur_strength_tablet=&#8221;1px&#8221; header_5_text_shadow_horizontal_length_tablet=&#8221;0px&#8221; header_5_text_shadow_vertical_length_tablet=&#8221;0px&#8221; header_5_text_shadow_blur_strength_tablet=&#8221;1px&#8221; header_6_text_shadow_horizontal_length_tablet=&#8221;0px&#8221; header_6_text_shadow_vertical_length_tablet=&#8221;0px&#8221; header_6_text_shadow_blur_strength_tablet=&#8221;1px&#8221; box_shadow_horizontal_tablet=&#8221;0px&#8221; box_shadow_vertical_tablet=&#8221;0px&#8221; box_shadow_blur_tablet=&#8221;40px&#8221; box_shadow_spread_tablet=&#8221;0px&#8221; disabled=&#8221;on&#8221; global_colors_info=&#8221;{}&#8221; sticky_enabled=&#8221;0&#8243;]<\/p>\n<h2><span style=\"color: #000000\">ACCESO A ENSE\u00d1ANZAS PROFESIONALES DE M\u00daSICA (EEPP)<\/span><\/h2>\n<p>&nbsp;<\/p>\n<p><strong><span style=\"color: #000000\">\u00bfQui\u00e9nes tienen que realizar esta prueba?<\/span><\/strong><br \/><span style=\"color: #000000\"> Tendr\u00e1n que realizar esta prueba todos aquellos aspirantes que deseen acceder al primer curso de las Ense\u00f1anzas Profesionales y que, previamente, hayan presentado solicitud de admisi\u00f3n, sin distinci\u00f3n entre los que hayan cursado o no las ense\u00f1anzas elementales b\u00e1sicas y pertenezcan o no al centro convocante.<\/span><\/p>\n<p>&nbsp;<\/p>\n<p><strong><span style=\"color: #000000\">\u00bfCu\u00e1ndo se realiza?<\/span><\/strong><br \/><span style=\"color: #000000\"> La prueba de acceso se celebrar\u00e1 entre el 15 de mayo y el 5 de junio de cada a\u00f1o.<\/span><\/p>\n<p>&nbsp;<\/p>\n<p><strong><span style=\"color: #000000\">\u00bfCu\u00e1l es el contenido?<\/span><\/strong><br \/><span style=\"color: #000000\"> La prueba de acceso al primer curso de las ense\u00f1anzas profesionales constar\u00e1 de los siguientes ejercicios:<\/span><\/p>\n<p><span style=\"color: #000000\">a) Interpretaci\u00f3n, en el instrumento de la especialidad a la que se opte, de tres obras pertenecientes a diversos estilos, de las que una, como m\u00ednimo, deber\u00e1 interpretarse de memoria.<\/span><\/p>\n<p><span style=\"color: #000000\">b) Ejercicio para evaluar la capacidad auditiva del aspirante, as\u00ed como sus conocimientos te\u00f3ricos y pr\u00e1cticos del lenguaje musical.<\/span><\/p>\n<p><span style=\"color: #000000\">La dificultad que deben tener las obras interpretadas en estas pruebas de acceso se establecer\u00e1 de acuerdo con la relaci\u00f3n de obras contenidas en el <a style=\"color: #000000\" href=\"https:\/\/drive.google.com\/file\/d\/1qkTLzOnzZ5AuMtBCKMi8XFev9Lo6M-05\/view?usp=sharing\">Anexo a la Orden de 16 de abril de 2018<\/a>.<\/span><\/p>\n<p>&nbsp;<\/p>\n<p><strong><span style=\"color: #000000\">\u00bfQui\u00e9n valora ambos ejercicios?<\/span><\/strong><br \/><span style=\"color: #000000\"> Para la valoraci\u00f3n de estas pruebas se constituir\u00e1 un tribunal, por cada especialidad, compuesto por:<\/span><\/p>\n<ul>\n<li><span style=\"color: #000000\">Un profesor o profesora de Lenguaje musical o de Composici\u00f3n.<\/span><\/li>\n<li><span style=\"color: #000000\">Dos profesores o profesoras de la especialidad correspondiente o, en su caso, de especialidades afines.<\/span><\/li>\n<\/ul>\n<p><span style=\"color: #000000\">No podr\u00e1 formar parte de este tribunal el profesorado que durante el curso acad\u00e9mico en que se realizan las pruebas, hubiera impartido clases a los aspirantes.<\/span><\/p>\n<p>&nbsp;<\/p>\n<p><strong><span style=\"color: #000000\">\u00bfC\u00f3mo se califica?<\/span><\/strong><br \/><span style=\"color: #000000\"> Cada uno de los dos ejercicios de que consta la prueba de acceso ser\u00e1n calificados con una puntuaci\u00f3n de 0 a 10 puntos, siendo necesaria una calificaci\u00f3n de cinco puntos, como m\u00ednimo, para considerar superado el ejercicio correspondiente.<\/span><\/p>\n<p><span style=\"color: #000000\">La calificaci\u00f3n definitiva de la prueba de acceso ser\u00e1 la media ponderada de la puntuaci\u00f3n obtenida en los dos ejercicios, ponder\u00e1ndose el primero de ellos en un 70% y el segundo en un 30%.<\/span><\/p>\n<p><span style=\"color: #000000\">La no presentaci\u00f3n a alguno de los ejercicios supondr\u00e1 la renuncia de los aspirantes a ser calificados, determinando la no superaci\u00f3n de la prueba de acceso.<\/span><\/p>\n<p>&nbsp;<\/p>\n<p><strong><span style=\"color: #000000\">Publicaci\u00f3n de las calificaciones y reclamaciones<\/span><\/strong><br \/><span style=\"color: #000000\"> Una vez finalizadas las pruebas, se publicar\u00e1 en los tablones de anuncio del centro, la lista de calificaciones obtenidas por los aspirantes, en la que aparecer\u00e1 la puntuaci\u00f3n de cada uno de los ejercicios as\u00ed como la calificaci\u00f3n global, ordenada de mayor a menor calificaci\u00f3n.<\/span><\/p>\n<p><span style=\"color: #000000\">Contra la citada lista de calificaciones se podr\u00e1 interponer reclamaciones ante el tribunal, dentro de las cuarenta y ocho horas siguientes a su publicaci\u00f3n. Dichas reclamaciones se har\u00e1n por escrito y concretando las alegaciones.<\/span><\/p>\n<p><span style=\"color: #000000\">El Tribunal publicar\u00e1 en el tabl\u00f3n de anuncios del centro la resoluci\u00f3n de las reclamaciones, procediendo, asimismo, a la publicaci\u00f3n de los listados definitivos de calificaciones.<\/span><\/p>\n<p><span style=\"color: #000000\">Contra la citada resoluci\u00f3n podr\u00e1 presentarse recurso de alzada, conforme a lo preceptuado en los art\u00edculos 114 y 115 de la Ley 30\/1992, de 26 de noviembre, de R\u00e9gimen Jur\u00eddico de las Administraciones P\u00fablicas y del Procedimiento Administrativo Com\u00fan, ante la persona titular de la Delegaci\u00f3n Provincial correspondiente.<\/span><\/p>\n<p>&nbsp;<\/p>\n<p><strong><span style=\"color: #000000\">Superaci\u00f3n de las pruebas<\/span><\/strong><br \/><span style=\"color: #000000\"> La superaci\u00f3n de la prueba no garantiza la obtenci\u00f3n de plaza escolar (quedando condicionada \u00e9sta a la disponibilidad de plaza escolar vacante) y surtir\u00e1 efecto \u00fanicamente para el curso acad\u00e9mico para el que hayan sido convocadas.<\/span><\/p>\n<p>&nbsp;<\/p>\n<p><strong><span style=\"color: #000000\">Matriculaci\u00f3n<\/span><\/strong><br \/><span style=\"color: #000000\"> Los aspirantes que hayan sido admitidos tendr\u00e1n que efectuar la matr\u00edcula en los plazos establecidos.<\/span><\/p>\n<p>&nbsp;<\/p>\n<p><strong><span style=\"color: #000000\">\u00bfCu\u00e1les son los conservatorios profesionales de Sevilla?<\/span><\/strong><br \/><span style=\"color: #000000\"> Conservatorio Profesional de M\u00fasica Crist\u00f3bal de Morales | <\/span><strong><a href=\"http:\/\/www.cpmcristobaldemorales.es\">www.cpmcristobaldemorales.es<\/a><\/strong><br \/><span style=\"color: #000000\"> Conservatorio Profesional de M\u00fasica Francisco Guerrero | <\/span><strong><a href=\"http:\/\/www.conservatoriofranciscoguerrero.es\">www.conservatoriofranciscoguerrero.es<\/a><\/strong><\/p>\n<p>[\/et_pb_text][et_pb_text disabled_on=&#8221;off|off|off&#8221; admin_label=&#8221;Texto descriptivo&#8221; _builder_version=&#8221;4.14.5&#8243; hover_enabled=&#8221;0&#8243; z_index_tablet=&#8221;500&#8243; text_text_shadow_horizontal_length_tablet=&#8221;0px&#8221; text_text_shadow_vertical_length_tablet=&#8221;0px&#8221; text_text_shadow_blur_strength_tablet=&#8221;1px&#8221; link_text_shadow_horizontal_length_tablet=&#8221;0px&#8221; link_text_shadow_vertical_length_tablet=&#8221;0px&#8221; link_text_shadow_blur_strength_tablet=&#8221;1px&#8221; ul_text_shadow_horizontal_length_tablet=&#8221;0px&#8221; ul_text_shadow_vertical_length_tablet=&#8221;0px&#8221; ul_text_shadow_blur_strength_tablet=&#8221;1px&#8221; ol_text_shadow_horizontal_length_tablet=&#8221;0px&#8221; ol_text_shadow_vertical_length_tablet=&#8221;0px&#8221; ol_text_shadow_blur_strength_tablet=&#8221;1px&#8221; quote_text_shadow_horizontal_length_tablet=&#8221;0px&#8221; quote_text_shadow_vertical_length_tablet=&#8221;0px&#8221; quote_text_shadow_blur_strength_tablet=&#8221;1px&#8221; header_text_shadow_horizontal_length_tablet=&#8221;0px&#8221; header_text_shadow_vertical_length_tablet=&#8221;0px&#8221; header_text_shadow_blur_strength_tablet=&#8221;1px&#8221; header_2_text_shadow_horizontal_length_tablet=&#8221;0px&#8221; header_2_text_shadow_vertical_length_tablet=&#8221;0px&#8221; header_2_text_shadow_blur_strength_tablet=&#8221;1px&#8221; header_3_text_shadow_horizontal_length_tablet=&#8221;0px&#8221; header_3_text_shadow_vertical_length_tablet=&#8221;0px&#8221; header_3_text_shadow_blur_strength_tablet=&#8221;1px&#8221; header_4_text_shadow_horizontal_length_tablet=&#8221;0px&#8221; header_4_text_shadow_vertical_length_tablet=&#8221;0px&#8221; header_4_text_shadow_blur_strength_tablet=&#8221;1px&#8221; header_5_text_shadow_horizontal_length_tablet=&#8221;0px&#8221; header_5_text_shadow_vertical_length_tablet=&#8221;0px&#8221; header_5_text_shadow_blur_strength_tablet=&#8221;1px&#8221; header_6_text_shadow_horizontal_length_tablet=&#8221;0px&#8221; header_6_text_shadow_vertical_length_tablet=&#8221;0px&#8221; header_6_text_shadow_blur_strength_tablet=&#8221;1px&#8221; box_shadow_horizontal_tablet=&#8221;0px&#8221; box_shadow_vertical_tablet=&#8221;0px&#8221; box_shadow_blur_tablet=&#8221;40px&#8221; box_shadow_spread_tablet=&#8221;0px&#8221; global_colors_info=&#8221;{}&#8221; sticky_enabled=&#8221;0&#8243;]<\/p>\n<h2><span style=\"color: #000000\">ACCESO A ENSE\u00d1ANZAS PROFESIONALES DE M\u00daSICA (EEPP)<\/span><\/h2>\n<p>[\/et_pb_text][et_pb_toggle title=&#8221;\u00bfQUI\u00c9NES TIENEN QUE REALIZAR ESTA PRUEBA?&#8221; admin_label=&#8221;\u00bfQUI\u00c9NES TIENEN QUE REALIZAR ESTA PRUEBA?&#8221; _builder_version=&#8221;4.14.5&#8243; _module_preset=&#8221;default&#8221; global_colors_info=&#8221;{}&#8221;]<\/p>\n<p><span style=\"color: #000000\">Tendr\u00e1n que realizar esta prueba todos aquellos aspirantes que deseen acceder al primer curso de las Ense\u00f1anzas Profesionales y que, previamente, hayan presentado solicitud de admisi\u00f3n, sin distinci\u00f3n entre los que hayan cursado o no las ense\u00f1anzas elementales b\u00e1sicas y pertenezcan o no al centro convocante.<\/span><\/p>\n<p>[\/et_pb_toggle][et_pb_toggle title=&#8221;\u00bfCU\u00c1NDO SE REALIZA?&#8221; admin_label=&#8221;\u00bfCU\u00c1NDO SE REALIZA?&#8221; _builder_version=&#8221;4.14.5&#8243; _module_preset=&#8221;default&#8221; global_colors_info=&#8221;{}&#8221;]<\/p>\n<p><span style=\"color: #000000\">La prueba de acceso se celebrar\u00e1 entre el 15 de mayo y el 5 de junio de cada a\u00f1o.<\/span><\/p>\n<p>[\/et_pb_toggle][et_pb_toggle title=&#8221;\u00bfCU\u00c1L ES EL CONTENIDO?&#8221; admin_label=&#8221;\u00bfCU\u00c1L ES EL CONTENIDO?&#8221; _builder_version=&#8221;4.14.5&#8243; _module_preset=&#8221;default&#8221; global_colors_info=&#8221;{}&#8221;]<\/p>\n<p><span style=\"color: #000000\">La prueba de acceso al primer curso de las ense\u00f1anzas profesionales constar\u00e1 de los siguientes ejercicios:<\/span><\/p>\n<p><span style=\"color: #000000\">a) Interpretaci\u00f3n, en el instrumento de la especialidad a la que se opte, de tres obras pertenecientes a diversos estilos, de las que una, como m\u00ednimo, deber\u00e1 interpretarse de memoria.<\/span><\/p>\n<p><span style=\"color: #000000\">b) Ejercicio para evaluar la capacidad auditiva del aspirante, as\u00ed como sus conocimientos te\u00f3ricos y pr\u00e1cticos del lenguaje musical.<\/span><\/p>\n<p><span style=\"color: #000000\">La dificultad que deben tener las obras interpretadas en estas pruebas de acceso se establecer\u00e1 de acuerdo con la relaci\u00f3n de obras contenidas en el <\/span><strong><a href=\"https:\/\/drive.google.com\/file\/d\/1qkTLzOnzZ5AuMtBCKMi8XFev9Lo6M-05\/view?usp=sharing\">Anexo a la Orden de<\/a> <a href=\"https:\/\/drive.google.com\/file\/d\/1qkTLzOnzZ5AuMtBCKMi8XFev9Lo6M-05\/view?usp=sharing\">16<\/a><a href=\"https:\/\/drive.google.com\/file\/d\/1qkTLzOnzZ5AuMtBCKMi8XFev9Lo6M-05\/view?usp=sharing\"> de abril de 2018<\/a><\/strong><span style=\"color: #000000\">.<\/span><\/p>\n<p>[\/et_pb_toggle][et_pb_toggle title=&#8221;\u00bfQUI\u00c9N VALORA LOS EJERCICIOS?&#8221; admin_label=&#8221;\u00bfQUI\u00c9N VALORA LOS EJERCICIOS?&#8221; _builder_version=&#8221;4.14.5&#8243; _module_preset=&#8221;default&#8221; global_colors_info=&#8221;{}&#8221;]<\/p>\n<p><span style=\"color: #000000\">Para la valoraci\u00f3n de estas pruebas se constituir\u00e1 un tribunal, por cada especialidad, compuesto por:<\/span><\/p>\n<ul>\n<li><span style=\"color: #000000\">Un profesor o profesora de Lenguaje musical o de Composici\u00f3n.<\/span><\/li>\n<li><span style=\"color: #000000\">Dos profesores o profesoras de la especialidad correspondiente o, en su caso, de especialidades afines.<\/span><\/li>\n<\/ul>\n<p><span style=\"color: #000000\">No podr\u00e1 formar parte de este tribunal el profesorado que durante el curso acad\u00e9mico en que se realizan las pruebas, hubiera impartido clases a los aspirantes.<\/span><\/p>\n<p>[\/et_pb_toggle][et_pb_toggle title=&#8221;\u00bfC\u00d3MO SE CALIFICA?&#8221; admin_label=&#8221;\u00bfC\u00d3MO SE CALIFICA?&#8221; _builder_version=&#8221;4.14.5&#8243; _module_preset=&#8221;default&#8221; global_colors_info=&#8221;{}&#8221;]<\/p>\n<p><span style=\"color: #000000\">Cada uno de los dos ejercicios de que consta la prueba de acceso ser\u00e1n calificados con una puntuaci\u00f3n de 0 a 10 puntos, siendo necesaria una calificaci\u00f3n de cinco puntos, como m\u00ednimo, para considerar superado el ejercicio correspondiente.<\/span><\/p>\n<p><span style=\"color: #000000\">La calificaci\u00f3n definitiva de la prueba de acceso ser\u00e1 la media ponderada de la puntuaci\u00f3n obtenida en los dos ejercicios, ponder\u00e1ndose el primero de ellos en un 70% y el segundo en un 30%.<\/span><\/p>\n<p><span style=\"color: #000000\">La no presentaci\u00f3n a alguno de los ejercicios supondr\u00e1 la renuncia de los aspirantes a ser calificados, determinando la no superaci\u00f3n de la prueba de acceso.<\/span><\/p>\n<p>[\/et_pb_toggle][et_pb_toggle title=&#8221;PUBLICACI\u00d3N DE LAS CALIFICACIONES Y RECLAMACIONES&#8221; admin_label=&#8221;PUBLICACI\u00d3N DE LAS CALIFICACIONES Y RECLAMACIONES&#8221; _builder_version=&#8221;4.14.5&#8243; _module_preset=&#8221;default&#8221; global_colors_info=&#8221;{}&#8221;]<\/p>\n<p><span style=\"color: #000000\">Una vez finalizadas las pruebas, se publicar\u00e1 en los tablones de anuncio del centro, la lista de calificaciones obtenidas por los aspirantes, en la que aparecer\u00e1 la puntuaci\u00f3n de cada uno de los ejercicios as\u00ed como la calificaci\u00f3n global, ordenada de mayor a menor calificaci\u00f3n.<\/span><\/p>\n<p><span style=\"color: #000000\">Contra la citada lista de calificaciones se podr\u00e1 interponer reclamaciones ante el tribunal, dentro de las cuarenta y ocho horas siguientes a su publicaci\u00f3n. Dichas reclamaciones se har\u00e1n por escrito y concretando las alegaciones.<\/span><\/p>\n<p><span style=\"color: #000000\">El Tribunal publicar\u00e1 en el tabl\u00f3n de anuncios del centro la resoluci\u00f3n de las reclamaciones, procediendo, asimismo, a la publicaci\u00f3n de los listados definitivos de calificaciones.<\/span><\/p>\n<p><span style=\"color: #000000\">Contra la citada resoluci\u00f3n podr\u00e1 presentarse recurso de alzada, conforme a lo preceptuado en los art\u00edculos 114 y 115 de la Ley 30\/1992, de 26 de noviembre, de R\u00e9gimen Jur\u00eddico de las Administraciones P\u00fablicas y del Procedimiento Administrativo Com\u00fan, ante la persona titular de la Delegaci\u00f3n Provincial correspondiente.<\/span><\/p>\n<p>[\/et_pb_toggle][et_pb_toggle title=&#8221;SUPERACI\u00d3N DE LAS PRUEBAS&#8221; admin_label=&#8221;SUPERACI\u00d3N DE LAS PRUEBAS&#8221; _builder_version=&#8221;4.14.5&#8243; _module_preset=&#8221;default&#8221; global_colors_info=&#8221;{}&#8221;]<\/p>\n<p><span style=\"color: #000000\">La superaci\u00f3n de la prueba no garantiza la obtenci\u00f3n de plaza escolar (quedando condicionada \u00e9sta a la disponibilidad de plaza escolar vacante) y surtir\u00e1 efecto \u00fanicamente para el curso acad\u00e9mico para el que hayan sido convocadas.<\/span><\/p>\n<p>[\/et_pb_toggle][et_pb_toggle title=&#8221;MATRICULACI\u00d3N&#8221; admin_label=&#8221;MATRICULACI\u00d3N&#8221; _builder_version=&#8221;4.14.5&#8243; _module_preset=&#8221;default&#8221; global_colors_info=&#8221;{}&#8221;]<\/p>\n<p><span style=\"color: #000000\">Los aspirantes que hayan sido admitidos tendr\u00e1n que efectuar la matr\u00edcula en los plazos establecidos.<\/span><\/p>\n<p>[\/et_pb_toggle][et_pb_toggle title=&#8221;\u00bfCU\u00c1LES SON LOS CONSERVATORIOS PROFESIONALES DE SEVILLA?&#8221; admin_label=&#8221;\u00bfCU\u00c1LES SON LOS CONSERVATORIOS PROFESIONALES DE SEVILLA?&#8221; _builder_version=&#8221;4.14.5&#8243; _module_preset=&#8221;default&#8221; global_colors_info=&#8221;{}&#8221;]<\/p>\n<p><span style=\"color: #000000\">Conservatorio Profesional de M\u00fasica Crist\u00f3bal de Morales | <\/span><strong><a href=\"http:\/\/www.cpmcristobaldemorales.es\">www.cpmcristobaldemorales.es<\/a><\/strong><br \/><span style=\"color: #000000\"> Conservatorio Profesional de M\u00fasica Francisco Guerrero | <\/span><strong><a href=\"http:\/\/www.conservatoriofranciscoguerrero.es\">www.conservatoriofranciscoguerrero.es<\/a><\/strong><\/p>\n<p>[\/et_pb_toggle][\/et_pb_column][\/et_pb_row][\/et_pb_section]<\/p>\n","protected":false},"excerpt":{"rendered":"<p>ACCESO A ENSE\u00d1ANZAS PROFESIONALES DE M\u00daSICA (EEPP) &nbsp; \u00bfQui\u00e9nes tienen que realizar esta prueba? Tendr\u00e1n que realizar esta prueba todos aquellos aspirantes que deseen acceder al primer curso de las Ense\u00f1anzas Profesionales y que, previamente, hayan presentado solicitud de admisi\u00f3n, sin distinci\u00f3n entre los que hayan cursado o no las ense\u00f1anzas elementales b\u00e1sicas y pertenezcan [&hellip;]<\/p>\n","protected":false},"author":13678,"featured_media":0,"parent":0,"menu_order":0,"comment_status":"closed","ping_status":"closed","template":"","meta":{"_et_pb_use_builder":"on","_et_pb_old_content":"","_et_gb_content_width":"","ngg_post_thumbnail":0,"footnotes":""},"aioseo_notices":[],"_links":{"self":[{"href":"https:\/\/blogsaverroes.juntadeandalucia.es\/cemlapalmera\/wp-json\/wp\/v2\/pages\/16"}],"collection":[{"href":"https:\/\/blogsaverroes.juntadeandalucia.es\/cemlapalmera\/wp-json\/wp\/v2\/pages"}],"about":[{"href":"https:\/\/blogsaverroes.juntadeandalucia.es\/cemlapalmera\/wp-json\/wp\/v2\/types\/page"}],"author":[{"embeddable":true,"href":"https:\/\/blogsaverroes.juntadeandalucia.es\/cemlapalmera\/wp-json\/wp\/v2\/users\/13678"}],"replies":[{"embeddable":true,"href":"https:\/\/blogsaverroes.juntadeandalucia.es\/cemlapalmera\/wp-json\/wp\/v2\/comments?post=16"}],"version-history":[{"count":14,"href":"https:\/\/blogsaverroes.juntadeandalucia.es\/cemlapalmera\/wp-json\/wp\/v2\/pages\/16\/revisions"}],"predecessor-version":[{"id":859,"href":"https:\/\/blogsaverroes.juntadeandalucia.es\/cemlapalmera\/wp-json\/wp\/v2\/pages\/16\/revisions\/859"}],"wp:attachment":[{"href":"https:\/\/blogsaverroes.juntadeandalucia.es\/cemlapalmera\/wp-json\/wp\/v2\/media?parent=16"}],"curies":[{"name":"wp","href":"https:\/\/api.w.org\/{rel}","templated":true}]}}