{"id":29,"date":"2020-01-10T07:44:09","date_gmt":"2020-01-10T06:44:09","guid":{"rendered":"http:\/\/blogsaverroes.juntadeandalucia.es\/pre\/nuevoiesv2\/?page_id=29"},"modified":"2024-05-21T13:26:49","modified_gmt":"2024-05-21T11:26:49","slug":"plan-de-estudios","status":"publish","type":"page","link":"https:\/\/blogsaverroes.juntadeandalucia.es\/cemlapalmera\/plan-de-estudios\/","title":{"rendered":"Plan de estudios"},"content":{"rendered":"<p>[et_pb_section fb_built=&#8221;1&#8243; _builder_version=&#8221;4.16&#8243; custom_padding=&#8221;0px||0px|&#8221; z_index_tablet=&#8221;500&#8243; box_shadow_horizontal_tablet=&#8221;0px&#8221; box_shadow_vertical_tablet=&#8221;0px&#8221; box_shadow_blur_tablet=&#8221;40px&#8221; box_shadow_spread_tablet=&#8221;0px&#8221; global_colors_info=&#8221;{}&#8221;][et_pb_row _builder_version=&#8221;4.16&#8243; background_size=&#8221;initial&#8221; background_position=&#8221;top_left&#8221; background_repeat=&#8221;repeat&#8221; global_colors_info=&#8221;{}&#8221;][et_pb_column type=&#8221;4_4&#8243; _builder_version=&#8221;4.16&#8243; custom_padding=&#8221;|||&#8221; global_colors_info=&#8221;{}&#8221; custom_padding__hover=&#8221;|||&#8221;][et_pb_image admin_label=&#8221;Imagen de la portada&#8221; _builder_version=&#8221;4.16&#8243; vertical_offset_tablet=&#8221;0&#8243; horizontal_offset_tablet=&#8221;0&#8243; z_index_tablet=&#8221;500&#8243; box_shadow_horizontal_tablet=&#8221;0px&#8221; box_shadow_vertical_tablet=&#8221;0px&#8221; box_shadow_blur_tablet=&#8221;40px&#8221; box_shadow_spread_tablet=&#8221;0px&#8221; global_colors_info=&#8221;{}&#8221;][\/et_pb_image][et_pb_text admin_label=&#8221;Texto descriptivo&#8221; _builder_version=&#8221;4.24.2&#8243; hover_enabled=&#8221;0&#8243; z_index_tablet=&#8221;500&#8243; text_text_shadow_horizontal_length_tablet=&#8221;0px&#8221; text_text_shadow_vertical_length_tablet=&#8221;0px&#8221; text_text_shadow_blur_strength_tablet=&#8221;1px&#8221; link_text_shadow_horizontal_length_tablet=&#8221;0px&#8221; link_text_shadow_vertical_length_tablet=&#8221;0px&#8221; link_text_shadow_blur_strength_tablet=&#8221;1px&#8221; ul_text_shadow_horizontal_length_tablet=&#8221;0px&#8221; ul_text_shadow_vertical_length_tablet=&#8221;0px&#8221; ul_text_shadow_blur_strength_tablet=&#8221;1px&#8221; ol_text_shadow_horizontal_length_tablet=&#8221;0px&#8221; ol_text_shadow_vertical_length_tablet=&#8221;0px&#8221; ol_text_shadow_blur_strength_tablet=&#8221;1px&#8221; quote_text_shadow_horizontal_length_tablet=&#8221;0px&#8221; quote_text_shadow_vertical_length_tablet=&#8221;0px&#8221; quote_text_shadow_blur_strength_tablet=&#8221;1px&#8221; header_text_shadow_horizontal_length_tablet=&#8221;0px&#8221; header_text_shadow_vertical_length_tablet=&#8221;0px&#8221; header_text_shadow_blur_strength_tablet=&#8221;1px&#8221; header_2_text_shadow_horizontal_length_tablet=&#8221;0px&#8221; header_2_text_shadow_vertical_length_tablet=&#8221;0px&#8221; header_2_text_shadow_blur_strength_tablet=&#8221;1px&#8221; header_3_text_shadow_horizontal_length_tablet=&#8221;0px&#8221; header_3_text_shadow_vertical_length_tablet=&#8221;0px&#8221; header_3_text_shadow_blur_strength_tablet=&#8221;1px&#8221; header_4_text_shadow_horizontal_length_tablet=&#8221;0px&#8221; header_4_text_shadow_vertical_length_tablet=&#8221;0px&#8221; header_4_text_shadow_blur_strength_tablet=&#8221;1px&#8221; header_5_text_shadow_horizontal_length_tablet=&#8221;0px&#8221; header_5_text_shadow_vertical_length_tablet=&#8221;0px&#8221; header_5_text_shadow_blur_strength_tablet=&#8221;1px&#8221; header_6_text_shadow_horizontal_length_tablet=&#8221;0px&#8221; header_6_text_shadow_vertical_length_tablet=&#8221;0px&#8221; header_6_text_shadow_blur_strength_tablet=&#8221;1px&#8221; box_shadow_horizontal_tablet=&#8221;0px&#8221; box_shadow_vertical_tablet=&#8221;0px&#8221; box_shadow_blur_tablet=&#8221;40px&#8221; box_shadow_spread_tablet=&#8221;0px&#8221; global_colors_info=&#8221;{}&#8221; sticky_enabled=&#8221;0&#8243;]<\/p>\n<h2><span style=\"color: #000000\">Asignaturas y horarios por curso<\/span><\/h2>\n<p>&nbsp;<\/p>\n<table style=\"width: 100%;border-collapse: collapse\">\n<tbody>\n<tr>\n<td style=\"width: 85.625px\"><strong><span style=\"color: #000000\">ASIGNATURAS<\/span><\/strong><\/td>\n<td style=\"width: 58.1094px\"><strong><span style=\"color: #000000\">1\u00ba de 1\u00ba ciclo<\/span><\/strong><\/td>\n<td style=\"width: 53.125px\"><strong><span style=\"color: #000000\">2\u00ba de 1\u00ba ciclo<\/span><\/strong><\/td>\n<td style=\"width: 60.9844px\"><strong><span style=\"color: #000000\">1\u00ba de 2\u00ba ciclo<\/span><\/strong><\/td>\n<td style=\"width: 53.1562px\"><strong><span style=\"color: #000000\">2\u00ba de 2\u00ba ciclo<\/span><\/strong><\/td>\n<\/tr>\n<tr>\n<td style=\"width: 85.625px\"><span style=\"color: #000000\">Instrumento<\/span><\/td>\n<td style=\"width: 58.1094px\"><span style=\"color: #000000\">2<\/span><\/td>\n<td style=\"width: 53.125px\"><span style=\"color: #000000\">2<\/span><\/td>\n<td style=\"width: 60.9844px\"><span style=\"color: #000000\">1<\/span><\/td>\n<td style=\"width: 53.1562px\"><span style=\"color: #000000\">1<\/span><\/td>\n<\/tr>\n<tr>\n<td style=\"width: 85.625px\"><span style=\"color: #000000\">Lenguaje musical<\/span><\/td>\n<td style=\"width: 58.1094px\"><span style=\"color: #000000\">2<\/span><\/td>\n<td style=\"width: 53.125px\"><span style=\"color: #000000\">2<\/span><\/td>\n<td style=\"width: 60.9844px\"><span style=\"color: #000000\">2<\/span><\/td>\n<td style=\"width: 53.1562px\"><span style=\"color: #000000\">2<\/span><\/td>\n<\/tr>\n<tr>\n<td style=\"width: 85.625px\"><span style=\"color: #000000\">Coro&nbsp;<\/span><\/td>\n<td style=\"width: 58.1094px\"><span style=\"color: #000000\">0<\/span><\/td>\n<td style=\"width: 53.125px\"><span style=\"color: #000000\">0<\/span><\/td>\n<td style=\"width: 60.9844px\"><span style=\"color: #000000\">1<\/span><\/td>\n<td style=\"width: 53.1562px\"><span style=\"color: #000000\">1<\/span><\/td>\n<\/tr>\n<tr>\n<td style=\"width: 85.625px\"><span style=\"color: #000000\">Agrupaciones<\/span><\/td>\n<td style=\"width: 58.1094px\"><span style=\"color: #000000\">0<\/span><\/td>\n<td style=\"width: 53.125px\"><span style=\"color: #000000\">0<\/span><\/td>\n<td style=\"width: 60.9844px\"><span style=\"color: #000000\">1<\/span><\/td>\n<td style=\"width: 53.1562px\"><span style=\"color: #000000\">1<\/span><\/td>\n<\/tr>\n<tr>\n<td style=\"width: 85.625px\"><span style=\"color: #000000\">Total horas de clase semanales<\/span><\/td>\n<td style=\"width: 58.1094px\"><span style=\"color: #000000\">4h<\/span><\/td>\n<td style=\"width: 53.125px\"><span style=\"color: #000000\">4h<\/span><\/td>\n<td style=\"width: 60.9844px\"><span style=\"color: #000000\">5h<\/span><\/td>\n<td style=\"width: 53.1562px\"><span style=\"color: #000000\">5h<\/span><\/td>\n<\/tr>\n<\/tbody>\n<\/table>\n<p>&nbsp;<\/p>\n<p><strong><a href=\"https:\/\/www.juntadeandalucia.es\/boja\/2012\/61\/1\">Orden de 19 de marzo de 2012, por la que se regula la organizaci\u00f3n y el funcionamiento de los conservatorios elementales y de los conservatorios profesionales de m\u00fasica, as\u00ed como el horario de los centros, del alumnado y del profesorado<\/a>&nbsp;<\/strong><\/p>\n<p>&nbsp;<\/p>\n<h2><span style=\"color: #000000\">Programaciones did\u00e1cticas<\/span><\/h2>\n<p>&nbsp;<\/p>\n<table style=\"border-collapse: collapse;width: 106.417%;height: 161px\">\n<tbody>\n<tr style=\"height: 23px\">\n<td style=\"width: 100%;height: 23px\"><a href=\"https:\/\/docs.google.com\/file\/d\/1MXqffE2fRY3DMDCLF2iUZXKtqyBCs3IW\/view\">Lenguaje musical<\/a><\/td>\n<\/tr>\n<tr style=\"height: 23px\">\n<td style=\"width: 100%;height: 23px\"><a href=\"https:\/\/docs.google.com\/document\/d\/1hH1Yis_Il2ZL5OLVhNATDWgS-uTsO3hN\/edit?usp=sharing&amp;ouid=103109699096022414514&amp;rtpof=true&amp;sd=true\">Coro<\/a><\/td>\n<\/tr>\n<tr style=\"height: 23px\">\n<td style=\"width: 100%;height: 23px\"><a href=\"https:\/\/docs.google.com\/document\/d\/1C64E5l8QsC6C4AdiMiSpNkxdXCcW0pAz\/edit?usp=sharing&amp;ouid=103109699096022414514&amp;rtpof=true&amp;sd=true\">Agrupaci\u00f3n musical<\/a><\/td>\n<\/tr>\n<tr style=\"height: 23px\">\n<td style=\"width: 100%;height: 23px\"><a href=\"https:\/\/docs.google.com\/document\/d\/10BTrDPmFRRAROyrTkQwRfaTvl0Zv6cM9\/edit?usp=sharing&amp;ouid=103109699096022414514&amp;rtpof=true&amp;sd=true\">Flauta<\/a><\/td>\n<\/tr>\n<tr style=\"height: 23px\">\n<td style=\"width: 100%;height: 23px\"><a href=\"https:\/\/docs.google.com\/document\/d\/1RF4MfaU1v8lwzcrw0riAB6k0BPKHiIYy\/edit?usp=sharing&amp;ouid=103109699096022414514&amp;rtpof=true&amp;sd=true\">Clarinete<\/a><\/td>\n<\/tr>\n<tr style=\"height: 23px\">\n<td style=\"width: 100%;height: 23px\"><a href=\"https:\/\/docs.google.com\/document\/d\/1d14y0ja9QLqos6DE9We8VmzEFwl6eXiP\/edit?usp=sharing&amp;ouid=103109699096022414514&amp;rtpof=true&amp;sd=true\">Piano<\/a><\/td>\n<\/tr>\n<tr style=\"height: 23px\">\n<td style=\"width: 100%;height: 23px\"><a href=\"https:\/\/docs.google.com\/document\/d\/1iList8sjhpBk1wY1bRmUsgaX7XzOehOf\/edit?usp=sharing&amp;ouid=103109699096022414514&amp;rtpof=true&amp;sd=true\">Guitarra<\/a><\/td>\n<\/tr>\n<tr style=\"height: 23px\">\n<td style=\"width: 100%;height: 23px\"><a href=\"https:\/\/docs.google.com\/document\/d\/1fEjqtRKE-RMMJWZIL6qYI13QEXps3Zc2\/edit?usp=sharing&amp;ouid=103109699096022414514&amp;rtpof=true&amp;sd=true\">Viol\u00edn<\/a><\/td>\n<\/tr>\n<tr style=\"height: 23px\">\n<td style=\"width: 100%;height: 23px\"><a href=\"https:\/\/docs.google.com\/document\/d\/19PbocO9gEln7-B1cOJ0JEpSgMGDfUUPJ\/edit?usp=sharing&amp;ouid=103109699096022414514&amp;rtpof=true&amp;sd=true\">Violonchelo<\/a><\/td>\n<\/tr>\n<\/tbody>\n<\/table>\n<p>[\/et_pb_text][\/et_pb_column][\/et_pb_row][et_pb_row column_structure=&#8221;1_3,1_3,1_3&#8243; disabled_on=&#8221;on|on|on&#8221; _builder_version=&#8221;4.16&#8243; background_size=&#8221;initial&#8221; background_position=&#8221;top_left&#8221; background_repeat=&#8221;repeat&#8221; disabled=&#8221;on&#8221; global_colors_info=&#8221;{}&#8221;][et_pb_column type=&#8221;1_3&#8243; _builder_version=&#8221;4.16&#8243; custom_padding=&#8221;|||&#8221; global_colors_info=&#8221;{}&#8221; custom_padding__hover=&#8221;|||&#8221;][et_pb_button button_url=&#8221;https:\/\/docs.google.com\/document\/d\/18YqzRXcWgOmJy3JAGOGdUn7K-Y01X3HOcjAvFg5JrWU\/edit&#8221; button_text=&#8221;PD LENGUAJE MUSICAL&#8221; admin_label=&#8221;PD LM&#8221; _builder_version=&#8221;4.16&#8243; _module_preset=&#8221;default&#8221; global_colors_info=&#8221;{}&#8221;][\/et_pb_button][et_pb_button button_url=&#8221;https:\/\/docs.google.com\/document\/d\/1V_PEoZskbxiN6mZI037a831guT5m5wjG5SgAuMvnSXM\/edit&#8221; button_text=&#8221;PD CORO&#8221; admin_label=&#8221;PD CORO&#8221; _builder_version=&#8221;4.16&#8243; _module_preset=&#8221;default&#8221; global_colors_info=&#8221;{}&#8221;][\/et_pb_button][et_pb_button button_url=&#8221;https:\/\/drive.google.com\/file\/d\/1f7q0Kq42Kalctr1X1KIaFTKOwSuDt54h\/view&#8221; button_text=&#8221;PD AGRUPACI\u00d3N MUSICAL&#8221; admin_label=&#8221;PD AGRUPACIONES&#8221; _builder_version=&#8221;4.16&#8243; _module_preset=&#8221;default&#8221; global_colors_info=&#8221;{}&#8221;][\/et_pb_button][\/et_pb_column][et_pb_column type=&#8221;1_3&#8243; _builder_version=&#8221;4.16&#8243; custom_padding=&#8221;|||&#8221; global_colors_info=&#8221;{}&#8221; custom_padding__hover=&#8221;|||&#8221;][et_pb_button button_url=&#8221;https:\/\/drive.google.com\/file\/d\/1hnvEk3ns-FOe_QwJR706JgKydvMUidr5\/view&#8221; button_text=&#8221;PD GUITARRA&#8221; admin_label=&#8221;PD GUITARRA&#8221; _builder_version=&#8221;4.16&#8243; _module_preset=&#8221;default&#8221; global_colors_info=&#8221;{}&#8221;][\/et_pb_button][et_pb_button button_url=&#8221;https:\/\/drive.google.com\/file\/d\/1iT59G1XZtA7b14lKHyyN7F9whQH7Ej3P\/view&#8221; button_text=&#8221;PD PIANO&#8221; admin_label=&#8221;PD PIANO&#8221; _builder_version=&#8221;4.16&#8243; _module_preset=&#8221;default&#8221; global_colors_info=&#8221;{}&#8221;][\/et_pb_button][\/et_pb_column][et_pb_column type=&#8221;1_3&#8243; _builder_version=&#8221;4.16&#8243; custom_padding=&#8221;|||&#8221; global_colors_info=&#8221;{}&#8221; custom_padding__hover=&#8221;|||&#8221;][et_pb_button button_url=&#8221;https:\/\/drive.google.com\/file\/d\/1kHqI1Gk3-PLN5fTwdEmUNjXJ4smRn_rX\/view&#8221; button_text=&#8221;PD CUERDA-ARCO&#8221; admin_label=&#8221;PD CUERDA&#8221; _builder_version=&#8221;4.16&#8243; _module_preset=&#8221;default&#8221; global_colors_info=&#8221;{}&#8221;][\/et_pb_button][et_pb_button button_url=&#8221;http:\/\/la-palmera.es\/wp-content\/uploads\/2021\/03\/Program.-dida%CC%81ctica-Dpto.-Viento-Madera-20-21-re-revisio%CC%81n.pdf&#8221; button_text=&#8221;PD VIENTO-MADERA&#8221; admin_label=&#8221;PD VIENTO&#8221; _builder_version=&#8221;4.16&#8243; _module_preset=&#8221;default&#8221; global_colors_info=&#8221;{}&#8221;][\/et_pb_button][\/et_pb_column][\/et_pb_row][\/et_pb_section]<\/p>\n","protected":false},"excerpt":{"rendered":"<p>Asignaturas y horarios por curso &nbsp; ASIGNATURAS 1\u00ba de 1\u00ba ciclo 2\u00ba de 1\u00ba ciclo 1\u00ba de 2\u00ba ciclo 2\u00ba de 2\u00ba ciclo Instrumento 2 2 1 1 Lenguaje musical 2 2 2 2 Coro&nbsp; 0 0 1 1 Agrupaciones 0 0 1 1 Total horas de clase semanales 4h 4h 5h 5h &nbsp; Orden [&hellip;]<\/p>\n","protected":false},"author":13678,"featured_media":0,"parent":0,"menu_order":0,"comment_status":"closed","ping_status":"closed","template":"","meta":{"_et_pb_use_builder":"on","_et_pb_old_content":"","_et_gb_content_width":"","ngg_post_thumbnail":0,"footnotes":""},"aioseo_notices":[],"_links":{"self":[{"href":"https:\/\/blogsaverroes.juntadeandalucia.es\/cemlapalmera\/wp-json\/wp\/v2\/pages\/29"}],"collection":[{"href":"https:\/\/blogsaverroes.juntadeandalucia.es\/cemlapalmera\/wp-json\/wp\/v2\/pages"}],"about":[{"href":"https:\/\/blogsaverroes.juntadeandalucia.es\/cemlapalmera\/wp-json\/wp\/v2\/types\/page"}],"author":[{"embeddable":true,"href":"https:\/\/blogsaverroes.juntadeandalucia.es\/cemlapalmera\/wp-json\/wp\/v2\/users\/13678"}],"replies":[{"embeddable":true,"href":"https:\/\/blogsaverroes.juntadeandalucia.es\/cemlapalmera\/wp-json\/wp\/v2\/comments?post=29"}],"version-history":[{"count":15,"href":"https:\/\/blogsaverroes.juntadeandalucia.es\/cemlapalmera\/wp-json\/wp\/v2\/pages\/29\/revisions"}],"predecessor-version":[{"id":1757,"href":"https:\/\/blogsaverroes.juntadeandalucia.es\/cemlapalmera\/wp-json\/wp\/v2\/pages\/29\/revisions\/1757"}],"wp:attachment":[{"href":"https:\/\/blogsaverroes.juntadeandalucia.es\/cemlapalmera\/wp-json\/wp\/v2\/media?parent=29"}],"curies":[{"name":"wp","href":"https:\/\/api.w.org\/{rel}","templated":true}]}}