{"id":352,"date":"2020-02-13T10:51:34","date_gmt":"2020-02-13T09:51:34","guid":{"rendered":"http:\/\/blogsaverroes.juntadeandalucia.es\/pre\/nuevoiesv2\/?page_id=352"},"modified":"2024-01-15T20:59:54","modified_gmt":"2024-01-15T19:59:54","slug":"planes-y-proyectos","status":"publish","type":"page","link":"https:\/\/blogsaverroes.juntadeandalucia.es\/cemlapalmera\/planes-y-proyectos\/","title":{"rendered":"Planes y proyectos"},"content":{"rendered":"<p>[et_pb_section fb_built=&#8221;1&#8243; _builder_version=&#8221;3.22&#8243; global_colors_info=&#8221;{}&#8221;][et_pb_row _builder_version=&#8221;3.25&#8243; custom_margin=&#8221;-20px|||&#8221; z_index_tablet=&#8221;500&#8243; box_shadow_horizontal_tablet=&#8221;0px&#8221; box_shadow_vertical_tablet=&#8221;0px&#8221; box_shadow_blur_tablet=&#8221;40px&#8221; box_shadow_spread_tablet=&#8221;0px&#8221; global_colors_info=&#8221;{}&#8221;][et_pb_column type=&#8221;4_4&#8243; _builder_version=&#8221;3.0.47&#8243; custom_padding=&#8221;|||&#8221; global_colors_info=&#8221;{}&#8221; custom_padding__hover=&#8221;|||&#8221;][et_pb_image src=&#8221;https:\/\/blogsaverroes.juntadeandalucia.es\/cemlapalmera\/files\/2021\/11\/EL-CENTRO-2-scaled-1.jpeg&#8221; title_text=&#8221;EL-CENTRO-2-scaled&#8221; admin_label=&#8221;Imagen de la portada&#8221; _builder_version=&#8221;4.5.0&#8243; vertical_offset_tablet=&#8221;0&#8243; horizontal_offset_tablet=&#8221;0&#8243; z_index_tablet=&#8221;500&#8243; box_shadow_horizontal_tablet=&#8221;0px&#8221; box_shadow_vertical_tablet=&#8221;0px&#8221; box_shadow_blur_tablet=&#8221;40px&#8221; box_shadow_spread_tablet=&#8221;0px&#8221; global_colors_info=&#8221;{}&#8221;][\/et_pb_image][\/et_pb_column][\/et_pb_row][et_pb_row column_structure=&#8221;1_3,1_3,1_3&#8243; _builder_version=&#8221;4.5.0&#8243; _module_preset=&#8221;default&#8221; global_colors_info=&#8221;{}&#8221;][et_pb_column type=&#8221;1_3&#8243; _builder_version=&#8221;4.5.0&#8243; _module_preset=&#8221;default&#8221; global_colors_info=&#8221;{}&#8221;][et_pb_button button_text=&#8221;PLAN DE IGUALDAD&#8221; admin_label=&#8221;Plan de igualdad&#8221; _builder_version=&#8221;4.5.0&#8243; _module_preset=&#8221;default&#8221; global_colors_info=&#8221;{}&#8221; disabled_on=&#8221;on|on|on&#8221; disabled=&#8221;on&#8221;][\/et_pb_button][\/et_pb_column][et_pb_column type=&#8221;1_3&#8243; _builder_version=&#8221;4.5.0&#8243; _module_preset=&#8221;default&#8221; global_colors_info=&#8221;{}&#8221;][et_pb_button button_text=&#8221;PLAN DE FORMACI\u00d3N&#8221; admin_label=&#8221;Plan de formaci\u00f3n&#8221; _builder_version=&#8221;4.5.0&#8243; _module_preset=&#8221;default&#8221; global_colors_info=&#8221;{}&#8221; disabled_on=&#8221;on|on|on&#8221; disabled=&#8221;on&#8221;][\/et_pb_button][\/et_pb_column][et_pb_column type=&#8221;1_3&#8243; _builder_version=&#8221;4.5.0&#8243; _module_preset=&#8221;default&#8221; global_colors_info=&#8221;{}&#8221;][et_pb_button button_text=&#8221;PLAN DE MEJORA&#8221; admin_label=&#8221;Plan de mejora&#8221; _builder_version=&#8221;4.5.0&#8243; _module_preset=&#8221;default&#8221; global_colors_info=&#8221;{}&#8221; disabled_on=&#8221;on|on|on&#8221; disabled=&#8221;on&#8221;][\/et_pb_button][\/et_pb_column][\/et_pb_row][et_pb_row _builder_version=&#8221;3.25&#8243; custom_margin=&#8221;-20px|||&#8221; z_index_tablet=&#8221;500&#8243; box_shadow_horizontal_tablet=&#8221;0px&#8221; box_shadow_vertical_tablet=&#8221;0px&#8221; box_shadow_blur_tablet=&#8221;40px&#8221; box_shadow_spread_tablet=&#8221;0px&#8221; global_colors_info=&#8221;{}&#8221;][et_pb_column type=&#8221;4_4&#8243; _builder_version=&#8221;3.0.47&#8243; custom_padding=&#8221;|||&#8221; global_colors_info=&#8221;{}&#8221; custom_padding__hover=&#8221;|||&#8221;][et_pb_text disabled_on=&#8221;off|off|off&#8221; admin_label=&#8221;Texto descriptivo&#8221; _builder_version=&#8221;4.14.5&#8243; z_index_tablet=&#8221;500&#8243; text_text_shadow_horizontal_length_tablet=&#8221;0px&#8221; text_text_shadow_vertical_length_tablet=&#8221;0px&#8221; text_text_shadow_blur_strength_tablet=&#8221;1px&#8221; link_text_shadow_horizontal_length_tablet=&#8221;0px&#8221; link_text_shadow_vertical_length_tablet=&#8221;0px&#8221; link_text_shadow_blur_strength_tablet=&#8221;1px&#8221; ul_text_shadow_horizontal_length_tablet=&#8221;0px&#8221; ul_text_shadow_vertical_length_tablet=&#8221;0px&#8221; ul_text_shadow_blur_strength_tablet=&#8221;1px&#8221; ol_text_shadow_horizontal_length_tablet=&#8221;0px&#8221; ol_text_shadow_vertical_length_tablet=&#8221;0px&#8221; ol_text_shadow_blur_strength_tablet=&#8221;1px&#8221; quote_text_shadow_horizontal_length_tablet=&#8221;0px&#8221; quote_text_shadow_vertical_length_tablet=&#8221;0px&#8221; quote_text_shadow_blur_strength_tablet=&#8221;1px&#8221; header_text_shadow_horizontal_length_tablet=&#8221;0px&#8221; header_text_shadow_vertical_length_tablet=&#8221;0px&#8221; header_text_shadow_blur_strength_tablet=&#8221;1px&#8221; header_2_text_shadow_horizontal_length_tablet=&#8221;0px&#8221; header_2_text_shadow_vertical_length_tablet=&#8221;0px&#8221; header_2_text_shadow_blur_strength_tablet=&#8221;1px&#8221; header_3_text_shadow_horizontal_length_tablet=&#8221;0px&#8221; header_3_text_shadow_vertical_length_tablet=&#8221;0px&#8221; header_3_text_shadow_blur_strength_tablet=&#8221;1px&#8221; header_4_text_shadow_horizontal_length_tablet=&#8221;0px&#8221; header_4_text_shadow_vertical_length_tablet=&#8221;0px&#8221; header_4_text_shadow_blur_strength_tablet=&#8221;1px&#8221; header_5_text_shadow_horizontal_length_tablet=&#8221;0px&#8221; header_5_text_shadow_vertical_length_tablet=&#8221;0px&#8221; header_5_text_shadow_blur_strength_tablet=&#8221;1px&#8221; header_6_text_shadow_horizontal_length_tablet=&#8221;0px&#8221; header_6_text_shadow_vertical_length_tablet=&#8221;0px&#8221; header_6_text_shadow_blur_strength_tablet=&#8221;1px&#8221; box_shadow_horizontal_tablet=&#8221;0px&#8221; box_shadow_vertical_tablet=&#8221;0px&#8221; box_shadow_blur_tablet=&#8221;40px&#8221; box_shadow_spread_tablet=&#8221;0px&#8221; global_colors_info=&#8221;{}&#8221;]<\/p>\n<h2><span style=\"color: #000000\">ARRIBA EL TEL\u00d3N<\/span><\/h2>\n<p><span style=\"color: #000000\">Llevar el teatro a la clase de lenguaje musical sirve, ante todo, para sacar a relucir otras expresiones art\u00edsticas que muchas veces est\u00e1n escondidas en el alumnado. A trav\u00e9s de obras de teatro musical adaptadas a las edades de primaria, el alumnado canta canciones, interpreta obras y se vincula a la escena.<\/span><\/p>\n<p>[\/et_pb_text][et_pb_gallery gallery_ids=&#8221;559,560,562,521&#8243; posts_number=&#8221;5&#8243; disabled_on=&#8221;on|on|on&#8221; _builder_version=&#8221;4.5.0&#8243; _module_preset=&#8221;default&#8221; disabled=&#8221;on&#8221; global_colors_info=&#8221;{}&#8221;][\/et_pb_gallery][et_pb_slider use_bg_overlay=&#8221;on&#8221; bg_overlay_color=&#8221;#0C71C3&#8243; _builder_version=&#8221;4.14.5&#8243; _module_preset=&#8221;default&#8221; hover_enabled=&#8221;0&#8243; global_colors_info=&#8221;{}&#8221; sticky_enabled=&#8221;0&#8243;][et_pb_slide heading=&#8221;Brundib\u00e1r (2015)&#8221; button_text=&#8221;VER WEB&#8221; button_link=&#8221;http:\/\/proyectobrundibar.blogspot.com\/&#8221; image=&#8221;https:\/\/blogsaverroes.juntadeandalucia.es\/cemlapalmera\/files\/2021\/11\/19202178099_25d49fe0ba_o-scaled.jpg&#8221; _builder_version=&#8221;4.5.0&#8243; _module_preset=&#8221;default&#8221; global_colors_info=&#8221;{}&#8221; sticky_transition=&#8221;on&#8221;]<\/p>\n<p>Adaptaci\u00f3n de la \u00f3pera &#8220;Brundib\u00e1r&#8221;, de Hans Kr\u00e1sa, con libreto de Adolf Hoffmeister.<\/p>\n<p>Traducci\u00f3n y adaptaci\u00f3n del libreto al espa\u00f1ol: Mar\u00eda Quintanilla<\/p>\n<p>Arreglos musicales: Mar\u00eda Quintanilla, Consuelo Navas, Silvia Vega, Miryam Pi\u00f1ero, Alfonso Rubio y Joaqu\u00edn Salas<\/p>\n<p>[\/et_pb_slide][et_pb_slide heading=&#8221;Tranquila Tragaleguas (2017)&#8221; button_text=&#8221;VER WEB&#8221; button_link=&#8221;http:\/\/www.elblogdelenguajemusical.com\/search\/label\/Tranquila%20Tragaleguas&#8221; image=&#8221;https:\/\/blogsaverroes.juntadeandalucia.es\/cemlapalmera\/files\/2021\/11\/tranquilatragaleguas.jpeg&#8221; _builder_version=&#8221;4.5.0&#8243; _module_preset=&#8221;default&#8221; global_colors_info=&#8221;{}&#8221; sticky_transition=&#8221;on&#8221;]<\/p>\n<p>Adaptaci\u00f3n del cuento musical &#8220;Tranquila Tragaleguas, la tortuga tenaz&#8221; de Michael Ende<\/p>\n<p>Gui\u00f3n teatral y arreglos musicales: Mar\u00eda Quintanilla<\/p>\n<p>[\/et_pb_slide][et_pb_slide heading=&#8221;Una grieta en el muro (2018)&#8221; button_text=&#8221;VER WEB&#8221; button_link=&#8221;http:\/\/www.elblogdelenguajemusical.com\/search\/label\/el%20muro&#8221; image=&#8221;https:\/\/blogsaverroes.juntadeandalucia.es\/cemlapalmera\/files\/2021\/11\/El-Muro-2018.jpeg&#8221; _builder_version=&#8221;4.5.0&#8243; _module_preset=&#8221;default&#8221; global_colors_info=&#8221;{}&#8221; sticky_transition=&#8221;on&#8221;]<\/p>\n<p>Adaptaci\u00f3n del cuento &#8220;Una grieta en el muro&#8221; de Xos\u00e9 Alberte L\u00f3pez Arias<\/p>\n<p>Gui\u00f3n teatral: Eduardo Navarro<\/p>\n<p>Canciones: Javier Campa\u00f1a<\/p>\n<p>Arreglos musicales: Pablo Guerrero, Mar\u00eda Quintanilla y Javier Campa\u00f1a<\/p>\n<p>[\/et_pb_slide][et_pb_slide heading=&#8221;El Caim\u00e1n Negro (2019)&#8221; button_text=&#8221;VER WEB&#8221; button_link=&#8221;http:\/\/www.elblogdelenguajemusical.com\/search\/label\/el%20caim%C3%A1n%20negro&#8221; image=&#8221;https:\/\/blogsaverroes.juntadeandalucia.es\/cemlapalmera\/files\/2021\/11\/caiman.jpeg&#8221; _builder_version=&#8221;4.5.0&#8243; _module_preset=&#8221;default&#8221; global_colors_info=&#8221;{}&#8221; sticky_transition=&#8221;on&#8221;]<\/p>\n<p>Adaptaci\u00f3n del cuento &#8220;Daniela Pirata&#8221; de Susanna Isern<\/p>\n<p>Gui\u00f3n teatral: Mar\u00eda Quintanilla<\/p>\n<p>Arreglos musicales: Javier Campa\u00f1a, Susana Santamar\u00eda y Mar\u00eda Quintanilla<\/p>\n<p>&nbsp;<\/p>\n<p>[\/et_pb_slide][et_pb_slide heading=&#8221;Arrecifes (2023)&#8221; button_text=&#8221;VER WEB&#8221; button_link=&#8221;https:\/\/sites.google.com\/view\/proyectoarrecifes\/inicio&#8221; image=&#8221;https:\/\/blogsaverroes.juntadeandalucia.es\/cemlapalmera\/files\/2021\/11\/ARRECIFES.jpeg&#8221; _builder_version=&#8221;4.14.5&#8243; _module_preset=&#8221;default&#8221; hover_enabled=&#8221;0&#8243; global_colors_info=&#8221;{}&#8221; sticky_transition=&#8221;on&#8221; sticky_enabled=&#8221;0&#8243;]<\/p>\n<p>Especta\u0301culo multidisciplinar en colaboracio\u0301n con el Conservatorio Profesional de Danza \u201cAntonio Ruiz Soler\u201d de Sevilla. Dramaturgia, coreografi\u0301a y mu\u0301sica originales.<\/p>\n<p><strong><span style=\"color: #ffff00\"><a style=\"color: #ffff00\" href=\"https:\/\/sites.google.com\/view\/proyectoarrecifes\/equipo\">Equipo art\u00edstico y educativo<\/a><\/span><\/strong><\/p>\n<p>La obra busca sensibilizar y concienciar a nuestro alumnado acerca de la amenaza de los pla\u0301sticos en los oce\u0301anos y su impacto en la vida marina.<\/p>\n<p>[\/et_pb_slide][\/et_pb_slider][et_pb_text disabled_on=&#8221;off|off|off&#8221; admin_label=&#8221;Texto descriptivo&#8221; _builder_version=&#8221;4.14.5&#8243; z_index_tablet=&#8221;500&#8243; text_text_shadow_horizontal_length_tablet=&#8221;0px&#8221; text_text_shadow_vertical_length_tablet=&#8221;0px&#8221; text_text_shadow_blur_strength_tablet=&#8221;1px&#8221; link_text_shadow_horizontal_length_tablet=&#8221;0px&#8221; link_text_shadow_vertical_length_tablet=&#8221;0px&#8221; link_text_shadow_blur_strength_tablet=&#8221;1px&#8221; ul_text_shadow_horizontal_length_tablet=&#8221;0px&#8221; ul_text_shadow_vertical_length_tablet=&#8221;0px&#8221; ul_text_shadow_blur_strength_tablet=&#8221;1px&#8221; ol_text_shadow_horizontal_length_tablet=&#8221;0px&#8221; ol_text_shadow_vertical_length_tablet=&#8221;0px&#8221; ol_text_shadow_blur_strength_tablet=&#8221;1px&#8221; quote_text_shadow_horizontal_length_tablet=&#8221;0px&#8221; quote_text_shadow_vertical_length_tablet=&#8221;0px&#8221; quote_text_shadow_blur_strength_tablet=&#8221;1px&#8221; header_text_shadow_horizontal_length_tablet=&#8221;0px&#8221; header_text_shadow_vertical_length_tablet=&#8221;0px&#8221; header_text_shadow_blur_strength_tablet=&#8221;1px&#8221; header_2_text_shadow_horizontal_length_tablet=&#8221;0px&#8221; header_2_text_shadow_vertical_length_tablet=&#8221;0px&#8221; header_2_text_shadow_blur_strength_tablet=&#8221;1px&#8221; header_3_text_shadow_horizontal_length_tablet=&#8221;0px&#8221; header_3_text_shadow_vertical_length_tablet=&#8221;0px&#8221; header_3_text_shadow_blur_strength_tablet=&#8221;1px&#8221; header_4_text_shadow_horizontal_length_tablet=&#8221;0px&#8221; header_4_text_shadow_vertical_length_tablet=&#8221;0px&#8221; header_4_text_shadow_blur_strength_tablet=&#8221;1px&#8221; header_5_text_shadow_horizontal_length_tablet=&#8221;0px&#8221; header_5_text_shadow_vertical_length_tablet=&#8221;0px&#8221; header_5_text_shadow_blur_strength_tablet=&#8221;1px&#8221; header_6_text_shadow_horizontal_length_tablet=&#8221;0px&#8221; header_6_text_shadow_vertical_length_tablet=&#8221;0px&#8221; header_6_text_shadow_blur_strength_tablet=&#8221;1px&#8221; box_shadow_horizontal_tablet=&#8221;0px&#8221; box_shadow_vertical_tablet=&#8221;0px&#8221; box_shadow_blur_tablet=&#8221;40px&#8221; box_shadow_spread_tablet=&#8221;0px&#8221; global_colors_info=&#8221;{}&#8221;]<\/p>\n<h2><span style=\"color: #000000\">Otros proyectos<\/span><\/h2>\n<p>&nbsp;<\/p>\n<p>[\/et_pb_text][et_pb_gallery gallery_ids=&#8221;574,575,576,577,578,580,581,582&#8243; disabled_on=&#8221;off|off|off&#8221; _builder_version=&#8221;4.14.5&#8243; _module_preset=&#8221;default&#8221; title_text_color=&#8221;#000000&#8243; global_colors_info=&#8221;{}&#8221;][\/et_pb_gallery][\/et_pb_column][\/et_pb_row][\/et_pb_section]<\/p>\n","protected":false},"excerpt":{"rendered":"<p>ARRIBA EL TEL\u00d3N Llevar el teatro a la clase de lenguaje musical sirve, ante todo, para sacar a relucir otras expresiones art\u00edsticas que muchas veces est\u00e1n escondidas en el alumnado. A trav\u00e9s de obras de teatro musical adaptadas a las edades de primaria, el alumnado canta canciones, interpreta obras y se vincula a la escena.Adaptaci\u00f3n [&hellip;]<\/p>\n","protected":false},"author":13678,"featured_media":0,"parent":0,"menu_order":0,"comment_status":"closed","ping_status":"closed","template":"","meta":{"_et_pb_use_builder":"on","_et_pb_old_content":"","_et_gb_content_width":"","ngg_post_thumbnail":0,"footnotes":""},"aioseo_notices":[],"_links":{"self":[{"href":"https:\/\/blogsaverroes.juntadeandalucia.es\/cemlapalmera\/wp-json\/wp\/v2\/pages\/352"}],"collection":[{"href":"https:\/\/blogsaverroes.juntadeandalucia.es\/cemlapalmera\/wp-json\/wp\/v2\/pages"}],"about":[{"href":"https:\/\/blogsaverroes.juntadeandalucia.es\/cemlapalmera\/wp-json\/wp\/v2\/types\/page"}],"author":[{"embeddable":true,"href":"https:\/\/blogsaverroes.juntadeandalucia.es\/cemlapalmera\/wp-json\/wp\/v2\/users\/13678"}],"replies":[{"embeddable":true,"href":"https:\/\/blogsaverroes.juntadeandalucia.es\/cemlapalmera\/wp-json\/wp\/v2\/comments?post=352"}],"version-history":[{"count":17,"href":"https:\/\/blogsaverroes.juntadeandalucia.es\/cemlapalmera\/wp-json\/wp\/v2\/pages\/352\/revisions"}],"predecessor-version":[{"id":1631,"href":"https:\/\/blogsaverroes.juntadeandalucia.es\/cemlapalmera\/wp-json\/wp\/v2\/pages\/352\/revisions\/1631"}],"wp:attachment":[{"href":"https:\/\/blogsaverroes.juntadeandalucia.es\/cemlapalmera\/wp-json\/wp\/v2\/media?parent=352"}],"curies":[{"name":"wp","href":"https:\/\/api.w.org\/{rel}","templated":true}]}}