{"id":593,"date":"2021-11-25T14:14:47","date_gmt":"2021-11-25T13:14:47","guid":{"rendered":"https:\/\/blogsaverroes.juntadeandalucia.es\/cemlapalmera\/?page_id=593"},"modified":"2025-02-12T19:50:17","modified_gmt":"2025-02-12T18:50:17","slug":"solicitud-de-titulos","status":"publish","type":"page","link":"https:\/\/blogsaverroes.juntadeandalucia.es\/cemlapalmera\/solicitud-de-titulos\/","title":{"rendered":"Solicitud de t\u00edtulos"},"content":{"rendered":"<p>[et_pb_section fb_built=&#8221;1&#8243; _builder_version=&#8221;4.16&#8243; custom_padding=&#8221;0px||0px|&#8221; z_index_tablet=&#8221;500&#8243; box_shadow_horizontal_tablet=&#8221;0px&#8221; box_shadow_vertical_tablet=&#8221;0px&#8221; box_shadow_blur_tablet=&#8221;40px&#8221; box_shadow_spread_tablet=&#8221;0px&#8221; global_colors_info=&#8221;{}&#8221;][et_pb_row _builder_version=&#8221;4.16&#8243; background_size=&#8221;initial&#8221; background_position=&#8221;top_left&#8221; background_repeat=&#8221;repeat&#8221; global_colors_info=&#8221;{}&#8221;][et_pb_column type=&#8221;4_4&#8243; _builder_version=&#8221;4.16&#8243; custom_padding=&#8221;|||&#8221; global_colors_info=&#8221;{}&#8221; custom_padding__hover=&#8221;|||&#8221;][et_pb_image title_text=&#8221;ADMIS&#8221; admin_label=&#8221;Imagen de la portada&#8221; _builder_version=&#8221;4.16&#8243; vertical_offset_tablet=&#8221;0&#8243; horizontal_offset_tablet=&#8221;0&#8243; z_index_tablet=&#8221;500&#8243; box_shadow_horizontal_tablet=&#8221;0px&#8221; box_shadow_vertical_tablet=&#8221;0px&#8221; box_shadow_blur_tablet=&#8221;40px&#8221; box_shadow_spread_tablet=&#8221;0px&#8221; global_colors_info=&#8221;{}&#8221;][\/et_pb_image][et_pb_text admin_label=&#8221;Texto descriptivo&#8221; _builder_version=&#8221;4.24.2&#8243; text_text_color=&#8221;#000000&#8243; header_text_color=&#8221;#000000&#8243; hover_enabled=&#8221;0&#8243; z_index_tablet=&#8221;500&#8243; text_text_shadow_horizontal_length_tablet=&#8221;0px&#8221; text_text_shadow_vertical_length_tablet=&#8221;0px&#8221; text_text_shadow_blur_strength_tablet=&#8221;1px&#8221; link_text_shadow_horizontal_length_tablet=&#8221;0px&#8221; link_text_shadow_vertical_length_tablet=&#8221;0px&#8221; link_text_shadow_blur_strength_tablet=&#8221;1px&#8221; ul_text_shadow_horizontal_length_tablet=&#8221;0px&#8221; ul_text_shadow_vertical_length_tablet=&#8221;0px&#8221; ul_text_shadow_blur_strength_tablet=&#8221;1px&#8221; ol_text_shadow_horizontal_length_tablet=&#8221;0px&#8221; ol_text_shadow_vertical_length_tablet=&#8221;0px&#8221; ol_text_shadow_blur_strength_tablet=&#8221;1px&#8221; quote_text_shadow_horizontal_length_tablet=&#8221;0px&#8221; quote_text_shadow_vertical_length_tablet=&#8221;0px&#8221; quote_text_shadow_blur_strength_tablet=&#8221;1px&#8221; header_text_shadow_horizontal_length_tablet=&#8221;0px&#8221; header_text_shadow_vertical_length_tablet=&#8221;0px&#8221; header_text_shadow_blur_strength_tablet=&#8221;1px&#8221; header_2_text_shadow_horizontal_length_tablet=&#8221;0px&#8221; header_2_text_shadow_vertical_length_tablet=&#8221;0px&#8221; header_2_text_shadow_blur_strength_tablet=&#8221;1px&#8221; header_3_text_shadow_horizontal_length_tablet=&#8221;0px&#8221; header_3_text_shadow_vertical_length_tablet=&#8221;0px&#8221; header_3_text_shadow_blur_strength_tablet=&#8221;1px&#8221; header_4_text_shadow_horizontal_length_tablet=&#8221;0px&#8221; header_4_text_shadow_vertical_length_tablet=&#8221;0px&#8221; header_4_text_shadow_blur_strength_tablet=&#8221;1px&#8221; header_5_text_shadow_horizontal_length_tablet=&#8221;0px&#8221; header_5_text_shadow_vertical_length_tablet=&#8221;0px&#8221; header_5_text_shadow_blur_strength_tablet=&#8221;1px&#8221; header_6_text_shadow_horizontal_length_tablet=&#8221;0px&#8221; header_6_text_shadow_vertical_length_tablet=&#8221;0px&#8221; header_6_text_shadow_blur_strength_tablet=&#8221;1px&#8221; box_shadow_horizontal_tablet=&#8221;0px&#8221; box_shadow_vertical_tablet=&#8221;0px&#8221; box_shadow_blur_tablet=&#8221;40px&#8221; box_shadow_spread_tablet=&#8221;0px&#8221; global_colors_info=&#8221;{}&#8221; sticky_enabled=&#8221;0&#8243;]<\/p>\n<p><img loading=\"lazy\" decoding=\"async\" class=\"aligncenter wp-image-613 size-full\" src=\"https:\/\/blogsaverroes.juntadeandalucia.es\/cemlapalmera\/files\/2021\/11\/logo_secretariavirtual.png\" alt=\"\" width=\"730\" height=\"197\" srcset=\"https:\/\/blogsaverroes.juntadeandalucia.es\/cemlapalmera\/files\/2021\/11\/logo_secretariavirtual.png 730w, https:\/\/blogsaverroes.juntadeandalucia.es\/cemlapalmera\/files\/2021\/11\/logo_secretariavirtual-480x130.png 480w\" sizes=\"(min-width: 0px) and (max-width: 480px) 480px, (min-width: 481px) 730px, 100vw\" \/><\/p>\n<p><span style=\"font-size: 14pt\"><strong><span style=\"color: #000000\">SOLICITUD DE EXPEDICI\u00d3N DE T\u00cdTULOS A TRAV\u00c9S DE LA SECRETAR\u00cdA VIRTUAL\u00a0<\/span><\/strong><\/span><\/p>\n<p><span style=\"font-size: 14pt\"><strong><span style=\"color: #000000\"><span style=\"color: #00ccff\"><a href=\"https:\/\/www.juntadeandalucia.es\/educacion\/secretariavirtual\/accesoTramite\/302\/\"><img loading=\"lazy\" decoding=\"async\" class=\"alignnone wp-image-932\" src=\"https:\/\/blogsaverroes.juntadeandalucia.es\/cemlapalmera\/files\/2022\/05\/DOC1-300x300.png\" alt=\"\" width=\"27\" height=\"27\" \/><\/a> <a style=\"color: #00ccff\" href=\"https:\/\/www.juntadeandalucia.es\/educacion\/secretariavirtual\/accesoTramite\/302\/\">SOLICITA AQU\u00cd TU T\u00cdTULO<\/a><\/span><\/span><\/strong><\/span><\/p>\n<p>&nbsp;<\/p>\n<p><span style=\"color: #000000;font-size: 14pt\"><strong>IMPORTANTE:<\/strong> En caso de solicitar el t\u00edtulo de forma telem\u00e1tica el pago del t\u00edtulo no hay que hacerlo antes de entrar en el enlace, sino que se realiza dentro de la aplicaci\u00f3n.<\/span><\/p>\n<p>&nbsp;<\/p>\n<p><span style=\"color: #000000;font-size: 14pt\">Si la solicitud se realiza de forma presencial, el alumnado que haya completado sus estudios en las ense\u00f1anzas b\u00e1sicas de m\u00fasica podr\u00e1 solicitar su t\u00edtulo a partir del 1 de septiembre, previo pago de las tasas correspondientes.<\/span><\/p>\n<p>&nbsp;<\/p>\n<p><span style=\"color: #000000;font-size: 14pt\"><strong>DOCUMENTOS A PRESENTAR PARA SOLICITAR EL T\u00cdTULO ELEMENTAL DE M\u00daSICA<\/strong><\/span><\/p>\n<ul>\n<li><span style=\"color: #000000;font-size: 14pt\">FOTOCOPIA DEL DNI DEL ALUMNO O ALUMNA (Obligatorio)<\/span><\/li>\n<li><span style=\"color: #000000;font-size: 14pt\">MODELO 046 DE PAGO DE TASAS DEL T\u00cdTULO ELEMENTAL. Se debe cumplimentar a trav\u00e9s del siguiente enlace:<\/span><br \/><span style=\"font-size: 14pt\"> <strong><span style=\"color: #00ccff\"><a style=\"color: #00ccff\" href=\"http:\/\/www.juntadeandalucia.es\/economiayhacienda\/apl\/surweb\/modelos\/modelo046\/046.jsp\">http:\/\/www.juntadeandalucia.es\/economiayhacienda\/apl\/surweb\/modelos\/modelo046\/046.jsp<\/a><\/span><\/strong><\/span><\/li>\n<\/ul>\n<p>&nbsp;<\/p>\n<p><span style=\"color: #000000;font-size: 14pt\"><strong>TRAMITACI\u00d3N DEL MODELO 046<\/strong><\/span><\/p>\n<ul>\n<li><span style=\"color: #000000;font-size: 14pt\">DATOS DEL ALUMNADO: nombre, apellidos, DNI, etc.<\/span><\/li>\n<li><span style=\"color: #000000;font-size: 14pt\">AUTOLIQUIDACI\u00d3N: poner X<\/span><\/li>\n<li><span style=\"color: #000000;font-size: 14pt\">DESCRIPCI\u00d3N: TITULO ELEMENTAL DE M\u00daSICA. ESPECIALIDAD: (instrumento)<\/span><\/li>\n<li><span style=\"color: #000000;font-size: 14pt\">DESCRIPCI\u00d3N: EXPEDICI\u00d3N T\u00cdTULO ENSE\u00d1ANZAS ELEMENTALES B\u00c1SICAS DE M\u00daSICA y el nombre del alumno o alumna.<\/span><\/li>\n<li><span style=\"color: #000000;font-size: 14pt\">FECHA DE DEVENGO: Fecha de Pago<\/span><\/li>\n<li><span style=\"color: #000000;font-size: 14pt\">C\u00d3DIGO TERRITORIAL: ED4125<\/span><\/li>\n<li><span style=\"color: #000000;font-size: 14pt\">CONCEPTO DE PAGO: 0049 (autom\u00e1ticamente saldr\u00e1 EXP.TITULOS ACADEMICOS Y PROF.)<\/span><\/li>\n<li><span style=\"color: #000000;font-size: 14pt\">RESPONSABLE SOLIDARIO NO SE RELLENA<\/span><\/li>\n<li><span style=\"color: #000000;font-size: 14pt\">PRECIO: NORMAL: 22.77 \u20ac | FAMILIA NUMEROSA GENERAL: 11.38 \u20ac | FAMILIA NUMEROSA ESPECIAL: 00.00 \u20ac<\/span><\/li>\n<\/ul>\n<p>[\/et_pb_text][\/et_pb_column][\/et_pb_row][\/et_pb_section]<\/p>\n","protected":false},"excerpt":{"rendered":"<p>SOLICITUD DE EXPEDICI\u00d3N DE T\u00cdTULOS A TRAV\u00c9S DE LA SECRETAR\u00cdA VIRTUAL\u00a0 SOLICITA AQU\u00cd TU T\u00cdTULO &nbsp; IMPORTANTE: En caso de solicitar el t\u00edtulo de forma telem\u00e1tica el pago del t\u00edtulo no hay que hacerlo antes de entrar en el enlace, sino que se realiza dentro de la aplicaci\u00f3n. &nbsp; Si la solicitud se realiza de [&hellip;]<\/p>\n","protected":false},"author":13636,"featured_media":0,"parent":0,"menu_order":0,"comment_status":"closed","ping_status":"closed","template":"","meta":{"_et_pb_use_builder":"on","_et_pb_old_content":"","_et_gb_content_width":"","ngg_post_thumbnail":0,"footnotes":""},"aioseo_notices":[],"_links":{"self":[{"href":"https:\/\/blogsaverroes.juntadeandalucia.es\/cemlapalmera\/wp-json\/wp\/v2\/pages\/593"}],"collection":[{"href":"https:\/\/blogsaverroes.juntadeandalucia.es\/cemlapalmera\/wp-json\/wp\/v2\/pages"}],"about":[{"href":"https:\/\/blogsaverroes.juntadeandalucia.es\/cemlapalmera\/wp-json\/wp\/v2\/types\/page"}],"author":[{"embeddable":true,"href":"https:\/\/blogsaverroes.juntadeandalucia.es\/cemlapalmera\/wp-json\/wp\/v2\/users\/13636"}],"replies":[{"embeddable":true,"href":"https:\/\/blogsaverroes.juntadeandalucia.es\/cemlapalmera\/wp-json\/wp\/v2\/comments?post=593"}],"version-history":[{"count":10,"href":"https:\/\/blogsaverroes.juntadeandalucia.es\/cemlapalmera\/wp-json\/wp\/v2\/pages\/593\/revisions"}],"predecessor-version":[{"id":1949,"href":"https:\/\/blogsaverroes.juntadeandalucia.es\/cemlapalmera\/wp-json\/wp\/v2\/pages\/593\/revisions\/1949"}],"wp:attachment":[{"href":"https:\/\/blogsaverroes.juntadeandalucia.es\/cemlapalmera\/wp-json\/wp\/v2\/media?parent=593"}],"curies":[{"name":"wp","href":"https:\/\/api.w.org\/{rel}","templated":true}]}}