{"id":744,"date":"2022-02-09T15:41:42","date_gmt":"2022-02-09T14:41:42","guid":{"rendered":"https:\/\/blogsaverroes.juntadeandalucia.es\/cemlapalmera\/?page_id=744"},"modified":"2026-04-07T15:10:27","modified_gmt":"2026-04-07T13:10:27","slug":"conservatoriovirtual","status":"publish","type":"page","link":"https:\/\/blogsaverroes.juntadeandalucia.es\/cemlapalmera\/conservatoriovirtual\/","title":{"rendered":"Conservatorio virtual"},"content":{"rendered":"<p>[et_pb_section fb_built=&#8221;1&#8243; custom_padding_last_edited=&#8221;off|desktop&#8221; admin_label=&#8221;Hero&#8221; _builder_version=&#8221;4.16&#8243; background_color=&#8221;#f8f7fc&#8221; background_color_gradient_direction=&#8221;60deg&#8221; custom_padding=&#8221;100px|||&#8221; global_colors_info=&#8221;{}&#8221;][et_pb_row _builder_version=&#8221;4.16&#8243; custom_padding=&#8221;|||&#8221; global_colors_info=&#8221;{}&#8221;][et_pb_column type=&#8221;4_4&#8243; _builder_version=&#8221;4.16&#8243; custom_padding=&#8221;|||&#8221; global_colors_info=&#8221;{}&#8221; custom_padding__hover=&#8221;|||&#8221;][et_pb_button button_url=&#8221;https:\/\/violinesenlapalmera.blogspot.com\/&#8221; button_text=&#8221;Blog de viol\u00edn: Violines en La Palmera&#8221; admin_label=&#8221;Violines en La Palmera&#8221; _builder_version=&#8221;4.24.2&#8243; _module_preset=&#8221;default&#8221; hover_enabled=&#8221;0&#8243; global_colors_info=&#8221;{}&#8221; sticky_enabled=&#8221;0&#8243;][\/et_pb_button][et_pb_button button_url=&#8221;https:\/\/www.clasedelenguajemusical.com\/&#8221; button_text=&#8221;Clase de lenguaje musical&#8221; admin_label=&#8221;Clase de LM&#8221; _builder_version=&#8221;4.16&#8243; _module_preset=&#8221;default&#8221; hover_enabled=&#8221;0&#8243; global_colors_info=&#8221;{}&#8221; sticky_enabled=&#8221;0&#8243;][\/et_pb_button][et_pb_button button_url=&#8221;https:\/\/sites.google.com\/view\/lapalmeraguitarra\/&#8221; button_text=&#8221;Clase de guitarra&#8221; admin_label=&#8221;Clase de GT&#8221; _builder_version=&#8221;4.24.2&#8243; _module_preset=&#8221;default&#8221; hover_enabled=&#8221;0&#8243; global_colors_info=&#8221;{}&#8221; sticky_enabled=&#8221;0&#8243;][\/et_pb_button][et_pb_button button_url=&#8221;http:\/\/www.elblogdelenguajemusical.com\/&#8221; button_text=&#8221;El blog de lenguaje musical&#8221; admin_label=&#8221;Blog LM&#8221; _builder_version=&#8221;4.16&#8243; _module_preset=&#8221;default&#8221; global_colors_info=&#8221;{}&#8221;][\/et_pb_button][et_pb_button button_url=&#8221;https:\/\/www.youtube.com\/channel\/UCMkMjuMlN2bAbrgDAssfTDQ&#8221; button_text=&#8221;Palmera Piano&#8221; admin_label=&#8221;Palmera Piano&#8221; _builder_version=&#8221;4.16&#8243; _module_preset=&#8221;default&#8221; global_colors_info=&#8221;{}&#8221;][\/et_pb_button][et_pb_button button_url=&#8221;https:\/\/lapalmeracoeduca.blogspot.com\/&#8221; button_text=&#8221;Palmera Coeduca&#8221; admin_label=&#8221;Palmera Coeduca&#8221; _builder_version=&#8221;4.16&#8243; _module_preset=&#8221;default&#8221; global_colors_info=&#8221;{}&#8221;][\/et_pb_button][et_pb_button button_url=&#8221;https:\/\/blogsaverroes.juntadeandalucia.es\/programamujeres\/&#8221; button_text=&#8221;Programa mujeres&#8221; admin_label=&#8221;Programa mujeres&#8221; _builder_version=&#8221;4.16&#8243; _module_preset=&#8221;default&#8221; global_colors_info=&#8221;{}&#8221;][\/et_pb_button][et_pb_tabs disabled_on=&#8221;on|on|on&#8221; _builder_version=&#8221;4.16&#8243; _module_preset=&#8221;default&#8221; disabled=&#8221;on&#8221; global_colors_info=&#8221;{}&#8221;][et_pb_tab title=&#8221;Clase de lenguaje musical&#8221; _builder_version=&#8221;4.16&#8243; _module_preset=&#8221;default&#8221; global_colors_info=&#8221;{}&#8221;]<\/p>\n<p><a href=\"http:\/\/www.clasedelenguajemusical.com\"><img loading=\"lazy\" decoding=\"async\" class=\"wp-image-754 alignnone size-medium\" src=\"https:\/\/blogsaverroes.juntadeandalucia.es\/cemlapalmera\/files\/2022\/02\/CLASELENGUAJE-300x270.jpeg\" alt=\"\" width=\"300\" height=\"270\"><\/a><\/p>\n<p>[\/et_pb_tab][et_pb_tab title=&#8221;Clase de guitarra&#8221; _builder_version=&#8221;4.16&#8243; _module_preset=&#8221;default&#8221; link_option_url=&#8221;https:\/\/sites.google.com\/view\/lapalmeraguitarra\/&#8221; global_colors_info=&#8221;{}&#8221;][\/et_pb_tab][et_pb_tab title=&#8221;El blog de lenguaje musical&#8221; _builder_version=&#8221;4.16&#8243; _module_preset=&#8221;default&#8221; global_colors_info=&#8221;{}&#8221;]<\/p>\n<p><a href=\"http:\/\/www.elblogdelenguajemusical.com\"><img loading=\"lazy\" decoding=\"async\" class=\"alignnone wp-image-755 size-medium\" src=\"https:\/\/blogsaverroes.juntadeandalucia.es\/cemlapalmera\/files\/2022\/02\/ELBLOG-300x270.jpeg\" alt=\"\" width=\"300\" height=\"270\"><\/a><\/p>\n<p>[\/et_pb_tab][et_pb_tab title=&#8221;Palmera Piano&#8221; _builder_version=&#8221;4.16&#8243; _module_preset=&#8221;default&#8221; global_colors_info=&#8221;{}&#8221;]<\/p>\n<p><a href=\"http:\/\/https:\/\/www.youtube.com\/channel\/UCMkMjuMlN2bAbrgDAssfTDQ\"><img loading=\"lazy\" decoding=\"async\" class=\"wp-image-761 alignnone size-medium\" src=\"https:\/\/blogsaverroes.juntadeandalucia.es\/cemlapalmera\/files\/2022\/02\/youtube-logo-6019878_640-300x208.png\" alt=\"\" width=\"300\" height=\"208\"><\/a><\/p>\n<p>[\/et_pb_tab][et_pb_tab title=&#8221;Palmera Coeduca&#8221; _builder_version=&#8221;4.16&#8243; _module_preset=&#8221;default&#8221; global_colors_info=&#8221;{}&#8221;][\/et_pb_tab][\/et_pb_tabs][et_pb_text disabled_on=&#8221;on|on|on&#8221; _builder_version=&#8221;4.16&#8243; _module_preset=&#8221;default&#8221; disabled=&#8221;on&#8221; global_colors_info=&#8221;{}&#8221;]<\/p>\n<p><a href=\"https:\/\/www.clasedelenguajemusical.com\/\">Clase de lenguaje musical<\/a><\/p>\n<p><a href=\"http:\/\/www.elblogdelenguajemusical.com\/\">El blog de lenguaje musical<\/a><\/p>\n<p><a href=\"http:\/\/chitarroneando.blogspot.com\/\">Chitarroneando<\/a><\/p>\n<p><a href=\"https:\/\/www.youtube.com\/channel\/UCMkMjuMlN2bAbrgDAssfTDQ\">Palmera Piano<\/a><\/p>\n<p><a href=\"https:\/\/lapalmeracoeduca.blogspot.com\/\">Palmera Coeduca<\/a><\/p>\n<p>[\/et_pb_text][et_pb_toggle title=&#8221;iPASEN&#8221; admin_label=&#8221;iPasen&#8221; _builder_version=&#8221;4.16&#8243; _module_preset=&#8221;default&#8221; closed_title_text_align=&#8221;left&#8221; position_origin_f=&#8221;center_right&#8221; width=&#8221;100%&#8221; custom_margin=&#8221;|0px||0px|false|false&#8221; border_radii=&#8221;off||||&#8221; global_colors_info=&#8221;{}&#8221;]<\/p>\n<p>&nbsp;<\/p>\n<p><span style=\"color: #000000\">PASEN es el m\u00f3dulo de S\u00e9neca que permite la comunicaci\u00f3n entre los centros educativos y las familias, tutores legales y alumnado.<\/span><\/p>\n<p><span style=\"color: #000000\">Puedes descargar la app de Classroom en <\/span><strong><a href=\"https:\/\/apps.apple.com\/es\/app\/ipasen\/id511127024\">APP STORE (iOs)<\/a><\/strong> <span style=\"color: #000000\">y<\/span> <a href=\"https:\/\/play.google.com\/store\/apps\/details?id=juntadeandalucia.ced.pasen\"><strong>GOOGLE PLAY (Android)<\/strong><\/a>.<\/p>\n<p><img loading=\"lazy\" decoding=\"async\" class=\"aligncenter wp-image-801 size-full\" src=\"https:\/\/blogsaverroes.juntadeandalucia.es\/cemlapalmera\/files\/2022\/02\/ipasen.png\" alt=\"\" width=\"512\" height=\"512\" srcset=\"https:\/\/blogsaverroes.juntadeandalucia.es\/cemlapalmera\/files\/2022\/02\/ipasen.png 512w, https:\/\/blogsaverroes.juntadeandalucia.es\/cemlapalmera\/files\/2022\/02\/ipasen-480x480.png 480w\" sizes=\"(min-width: 0px) and (max-width: 480px) 480px, (min-width: 481px) 512px, 100vw\" \/><\/p>\n<p>[\/et_pb_toggle][et_pb_toggle title=&#8221;CLASSROOM&#8221; admin_label=&#8221;Classroom&#8221; _builder_version=&#8221;4.16&#8243; _module_preset=&#8221;default&#8221; closed_title_text_align=&#8221;left&#8221; position_origin_f=&#8221;center_right&#8221; width=&#8221;100%&#8221; custom_margin=&#8221;|0px||0px|false|false&#8221; hover_enabled=&#8221;0&#8243; border_radii=&#8221;off||||&#8221; global_colors_info=&#8221;{}&#8221; sticky_enabled=&#8221;0&#8243;]<\/p>\n<p>&nbsp;<\/p>\n<p><span style=\"color: #000000\">Classroom e<\/span><span style=\"color: #000000\">s una herramienta dise\u00f1ada para apoyar a docentes y estudiantes en <\/span><span style=\"color: #000000\">la gesti\u00f3n del aprendizaje a distancia.<\/span><\/p>\n<p><span style=\"color: #000000\">Es una herramienta gratuita y no necesitas instalar nada en tu ordenador para acceder a la plataforma, basta cualquier navegador web. <\/span><\/p>\n<p><span style=\"color: #000000\">Classroom <\/span><span style=\"color: #000000\">permite compartir recursos educativos (partituras, grabaciones, actividades interactivas, etc.), as\u00ed como proponer actividades y tareas que pueden ser evaluadas y calificadas.<\/span><\/p>\n<p><span style=\"color: #000000\">Puedes descargar la app de Classroom en <\/span><span style=\"color: #000000\"><strong><a href=\"https:\/\/apps.apple.com\/es\/app\/google-classroom\/id924620788\">APP STORE (iOs)<\/a><\/strong> y <\/span><span style=\"color: #000000\"><a href=\"https:\/\/play.google.com\/store\/apps\/details?id=com.google.android.apps.classroom&amp;hl=es_419&amp;gl=US\"><strong>GOOGLE PLAY (Android)<\/strong><\/a>.<\/span><\/p>\n<p><img loading=\"lazy\" decoding=\"async\" class=\"aligncenter wp-image-802 size-full\" src=\"https:\/\/blogsaverroes.juntadeandalucia.es\/cemlapalmera\/files\/2022\/02\/Google-Classroom-Logo.jpeg\" alt=\"\" width=\"1800\" height=\"1133\" srcset=\"https:\/\/blogsaverroes.juntadeandalucia.es\/cemlapalmera\/files\/2022\/02\/Google-Classroom-Logo.jpeg 1800w, https:\/\/blogsaverroes.juntadeandalucia.es\/cemlapalmera\/files\/2022\/02\/Google-Classroom-Logo-1280x806.jpeg 1280w, https:\/\/blogsaverroes.juntadeandalucia.es\/cemlapalmera\/files\/2022\/02\/Google-Classroom-Logo-980x617.jpeg 980w, https:\/\/blogsaverroes.juntadeandalucia.es\/cemlapalmera\/files\/2022\/02\/Google-Classroom-Logo-480x302.jpeg 480w\" sizes=\"(min-width: 0px) and (max-width: 480px) 480px, (min-width: 481px) and (max-width: 980px) 980px, (min-width: 981px) and (max-width: 1280px) 1280px, (min-width: 1281px) 1800px, 100vw\" \/><\/p>\n<p>[\/et_pb_toggle][et_pb_toggle title=&#8221;WEBS Y BLOGS DEL CONSERVATORIO&#8221; disabled_on=&#8221;on|on|on&#8221; admin_label=&#8221;WEBS Y BLOGS&#8221; _builder_version=&#8221;4.16&#8243; _module_preset=&#8221;default&#8221; closed_title_text_align=&#8221;left&#8221; position_origin_f=&#8221;center_right&#8221; width=&#8221;100%&#8221; custom_margin=&#8221;|0px||0px|false|false&#8221; border_radii=&#8221;off||||&#8221; disabled=&#8221;on&#8221; global_colors_info=&#8221;{}&#8221;]<\/p>\n<p>&nbsp;<\/p>\n<p><strong><a href=\"https:\/\/www.clasedelenguajemusical.com\/\">Clase de lenguaje musical<\/a><\/strong><\/p>\n<p><strong><a href=\"https:\/\/sites.google.com\/view\/lapalmeraguitarra\/\">Clase de guitarra<\/a><\/strong><\/p>\n<p><strong><a href=\"http:\/\/www.elblogdelenguajemusical.com\/\">El blog de lenguaje musical<\/a><\/strong><\/p>\n<p><strong><a href=\"http:\/\/chitarroneando.blogspot.com\/\">Chitarroneando<\/a><\/strong><\/p>\n<p><strong><a href=\"https:\/\/www.youtube.com\/channel\/UCMkMjuMlN2bAbrgDAssfTDQ\">Palmera Piano<\/a><\/strong><\/p>\n<p><strong><a href=\"https:\/\/lapalmeracoeduca.blogspot.com\/\">Palmera Coeduca<\/a><\/strong><\/p>\n<p><img loading=\"lazy\" decoding=\"async\" class=\"aligncenter wp-image-800 size-full\" src=\"https:\/\/blogsaverroes.juntadeandalucia.es\/cemlapalmera\/files\/2022\/02\/web_ced.png\" alt=\"\" width=\"675\" height=\"531\" srcset=\"https:\/\/blogsaverroes.juntadeandalucia.es\/cemlapalmera\/files\/2022\/02\/web_ced.png 675w, https:\/\/blogsaverroes.juntadeandalucia.es\/cemlapalmera\/files\/2022\/02\/web_ced-480x378.png 480w\" sizes=\"(min-width: 0px) and (max-width: 480px) 480px, (min-width: 481px) 675px, 100vw\" \/><\/p>\n<p>[\/et_pb_toggle][et_pb_toggle title=&#8221;RRSS&#8221; admin_label=&#8221;RRSS&#8221; _builder_version=&#8221;4.16&#8243; _module_preset=&#8221;default&#8221; closed_title_text_align=&#8221;left&#8221; position_origin_f=&#8221;center_right&#8221; width=&#8221;100%&#8221; custom_margin=&#8221;|0px||0px|false|false&#8221; border_radii=&#8221;off||||&#8221; global_colors_info=&#8221;{}&#8221;]<\/p>\n<p>&nbsp;<\/p>\n<p><a href=\"https:\/\/www.facebook.com\/cempalmera\"><b>El conservatorio en Facebook<\/b><\/a><\/p>\n<p><a href=\"https:\/\/twitter.com\/cemlapalmera\"><b>El conservatorio en Twitter<\/b><\/a><\/p>\n<p><strong><a href=\"https:\/\/www.youtube.com\/channel\/UCIIIFlXn2RhU6pxBOKVTr7g\">El conservatorio en YouTube<\/a><\/strong><\/p>\n<p><strong><a href=\"https:\/\/www.instagram.com\/cemlapalmera\/\">El conservatorio en Instagram<\/a><\/strong><\/p>\n<p>&nbsp;<\/p>\n<p><img loading=\"lazy\" decoding=\"async\" class=\"aligncenter wp-image-803 size-full\" src=\"https:\/\/blogsaverroes.juntadeandalucia.es\/cemlapalmera\/files\/2022\/02\/rrss.png\" alt=\"\" width=\"800\" height=\"445\" srcset=\"https:\/\/blogsaverroes.juntadeandalucia.es\/cemlapalmera\/files\/2022\/02\/rrss.png 800w, https:\/\/blogsaverroes.juntadeandalucia.es\/cemlapalmera\/files\/2022\/02\/rrss-480x267.png 480w\" sizes=\"(min-width: 0px) and (max-width: 480px) 480px, (min-width: 481px) 800px, 100vw\" \/><\/p>\n<p>&nbsp;<\/p>\n<p>[\/et_pb_toggle][\/et_pb_column][\/et_pb_row][\/et_pb_section]<\/p>\n","protected":false},"excerpt":{"rendered":"<p>Clase de lenguaje musical El blog de lenguaje musical Chitarroneando Palmera Piano Palmera Coeduca&nbsp; PASEN es el m\u00f3dulo de S\u00e9neca que permite la comunicaci\u00f3n entre los centros educativos y las familias, tutores legales y alumnado. Puedes descargar la app de Classroom en APP STORE (iOs) y GOOGLE PLAY (Android). &nbsp; Classroom es una herramienta dise\u00f1ada [&hellip;]<\/p>\n","protected":false},"author":13636,"featured_media":0,"parent":0,"menu_order":0,"comment_status":"closed","ping_status":"closed","template":"","meta":{"_et_pb_use_builder":"on","_et_pb_old_content":"","_et_gb_content_width":"","ngg_post_thumbnail":0,"footnotes":""},"aioseo_notices":[],"_links":{"self":[{"href":"https:\/\/blogsaverroes.juntadeandalucia.es\/cemlapalmera\/wp-json\/wp\/v2\/pages\/744"}],"collection":[{"href":"https:\/\/blogsaverroes.juntadeandalucia.es\/cemlapalmera\/wp-json\/wp\/v2\/pages"}],"about":[{"href":"https:\/\/blogsaverroes.juntadeandalucia.es\/cemlapalmera\/wp-json\/wp\/v2\/types\/page"}],"author":[{"embeddable":true,"href":"https:\/\/blogsaverroes.juntadeandalucia.es\/cemlapalmera\/wp-json\/wp\/v2\/users\/13636"}],"replies":[{"embeddable":true,"href":"https:\/\/blogsaverroes.juntadeandalucia.es\/cemlapalmera\/wp-json\/wp\/v2\/comments?post=744"}],"version-history":[{"count":29,"href":"https:\/\/blogsaverroes.juntadeandalucia.es\/cemlapalmera\/wp-json\/wp\/v2\/pages\/744\/revisions"}],"predecessor-version":[{"id":2283,"href":"https:\/\/blogsaverroes.juntadeandalucia.es\/cemlapalmera\/wp-json\/wp\/v2\/pages\/744\/revisions\/2283"}],"wp:attachment":[{"href":"https:\/\/blogsaverroes.juntadeandalucia.es\/cemlapalmera\/wp-json\/wp\/v2\/media?parent=744"}],"curies":[{"name":"wp","href":"https:\/\/api.w.org\/{rel}","templated":true}]}}