{"id":35,"date":"2015-03-13T08:21:43","date_gmt":"2015-03-13T08:21:43","guid":{"rendered":"http:\/\/blogsaverroes.juntadeandalucia.es\/pre\/ceip\/?page_id=35"},"modified":"2020-05-17T09:15:48","modified_gmt":"2020-05-17T09:15:48","slug":"el-centro-2","status":"publish","type":"page","link":"https:\/\/blogsaverroes.juntadeandalucia.es\/cemloja\/el-centro-2\/","title":{"rendered":"Datos del centro"},"content":{"rendered":"<div class=\"_39k5 _5s6c\">\n<div>\n<h2>Breve historia del centro<\/h2>\n<div class=\"_2cuy _3dgx _2vxa\">Este conservatorio fue <span class=\"_4yxo\">fundado en 1990<\/span> en Loja, Granada. En sus inicios su denominaci\u00f3n fue simplemente \u201cConservatorio elemental de m\u00fasica de Loja\u201d y se cambi\u00f3 esta en 2013 a la actual, en homenaje a la directora que m\u00e1s a\u00f1os ha estado al cargo del centro: desde sus inicios hasta 2003. Asimismo, lleva su nombre el aula de lenguaje musical.<\/div>\n<div>&nbsp;<\/div>\n<div class=\"_2cuy _3dgx _2vxa\"><span class=\"_4yxo\">Mar\u00eda del Carmen Romero Avellaneda<\/span> ha sido una persona importante en el \u00e1mbito musical loje\u00f1o ya que, aparte de su labor de directora y fundadora de este conservatorio, es a su vez, fundadora de la Coral Polif\u00f3nica del Conservatorio de Loja, siendo tambi\u00e9n su directora durante 22 a\u00f1os (1989-2011). Durante su etapa de directora luch\u00f3 por conseguir que en este centro se impartiera el primer ciclo (los dos primeros a\u00f1os del total de seis) del anteriormente denominado Grado Medio de ense\u00f1anzas musicales, que corresponde con el actual Grado Profesional, lo cual, definitivamente, no fue posible.<\/div>\n<div>&nbsp;<\/div>\n<div class=\"_2cuy _3dgx _2vxa\">M. del Carmen Romero fue galardonada en 2012 con el premio Ibn Al-Jatib por el Ayuntamiento de Loja y la Fundaci\u00f3n Ibn Al-Jatib por toda su labor.<\/div>\n<div>&nbsp;<\/div>\n<figure class=\"_2cuy _4nuy _2vxa _3tvj\">\n<div class=\"_h2x _h2y _4lh4\">\n<p><img decoding=\"async\" id=\"u_3u_0\" class=\"_h2z _297z _4lh5 img aligncenter\" src=\"https:\/\/scontent.fgrx1-1.fna.fbcdn.net\/v\/t1.0-9\/25158325_848013835359614_6524678279609566256_n.jpg?_nc_cat=108&amp;_nc_sid=32a93c&amp;_nc_ohc=ARGtLV87og0AX-paiRz&amp;_nc_ht=scontent.fgrx1-1.fna&amp;oh=1b428b7faa9bfc67c0ae9ad3acc0bfaa&amp;oe=5EE2C867\" alt=\"\"><\/p>\n<h6 class=\"_h2w _50f8 _50f4\" style=\"text-align: center\">M. Carmen Romero Avellaneda<\/h6>\n<\/div>\n<\/figure>\n<div class=\"_2cuy _3dgx _2vxa\">El conservatorio est\u00e1 ubicado en la planta baja del edificio del antiguo Instituto de Loja, que comparte instalaciones con la Escuela Oficial de Idiomas y el Instituto Popular.<\/div>\n<div>&nbsp;<\/div>\n<div class=\"_2cuy _3dgx _2vxa\">Los<span class=\"_4yxo\"> instrumentos y asignaturas <\/span>que se imparten en este conservatorio desde sus inicios son:<\/div>\n<ol class=\"_5a_q _509r\">\n<li class=\"_2cuy _509s _2vxa\">Piano<\/li>\n<li class=\"_2cuy _509s _2vxa\">Clarinete<\/li>\n<li class=\"_2cuy _509s _2vxa\">Flauta<\/li>\n<li class=\"_2cuy _509s _2vxa\">Viol\u00edn<\/li>\n<li class=\"_2cuy _509s _2vxa\">Violoncello<\/li>\n<li class=\"_2cuy _509s _2vxa\">Guitarra<\/li>\n<li class=\"_2cuy _509s _2vxa\">Coro<\/li>\n<li class=\"_2cuy _509s _2vxa\">Lenguaje musical<\/li>\n<\/ol>\n<\/div>\n<h2>\u00bfD\u00f3nde nos encontramos?<\/h2>\n<p>El Conservatorio Elemental de M\u00fasica se encuentra en Paseo Narv\u00e1ez s\/n. Loja, Granada.<\/p>\n<p>[googlemaps https:\/\/www.google.com\/maps\/embed?pb=!1m18!1m12!1m3!1d3179.2648115581305!2d-4.153603084699652!3d37.170177279873926!2m3!1f0!2f0!3f0!3m2!1i1024!2i768!4f13.1!3m3!1m2!1s0xd727427f0787685%3A0xa9db2732eabe91de!2sPaseo%20Narv%C3%A1ez%2C%2018300%20Loja%2C%20Granada!5e0!3m2!1ses!2ses!4v1589469639304!5m2!1ses!2ses&amp;w=600&amp;h=450]<\/p>\n<p>&nbsp;<\/p>\n<\/div>\n<h2>&nbsp;<\/h2>\n<h4>&nbsp;<\/h4>\n<h4>&nbsp;<\/h4>\n<p>&nbsp;<\/p>\n<p>&nbsp;<\/p>\n","protected":false},"excerpt":{"rendered":"<p>Breve historia del centro Este conservatorio fue fundado en 1990 en Loja, Granada. En sus inicios su denominaci\u00f3n fue simplemente \u201cConservatorio elemental de m\u00fasica de&hellip;<\/p>\n","protected":false},"author":1,"featured_media":0,"parent":0,"menu_order":0,"comment_status":"open","ping_status":"open","template":"","meta":{"ngg_post_thumbnail":0,"footnotes":"","_mc_calendar":[]},"aioseo_notices":[],"_links":{"self":[{"href":"https:\/\/blogsaverroes.juntadeandalucia.es\/cemloja\/wp-json\/wp\/v2\/pages\/35"}],"collection":[{"href":"https:\/\/blogsaverroes.juntadeandalucia.es\/cemloja\/wp-json\/wp\/v2\/pages"}],"about":[{"href":"https:\/\/blogsaverroes.juntadeandalucia.es\/cemloja\/wp-json\/wp\/v2\/types\/page"}],"author":[{"embeddable":true,"href":"https:\/\/blogsaverroes.juntadeandalucia.es\/cemloja\/wp-json\/wp\/v2\/users\/1"}],"replies":[{"embeddable":true,"href":"https:\/\/blogsaverroes.juntadeandalucia.es\/cemloja\/wp-json\/wp\/v2\/comments?post=35"}],"version-history":[{"count":28,"href":"https:\/\/blogsaverroes.juntadeandalucia.es\/cemloja\/wp-json\/wp\/v2\/pages\/35\/revisions"}],"predecessor-version":[{"id":2502,"href":"https:\/\/blogsaverroes.juntadeandalucia.es\/cemloja\/wp-json\/wp\/v2\/pages\/35\/revisions\/2502"}],"wp:attachment":[{"href":"https:\/\/blogsaverroes.juntadeandalucia.es\/cemloja\/wp-json\/wp\/v2\/media?parent=35"}],"curies":[{"name":"wp","href":"https:\/\/api.w.org\/{rel}","templated":true}]}}