{"id":2884,"date":"2021-11-30T14:01:16","date_gmt":"2021-11-30T14:01:16","guid":{"rendered":"https:\/\/blogsaverroes.juntadeandalucia.es\/cemluisdenarvaez\/?page_id=2884"},"modified":"2024-10-11T10:50:21","modified_gmt":"2024-10-11T10:50:21","slug":"equipo-directivo","status":"publish","type":"page","link":"https:\/\/blogsaverroes.juntadeandalucia.es\/cemluisdenarvaez\/equipo-directivo\/","title":{"rendered":"EQUIPO DIRECTIVO"},"content":{"rendered":"<h4>&nbsp;<\/h4>\n<ul>\n<li>\n<h4 style=\"text-align: justify\"><span style=\"color: #3366ff\">Direcci\u00f3n<\/span><\/h4>\n<ul style=\"text-align: justify\">\n<li style=\"list-style-type: none\">\n<ul>\n<li style=\"list-style-type: none\">\n<ul>\n<li style=\"list-style-type: none\">\n<ul>\n<li>\n<h4>D. Antonio Amador Castillo Ojeda<\/h4>\n<\/li>\n<\/ul>\n<\/li>\n<\/ul>\n<\/li>\n<\/ul>\n<\/li>\n<\/ul>\n<\/li>\n<li style=\"text-align: justify\">\n<h4><span style=\"color: #3366ff\">Jefatura de Estudios<\/span><\/h4>\n<ul>\n<li style=\"list-style-type: none\">\n<ul>\n<li style=\"list-style-type: none\">\n<ul>\n<li style=\"list-style-type: none\">\n<ul>\n<li>\n<h4>D. \u00c1lvaro Izquierdo Porras<\/h4>\n<\/li>\n<\/ul>\n<\/li>\n<\/ul>\n<\/li>\n<\/ul>\n<\/li>\n<\/ul>\n<\/li>\n<li>\n<h4 style=\"text-align: justify\"><span style=\"color: #3366ff\">Secretar\u00eda<\/span><\/h4>\n<ul>\n<li style=\"list-style-type: none\">\n<ul>\n<li style=\"list-style-type: none\">\n<ul>\n<li style=\"list-style-type: none\">\n<ul>\n<li>\n<h4 style=\"text-align: justify\">D. Rafael Quintero Tutau<\/h4>\n<\/li>\n<\/ul>\n<\/li>\n<\/ul>\n<\/li>\n<\/ul>\n<\/li>\n<\/ul>\n<\/li>\n<\/ul>\n<p>&nbsp;<\/p>\n","protected":false},"excerpt":{"rendered":"<p>&nbsp; Direcci\u00f3n D. Antonio Amador Castillo Ojeda Jefatura de Estudios D. \u00c1lvaro Izquierdo Porras Secretar\u00eda D. Rafael Quintero Tutau &nbsp;<\/p>\n","protected":false},"author":10233,"featured_media":0,"parent":0,"menu_order":0,"comment_status":"closed","ping_status":"closed","template":"","meta":{"ngg_post_thumbnail":0,"footnotes":"","_mc_calendar":[]},"aioseo_notices":[],"_links":{"self":[{"href":"https:\/\/blogsaverroes.juntadeandalucia.es\/cemluisdenarvaez\/wp-json\/wp\/v2\/pages\/2884"}],"collection":[{"href":"https:\/\/blogsaverroes.juntadeandalucia.es\/cemluisdenarvaez\/wp-json\/wp\/v2\/pages"}],"about":[{"href":"https:\/\/blogsaverroes.juntadeandalucia.es\/cemluisdenarvaez\/wp-json\/wp\/v2\/types\/page"}],"author":[{"embeddable":true,"href":"https:\/\/blogsaverroes.juntadeandalucia.es\/cemluisdenarvaez\/wp-json\/wp\/v2\/users\/10233"}],"replies":[{"embeddable":true,"href":"https:\/\/blogsaverroes.juntadeandalucia.es\/cemluisdenarvaez\/wp-json\/wp\/v2\/comments?post=2884"}],"version-history":[{"count":12,"href":"https:\/\/blogsaverroes.juntadeandalucia.es\/cemluisdenarvaez\/wp-json\/wp\/v2\/pages\/2884\/revisions"}],"predecessor-version":[{"id":4284,"href":"https:\/\/blogsaverroes.juntadeandalucia.es\/cemluisdenarvaez\/wp-json\/wp\/v2\/pages\/2884\/revisions\/4284"}],"wp:attachment":[{"href":"https:\/\/blogsaverroes.juntadeandalucia.es\/cemluisdenarvaez\/wp-json\/wp\/v2\/media?parent=2884"}],"curies":[{"name":"wp","href":"https:\/\/api.w.org\/{rel}","templated":true}]}}