{"id":3195,"date":"2022-10-14T10:23:06","date_gmt":"2022-10-14T10:23:06","guid":{"rendered":"https:\/\/blogsaverroes.juntadeandalucia.es\/cemluisdenarvaez\/?page_id=3195"},"modified":"2025-09-10T10:59:10","modified_gmt":"2025-09-10T10:59:10","slug":"claustro","status":"publish","type":"page","link":"https:\/\/blogsaverroes.juntadeandalucia.es\/cemluisdenarvaez\/claustro\/","title":{"rendered":"CLAUSTRO"},"content":{"rendered":"<h4>&nbsp;<\/h4>\n<ul>\n<li>\n<h4><span style=\"color: #3366ff\">Instrumentos de la familia viento-madera<\/span><\/h4>\n<ul>\n<li style=\"list-style-type: none\">\n<ul>\n<li style=\"list-style-type: none\">\n<ul>\n<li style=\"list-style-type: none\">\n<ul>\n<li>\n<h4 style=\"font-weight: 400\"><strong>Profesor de clarinete:<\/strong><strong>&nbsp;D. Antonio Amador Castillo Ojeda<\/strong><\/h4>\n<\/li>\n<li>\n<h4 style=\"font-weight: 400\"><strong>Profesor de flauta travesera:<\/strong><strong>&nbsp;D. Rafael Espejo Algaba<\/strong><\/h4>\n<\/li>\n<\/ul>\n<\/li>\n<\/ul>\n<\/li>\n<\/ul>\n<\/li>\n<\/ul>\n<\/li>\n<\/ul>\n<h4>&nbsp;<\/h4>\n<ul>\n<li>\n<h4><span style=\"color: #3366ff\">Instrumento de la familia viento-metal<\/span><\/h4>\n<ul>\n<li style=\"list-style-type: none\">\n<ul>\n<li style=\"list-style-type: none\">\n<ul>\n<li style=\"list-style-type: none\">\n<ul>\n<li>\n<h4 style=\"font-weight: 400\"><strong>Profesor de trompeta:<\/strong><strong> D. Manuel Jes\u00fas M\u00e1rquez Almansa&nbsp;<\/strong><\/h4>\n<\/li>\n<\/ul>\n<\/li>\n<\/ul>\n<\/li>\n<\/ul>\n<\/li>\n<\/ul>\n<\/li>\n<\/ul>\n<h4>&nbsp;<\/h4>\n<ul>\n<li>\n<h4><span style=\"color: #3366ff\">Instrumento de la familia de cuerda<\/span>&nbsp;<\/h4>\n<ul>\n<li style=\"list-style-type: none\">\n<ul>\n<li style=\"list-style-type: none\">\n<ul>\n<li style=\"list-style-type: none\">\n<ul>\n<li>\n<h4 style=\"font-weight: 400\"><strong>Profesor de guitarra:&nbsp;<\/strong><strong>D. Antonio Luque Segado<\/strong><\/h4>\n<\/li>\n<\/ul>\n<\/li>\n<\/ul>\n<\/li>\n<\/ul>\n<\/li>\n<\/ul>\n<\/li>\n<\/ul>\n<h4>&nbsp;<\/h4>\n<ul>\n<li>\n<h4><span style=\"color: #3366ff\">Instrumentos de la familia de cuerda frotada<\/span><\/h4>\n<ul>\n<li style=\"list-style-type: none\">\n<ul>\n<li style=\"list-style-type: none\">\n<ul>\n<li style=\"list-style-type: none\">\n<ul>\n<li>\n<h4><strong>Profesor de viol\u00edn:<\/strong><strong>&nbsp;D. \u00c1lvaro Izquierdo Porras<\/strong><\/h4>\n<\/li>\n<li>\n<h4 style=\"font-weight: 400\"><strong>Profesora de violonchelo:&nbsp;<\/strong><strong>D\u00f1a. Esther Cabezas Garz\u00f3n<\/strong><\/h4>\n<\/li>\n<\/ul>\n<\/li>\n<\/ul>\n<\/li>\n<\/ul>\n<\/li>\n<\/ul>\n<\/li>\n<\/ul>\n<h4>&nbsp;<\/h4>\n<ul>\n<li>\n<h4><span style=\"color: #3366ff\">Instrumento de la familia de cuerda percutida<\/span><\/h4>\n<ul>\n<li style=\"list-style-type: none\">\n<ul>\n<li style=\"list-style-type: none\">\n<ul>\n<li style=\"list-style-type: none\">\n<ul>\n<li>\n<h4 style=\"font-weight: 400\"><strong>Profesor de piano:&nbsp;<\/strong><strong>D. Rafael Quintero Tutau<\/strong><\/h4>\n<\/li>\n<li>\n<h4 style=\"font-weight: 400\"><strong>Profesora de piano:<\/strong><strong> D\u00f1a. Mar\u00eda Del Carmen Mart\u00ednez Fontiveros&nbsp;<\/strong><\/h4>\n<\/li>\n<\/ul>\n<\/li>\n<\/ul>\n<\/li>\n<\/ul>\n<\/li>\n<\/ul>\n<\/li>\n<\/ul>\n<h4>&nbsp;<\/h4>\n<ul>\n<li>\n<h4><span style=\"color: #3366ff\">Asignatura colectiva<\/span><\/h4>\n<ul>\n<li style=\"list-style-type: none\">\n<ul>\n<li style=\"list-style-type: none\">\n<ul>\n<li style=\"list-style-type: none\">\n<ul>\n<li>\n<h4><strong>Profesor de lenguaje musical: D. Davud Rajazi Asl&nbsp;<\/strong><\/h4>\n<\/li>\n<\/ul>\n<\/li>\n<\/ul>\n<\/li>\n<\/ul>\n<\/li>\n<\/ul>\n<\/li>\n<\/ul>\n","protected":false},"excerpt":{"rendered":"<p>&nbsp; Instrumentos de la familia viento-madera Profesor de clarinete:&nbsp;D. Antonio Amador Castillo Ojeda Profesor de flauta travesera:&nbsp;D. Rafael Espejo Algaba &nbsp; Instrumento de la familia viento-metal Profesor de trompeta: D. Manuel Jes\u00fas M\u00e1rquez Almansa&nbsp;&#46;&#46;&#46;<\/p>\n","protected":false},"author":10233,"featured_media":0,"parent":0,"menu_order":0,"comment_status":"closed","ping_status":"closed","template":"","meta":{"ngg_post_thumbnail":0,"footnotes":"","_mc_calendar":[]},"aioseo_notices":[],"_links":{"self":[{"href":"https:\/\/blogsaverroes.juntadeandalucia.es\/cemluisdenarvaez\/wp-json\/wp\/v2\/pages\/3195"}],"collection":[{"href":"https:\/\/blogsaverroes.juntadeandalucia.es\/cemluisdenarvaez\/wp-json\/wp\/v2\/pages"}],"about":[{"href":"https:\/\/blogsaverroes.juntadeandalucia.es\/cemluisdenarvaez\/wp-json\/wp\/v2\/types\/page"}],"author":[{"embeddable":true,"href":"https:\/\/blogsaverroes.juntadeandalucia.es\/cemluisdenarvaez\/wp-json\/wp\/v2\/users\/10233"}],"replies":[{"embeddable":true,"href":"https:\/\/blogsaverroes.juntadeandalucia.es\/cemluisdenarvaez\/wp-json\/wp\/v2\/comments?post=3195"}],"version-history":[{"count":13,"href":"https:\/\/blogsaverroes.juntadeandalucia.es\/cemluisdenarvaez\/wp-json\/wp\/v2\/pages\/3195\/revisions"}],"predecessor-version":[{"id":4808,"href":"https:\/\/blogsaverroes.juntadeandalucia.es\/cemluisdenarvaez\/wp-json\/wp\/v2\/pages\/3195\/revisions\/4808"}],"wp:attachment":[{"href":"https:\/\/blogsaverroes.juntadeandalucia.es\/cemluisdenarvaez\/wp-json\/wp\/v2\/media?parent=3195"}],"curies":[{"name":"wp","href":"https:\/\/api.w.org\/{rel}","templated":true}]}}