{"id":3824,"date":"2023-09-20T20:02:08","date_gmt":"2023-09-20T20:02:08","guid":{"rendered":"https:\/\/blogsaverroes.juntadeandalucia.es\/cemluisdenarvaez\/?page_id=3824"},"modified":"2025-09-17T11:38:15","modified_gmt":"2025-09-17T11:38:15","slug":"matricula-septiembre","status":"publish","type":"page","link":"https:\/\/blogsaverroes.juntadeandalucia.es\/cemluisdenarvaez\/matricula-septiembre\/","title":{"rendered":"MATR\u00cdCULA SEPTIEMBRE"},"content":{"rendered":"<p>&nbsp;<\/p>\n<ul>\n<li>\n<pre>IMPRESO DE MATR\u00cdCULA<\/pre>\n<\/li>\n<\/ul>\n<p><a href=\"https:\/\/blogsaverroes.juntadeandalucia.es\/cemluisdenarvaez\/files\/2023\/09\/IMPRESO-MATRICULA-EEBB.pdf\">IMPRESO-MATRICULA-EEBB<\/a><\/p>\n<ul>\n<li>\n<pre>TASAS DE MATR\u00cdCULA<\/pre>\n<\/li>\n<\/ul>\n<p><a href=\"https:\/\/blogsaverroes.juntadeandalucia.es\/cemluisdenarvaez\/files\/2025\/09\/Importes-de-Matriculacion-SEPT-copia.pdf\">IMPORTES TASAS DE MATR\u00cdCULA<\/a><\/p>\n<ul>\n<li>\n<pre>MODELO 046<\/pre>\n<\/li>\n<\/ul>\n<p><a href=\"https:\/\/www.google.es\/url?sa=t&amp;rct=j&amp;q=&amp;esrc=s&amp;source=web&amp;cd=&amp;cad=rja&amp;uact=8&amp;ved=2ahUKEwiH0qDY_rmBAxVgdqQEHag_DzgQFnoECBAQAQ&amp;url=https%3A%2F%2Fwww.juntadeandalucia.es%2Feconomiayhacienda%2Fapl%2Fsurweb%2Fmodelos%2Fmodelo046%2F046.jsp&amp;usg=AOvVaw0FRcQA5H1Bq2Hhaiqdrjpu&amp;opi=89978449\">https:\/\/www.google.es\/url?sa=t&amp;rct=j&amp;q=&amp;esrc=s&amp;source=web&amp;cd=&amp;cad=rja&amp;uact=8&amp;ved=2ahUKEwiH0qDY_rmBAxVgdqQEHag_DzgQFnoECBAQAQ&amp;url=https%3A%2F%2Fwww.juntadeandalucia.es%2Feconomiayhacienda%2Fapl%2Fsurweb%2Fmodelos%2Fmodelo046%2F046.jsp&amp;usg=AOvVaw0FRcQA5H1Bq2Hhaiqdrjpu&amp;opi=89978449<\/a><\/p>\n<ul>\n<li>\n<pre>INSTRUCCIONES PARA RELLENAR EL MODELO 046<\/pre>\n<\/li>\n<\/ul>\n<p><a href=\"https:\/\/blogsaverroes.juntadeandalucia.es\/cemluisdenarvaez\/files\/2023\/09\/Instrucciones-para-rellenar-modelo-046.pdf\">Instrucciones para rellenar el modelo 046<\/a><\/p>\n<p>&nbsp;<\/p>\n<p>&nbsp;<\/p>\n","protected":false},"excerpt":{"rendered":"<p>&nbsp; IMPRESO DE MATR\u00cdCULA IMPRESO-MATRICULA-EEBB TASAS DE MATR\u00cdCULA IMPORTES TASAS DE MATR\u00cdCULA MODELO 046 https:\/\/www.google.es\/url?sa=t&amp;rct=j&amp;q=&amp;esrc=s&amp;source=web&amp;cd=&amp;cad=rja&amp;uact=8&amp;ved=2ahUKEwiH0qDY_rmBAxVgdqQEHag_DzgQFnoECBAQAQ&amp;url=https%3A%2F%2Fwww.juntadeandalucia.es%2Feconomiayhacienda%2Fapl%2Fsurweb%2Fmodelos%2Fmodelo046%2F046.jsp&amp;usg=AOvVaw0FRcQA5H1Bq2Hhaiqdrjpu&amp;opi=89978449 INSTRUCCIONES PARA RELLENAR EL MODELO 046 Instrucciones para rellenar el modelo 046 &nbsp; &nbsp;<\/p>\n","protected":false},"author":10233,"featured_media":0,"parent":0,"menu_order":0,"comment_status":"closed","ping_status":"closed","template":"","meta":{"ngg_post_thumbnail":0,"footnotes":"","_mc_calendar":[]},"aioseo_notices":[],"_links":{"self":[{"href":"https:\/\/blogsaverroes.juntadeandalucia.es\/cemluisdenarvaez\/wp-json\/wp\/v2\/pages\/3824"}],"collection":[{"href":"https:\/\/blogsaverroes.juntadeandalucia.es\/cemluisdenarvaez\/wp-json\/wp\/v2\/pages"}],"about":[{"href":"https:\/\/blogsaverroes.juntadeandalucia.es\/cemluisdenarvaez\/wp-json\/wp\/v2\/types\/page"}],"author":[{"embeddable":true,"href":"https:\/\/blogsaverroes.juntadeandalucia.es\/cemluisdenarvaez\/wp-json\/wp\/v2\/users\/10233"}],"replies":[{"embeddable":true,"href":"https:\/\/blogsaverroes.juntadeandalucia.es\/cemluisdenarvaez\/wp-json\/wp\/v2\/comments?post=3824"}],"version-history":[{"count":4,"href":"https:\/\/blogsaverroes.juntadeandalucia.es\/cemluisdenarvaez\/wp-json\/wp\/v2\/pages\/3824\/revisions"}],"predecessor-version":[{"id":4819,"href":"https:\/\/blogsaverroes.juntadeandalucia.es\/cemluisdenarvaez\/wp-json\/wp\/v2\/pages\/3824\/revisions\/4819"}],"wp:attachment":[{"href":"https:\/\/blogsaverroes.juntadeandalucia.es\/cemluisdenarvaez\/wp-json\/wp\/v2\/media?parent=3824"}],"curies":[{"name":"wp","href":"https:\/\/api.w.org\/{rel}","templated":true}]}}