{"id":4266,"date":"2024-10-11T09:15:29","date_gmt":"2024-10-11T09:15:29","guid":{"rendered":"https:\/\/blogsaverroes.juntadeandalucia.es\/cemluisdenarvaez\/?page_id=4266"},"modified":"2026-01-16T09:35:05","modified_gmt":"2026-01-16T09:35:05","slug":"solicitar-titulo","status":"publish","type":"page","link":"https:\/\/blogsaverroes.juntadeandalucia.es\/cemluisdenarvaez\/solicitar-titulo\/","title":{"rendered":"SOLICITAR T\u00cdTULO EE.BB."},"content":{"rendered":"<h4>Una vez que hayas finalizado el 2\u00ba curso de 2\u00ba ciclo de las Ense\u00f1anzas B\u00e1sicas de M\u00fasica, puedes solicitar tu t\u00edtulo acad\u00e9mico, pero, \u00bfc\u00f3mo lo hago?.<\/h4>\n<h4>Puedes hacerlo de forma presencial en tu centro o de forma telem\u00e1tica a trav\u00e9s del aula virtual de la Consejer\u00eda de Educaci\u00f3n de la Junta de Andaluc\u00eda.<\/h4>\n<h4>Aqu\u00ed te dejo las instrucciones para proceder al tr\u00e1mite.&nbsp;<\/h4>\n<p>&nbsp;<\/p>\n<ul>\n<li>\n<h4><span style=\"text-decoration: underline;color: #ff6600\">PRESENCIALMENTE<\/span><\/h4>\n<ul>\n<li style=\"list-style-type: none\">\n<ul>\n<li style=\"list-style-type: none\">\n<ul>\n<li style=\"list-style-type: none\">\n<ul>\n<li style=\"list-style-type: none\">\n<ul>\n<li>\n<h4><strong><span style=\"color: #0000ff\"><a style=\"color: #0000ff\" href=\"https:\/\/blogsaverroes.juntadeandalucia.es\/cemluisdenarvaez\/files\/2026\/01\/PRESENCIALMENTE.pdf\">PRESENCIALMENTE<\/a><\/span><\/strong><\/h4>\n<\/li>\n<li>\n<h4><span style=\"color: #0000ff\"><strong><a style=\"color: #0000ff\" href=\"https:\/\/blogsaverroes.juntadeandalucia.es\/cemluisdenarvaez\/files\/2024\/10\/Anexo-I-titulo-1.pdf\">ANEXO I<\/a><\/strong><\/span><\/h4>\n<\/li>\n<\/ul>\n<\/li>\n<\/ul>\n<\/li>\n<\/ul>\n<\/li>\n<\/ul>\n<\/li>\n<\/ul>\n<\/li>\n<li>\n<h4><span style=\"text-decoration: underline;color: #ff6600\">TELEM\u00c1TICAMENTE<\/span><\/h4>\n<ul>\n<li style=\"list-style-type: none\">\n<ul>\n<li style=\"list-style-type: none\">\n<ul>\n<li style=\"list-style-type: none\">\n<ul>\n<li style=\"list-style-type: none\">\n<ul>\n<li>\n<h4><strong><span style=\"color: #0000ff\"><a style=\"color: #0000ff\" href=\"https:\/\/blogsaverroes.juntadeandalucia.es\/cemluisdenarvaez\/files\/2026\/01\/AULA-VIRTUAL.pdf\">AULA VIRTUAL<\/a><\/span><\/strong><\/h4>\n<\/li>\n<\/ul>\n<\/li>\n<\/ul>\n<\/li>\n<\/ul>\n<\/li>\n<\/ul>\n<\/li>\n<\/ul>\n<\/li>\n<\/ul>\n<h4>&nbsp; &nbsp; &nbsp; &nbsp;<\/h4>\n","protected":false},"excerpt":{"rendered":"<p>Una vez que hayas finalizado el 2\u00ba curso de 2\u00ba ciclo de las Ense\u00f1anzas B\u00e1sicas de M\u00fasica, puedes solicitar tu t\u00edtulo acad\u00e9mico, pero, \u00bfc\u00f3mo lo hago?. Puedes hacerlo de forma presencial en tu centro&#46;&#46;&#46;<\/p>\n","protected":false},"author":10233,"featured_media":0,"parent":0,"menu_order":0,"comment_status":"closed","ping_status":"closed","template":"","meta":{"ngg_post_thumbnail":0,"footnotes":"","_mc_calendar":[]},"aioseo_notices":[],"_links":{"self":[{"href":"https:\/\/blogsaverroes.juntadeandalucia.es\/cemluisdenarvaez\/wp-json\/wp\/v2\/pages\/4266"}],"collection":[{"href":"https:\/\/blogsaverroes.juntadeandalucia.es\/cemluisdenarvaez\/wp-json\/wp\/v2\/pages"}],"about":[{"href":"https:\/\/blogsaverroes.juntadeandalucia.es\/cemluisdenarvaez\/wp-json\/wp\/v2\/types\/page"}],"author":[{"embeddable":true,"href":"https:\/\/blogsaverroes.juntadeandalucia.es\/cemluisdenarvaez\/wp-json\/wp\/v2\/users\/10233"}],"replies":[{"embeddable":true,"href":"https:\/\/blogsaverroes.juntadeandalucia.es\/cemluisdenarvaez\/wp-json\/wp\/v2\/comments?post=4266"}],"version-history":[{"count":12,"href":"https:\/\/blogsaverroes.juntadeandalucia.es\/cemluisdenarvaez\/wp-json\/wp\/v2\/pages\/4266\/revisions"}],"predecessor-version":[{"id":4960,"href":"https:\/\/blogsaverroes.juntadeandalucia.es\/cemluisdenarvaez\/wp-json\/wp\/v2\/pages\/4266\/revisions\/4960"}],"wp:attachment":[{"href":"https:\/\/blogsaverroes.juntadeandalucia.es\/cemluisdenarvaez\/wp-json\/wp\/v2\/media?parent=4266"}],"curies":[{"name":"wp","href":"https:\/\/api.w.org\/{rel}","templated":true}]}}