{"id":2567,"date":"2023-03-21T14:08:51","date_gmt":"2023-03-21T13:08:51","guid":{"rendered":"https:\/\/blogsaverroes.juntadeandalucia.es\/cempedrogamezlaserna\/?page_id=2567"},"modified":"2023-07-16T16:41:10","modified_gmt":"2023-07-16T15:41:10","slug":"traslado-de-matricula","status":"publish","type":"page","link":"https:\/\/blogsaverroes.juntadeandalucia.es\/cempedrogamezlaserna\/traslado-de-matricula\/","title":{"rendered":"3. Secretar\u00eda \/ Admisi\u00f3n &#8211; Traslados de Matr\u00edcula"},"content":{"rendered":"<p>[et_pb_section fb_built=&#8221;1&#8243; _builder_version=&#8221;4.14.5&#8243; _module_preset=&#8221;default&#8221; background_color=&#8221;#f4f4f4&#8243; global_colors_info=&#8221;{}&#8221;][et_pb_row column_structure=&#8221;1_2,1_2&#8243; _builder_version=&#8221;4.14.5&#8243; _module_preset=&#8221;default&#8221; custom_margin=&#8221;|auto|-23px|auto||&#8221; custom_padding=&#8221;||2px|||&#8221; global_colors_info=&#8221;{}&#8221;][et_pb_column type=&#8221;1_2&#8243; _builder_version=&#8221;4.14.5&#8243; _module_preset=&#8221;default&#8221; global_colors_info=&#8221;{}&#8221;][et_pb_text _builder_version=&#8221;4.14.5&#8243; _module_preset=&#8221;default&#8221; header_font=&#8221;Montserrat|600|||||||&#8221; header_font_size=&#8221;45px&#8221; vertical_offset_tablet=&#8221;0&#8243; horizontal_offset_tablet=&#8221;0&#8243; text_orientation=&#8221;center&#8221; custom_margin=&#8221;||2px|||&#8221; header_font_size_tablet=&#8221;60px&#8221; header_font_size_phone=&#8221;40px&#8221; header_font_size_last_edited=&#8221;on|phone&#8221; z_index_tablet=&#8221;0&#8243; text_text_shadow_horizontal_length_tablet=&#8221;0px&#8221; text_text_shadow_vertical_length_tablet=&#8221;0px&#8221; text_text_shadow_blur_strength_tablet=&#8221;1px&#8221; link_text_shadow_horizontal_length_tablet=&#8221;0px&#8221; link_text_shadow_vertical_length_tablet=&#8221;0px&#8221; link_text_shadow_blur_strength_tablet=&#8221;1px&#8221; ul_text_shadow_horizontal_length_tablet=&#8221;0px&#8221; ul_text_shadow_vertical_length_tablet=&#8221;0px&#8221; ul_text_shadow_blur_strength_tablet=&#8221;1px&#8221; ol_text_shadow_horizontal_length_tablet=&#8221;0px&#8221; ol_text_shadow_vertical_length_tablet=&#8221;0px&#8221; ol_text_shadow_blur_strength_tablet=&#8221;1px&#8221; quote_text_shadow_horizontal_length_tablet=&#8221;0px&#8221; quote_text_shadow_vertical_length_tablet=&#8221;0px&#8221; quote_text_shadow_blur_strength_tablet=&#8221;1px&#8221; header_text_shadow_horizontal_length_tablet=&#8221;0px&#8221; header_text_shadow_vertical_length_tablet=&#8221;0px&#8221; header_text_shadow_blur_strength_tablet=&#8221;1px&#8221; header_2_text_shadow_horizontal_length_tablet=&#8221;0px&#8221; header_2_text_shadow_vertical_length_tablet=&#8221;0px&#8221; header_2_text_shadow_blur_strength_tablet=&#8221;1px&#8221; header_3_text_shadow_horizontal_length_tablet=&#8221;0px&#8221; header_3_text_shadow_vertical_length_tablet=&#8221;0px&#8221; header_3_text_shadow_blur_strength_tablet=&#8221;1px&#8221; header_4_text_shadow_horizontal_length_tablet=&#8221;0px&#8221; header_4_text_shadow_vertical_length_tablet=&#8221;0px&#8221; header_4_text_shadow_blur_strength_tablet=&#8221;1px&#8221; header_5_text_shadow_horizontal_length_tablet=&#8221;0px&#8221; header_5_text_shadow_vertical_length_tablet=&#8221;0px&#8221; header_5_text_shadow_blur_strength_tablet=&#8221;1px&#8221; header_6_text_shadow_horizontal_length_tablet=&#8221;0px&#8221; header_6_text_shadow_vertical_length_tablet=&#8221;0px&#8221; header_6_text_shadow_blur_strength_tablet=&#8221;1px&#8221; box_shadow_horizontal_tablet=&#8221;0px&#8221; box_shadow_vertical_tablet=&#8221;0px&#8221; box_shadow_blur_tablet=&#8221;40px&#8221; box_shadow_spread_tablet=&#8221;0px&#8221; locked=&#8221;off&#8221; global_colors_info=&#8221;{}&#8221;]<\/p>\n<h1 style=\"text-align: left\">Traslados de Matr\u00edcula<\/h1>\n<p>[\/et_pb_text][\/et_pb_column][et_pb_column type=&#8221;1_2&#8243; _builder_version=&#8221;4.14.5&#8243; _module_preset=&#8221;default&#8221; global_colors_info=&#8221;{}&#8221;][\/et_pb_column][\/et_pb_row][et_pb_row _builder_version=&#8221;4.14.5&#8243; _module_preset=&#8221;default&#8221; global_colors_info=&#8221;{}&#8221;][et_pb_column type=&#8221;4_4&#8243; _builder_version=&#8221;4.14.5&#8243; _module_preset=&#8221;default&#8221; global_colors_info=&#8221;{}&#8221;][et_pb_text _builder_version=&#8221;4.14.5&#8243; _module_preset=&#8221;default&#8221; header_font=&#8221;Montserrat||||||||&#8221; header_3_font=&#8221;Montserrat||||||||&#8221; locked=&#8221;off&#8221; global_colors_info=&#8221;{}&#8221;]<\/p>\n<h3>\u00bfHas cambiado de localidad de residencia?, \u00bfEst\u00e1s matriculado en otro conservatorio y por razones de movilidad necesitas continuar tus estudios en nuestro conservatorio?<\/h3>\n<h1><\/h1>\n<p>[\/et_pb_text][\/et_pb_column][\/et_pb_row][et_pb_row _builder_version=&#8221;4.14.5&#8243; _module_preset=&#8221;default&#8221; custom_margin=&#8221;-45px|auto||auto||&#8221; custom_padding=&#8221;||0px|||&#8221; global_colors_info=&#8221;{}&#8221;][et_pb_column type=&#8221;4_4&#8243; _builder_version=&#8221;4.14.5&#8243; _module_preset=&#8221;default&#8221; global_colors_info=&#8221;{}&#8221;][et_pb_text _builder_version=&#8221;4.14.5&#8243; _module_preset=&#8221;default&#8221; header_font=&#8221;Montserrat||||||||&#8221; header_3_font=&#8221;Montserrat||||||||&#8221; locked=&#8221;off&#8221; global_colors_info=&#8221;{}&#8221;]<\/p>\n<h1><strong>Contin\u00faa con nosotros<\/strong><\/h1>\n<h1><\/h1>\n<p>[\/et_pb_text][\/et_pb_column][\/et_pb_row][et_pb_row column_structure=&#8221;1_2,1_2&#8243; _builder_version=&#8221;4.14.5&#8243; _module_preset=&#8221;default&#8221; global_colors_info=&#8221;{}&#8221;][et_pb_column type=&#8221;1_2&#8243; _builder_version=&#8221;4.14.5&#8243; _module_preset=&#8221;default&#8221; global_colors_info=&#8221;{}&#8221;][et_pb_text _builder_version=&#8221;4.14.5&#8243; _module_preset=&#8221;default&#8221; text_font=&#8221;Montserrat||||||||&#8221; text_text_color=&#8221;#000000&#8243; header_font=&#8221;Montserrat||||||||&#8221; header_4_font=&#8221;Montserrat||||||||&#8221; locked=&#8221;off&#8221; global_colors_info=&#8221;{}&#8221;]<\/p>\n<h4><span style=\"color: #000000\"><strong>1. \u00bfQui\u00e9n puede solicitar traslado de matr\u00edcula?<\/strong><\/span><\/h4>\n<p>Cualquier alumna o alumno matriculado en un conservatorio elemental y\/o profesional de m\u00fasica pueden solicitar el traslado de matr\u00edcula a otro centro motivado por un cambio de su localidad de residencia. En todo caso, la autorizaci\u00f3n del traslado de matr\u00edcula vendr\u00e1 condicionado por la existencia de alguna plaza vacante para su curso y especialidad correspondientes.<\/p>\n<p>Si el traslado se presenta <strong>durante el primer trimestre del curso<\/strong>, y desde otro conservatorio ubicado en Andaluc\u00eda, su autorizaci\u00f3n corresponder\u00e1 a la direcci\u00f3n del centro. Si el traslado se solicita <strong>durante el segundo trimestre<\/strong>, su autorizaci\u00f3n corresponder\u00e1 a la persona titular de la Delegaci\u00f3n Territorial de Educaci\u00f3n.<\/p>\n<p>Los traslados de matr\u00edcula <strong>desde otras Comunidades Aut\u00f3nomas<\/strong> ser\u00e1n autorizados por la Direcci\u00f3n General de Ordenaci\u00f3n y Evaluaci\u00f3n Educativa, previo informe del Servicio de Inspecci\u00f3n de Educaci\u00f3n.<\/p>\n<div class=\"page\" title=\"Page 3\">\n<div class=\"section\">\n<div class=\"layoutArea\">\n<div class=\"column\">\n<p>&nbsp;<\/p>\n<\/div>\n<\/div>\n<\/div>\n<\/div>\n<p>[\/et_pb_text][\/et_pb_column][et_pb_column type=&#8221;1_2&#8243; _builder_version=&#8221;4.14.5&#8243; _module_preset=&#8221;default&#8221; global_colors_info=&#8221;{}&#8221;][et_pb_text _builder_version=&#8221;4.14.5&#8243; _module_preset=&#8221;default&#8221; text_font=&#8221;Montserrat||||||||&#8221; text_text_color=&#8221;#000000&#8243; header_font=&#8221;Montserrat||||||||&#8221; header_4_font=&#8221;Montserrat||||||||&#8221; locked=&#8221;off&#8221; global_colors_info=&#8221;{}&#8221;]<\/p>\n<h4><strong><span style=\"color: #000000\">2. \u00bfCu\u00e1ndo y d\u00f3nde debo solicitar el traslado de matr\u00edcula?<\/span><\/strong><\/h4>\n<div class=\"page\" title=\"Page 3\">\n<div class=\"section\">\n<div class=\"layoutArea\">\n<div class=\"column\">\n<ul>\n<li>El traslado de matr\u00edcula <strong>para el curso actual<\/strong> se solicita en el momento que el interesado lo necesite por un cambio de residencia (justificado por motivos laborales de los padres, separaci\u00f3n de c\u00f3nyuges, cambio de domicilio o cualquier otra causa que motive la necesidad de cambio de centro educativo). <strong>La solicitud se entrega en el centro docente donde el alumno pretende ser admitido<\/strong> durante el primer o segundo trimestre del curso (no es posible realizar un traslado de matr\u00edcula en el \u00faltimo trimestre del curso).<\/li>\n<\/ul>\n<ul>\n<li><strong>El traslado de matr\u00edcula para el curso siguiente<\/strong> se solicita en el centro docente donde el alumno pretende ser admitido <strong>durante el mes de abril<\/strong> y <strong>se resolver\u00e1 en el mes de septiembre<\/strong>. Previamente, en el mes de julio, el alumno\/a interesado\/a debe efectuar la matr\u00edcula correspondiente en su centro de origen.<\/li>\n<\/ul>\n<\/div>\n<\/div>\n<\/div>\n<\/div>\n<div class=\"page\" title=\"Page 3\">\n<div class=\"section\">\n<div class=\"layoutArea\">\n<div class=\"column\">\n<p>&nbsp;<\/p>\n<\/div>\n<\/div>\n<\/div>\n<\/div>\n<p>[\/et_pb_text][\/et_pb_column][\/et_pb_row][et_pb_row column_structure=&#8221;1_2,1_2&#8243; _builder_version=&#8221;4.14.5&#8243; _module_preset=&#8221;default&#8221; custom_padding=&#8221;||3px|||&#8221; global_colors_info=&#8221;{}&#8221;][et_pb_column type=&#8221;1_2&#8243; _builder_version=&#8221;4.14.5&#8243; _module_preset=&#8221;default&#8221; global_colors_info=&#8221;{}&#8221;][et_pb_text _builder_version=&#8221;4.14.5&#8243; _module_preset=&#8221;default&#8221; text_font=&#8221;Montserrat||||||||&#8221; text_text_color=&#8221;#000000&#8243; header_font=&#8221;Montserrat||||||||&#8221; header_4_font=&#8221;Montserrat||||||||&#8221; locked=&#8221;off&#8221; global_colors_info=&#8221;{}&#8221;]<\/p>\n<h4><span style=\"color: #000000\"><strong>3. \u00bfQu\u00e9 documentaci\u00f3n debo entregar para solicitar el traslado de matr\u00edcula?<\/strong><\/span><\/h4>\n<ul>\n<li>1) <a href=\"https:\/\/drive.google.com\/file\/d\/13tsqXnPmgezy-CxOwJGdJ2EkIYIVaaYN\/view?usp=sharing\"><em><span style=\"color: #800080\"><strong>Descarga y cumplimenta el Anexo VI. <\/strong><\/span><\/em><\/a><\/li>\n<li>2) Adjunta documentaci\u00f3n que corrobore el <strong>cambio de localidad de residencia<\/strong>.<\/li>\n<li>3) Aporta un <strong>certificado acad\u00e9mico<\/strong> expedido por tu centro de origen.<\/li>\n<\/ul>\n<p>Puedes <strong>entregar dicha documentaci\u00f3n de manera presencial<\/strong> en nuestro conservatorio (Coria del R\u00edo &#8211; Sevilla) en horario de Lunes a Jueves de 16:00 a 20:00 y Viernes de 10:00 a 13:00 h. Si no fuera posible el desplazamiento al centro<strong> contacta con nosotros<\/strong> a trav\u00e9s del correo electr\u00f3nico indicando en el asunto &#8220;traslado de matr\u00edcula&#8221;: <strong>41700786@g.educaand.es<\/strong> o por tel\u00e9fono al <strong>955622559.<\/strong><\/p>\n<div class=\"page\" title=\"Page 3\">\n<div class=\"section\">\n<div class=\"layoutArea\">\n<div class=\"column\">\n<p>&nbsp;<\/p>\n<\/div>\n<\/div>\n<\/div>\n<\/div>\n<p>[\/et_pb_text][\/et_pb_column][et_pb_column type=&#8221;1_2&#8243; _builder_version=&#8221;4.14.5&#8243; _module_preset=&#8221;default&#8221; global_colors_info=&#8221;{}&#8221;][et_pb_text _builder_version=&#8221;4.14.5&#8243; _module_preset=&#8221;default&#8221; text_font=&#8221;Montserrat||||||||&#8221; text_text_color=&#8221;#000000&#8243; header_font=&#8221;Montserrat||||||||&#8221; header_4_font=&#8221;Montserrat||||||||&#8221; locked=&#8221;off&#8221; global_colors_info=&#8221;{}&#8221;]<\/p>\n<h4><span style=\"color: #000000\"><strong>4. \u00bfCu\u00e1ndo obtendr\u00e9 respuesta a mi solicitud de traslado?<\/strong><\/span><\/h4>\n<p>Las solicitudes presentadas durante el primer trimestre para realizar un traslado inmediato desde otros centros de Andaluc\u00eda se resuelven en la misma semana, siendo autorizadas por la Direcci\u00f3n en caso de plaza vacante para la especialidad y curso correspondientes. De no disponer de plazas vacantes quedar\u00e1n a la espera de posibles abandonos o plazas disponibles.\u00a0Las solicitudes presentadas durante el segundo trimestre requerir\u00e1n aprobaci\u00f3n por parte de la Delegaci\u00f3n Territorial de Educaci\u00f3n.\u00a0<\/p>\n<p><strong>Las solicitudes presentadas durante el mes de abril<\/strong> para realizar un traslado el pr\u00f3ximo curso <strong>se resuelven durante el mes de septiembre<\/strong>. No obstante, una vez finalizado el periodo de matriculaci\u00f3n en el mes de julio, contaremos con informaci\u00f3n provisional sobre las posibles plazas vacantes a asignar en el mes de septiembre y los criterios de asignaci\u00f3n de dichas plazas.<\/p>\n<h4><\/h4>\n<p>[\/et_pb_text][\/et_pb_column][\/et_pb_row][et_pb_row _builder_version=&#8221;4.14.5&#8243; _module_preset=&#8221;default&#8221; custom_padding=&#8221;||46px|||&#8221; global_colors_info=&#8221;{}&#8221;][et_pb_column type=&#8221;4_4&#8243; _builder_version=&#8221;4.14.5&#8243; _module_preset=&#8221;default&#8221; global_colors_info=&#8221;{}&#8221;][et_pb_text _builder_version=&#8221;4.14.5&#8243; _module_preset=&#8221;default&#8221; header_font=&#8221;Montserrat||||||||&#8221; header_3_font=&#8221;Montserrat||||||||&#8221; locked=&#8221;off&#8221; global_colors_info=&#8221;{}&#8221;]<\/p>\n<h1><strong>\u00a1Me interesa! Quiero m\u00e1s informaci\u00f3n<\/strong><\/h1>\n<h1><\/h1>\n<p>[\/et_pb_text][et_pb_button button_url=&#8221;https:\/\/drive.google.com\/file\/d\/1YGx_flEHCDubknEbit4e9Ruy_42N3iTX\/view?usp=share_link%22%20type=%22big%22%20color=%22red%22&#8243; url_new_window=&#8221;on&#8221; button_text=&#8221;Orden de 7 de julio de 2009, por la que se regulan las pruebas de aptitud a las ense\u00f1anzas elementales de m\u00fasica&#8221; button_alignment=&#8221;left&#8221; _builder_version=&#8221;4.14.5&#8243; _module_preset=&#8221;default&#8221; custom_button=&#8221;on&#8221; button_text_size=&#8221;16px&#8221; button_text_color=&#8221;#FFFFFF&#8221; button_bg_color=&#8221;#005470&#8243; button_border_radius=&#8221;69px&#8221; button_font=&#8221;Montserrat||||||||&#8221; custom_margin=&#8221;20px||10px||false|false&#8221; custom_padding_tablet=&#8221;&#8221; custom_padding_phone=&#8221;|20px||26px|false|false&#8221; custom_padding_last_edited=&#8221;on|phone&#8221; button_text_size_tablet=&#8221;16px&#8221; button_text_size_phone=&#8221;11px&#8221; button_text_size_last_edited=&#8221;on|phone&#8221; locked=&#8221;off&#8221; global_colors_info=&#8221;{}&#8221;][\/et_pb_button][et_pb_button button_url=&#8221;https:\/\/drive.google.com\/file\/d\/1KW913-0d6Wyzj4TQn3bNOJDUhI2x416N\/view?usp=share_link%22%20type=%22big%22%20color=%22red%22&#8243; url_new_window=&#8221;on&#8221; button_text=&#8221;Orden de 13 de marzo de 2013, por la que se regulan los criterios y procedimientos de admisi\u00f3n y matriculaci\u00f3n&#8221; button_alignment=&#8221;left&#8221; _builder_version=&#8221;4.14.5&#8243; _module_preset=&#8221;default&#8221; custom_button=&#8221;on&#8221; button_text_size=&#8221;16px&#8221; button_text_color=&#8221;#FFFFFF&#8221; button_bg_color=&#8221;#005470&#8243; button_border_radius=&#8221;69px&#8221; button_font=&#8221;Montserrat||||||||&#8221; custom_margin=&#8221;20px||10px||false|false&#8221; custom_padding=&#8221;|20px||26px|false|false&#8221; button_text_size_tablet=&#8221;16px&#8221; button_text_size_phone=&#8221;11px&#8221; button_text_size_last_edited=&#8221;on|phone&#8221; locked=&#8221;off&#8221; global_colors_info=&#8221;{}&#8221;][\/et_pb_button][\/et_pb_column][\/et_pb_row][\/et_pb_section][et_pb_section fb_built=&#8221;1&#8243; _builder_version=&#8221;4.14.5&#8243; _module_preset=&#8221;default&#8221; custom_padding=&#8221;10px||5px|||&#8221; border_width_top=&#8221;3px&#8221; border_color_top=&#8221;#285d7c&#8221; locked=&#8221;off&#8221; global_colors_info=&#8221;{}&#8221;][et_pb_row column_structure=&#8221;1_2,1_2&#8243; _builder_version=&#8221;4.14.5&#8243; _module_preset=&#8221;default&#8221; custom_padding=&#8221;||3px|||&#8221; global_colors_info=&#8221;{}&#8221;][et_pb_column type=&#8221;1_2&#8243; _builder_version=&#8221;4.14.5&#8243; _module_preset=&#8221;default&#8221; global_colors_info=&#8221;{}&#8221;][et_pb_image src=&#8221;https:\/\/blogsaverroes.juntadeandalucia.es\/cempedrogamezlaserna\/files\/2023\/03\/Logo-ajustado.png&#8221; title_text=&#8221;Logo ajustado&#8221; align=&#8221;center&#8221; _builder_version=&#8221;4.14.5&#8243; _module_preset=&#8221;default&#8221; width=&#8221;76%&#8221; custom_margin=&#8221;-23px||||false|false&#8221; custom_padding=&#8221;20px|||||&#8221; global_colors_info=&#8221;{}&#8221;][\/et_pb_image][et_pb_text _builder_version=&#8221;4.14.5&#8243; _module_preset=&#8221;default&#8221; text_font=&#8221;Montserrat||||||||&#8221; custom_margin=&#8221;0px||||false|false&#8221; global_colors_info=&#8221;{}&#8221;]<\/p>\n<p style=\"text-align: center\">Consulta nuestra <a href=\"https:\/\/blogsaverroes.juntadeandalucia.es\/cempedrogamezlaserna\/politica-de-privacidad\/\">pol\u00edtica de privacidad<\/a> y <a href=\"https:\/\/blogsaverroes.juntadeandalucia.es\/cempedrogamezlaserna\/politica-cookies\/\">cookies<\/a><\/p>\n<p>[\/et_pb_text][\/et_pb_column][et_pb_column type=&#8221;1_2&#8243; _builder_version=&#8221;4.14.5&#8243; _module_preset=&#8221;default&#8221; global_colors_info=&#8221;{}&#8221;][et_pb_text _builder_version=&#8221;4.14.5&#8243; _module_preset=&#8221;default&#8221; header_font=&#8221;Montserrat||||||||&#8221; header_font_size=&#8221;20px&#8221; header_line_height=&#8221;0.8em&#8221; custom_margin=&#8221;||13px|||&#8221; global_colors_info=&#8221;{}&#8221;]<\/p>\n<h1 class=\"DUwDvf fontHeadlineLarge\" style=\"text-align: right\">Conservatorio elemental de m\u00fasica<\/h1>\n<h1 class=\"DUwDvf fontHeadlineLarge\" style=\"text-align: right\"><strong>Pedro G\u00e1mez Laserna<\/strong><\/h1>\n<p>[\/et_pb_text][et_pb_text _builder_version=&#8221;4.14.5&#8243; _module_preset=&#8221;default&#8221; header_font=&#8221;Montserrat||||||||&#8221; header_font_size=&#8221;23px&#8221; header_4_font=&#8221;Montserrat|300|||||||&#8221; header_4_font_size=&#8221;15px&#8221; header_4_line_height=&#8221;0.8em&#8221; custom_margin=&#8221;||6px|||&#8221; global_colors_info=&#8221;{}&#8221;]<\/p>\n<h4 class=\"DUwDvf fontHeadlineLarge\" style=\"text-align: right\">Calle Panadero, 30 ( P I Estrella ),<\/h4>\n<h4 class=\"DUwDvf fontHeadlineLarge\" style=\"text-align: right\">41100 Coria del R\u00edo, Sevilla,<\/h4>\n<p>[\/et_pb_text][et_pb_text _builder_version=&#8221;4.14.5&#8243; _module_preset=&#8221;default&#8221; header_font=&#8221;Montserrat||||||||&#8221; header_font_size=&#8221;23px&#8221; header_4_font=&#8221;Montserrat|300|||||||&#8221; header_4_font_size=&#8221;15px&#8221; header_4_line_height=&#8221;0.8em&#8221; custom_margin=&#8221;||13px|||&#8221; global_colors_info=&#8221;{}&#8221;]<\/p>\n<h4 style=\"text-align: right\"><strong>Tel\u00e9fono:<\/strong> 955 622 559 \u00a0<strong>M\u00f3vil:<\/strong> 677 902 265<\/h4>\n<p>[\/et_pb_text][et_pb_text _builder_version=&#8221;4.14.5&#8243; _module_preset=&#8221;default&#8221; header_font=&#8221;Montserrat||||||||&#8221; header_font_size=&#8221;23px&#8221; header_4_font=&#8221;Montserrat|300|||||||&#8221; header_4_font_size=&#8221;15px&#8221; header_4_line_height=&#8221;0.8em&#8221; custom_margin=&#8221;||17px|||&#8221; global_colors_info=&#8221;{}&#8221;]<\/p>\n<h4 style=\"text-align: right\"><strong>Mail:<\/strong> <a href=\"mailto:41700786@g.educaand.es\">41700786@g.educaand.es<\/a><\/h4>\n<h4 style=\"text-align: right\">41700786.edu@juntadeandalucia.es<\/h4>\n<p>[\/et_pb_text][\/et_pb_column][\/et_pb_row][et_pb_row column_structure=&#8221;1_2,1_6,1_6,1_6&#8243; _builder_version=&#8221;4.14.5&#8243; _module_preset=&#8221;default&#8221; custom_padding=&#8221;1px||0px|||&#8221; global_colors_info=&#8221;{}&#8221;][et_pb_column type=&#8221;1_2&#8243; _builder_version=&#8221;4.14.5&#8243; _module_preset=&#8221;default&#8221; global_colors_info=&#8221;{}&#8221;][et_pb_text _builder_version=&#8221;4.14.5&#8243; _module_preset=&#8221;default&#8221; header_4_font=&#8221;Montserrat||||||||&#8221; header_4_text_color=&#8221;#285d7c&#8221; header_4_font_size=&#8221;21px&#8221; custom_margin=&#8221;17px|||-19px|false|false&#8221; global_colors_info=&#8221;{}&#8221;]<\/p>\n<h4 style=\"text-align: center\">Enlaces de inter\u00e9s:<\/h4>\n<p>[\/et_pb_text][\/et_pb_column][et_pb_column type=&#8221;1_6&#8243; _builder_version=&#8221;4.14.5&#8243; _module_preset=&#8221;default&#8221; global_colors_info=&#8221;{}&#8221;][et_pb_image src=&#8221;https:\/\/blogsaverroes.juntadeandalucia.es\/cempedrogamezlaserna\/files\/2022\/03\/ipasen.png&#8221; title_text=&#8221;ipasen&#8221; url=&#8221;https:\/\/seneca.juntadeandalucia.es\/seneca\/jsp\/portalpasen\/&#8221; _builder_version=&#8221;4.14.5&#8243; _module_preset=&#8221;default&#8221; transform_scale_tablet=&#8221;76%|76%&#8221; transform_scale_phone=&#8221;52%|52%&#8221; transform_scale_last_edited=&#8221;on|tablet&#8221; transform_translate_tablet=&#8221;-29px|-29px&#8221; transform_translate_phone=&#8221;10px|-176px&#8221; transform_translate_last_edited=&#8221;on|tablet&#8221; transform_translate_linked_phone=&#8221;off&#8221; transform_rotate_tablet=&#8221;&#8221; transform_rotate_phone=&#8221;&#8221; transform_rotate_last_edited=&#8221;on|tablet&#8221; transform_skew_tablet=&#8221;&#8221; transform_skew_phone=&#8221;&#8221; transform_skew_last_edited=&#8221;on|tablet&#8221; transform_origin_tablet=&#8221;&#8221; transform_origin_phone=&#8221;&#8221; transform_origin_last_edited=&#8221;on|tablet&#8221; transform_styles_last_edited=&#8221;on|tablet&#8221; width=&#8221;48%&#8221; custom_margin_tablet=&#8221;&#8221; custom_margin_phone=&#8221;31px||13px||false|false&#8221; custom_margin_last_edited=&#8221;on|phone&#8221; transform_styles_tablet=&#8221;&#8221; transform_styles_phone=&#8221;&#8221; global_colors_info=&#8221;{}&#8221;][\/et_pb_image][\/et_pb_column][et_pb_column type=&#8221;1_6&#8243; _builder_version=&#8221;4.14.5&#8243; _module_preset=&#8221;default&#8221; global_colors_info=&#8221;{}&#8221;][et_pb_image src=&#8221;https:\/\/blogsaverroes.juntadeandalucia.es\/cempedrogamezlaserna\/files\/2022\/03\/SECRETARIA_VITURAL_300.png&#8221; title_text=&#8221;SECRETARIA_VITURAL_300&#8243; url=&#8221;https:\/\/www.juntadeandalucia.es\/educacion\/secretariavirtual\/&#8221; _builder_version=&#8221;4.14.5&#8243; _module_preset=&#8221;default&#8221; transform_scale_tablet=&#8221;&#8221; transform_scale_phone=&#8221;&#8221; transform_scale_last_edited=&#8221;on|phone&#8221; transform_translate_tablet=&#8221;&#8221; transform_translate_phone=&#8221;-29px|-204px&#8221; transform_translate_last_edited=&#8221;on|phone&#8221; transform_translate_linked_phone=&#8221;off&#8221; transform_rotate_tablet=&#8221;&#8221; transform_rotate_phone=&#8221;&#8221; transform_rotate_last_edited=&#8221;on|phone&#8221; transform_skew_tablet=&#8221;&#8221; transform_skew_phone=&#8221;&#8221; transform_skew_last_edited=&#8221;on|phone&#8221; transform_origin_tablet=&#8221;&#8221; transform_origin_phone=&#8221;&#8221; transform_origin_last_edited=&#8221;on|phone&#8221; transform_styles_last_edited=&#8221;on|phone&#8221; width=&#8221;60%&#8221; custom_margin=&#8221;10px|0px||80px|false|false&#8221; custom_margin_tablet=&#8221;10px|0px||80px|false|false&#8221; custom_margin_phone=&#8221;28px||||false|false&#8221; custom_margin_last_edited=&#8221;on|desktop&#8221; transform_styles_tablet=&#8221;&#8221; transform_styles_phone=&#8221;&#8221; global_colors_info=&#8221;{}&#8221;][\/et_pb_image][\/et_pb_column][et_pb_column type=&#8221;1_6&#8243; _builder_version=&#8221;4.14.5&#8243; _module_preset=&#8221;default&#8221; global_colors_info=&#8221;{}&#8221;][et_pb_image src=&#8221;https:\/\/blogsaverroes.juntadeandalucia.es\/cempedrogamezlaserna\/files\/2022\/03\/Logo-Junta-de-Andalucia-2-1-1024&#215;992-1.png&#8221; title_text=&#8221;Logo-Junta-de-Andalucia-2-1-1024&#215;992&#8243; url=&#8221;https:\/\/www.juntadeandalucia.es\/educacion\/portals\/web\/ced\/&#8221; _builder_version=&#8221;4.14.5&#8243; _module_preset=&#8221;default&#8221; width=&#8221;51%&#8221; custom_margin=&#8221;|0px||70px|false|false&#8221; custom_margin_tablet=&#8221;|0px||70px|false|false&#8221; custom_margin_phone=&#8221;-244px|0px||65px|false|false&#8221; custom_margin_last_edited=&#8221;on|phone&#8221; global_colors_info=&#8221;{}&#8221;][\/et_pb_image][\/et_pb_column][\/et_pb_row][\/et_pb_section]<\/p>\n","protected":false},"excerpt":{"rendered":"<p>Traslados de Matr\u00edcula\u00bfHas cambiado de localidad de residencia?, \u00bfEst\u00e1s matriculado en otro conservatorio y por razones de movilidad necesitas continuar tus estudios en nuestro conservatorio? Contin\u00faa con nosotros 1. \u00bfQui\u00e9n puede solicitar traslado de matr\u00edcula? Cualquier alumna o alumno matriculado en un conservatorio elemental y\/o profesional de m\u00fasica pueden solicitar el traslado de matr\u00edcula a [&hellip;]<\/p>\n","protected":false},"author":14445,"featured_media":0,"parent":0,"menu_order":0,"comment_status":"closed","ping_status":"closed","template":"","meta":{"_et_pb_use_builder":"on","_et_pb_old_content":"","_et_gb_content_width":"","footnotes":""},"aioseo_notices":[],"_links":{"self":[{"href":"https:\/\/blogsaverroes.juntadeandalucia.es\/cempedrogamezlaserna\/wp-json\/wp\/v2\/pages\/2567"}],"collection":[{"href":"https:\/\/blogsaverroes.juntadeandalucia.es\/cempedrogamezlaserna\/wp-json\/wp\/v2\/pages"}],"about":[{"href":"https:\/\/blogsaverroes.juntadeandalucia.es\/cempedrogamezlaserna\/wp-json\/wp\/v2\/types\/page"}],"author":[{"embeddable":true,"href":"https:\/\/blogsaverroes.juntadeandalucia.es\/cempedrogamezlaserna\/wp-json\/wp\/v2\/users\/14445"}],"replies":[{"embeddable":true,"href":"https:\/\/blogsaverroes.juntadeandalucia.es\/cempedrogamezlaserna\/wp-json\/wp\/v2\/comments?post=2567"}],"version-history":[{"count":16,"href":"https:\/\/blogsaverroes.juntadeandalucia.es\/cempedrogamezlaserna\/wp-json\/wp\/v2\/pages\/2567\/revisions"}],"predecessor-version":[{"id":3832,"href":"https:\/\/blogsaverroes.juntadeandalucia.es\/cempedrogamezlaserna\/wp-json\/wp\/v2\/pages\/2567\/revisions\/3832"}],"wp:attachment":[{"href":"https:\/\/blogsaverroes.juntadeandalucia.es\/cempedrogamezlaserna\/wp-json\/wp\/v2\/media?parent=2567"}],"curies":[{"name":"wp","href":"https:\/\/api.w.org\/{rel}","templated":true}]}}