{"id":3280,"date":"2023-05-08T17:51:00","date_gmt":"2023-05-08T16:51:00","guid":{"rendered":"https:\/\/blogsaverroes.juntadeandalucia.es\/cempedrogamezlaserna\/?page_id=3280"},"modified":"2025-10-30T14:44:14","modified_gmt":"2025-10-30T13:44:14","slug":"calendario-escolar","status":"publish","type":"page","link":"https:\/\/blogsaverroes.juntadeandalucia.es\/cempedrogamezlaserna\/calendario-escolar\/","title":{"rendered":"3. Secretar\u00eda \/ Documentos &#8211; Calendario Escolar"},"content":{"rendered":"<p>[et_pb_section fb_built=&#8221;1&#8243; _builder_version=&#8221;4.16&#8243; _module_preset=&#8221;default&#8221; background_color=&#8221;#f4f4f4&#8243; custom_padding=&#8221;33px|||||&#8221; global_colors_info=&#8221;{}&#8221;][et_pb_row column_structure=&#8221;1_2,1_2&#8243; _builder_version=&#8221;4.16&#8243; _module_preset=&#8221;default&#8221; custom_padding=&#8221;||10px|||&#8221; global_colors_info=&#8221;{}&#8221;][et_pb_column type=&#8221;1_2&#8243; _builder_version=&#8221;4.16&#8243; _module_preset=&#8221;default&#8221; global_colors_info=&#8221;{}&#8221;][et_pb_text _builder_version=&#8221;4.24.2&#8243; _module_preset=&#8221;default&#8221; header_font=&#8221;Montserrat|600|||||||&#8221; header_font_size=&#8221;45px&#8221; vertical_offset_tablet=&#8221;0&#8243; horizontal_offset_tablet=&#8221;0&#8243; text_orientation=&#8221;center&#8221; custom_margin=&#8221;||2px|||&#8221; hover_enabled=&#8221;0&#8243; header_font_size_tablet=&#8221;60px&#8221; header_font_size_phone=&#8221;40px&#8221; header_font_size_last_edited=&#8221;on|phone&#8221; z_index_tablet=&#8221;0&#8243; text_text_shadow_horizontal_length_tablet=&#8221;0px&#8221; text_text_shadow_vertical_length_tablet=&#8221;0px&#8221; text_text_shadow_blur_strength_tablet=&#8221;1px&#8221; link_text_shadow_horizontal_length_tablet=&#8221;0px&#8221; link_text_shadow_vertical_length_tablet=&#8221;0px&#8221; link_text_shadow_blur_strength_tablet=&#8221;1px&#8221; ul_text_shadow_horizontal_length_tablet=&#8221;0px&#8221; ul_text_shadow_vertical_length_tablet=&#8221;0px&#8221; ul_text_shadow_blur_strength_tablet=&#8221;1px&#8221; ol_text_shadow_horizontal_length_tablet=&#8221;0px&#8221; ol_text_shadow_vertical_length_tablet=&#8221;0px&#8221; ol_text_shadow_blur_strength_tablet=&#8221;1px&#8221; quote_text_shadow_horizontal_length_tablet=&#8221;0px&#8221; quote_text_shadow_vertical_length_tablet=&#8221;0px&#8221; quote_text_shadow_blur_strength_tablet=&#8221;1px&#8221; header_text_shadow_horizontal_length_tablet=&#8221;0px&#8221; header_text_shadow_vertical_length_tablet=&#8221;0px&#8221; header_text_shadow_blur_strength_tablet=&#8221;1px&#8221; header_2_text_shadow_horizontal_length_tablet=&#8221;0px&#8221; header_2_text_shadow_vertical_length_tablet=&#8221;0px&#8221; header_2_text_shadow_blur_strength_tablet=&#8221;1px&#8221; header_3_text_shadow_horizontal_length_tablet=&#8221;0px&#8221; header_3_text_shadow_vertical_length_tablet=&#8221;0px&#8221; header_3_text_shadow_blur_strength_tablet=&#8221;1px&#8221; header_4_text_shadow_horizontal_length_tablet=&#8221;0px&#8221; header_4_text_shadow_vertical_length_tablet=&#8221;0px&#8221; header_4_text_shadow_blur_strength_tablet=&#8221;1px&#8221; header_5_text_shadow_horizontal_length_tablet=&#8221;0px&#8221; header_5_text_shadow_vertical_length_tablet=&#8221;0px&#8221; header_5_text_shadow_blur_strength_tablet=&#8221;1px&#8221; header_6_text_shadow_horizontal_length_tablet=&#8221;0px&#8221; header_6_text_shadow_vertical_length_tablet=&#8221;0px&#8221; header_6_text_shadow_blur_strength_tablet=&#8221;1px&#8221; box_shadow_horizontal_tablet=&#8221;0px&#8221; box_shadow_vertical_tablet=&#8221;0px&#8221; box_shadow_blur_tablet=&#8221;40px&#8221; box_shadow_spread_tablet=&#8221;0px&#8221; locked=&#8221;off&#8221; global_colors_info=&#8221;{}&#8221; sticky_enabled=&#8221;0&#8243;]<\/p>\n<h1 style=\"text-align: left\">Calendario Escolar<\/h1>\n<p>[\/et_pb_text][\/et_pb_column][et_pb_column type=&#8221;1_2&#8243; _builder_version=&#8221;4.16&#8243; _module_preset=&#8221;default&#8221; global_colors_info=&#8221;{}&#8221;][\/et_pb_column][\/et_pb_row][et_pb_row column_structure=&#8221;1_2,1_2&#8243; _builder_version=&#8221;4.16&#8243; _module_preset=&#8221;default&#8221; custom_padding=&#8221;||53px|||&#8221; global_colors_info=&#8221;{}&#8221;][et_pb_column type=&#8221;1_2&#8243; _builder_version=&#8221;4.16&#8243; _module_preset=&#8221;default&#8221; global_colors_info=&#8221;{}&#8221;][et_pb_text _builder_version=&#8221;4.24.2&#8243; _module_preset=&#8221;default&#8221; text_font=&#8221;Montserrat||||||||&#8221; text_text_color=&#8221;#000000&#8243; custom_margin=&#8221;||-91px|||&#8221; custom_padding=&#8221;||109px|||&#8221; hover_enabled=&#8221;0&#8243; locked=&#8221;off&#8221; global_colors_info=&#8221;{}&#8221; sticky_enabled=&#8221;0&#8243;]<\/p>\n<p>El calendario escolar cuenta con 175 d\u00edas lectivos, dando comienzo el d\u00eda 15 de septiembre de 2025 y finalizando el 22 de junio de 2026.<\/p>\n<p>Son festivos los siguientes d\u00edas:<\/p>\n<ul>\n<li>18 de septiembre: Festivo Local (Feria de Coria del R\u00edo).<\/li>\n<li>19 de septiembre: Festivo Local (Feria de Coria del R\u00edo).<\/li>\n<li>22 de septiembre: Festivo Local (lunes de resaca).<\/li>\n<li>13 de octubre: Festivo Nacional (d\u00eda anterior).<\/li>\n<li>8 de diciembre: Festivo Nacional (D\u00eda de la Inmaculada).<\/li>\n<li><strong>del 22 de diciembre al 6 de enero: Vacaciones de Navidad.<\/strong><\/li>\n<li>7 de enero: D\u00eda no lectivo provincial (Sevilla).<\/li>\n<li>27 de febrero: D\u00eda de la Comunidad Educativa.<\/li>\n<li><strong>del 30 de marzo al 5 de abril: Vacaciones de Semana Santa.\u00a0<\/strong><\/li>\n<li>1 de mayo: Festivo Nacional (D\u00eda del trabajo).<\/li>\n<li>19 de mayo: Festivo Local (martes de carreta).<\/li>\n<\/ul>\n<p>A los d\u00edas festivos nacionales, auton\u00f3micos y provinciales se a\u00f1aden dos d\u00edas festivos locales: 22 de Septiembre (lunes de resaca) y 19 de mayo (salida de las carretas al Roc\u00edo). Adem\u00e1s se suman dos d\u00edas de libre disposici\u00f3n aprobados por el Consejo Escolar Municipal: 18 y 19 de septiembre (Feria de Coria del R\u00edo).<\/p>\n<p>[\/et_pb_text][et_pb_button button_url=&#8221;https:\/\/drive.google.com\/file\/d\/1hYBXVxYqn2jUEfCPB6JwX2blJ7WkGymM\/view?usp=sharing&#8221; url_new_window=&#8221;on&#8221; button_text=&#8221;Calendario Escolar &#8211; Curso 2025 \/ 2026&#8243; button_alignment=&#8221;center&#8221; _builder_version=&#8221;4.24.2&#8243; _module_preset=&#8221;default&#8221; custom_button=&#8221;on&#8221; button_text_size=&#8221;16px&#8221; button_text_color=&#8221;#FFFFFF&#8221; button_bg_color=&#8221;#005470&#8243; button_border_radius=&#8221;69px&#8221; button_font=&#8221;Montserrat||||||||&#8221; custom_margin=&#8221;18px|||||&#8221; locked=&#8221;off&#8221; global_colors_info=&#8221;{}&#8221;][\/et_pb_button][et_pb_button url_new_window=&#8221;on&#8221; button_text=&#8221;Resoluci\u00f3n Delegaci\u00f3n Territorial (Publicaci\u00f3n: Julio 2025)&#8221; button_alignment=&#8221;center&#8221; _builder_version=&#8221;4.24.2&#8243; _module_preset=&#8221;default&#8221; custom_button=&#8221;on&#8221; button_text_size=&#8221;16px&#8221; button_text_color=&#8221;#FFFFFF&#8221; button_bg_color=&#8221;#005470&#8243; button_border_radius=&#8221;69px&#8221; button_font=&#8221;Montserrat||||||||&#8221; custom_margin=&#8221;18px|||||&#8221; locked=&#8221;off&#8221; global_colors_info=&#8221;{}&#8221;][\/et_pb_button][et_pb_button url_new_window=&#8221;on&#8221; button_text=&#8221;Resoluci\u00f3n Consejo Escolar Municipal &#8211; (Publicaci\u00f3n: Septiembre 2025)&#8221; button_alignment=&#8221;center&#8221; _builder_version=&#8221;4.24.2&#8243; _module_preset=&#8221;default&#8221; custom_button=&#8221;on&#8221; button_text_size=&#8221;16px&#8221; button_text_color=&#8221;#FFFFFF&#8221; button_bg_color=&#8221;#005470&#8243; button_border_radius=&#8221;69px&#8221; button_font=&#8221;Montserrat||||||||&#8221; custom_margin_tablet=&#8221;&#8221; custom_margin_phone=&#8221;-39px||33px||false|false&#8221; custom_margin_last_edited=&#8221;on|phone&#8221; locked=&#8221;off&#8221; global_colors_info=&#8221;{}&#8221;][\/et_pb_button][\/et_pb_column][et_pb_column type=&#8221;1_2&#8243; _builder_version=&#8221;4.16&#8243; _module_preset=&#8221;default&#8221; global_colors_info=&#8221;{}&#8221;][et_pb_image src=&#8221;https:\/\/blogsaverroes.juntadeandalucia.es\/cempedrogamezlaserna\/files\/2023\/05\/work-schedule-and-planning-concept-calendar-penc-2023-02-15-01-26-41-utc-scaled.jpeg&#8221; title_text=&#8221;Calendar&#8221; align=&#8221;center&#8221; _builder_version=&#8221;4.24.2&#8243; _module_preset=&#8221;default&#8221; width=&#8221;78%&#8221; border_width_all=&#8221;4px&#8221; border_color_all=&#8221;#285d7c&#8221; global_colors_info=&#8221;{}&#8221;][\/et_pb_image][\/et_pb_column][\/et_pb_row][\/et_pb_section][et_pb_section fb_built=&#8221;1&#8243; _builder_version=&#8221;4.16&#8243; _module_preset=&#8221;default&#8221; custom_padding=&#8221;10px||5px|||&#8221; border_width_top=&#8221;3px&#8221; border_color_top=&#8221;#285d7c&#8221; locked=&#8221;off&#8221; global_colors_info=&#8221;{}&#8221;][et_pb_row column_structure=&#8221;1_2,1_2&#8243; _builder_version=&#8221;4.16&#8243; _module_preset=&#8221;default&#8221; custom_padding=&#8221;||3px|||&#8221; global_colors_info=&#8221;{}&#8221;][et_pb_column type=&#8221;1_2&#8243; _builder_version=&#8221;4.16&#8243; _module_preset=&#8221;default&#8221; global_colors_info=&#8221;{}&#8221;][et_pb_image src=&#8221;https:\/\/blogsaverroes.juntadeandalucia.es\/cempedrogamezlaserna\/files\/2023\/03\/Logo-ajustado.png&#8221; title_text=&#8221;Logo ajustado&#8221; align=&#8221;center&#8221; _builder_version=&#8221;4.16&#8243; _module_preset=&#8221;default&#8221; width=&#8221;76%&#8221; custom_margin=&#8221;-23px||||false|false&#8221; custom_padding=&#8221;20px|||||&#8221; global_colors_info=&#8221;{}&#8221;][\/et_pb_image][et_pb_text _builder_version=&#8221;4.16&#8243; _module_preset=&#8221;default&#8221; text_font=&#8221;Montserrat||||||||&#8221; custom_margin=&#8221;0px||||false|false&#8221; global_colors_info=&#8221;{}&#8221;]<\/p>\n<p style=\"text-align: center\">Consulta nuestra <a href=\"https:\/\/blogsaverroes.juntadeandalucia.es\/cempedrogamezlaserna\/politica-de-privacidad\/\">pol\u00edtica de privacidad<\/a> y <a href=\"https:\/\/blogsaverroes.juntadeandalucia.es\/cempedrogamezlaserna\/politica-cookies\/\">cookies<\/a><\/p>\n<p>[\/et_pb_text][\/et_pb_column][et_pb_column type=&#8221;1_2&#8243; _builder_version=&#8221;4.16&#8243; _module_preset=&#8221;default&#8221; global_colors_info=&#8221;{}&#8221;][et_pb_text _builder_version=&#8221;4.24.2&#8243; _module_preset=&#8221;default&#8221; header_font=&#8221;Montserrat||||||||&#8221; header_font_size=&#8221;20px&#8221; header_line_height=&#8221;0.8em&#8221; custom_margin=&#8221;||13px|||&#8221; global_colors_info=&#8221;{}&#8221;]<\/p>\n<h1 class=\"DUwDvf fontHeadlineLarge\" style=\"text-align: right\">Conservatorio elemental de m\u00fasica<\/h1>\n<h1 class=\"DUwDvf fontHeadlineLarge\" style=\"text-align: right\"><strong>Pedro G\u00e1mez Laserna<\/strong><\/h1>\n<p>[\/et_pb_text][et_pb_text _builder_version=&#8221;4.16&#8243; _module_preset=&#8221;default&#8221; header_font=&#8221;Montserrat||||||||&#8221; header_font_size=&#8221;23px&#8221; header_4_font=&#8221;Montserrat|300|||||||&#8221; header_4_font_size=&#8221;15px&#8221; header_4_line_height=&#8221;0.8em&#8221; custom_margin=&#8221;||6px|||&#8221; global_colors_info=&#8221;{}&#8221;]<\/p>\n<h4 class=\"DUwDvf fontHeadlineLarge\" style=\"text-align: right\">Calle Panadero, 30 ( P I Estrella ),<\/h4>\n<h4 class=\"DUwDvf fontHeadlineLarge\" style=\"text-align: right\">41100 Coria del R\u00edo, Sevilla,<\/h4>\n<p>[\/et_pb_text][et_pb_text _builder_version=&#8221;4.16&#8243; _module_preset=&#8221;default&#8221; header_font=&#8221;Montserrat||||||||&#8221; header_font_size=&#8221;23px&#8221; header_4_font=&#8221;Montserrat|300|||||||&#8221; header_4_font_size=&#8221;15px&#8221; header_4_line_height=&#8221;0.8em&#8221; custom_margin=&#8221;||13px|||&#8221; global_colors_info=&#8221;{}&#8221;]<\/p>\n<h4 style=\"text-align: right\"><strong>Tel\u00e9fono:<\/strong> 955 622 559 \u00a0<strong>M\u00f3vil:<\/strong> 677 902 265<\/h4>\n<p>[\/et_pb_text][et_pb_text _builder_version=&#8221;4.16&#8243; _module_preset=&#8221;default&#8221; header_font=&#8221;Montserrat||||||||&#8221; header_font_size=&#8221;23px&#8221; header_4_font=&#8221;Montserrat|300|||||||&#8221; header_4_font_size=&#8221;15px&#8221; header_4_line_height=&#8221;0.8em&#8221; custom_margin=&#8221;||17px|||&#8221; global_colors_info=&#8221;{}&#8221;]<\/p>\n<h4 style=\"text-align: right\"><strong>Mail:<\/strong> <a href=\"mailto:41700786@g.educaand.es\">41700786@g.educaand.es<\/a><\/h4>\n<h4 style=\"text-align: right\">41700786.edu@juntadeandalucia.es<\/h4>\n<p>[\/et_pb_text][\/et_pb_column][\/et_pb_row][et_pb_row column_structure=&#8221;1_2,1_6,1_6,1_6&#8243; _builder_version=&#8221;4.16&#8243; _module_preset=&#8221;default&#8221; custom_padding=&#8221;1px||0px|||&#8221; global_colors_info=&#8221;{}&#8221;][et_pb_column type=&#8221;1_2&#8243; _builder_version=&#8221;4.16&#8243; _module_preset=&#8221;default&#8221; global_colors_info=&#8221;{}&#8221;][et_pb_text _builder_version=&#8221;4.16&#8243; _module_preset=&#8221;default&#8221; header_4_font=&#8221;Montserrat||||||||&#8221; header_4_text_color=&#8221;#285d7c&#8221; header_4_font_size=&#8221;21px&#8221; custom_margin=&#8221;17px|||-19px|false|false&#8221; global_colors_info=&#8221;{}&#8221;]<\/p>\n<h4 style=\"text-align: center\">Enlaces de inter\u00e9s:<\/h4>\n<p>[\/et_pb_text][\/et_pb_column][et_pb_column type=&#8221;1_6&#8243; _builder_version=&#8221;4.16&#8243; _module_preset=&#8221;default&#8221; global_colors_info=&#8221;{}&#8221;][et_pb_image src=&#8221;https:\/\/blogsaverroes.juntadeandalucia.es\/cempedrogamezlaserna\/files\/2022\/03\/ipasen.png&#8221; title_text=&#8221;ipasen&#8221; url=&#8221;https:\/\/seneca.juntadeandalucia.es\/seneca\/jsp\/portalpasen\/&#8221; _builder_version=&#8221;4.16&#8243; _module_preset=&#8221;default&#8221; transform_scale_tablet=&#8221;76%|76%&#8221; transform_scale_phone=&#8221;52%|52%&#8221; transform_scale_last_edited=&#8221;on|tablet&#8221; transform_translate_tablet=&#8221;-29px|-29px&#8221; transform_translate_phone=&#8221;10px|-176px&#8221; transform_translate_last_edited=&#8221;on|tablet&#8221; transform_translate_linked_phone=&#8221;off&#8221; transform_rotate_tablet=&#8221;&#8221; transform_rotate_phone=&#8221;&#8221; transform_rotate_last_edited=&#8221;on|tablet&#8221; transform_skew_tablet=&#8221;&#8221; transform_skew_phone=&#8221;&#8221; transform_skew_last_edited=&#8221;on|tablet&#8221; transform_origin_tablet=&#8221;&#8221; transform_origin_phone=&#8221;&#8221; transform_origin_last_edited=&#8221;on|tablet&#8221; transform_styles_last_edited=&#8221;on|tablet&#8221; width=&#8221;48%&#8221; custom_margin_tablet=&#8221;&#8221; custom_margin_phone=&#8221;31px||13px||false|false&#8221; custom_margin_last_edited=&#8221;on|phone&#8221; transform_styles_tablet=&#8221;&#8221; transform_styles_phone=&#8221;&#8221; global_colors_info=&#8221;{}&#8221;][\/et_pb_image][\/et_pb_column][et_pb_column type=&#8221;1_6&#8243; _builder_version=&#8221;4.16&#8243; _module_preset=&#8221;default&#8221; global_colors_info=&#8221;{}&#8221;][et_pb_image src=&#8221;https:\/\/blogsaverroes.juntadeandalucia.es\/cempedrogamezlaserna\/files\/2022\/03\/SECRETARIA_VITURAL_300.png&#8221; title_text=&#8221;SECRETARIA_VITURAL_300&#8243; url=&#8221;https:\/\/www.juntadeandalucia.es\/educacion\/secretariavirtual\/&#8221; _builder_version=&#8221;4.16&#8243; _module_preset=&#8221;default&#8221; transform_scale_tablet=&#8221;&#8221; transform_scale_phone=&#8221;&#8221; transform_scale_last_edited=&#8221;on|phone&#8221; transform_translate_tablet=&#8221;&#8221; transform_translate_phone=&#8221;-29px|-204px&#8221; transform_translate_last_edited=&#8221;on|phone&#8221; transform_translate_linked_phone=&#8221;off&#8221; transform_rotate_tablet=&#8221;&#8221; transform_rotate_phone=&#8221;&#8221; transform_rotate_last_edited=&#8221;on|phone&#8221; transform_skew_tablet=&#8221;&#8221; transform_skew_phone=&#8221;&#8221; transform_skew_last_edited=&#8221;on|phone&#8221; transform_origin_tablet=&#8221;&#8221; transform_origin_phone=&#8221;&#8221; transform_origin_last_edited=&#8221;on|phone&#8221; transform_styles_last_edited=&#8221;on|phone&#8221; width=&#8221;60%&#8221; custom_margin=&#8221;10px|0px||80px|false|false&#8221; custom_margin_tablet=&#8221;10px|0px||80px|false|false&#8221; custom_margin_phone=&#8221;28px||||false|false&#8221; custom_margin_last_edited=&#8221;on|desktop&#8221; transform_styles_tablet=&#8221;&#8221; transform_styles_phone=&#8221;&#8221; global_colors_info=&#8221;{}&#8221;][\/et_pb_image][\/et_pb_column][et_pb_column type=&#8221;1_6&#8243; _builder_version=&#8221;4.16&#8243; _module_preset=&#8221;default&#8221; global_colors_info=&#8221;{}&#8221;][et_pb_image src=&#8221;https:\/\/blogsaverroes.juntadeandalucia.es\/cempedrogamezlaserna\/files\/2022\/03\/Logo-Junta-de-Andalucia-2-1-1024&#215;992-1.png&#8221; title_text=&#8221;Logo-Junta-de-Andalucia-2-1-1024&#215;992&#8243; url=&#8221;https:\/\/www.juntadeandalucia.es\/educacion\/portals\/web\/ced\/&#8221; _builder_version=&#8221;4.16&#8243; _module_preset=&#8221;default&#8221; width=&#8221;51%&#8221; custom_margin=&#8221;|0px||70px|false|false&#8221; custom_margin_tablet=&#8221;|0px||70px|false|false&#8221; custom_margin_phone=&#8221;-244px|0px||65px|false|false&#8221; custom_margin_last_edited=&#8221;on|phone&#8221; global_colors_info=&#8221;{}&#8221;][\/et_pb_image][\/et_pb_column][\/et_pb_row][\/et_pb_section]<\/p>\n","protected":false},"excerpt":{"rendered":"<p>Calendario EscolarEl calendario escolar cuenta con 175 d\u00edas lectivos, dando comienzo el d\u00eda 15 de septiembre de 2025 y finalizando el 22 de junio de 2026. Son festivos los siguientes d\u00edas: 18 de septiembre: Festivo Local (Feria de Coria del R\u00edo). 19 de septiembre: Festivo Local (Feria de Coria del R\u00edo). 22 de septiembre: Festivo [&hellip;]<\/p>\n","protected":false},"author":14445,"featured_media":0,"parent":0,"menu_order":0,"comment_status":"closed","ping_status":"closed","template":"","meta":{"_et_pb_use_builder":"on","_et_pb_old_content":"","_et_gb_content_width":"","footnotes":""},"aioseo_notices":[],"_links":{"self":[{"href":"https:\/\/blogsaverroes.juntadeandalucia.es\/cempedrogamezlaserna\/wp-json\/wp\/v2\/pages\/3280"}],"collection":[{"href":"https:\/\/blogsaverroes.juntadeandalucia.es\/cempedrogamezlaserna\/wp-json\/wp\/v2\/pages"}],"about":[{"href":"https:\/\/blogsaverroes.juntadeandalucia.es\/cempedrogamezlaserna\/wp-json\/wp\/v2\/types\/page"}],"author":[{"embeddable":true,"href":"https:\/\/blogsaverroes.juntadeandalucia.es\/cempedrogamezlaserna\/wp-json\/wp\/v2\/users\/14445"}],"replies":[{"embeddable":true,"href":"https:\/\/blogsaverroes.juntadeandalucia.es\/cempedrogamezlaserna\/wp-json\/wp\/v2\/comments?post=3280"}],"version-history":[{"count":31,"href":"https:\/\/blogsaverroes.juntadeandalucia.es\/cempedrogamezlaserna\/wp-json\/wp\/v2\/pages\/3280\/revisions"}],"predecessor-version":[{"id":4452,"href":"https:\/\/blogsaverroes.juntadeandalucia.es\/cempedrogamezlaserna\/wp-json\/wp\/v2\/pages\/3280\/revisions\/4452"}],"wp:attachment":[{"href":"https:\/\/blogsaverroes.juntadeandalucia.es\/cempedrogamezlaserna\/wp-json\/wp\/v2\/media?parent=3280"}],"curies":[{"name":"wp","href":"https:\/\/api.w.org\/{rel}","templated":true}]}}