{"id":4298,"date":"2025-02-15T10:57:07","date_gmt":"2025-02-15T09:57:07","guid":{"rendered":"https:\/\/blogsaverroes.juntadeandalucia.es\/cempedrogamezlaserna\/?page_id=4298"},"modified":"2026-03-17T08:09:09","modified_gmt":"2026-03-17T07:09:09","slug":"pruebas-de-acceso-a-ensenanzas-profesionales","status":"publish","type":"page","link":"https:\/\/blogsaverroes.juntadeandalucia.es\/cempedrogamezlaserna\/pruebas-de-acceso-a-ensenanzas-profesionales\/","title":{"rendered":"Pruebas de Acceso a Ense\u00f1anzas Profesionales"},"content":{"rendered":"<p>[et_pb_section fb_built=&#8221;1&#8243; fullwidth=&#8221;on&#8221; _builder_version=&#8221;4.24.2&#8243; _module_preset=&#8221;default&#8221; locked=&#8221;off&#8221; global_colors_info=&#8221;{}&#8221;][et_pb_fullwidth_slider _builder_version=&#8221;4.24.2&#8243; _module_preset=&#8221;default&#8221; header_text_align=&#8221;left&#8221; use_background_color_gradient=&#8221;on&#8221; background_color_gradient_stops=&#8221;rgba(255,255,255,0) 0%|#285d7c 100%&#8221; background_color_gradient_overlays_image=&#8221;on&#8221; background_color_gradient_start=&#8221;rgba(255,255,255,0)&#8221; background_color_gradient_end=&#8221;#285d7c&#8221; background_image=&#8221;https:\/\/blogsaverroes.juntadeandalucia.es\/cempedrogamezlaserna\/files\/2025\/02\/close-up-couple-s-hand-playing-piano-with-musical-sheet-scaled.jpeg&#8221; custom_padding=&#8221;133px||97px|||&#8221; global_colors_info=&#8221;{}&#8221;][et_pb_slide heading=&#8221;Contin\u00faa tu formaci\u00f3n musical&#8221; _builder_version=&#8221;4.24.2&#8243; _module_preset=&#8221;default&#8221; header_font=&#8221;Montserrat|700|||||||&#8221; header_text_align=&#8221;left&#8221; header_letter_spacing=&#8221;5px&#8221; header_font_size_tablet=&#8221;48px&#8221; header_font_size_phone=&#8221;45px&#8221; header_font_size_last_edited=&#8221;on|tablet&#8221; global_colors_info=&#8221;{}&#8221; sticky_transition=&#8221;on&#8221;][\/et_pb_slide][\/et_pb_fullwidth_slider][\/et_pb_section][et_pb_section fb_built=&#8221;1&#8243; custom_padding_last_edited=&#8221;on|phone&#8221; admin_label=&#8221;About&#8221; module_id=&#8221;historia&#8221; _builder_version=&#8221;4.24.2&#8243; background_color=&#8221;#f7f7f7&#8243; background_image=&#8221;https:\/\/blogsaverroes.juntadeandalucia.es\/cempedrogamezlaserna\/files\/2023\/03\/music-teacher_blue.png&#8221; custom_padding=&#8221;32px||75px|||&#8221; custom_padding_tablet=&#8221;32px||75px|||&#8221; custom_padding_phone=&#8221;32px||0px||false|false&#8221; background_last_edited=&#8221;on|phone&#8221; background_position_phone=&#8221;center_right&#8221; locked=&#8221;off&#8221; global_colors_info=&#8221;{}&#8221;][et_pb_row column_structure=&#8221;1_2,1_2&#8243; _builder_version=&#8221;4.16&#8243; global_colors_info=&#8221;{}&#8221;][et_pb_column type=&#8221;1_2&#8243; _builder_version=&#8221;4.16&#8243; global_colors_info=&#8221;{}&#8221;][et_pb_text _builder_version=&#8221;4.24.2&#8243; text_font=&#8221;Montserrat||||||||&#8221; text_text_color=&#8221;#000000&#8243; text_font_size=&#8221;16px&#8221; header_font=&#8221;Inria Serif|700|||||||&#8221; header_text_color=&#8221;#000000&#8243; header_font_size=&#8221;70px&#8221; header_line_height=&#8221;1.2em&#8221; header_2_font=&#8221;Montserrat|600|||||||&#8221; header_2_text_color=&#8221;#000000&#8243; header_2_font_size=&#8221;40px&#8221; z_index=&#8221;1&#8243; max_width=&#8221;800px&#8221; custom_padding=&#8221;13px|||||&#8221; text_font_size_tablet=&#8221;&#8221; text_font_size_phone=&#8221;14px&#8221; text_font_size_last_edited=&#8221;on|phone&#8221; header_font_size_tablet=&#8221;48px&#8221; header_font_size_phone=&#8221;24px&#8221; header_font_size_last_edited=&#8221;on|phone&#8221; locked=&#8221;off&#8221; global_colors_info=&#8221;{}&#8221;]<\/p>\n<h2><b>Pruebas de Acceso a Ense\u00f1anzas Profesionales<\/b><\/h2>\n<p>Nuestro Conservatorio de M\u00fasica <strong>\u201cPedro G\u00e1mez Laserna\u201d de Coria del R\u00edo<\/strong> imparte los cuatro cursos que componen las Ense\u00f1anzas Elementales de M\u00fasica. Al finalizar los estudios en nuestro centro, <strong>el alumnado puede continuar su formaci\u00f3n accediendo a las Ense\u00f1anzas Profesionales de M\u00fasica.<\/strong><\/p>\n<p><strong>El D.O.F.E.I. de nuestro Conservatorio,<\/strong> en su labor orientadora, cada a\u00f1o desarrolla varias reuniones informativas para aquellos alumnos del \u00faltimo curso que tienen<strong> inter\u00e9s y predisposici\u00f3n en continuar sus estudios musicales con una proyecci\u00f3n m\u00e1s profesional.<\/strong><\/p>\n<p>[\/et_pb_text][\/et_pb_column][et_pb_column type=&#8221;1_2&#8243; _builder_version=&#8221;4.16&#8243; global_colors_info=&#8221;{}&#8221;][et_pb_text _builder_version=&#8221;4.24.2&#8243; text_font=&#8221;Montserrat||||||||&#8221; text_text_color=&#8221;#000000&#8243; text_font_size=&#8221;16px&#8221; header_font=&#8221;Inria Serif|700|||||||&#8221; header_text_color=&#8221;#000000&#8243; header_font_size=&#8221;70px&#8221; header_line_height=&#8221;1.2em&#8221; header_2_font=&#8221;Montserrat|600|||||||&#8221; header_2_text_color=&#8221;#000000&#8243; header_2_font_size=&#8221;60px&#8221; z_index=&#8221;1&#8243; max_width=&#8221;800px&#8221; custom_padding=&#8221;13px|||||&#8221; text_font_size_tablet=&#8221;&#8221; text_font_size_phone=&#8221;14px&#8221; text_font_size_last_edited=&#8221;on|phone&#8221; header_font_size_tablet=&#8221;48px&#8221; header_font_size_phone=&#8221;24px&#8221; header_font_size_last_edited=&#8221;on|phone&#8221; locked=&#8221;off&#8221; global_colors_info=&#8221;{}&#8221;]<\/p>\n<p>En la siguiente presentaci\u00f3n dispon\u00e9is de <strong>toda la informaci\u00f3n actualizada<\/strong> referente a la normativa, a los <strong>centros que imparten Ense\u00f1anzas Profesionales, las plazas escolares vacantes as\u00ed como las distintas pruebas<\/strong> para acceder a dichas ense\u00f1anzas<\/p>\n<p>[\/et_pb_text][et_pb_image src=&#8221;https:\/\/blogsaverroes.juntadeandalucia.es\/cempedrogamezlaserna\/files\/2026\/03\/Captura-de-pantalla-2026-03-10-a-las-15.55.58.png&#8221; title_text=&#8221;Captura de pantalla 2026-03-10 a las 15.55.58&#8243; url=&#8221;https:\/\/docs.google.com\/presentation\/d\/1EDVFC0wojHRMI5Uynd4EGwR0u6noXECq09y2Q_0HfSc\/edit?usp=sharing_eil&amp;ts=69afffc6&#8243; url_new_window=&#8221;on&#8221; align=&#8221;center&#8221; _builder_version=&#8221;4.24.2&#8243; _module_preset=&#8221;default&#8221; transform_scale_tablet=&#8221;&#8221; transform_scale_phone=&#8221;100%|100%&#8221; transform_scale_last_edited=&#8221;on|phone&#8221; transform_translate_tablet=&#8221;&#8221; transform_translate_phone=&#8221;&#8221; transform_translate_last_edited=&#8221;on|phone&#8221; transform_rotate_tablet=&#8221;&#8221; transform_rotate_phone=&#8221;&#8221; transform_rotate_last_edited=&#8221;on|phone&#8221; transform_skew_tablet=&#8221;&#8221; transform_skew_phone=&#8221;&#8221; transform_skew_last_edited=&#8221;on|phone&#8221; transform_origin_tablet=&#8221;&#8221; transform_origin_phone=&#8221;&#8221; transform_origin_last_edited=&#8221;on|phone&#8221; transform_styles_last_edited=&#8221;on|phone&#8221; custom_margin=&#8221;50px||||false|false&#8221; transform_styles_tablet=&#8221;&#8221; transform_styles_phone=&#8221;&#8221; border_width_all=&#8221;5px&#8221; border_color_all=&#8221;#285d7c&#8221; global_colors_info=&#8221;{}&#8221;][\/et_pb_image][et_pb_button button_url=&#8221;https:\/\/docs.google.com\/presentation\/d\/1EDVFC0wojHRMI5Uynd4EGwR0u6noXECq09y2Q_0HfSc\/edit?usp=sharing_eil&amp;ts=69afffc6&#8243; url_new_window=&#8221;on&#8221; button_text=&#8221;Ver presentaci\u00f3n&#8221; button_alignment=&#8221;center&#8221; _builder_version=&#8221;4.24.2&#8243; _module_preset=&#8221;default&#8221; custom_button=&#8221;on&#8221; button_text_size=&#8221;16px&#8221; button_text_color=&#8221;#FFFFFF&#8221; button_bg_color=&#8221;#005470&#8243; button_border_radius=&#8221;69px&#8221; button_font=&#8221;Montserrat||||||||&#8221; custom_margin=&#8221;22px||47px||false|false&#8221; locked=&#8221;off&#8221; global_colors_info=&#8221;{}&#8221;][\/et_pb_button][\/et_pb_column][\/et_pb_row][\/et_pb_section][et_pb_section fb_built=&#8221;1&#8243; admin_label=&#8221;Header&#8221; module_id=&#8221;consejoescolar&#8221; _builder_version=&#8221;4.24.2&#8243; background_color=&#8221;#FFFFFF&#8221; background_enable_image=&#8221;off&#8221; parallax=&#8221;on&#8221; custom_padding=&#8221;30px||30px|||&#8221; locked=&#8221;off&#8221; global_colors_info=&#8221;{}&#8221;][et_pb_row _builder_version=&#8221;4.16&#8243; _module_preset=&#8221;default&#8221; custom_padding=&#8221;||0px|||&#8221; global_colors_info=&#8221;{}&#8221;][et_pb_column type=&#8221;4_4&#8243; _builder_version=&#8221;4.16&#8243; _module_preset=&#8221;default&#8221; global_colors_info=&#8221;{}&#8221;][et_pb_text _builder_version=&#8221;4.24.2&#8243; _module_preset=&#8221;default&#8221; header_2_font=&#8221;Montserrat|600|||||||&#8221; header_2_font_size=&#8221;40px&#8221; custom_margin=&#8221;-20px||2px|||&#8221; custom_padding=&#8221;||3px|||&#8221; header_2_font_size_tablet=&#8221;43px&#8221; header_2_font_size_phone=&#8221;32px&#8221; header_2_font_size_last_edited=&#8221;on|phone&#8221; locked=&#8221;off&#8221; global_colors_info=&#8221;{}&#8221;]<\/p>\n<h2 style=\"text-align: center\"><b>Cuadro de honor del Conservatorio de Coria<\/b><\/h2>\n<p>[\/et_pb_text][\/et_pb_column][\/et_pb_row][et_pb_row column_structure=&#8221;1_2,1_2&#8243; _builder_version=&#8221;4.24.2&#8243; _module_preset=&#8221;default&#8221; custom_margin_tablet=&#8221;&#8221; custom_margin_phone=&#8221;|||0px|false|false&#8221; custom_margin_last_edited=&#8221;on|phone&#8221; locked=&#8221;off&#8221; global_colors_info=&#8221;{}&#8221;][et_pb_column type=&#8221;1_2&#8243; _builder_version=&#8221;4.16&#8243; _module_preset=&#8221;default&#8221; global_colors_info=&#8221;{}&#8221;][et_pb_text _builder_version=&#8221;4.24.2&#8243; text_font=&#8221;Montserrat||||||||&#8221; text_font_size=&#8221;16px&#8221; custom_margin=&#8221;|1px||50px||&#8221; custom_margin_tablet=&#8221;|1px||50px||&#8221; custom_margin_phone=&#8221;|||84px|false|false&#8221; custom_margin_last_edited=&#8221;on|phone&#8221; hover_enabled=&#8221;0&#8243; text_font_size_tablet=&#8221;14px&#8221; text_font_size_phone=&#8221;&#8221; text_font_size_last_edited=&#8221;on|phone&#8221; locked=&#8221;off&#8221; global_colors_info=&#8221;{}&#8221; sticky_enabled=&#8221;0&#8243;]<\/p>\n<p><strong>Junio 2023:<span class=\"Apple-converted-space\">\u00a0<\/span><\/strong><\/p>\n<p><strong>Clarinete:<\/strong>Dami\u00e1n L\u00f3pez<\/p>\n<p><strong>Piano:<\/strong> Roc\u00edo Campos \/ Manuel Jim\u00e9nez \/ M\u00aa Elena G\u00e1miz<\/p>\n<p><strong>Viola:<\/strong> Adriana Gallardo \/ Paula Mart\u00edn<\/p>\n<p><strong>Viol\u00edn:<\/strong> Adriana Soto<\/p>\n<p>[\/et_pb_text][et_pb_text _builder_version=&#8221;4.24.2&#8243; text_font=&#8221;Montserrat||||||||&#8221; text_font_size=&#8221;16px&#8221; custom_margin=&#8221;|||50px||&#8221; custom_margin_tablet=&#8221;|||50px||&#8221; custom_margin_phone=&#8221;|||84px|false|false&#8221; custom_margin_last_edited=&#8221;on|phone&#8221; hover_enabled=&#8221;0&#8243; text_font_size_tablet=&#8221;14px&#8221; text_font_size_phone=&#8221;&#8221; text_font_size_last_edited=&#8221;on|phone&#8221; locked=&#8221;off&#8221; global_colors_info=&#8221;{}&#8221; sticky_enabled=&#8221;0&#8243;]<\/p>\n<p><strong>Junio 2024:<span class=\"Apple-converted-space\">\u00a0<\/span><\/strong><\/p>\n<p><strong>Guitarra Flamenca:<\/strong> Alberto Ram\u00edrez<\/p>\n<p><strong>Piano:<\/strong> Sara Fornell \/ Abril Infante<\/p>\n<p><strong>Viola:<\/strong> Diego Ruiz<\/p>\n<p><strong>Violonchelo:<\/strong> Rosa Pinto<\/p>\n<p>[\/et_pb_text][et_pb_text _builder_version=&#8221;4.24.2&#8243; text_font=&#8221;Montserrat||||||||&#8221; text_font_size=&#8221;16px&#8221; custom_margin=&#8221;|||50px||&#8221; custom_margin_tablet=&#8221;|||50px||&#8221; custom_margin_phone=&#8221;|||84px|false|false&#8221; custom_margin_last_edited=&#8221;on|phone&#8221; hover_enabled=&#8221;0&#8243; text_font_size_tablet=&#8221;14px&#8221; text_font_size_phone=&#8221;&#8221; text_font_size_last_edited=&#8221;on|phone&#8221; locked=&#8221;off&#8221; global_colors_info=&#8221;{}&#8221; sticky_enabled=&#8221;0&#8243;]<\/p>\n<p><strong>Junio 2025:<span class=\"Apple-converted-space\">\u00a0<\/span><\/strong><\/p>\n<p><strong>Clarinete:<\/strong> Paula Cobano \/ Paloma Pineda \/ Valeria Renedo<\/p>\n<p><strong>Guitarra Cl\u00e1sica:\u00a0<\/strong>Beatriz Torres<\/p>\n<p><strong>Piano:<\/strong> Carmen Jap\u00f3n \/ Julia Rodr\u00edguez \/ \u00c1ngela Pinto \/ \u00c1ngela Parrado<\/p>\n<p><strong>Viola:<\/strong> Pilar Lled\u00f3 \/ In\u00e9s Arenas<\/p>\n<p><strong>Viol\u00edn:<\/strong> Celia Sosa \/ M\u00aa Jes\u00fas Ar\u00e9valo<\/p>\n<p><strong>Violonchelo:\u00a0<\/strong>Rosa Lepe<\/p>\n<p>[\/et_pb_text][et_pb_text _builder_version=&#8221;4.24.2&#8243; text_font=&#8221;Montserrat||||||||&#8221; text_font_size=&#8221;16px&#8221; custom_margin=&#8221;|||50px||&#8221; custom_margin_tablet=&#8221;|||50px||&#8221; custom_margin_phone=&#8221;|||84px|false|false&#8221; custom_margin_last_edited=&#8221;on|phone&#8221; hover_enabled=&#8221;0&#8243; text_font_size_tablet=&#8221;14px&#8221; text_font_size_phone=&#8221;&#8221; text_font_size_last_edited=&#8221;on|phone&#8221; locked=&#8221;off&#8221; global_colors_info=&#8221;{}&#8221; sticky_enabled=&#8221;0&#8243;]<\/p>\n<p><strong>Junio 2026:<span class=\"Apple-converted-space\">\u00a0<\/span><\/strong><\/p>\n<p><strong>Clarinete:<\/strong>\u00a0<\/p>\n<p><strong>Guitarra Cl\u00e1sica:\u00a0<\/strong><\/p>\n<p><strong>Guitarra Flamenca:<\/strong><\/p>\n<p><strong>Piano:<\/strong>\u00a0<\/p>\n<p><strong>Viola:<\/strong>\u00a0<\/p>\n<p><strong>Viol\u00edn:<\/strong>\u00a0<\/p>\n<p><strong>Violonchelo:\u00a0<\/strong><\/p>\n<p>[\/et_pb_text][\/et_pb_column][et_pb_column type=&#8221;1_2&#8243; _builder_version=&#8221;4.16&#8243; _module_preset=&#8221;default&#8221; global_colors_info=&#8221;{}&#8221;][et_pb_image src=&#8221;https:\/\/blogsaverroes.juntadeandalucia.es\/cempedrogamezlaserna\/files\/2025\/02\/2o-Vl-Hugo.jpeg&#8221; title_text=&#8221;2\u00ba Vl &#8211; Hugo&#8221; align=&#8221;center&#8221; _builder_version=&#8221;4.24.2&#8243; _module_preset=&#8221;default&#8221; custom_margin_tablet=&#8221;&#8221; custom_margin_phone=&#8221;&#8221; custom_margin_last_edited=&#8221;on|phone&#8221; custom_padding=&#8221;|||54px|false|false&#8221; border_width_all=&#8221;5px&#8221; border_color_all=&#8221;#285d7c&#8221; global_colors_info=&#8221;{}&#8221;][\/et_pb_image][et_pb_image src=&#8221;https:\/\/blogsaverroes.juntadeandalucia.es\/cempedrogamezlaserna\/files\/2025\/02\/4o-Gt-Beatriz.jpeg&#8221; title_text=&#8221;4\u00ba Gt &#8211; Beatriz&#8221; align=&#8221;center&#8221; _builder_version=&#8221;4.24.2&#8243; _module_preset=&#8221;default&#8221; custom_margin_tablet=&#8221;&#8221; custom_margin_phone=&#8221;&#8221; custom_margin_last_edited=&#8221;on|phone&#8221; custom_padding=&#8221;|||54px|false|false&#8221; hover_enabled=&#8221;0&#8243; border_width_all=&#8221;5px&#8221; border_color_all=&#8221;#285d7c&#8221; global_colors_info=&#8221;{}&#8221; admin_label=&#8221;Imagen&#8221; sticky_enabled=&#8221;0&#8243;][\/et_pb_image][et_pb_image src=&#8221;https:\/\/blogsaverroes.juntadeandalucia.es\/cempedrogamezlaserna\/files\/2026\/03\/R6__6847-scaled.jpg&#8221; title_text=&#8221;R6__6847&#8243; align=&#8221;center&#8221; _builder_version=&#8221;4.24.2&#8243; _module_preset=&#8221;default&#8221; custom_margin_tablet=&#8221;&#8221; custom_margin_phone=&#8221;&#8221; custom_margin_last_edited=&#8221;on|phone&#8221; custom_padding=&#8221;|||54px|false|false&#8221; hover_enabled=&#8221;0&#8243; border_width_all=&#8221;5px&#8221; border_color_all=&#8221;#285d7c&#8221; global_colors_info=&#8221;{}&#8221; admin_label=&#8221;Imagen&#8221; sticky_enabled=&#8221;0&#8243;][\/et_pb_image][et_pb_image src=&#8221;https:\/\/blogsaverroes.juntadeandalucia.es\/cempedrogamezlaserna\/files\/2026\/03\/R6__6869-scaled.jpg&#8221; title_text=&#8221;R6__6869&#8243; align=&#8221;center&#8221; _builder_version=&#8221;4.24.2&#8243; _module_preset=&#8221;default&#8221; custom_margin_tablet=&#8221;&#8221; custom_margin_phone=&#8221;&#8221; custom_margin_last_edited=&#8221;on|phone&#8221; custom_padding=&#8221;|||54px|false|false&#8221; hover_enabled=&#8221;0&#8243; border_width_all=&#8221;5px&#8221; border_color_all=&#8221;#285d7c&#8221; global_colors_info=&#8221;{}&#8221; admin_label=&#8221;Imagen&#8221; sticky_enabled=&#8221;0&#8243;][\/et_pb_image][\/et_pb_column][\/et_pb_row][\/et_pb_section][et_pb_section fb_built=&#8221;1&#8243; _builder_version=&#8221;4.24.2&#8243; _module_preset=&#8221;default&#8221; custom_padding=&#8221;10px||5px|||&#8221; border_width_top=&#8221;3px&#8221; border_color_top=&#8221;#285d7c&#8221; locked=&#8221;off&#8221; global_colors_info=&#8221;{}&#8221;][et_pb_row column_structure=&#8221;1_2,1_2&#8243; _builder_version=&#8221;4.16&#8243; _module_preset=&#8221;default&#8221; custom_padding=&#8221;||3px|||&#8221; global_colors_info=&#8221;{}&#8221;][et_pb_column type=&#8221;1_2&#8243; _builder_version=&#8221;4.16&#8243; _module_preset=&#8221;default&#8221; global_colors_info=&#8221;{}&#8221;][et_pb_image src=&#8221;https:\/\/blogsaverroes.juntadeandalucia.es\/cempedrogamezlaserna\/files\/2023\/03\/Logo-ajustado.png&#8221; title_text=&#8221;Logo ajustado&#8221; align=&#8221;center&#8221; _builder_version=&#8221;4.16&#8243; _module_preset=&#8221;default&#8221; width=&#8221;76%&#8221; custom_margin=&#8221;-23px||||false|false&#8221; custom_padding=&#8221;20px|||||&#8221; global_colors_info=&#8221;{}&#8221;][\/et_pb_image][et_pb_text _builder_version=&#8221;4.16&#8243; _module_preset=&#8221;default&#8221; text_font=&#8221;Montserrat||||||||&#8221; custom_margin=&#8221;0px||||false|false&#8221; global_colors_info=&#8221;{}&#8221;]<\/p>\n<p style=\"text-align: center\">Consulta nuestra <a href=\"https:\/\/blogsaverroes.juntadeandalucia.es\/cempedrogamezlaserna\/politica-de-privacidad\/\">pol\u00edtica de privacidad<\/a> y <a href=\"https:\/\/blogsaverroes.juntadeandalucia.es\/cempedrogamezlaserna\/politica-cookies\/\">cookies<\/a><\/p>\n<p>[\/et_pb_text][\/et_pb_column][et_pb_column type=&#8221;1_2&#8243; _builder_version=&#8221;4.16&#8243; _module_preset=&#8221;default&#8221; global_colors_info=&#8221;{}&#8221;][et_pb_text _builder_version=&#8221;4.16&#8243; _module_preset=&#8221;default&#8221; header_font=&#8221;Montserrat||||||||&#8221; header_font_size=&#8221;20px&#8221; header_line_height=&#8221;0.8em&#8221; custom_margin=&#8221;||13px|||&#8221; global_colors_info=&#8221;{}&#8221;]<\/p>\n<h1 class=\"DUwDvf fontHeadlineLarge\" style=\"text-align: right\">Conservatorio elemental de m\u00fasica<\/h1>\n<h1 class=\"DUwDvf fontHeadlineLarge\" style=\"text-align: right\"><strong>Pedro G\u00e1mez Laserna<\/strong><\/h1>\n<p>[\/et_pb_text][et_pb_text _builder_version=&#8221;4.16&#8243; _module_preset=&#8221;default&#8221; header_font=&#8221;Montserrat||||||||&#8221; header_font_size=&#8221;23px&#8221; header_4_font=&#8221;Montserrat|300|||||||&#8221; header_4_font_size=&#8221;15px&#8221; header_4_line_height=&#8221;0.8em&#8221; custom_margin=&#8221;||6px|||&#8221; global_colors_info=&#8221;{}&#8221;]<\/p>\n<h4 class=\"DUwDvf fontHeadlineLarge\" style=\"text-align: right\">Calle Panadero, 30 ( P I Estrella ),<\/h4>\n<h4 class=\"DUwDvf fontHeadlineLarge\" style=\"text-align: right\">41100 Coria del R\u00edo, Sevilla,<\/h4>\n<p>[\/et_pb_text][et_pb_text _builder_version=&#8221;4.24.2&#8243; _module_preset=&#8221;default&#8221; header_font=&#8221;Montserrat||||||||&#8221; header_font_size=&#8221;23px&#8221; header_4_font=&#8221;Montserrat|300|||||||&#8221; header_4_font_size=&#8221;15px&#8221; header_4_line_height=&#8221;0.8em&#8221; custom_margin=&#8221;||13px|||&#8221; hover_enabled=&#8221;0&#8243; global_colors_info=&#8221;{}&#8221; sticky_enabled=&#8221;0&#8243;]<\/p>\n<h4 style=\"text-align: right\"><strong>Tel\u00e9fono:<\/strong> 955 622 559 \u00a0<strong>M\u00f3vil:<\/strong> 677 902 265<\/h4>\n<p>[\/et_pb_text][et_pb_text _builder_version=&#8221;4.16&#8243; _module_preset=&#8221;default&#8221; header_font=&#8221;Montserrat||||||||&#8221; header_font_size=&#8221;23px&#8221; header_4_font=&#8221;Montserrat|300|||||||&#8221; header_4_font_size=&#8221;15px&#8221; header_4_line_height=&#8221;0.8em&#8221; custom_margin=&#8221;||17px|||&#8221; global_colors_info=&#8221;{}&#8221;]<\/p>\n<h4 style=\"text-align: right\"><strong>Mail:<\/strong> <a href=\"mailto:41700786@g.educaand.es\">41700786@g.educaand.es<\/a><\/h4>\n<h4 style=\"text-align: right\">41700786.edu@juntadeandalucia.es<\/h4>\n<p>[\/et_pb_text][\/et_pb_column][\/et_pb_row][et_pb_row column_structure=&#8221;1_2,1_6,1_6,1_6&#8243; _builder_version=&#8221;4.16&#8243; _module_preset=&#8221;default&#8221; custom_padding=&#8221;1px||0px|||&#8221; global_colors_info=&#8221;{}&#8221;][et_pb_column type=&#8221;1_2&#8243; _builder_version=&#8221;4.16&#8243; _module_preset=&#8221;default&#8221; global_colors_info=&#8221;{}&#8221;][et_pb_text _builder_version=&#8221;4.16&#8243; _module_preset=&#8221;default&#8221; header_4_font=&#8221;Montserrat||||||||&#8221; header_4_text_color=&#8221;#285d7c&#8221; header_4_font_size=&#8221;21px&#8221; custom_margin=&#8221;17px|||-19px|false|false&#8221; global_colors_info=&#8221;{}&#8221;]<\/p>\n<h4 style=\"text-align: center\">Enlaces de inter\u00e9s:<\/h4>\n<p>[\/et_pb_text][\/et_pb_column][et_pb_column type=&#8221;1_6&#8243; _builder_version=&#8221;4.16&#8243; _module_preset=&#8221;default&#8221; global_colors_info=&#8221;{}&#8221;][et_pb_image src=&#8221;https:\/\/blogsaverroes.juntadeandalucia.es\/cempedrogamezlaserna\/files\/2022\/03\/ipasen.png&#8221; title_text=&#8221;ipasen&#8221; url=&#8221;https:\/\/seneca.juntadeandalucia.es\/seneca\/jsp\/portalpasen\/&#8221; _builder_version=&#8221;4.16&#8243; _module_preset=&#8221;default&#8221; transform_scale_tablet=&#8221;76%|76%&#8221; transform_scale_phone=&#8221;52%|52%&#8221; transform_scale_last_edited=&#8221;on|tablet&#8221; transform_translate_tablet=&#8221;-29px|-29px&#8221; transform_translate_phone=&#8221;10px|-176px&#8221; transform_translate_last_edited=&#8221;on|tablet&#8221; transform_translate_linked_phone=&#8221;off&#8221; transform_rotate_tablet=&#8221;&#8221; transform_rotate_phone=&#8221;&#8221; transform_rotate_last_edited=&#8221;on|tablet&#8221; transform_skew_tablet=&#8221;&#8221; transform_skew_phone=&#8221;&#8221; transform_skew_last_edited=&#8221;on|tablet&#8221; transform_origin_tablet=&#8221;&#8221; transform_origin_phone=&#8221;&#8221; transform_origin_last_edited=&#8221;on|tablet&#8221; transform_styles_last_edited=&#8221;on|tablet&#8221; width=&#8221;48%&#8221; custom_margin_tablet=&#8221;&#8221; custom_margin_phone=&#8221;31px||13px||false|false&#8221; custom_margin_last_edited=&#8221;on|phone&#8221; transform_styles_tablet=&#8221;&#8221; transform_styles_phone=&#8221;&#8221; global_colors_info=&#8221;{}&#8221;][\/et_pb_image][\/et_pb_column][et_pb_column type=&#8221;1_6&#8243; _builder_version=&#8221;4.16&#8243; _module_preset=&#8221;default&#8221; global_colors_info=&#8221;{}&#8221;][et_pb_image src=&#8221;https:\/\/blogsaverroes.juntadeandalucia.es\/cempedrogamezlaserna\/files\/2022\/03\/SECRETARIA_VITURAL_300.png&#8221; title_text=&#8221;SECRETARIA_VITURAL_300&#8243; url=&#8221;https:\/\/www.juntadeandalucia.es\/educacion\/secretariavirtual\/&#8221; _builder_version=&#8221;4.16&#8243; _module_preset=&#8221;default&#8221; transform_scale_tablet=&#8221;&#8221; transform_scale_phone=&#8221;&#8221; transform_scale_last_edited=&#8221;on|phone&#8221; transform_translate_tablet=&#8221;&#8221; transform_translate_phone=&#8221;-29px|-204px&#8221; transform_translate_last_edited=&#8221;on|phone&#8221; transform_translate_linked_phone=&#8221;off&#8221; transform_rotate_tablet=&#8221;&#8221; transform_rotate_phone=&#8221;&#8221; transform_rotate_last_edited=&#8221;on|phone&#8221; transform_skew_tablet=&#8221;&#8221; transform_skew_phone=&#8221;&#8221; transform_skew_last_edited=&#8221;on|phone&#8221; transform_origin_tablet=&#8221;&#8221; transform_origin_phone=&#8221;&#8221; transform_origin_last_edited=&#8221;on|phone&#8221; transform_styles_last_edited=&#8221;on|phone&#8221; width=&#8221;60%&#8221; custom_margin=&#8221;10px|0px||80px|false|false&#8221; custom_margin_tablet=&#8221;10px|0px||80px|false|false&#8221; custom_margin_phone=&#8221;28px||||false|false&#8221; custom_margin_last_edited=&#8221;on|desktop&#8221; transform_styles_tablet=&#8221;&#8221; transform_styles_phone=&#8221;&#8221; global_colors_info=&#8221;{}&#8221;][\/et_pb_image][\/et_pb_column][et_pb_column type=&#8221;1_6&#8243; _builder_version=&#8221;4.16&#8243; _module_preset=&#8221;default&#8221; global_colors_info=&#8221;{}&#8221;][et_pb_image src=&#8221;https:\/\/blogsaverroes.juntadeandalucia.es\/cempedrogamezlaserna\/files\/2022\/03\/Logo-Junta-de-Andalucia-2-1-1024&#215;992-1.png&#8221; title_text=&#8221;Logo-Junta-de-Andalucia-2-1-1024&#215;992&#8243; url=&#8221;https:\/\/www.juntadeandalucia.es\/educacion\/portals\/web\/ced\/&#8221; _builder_version=&#8221;4.16&#8243; _module_preset=&#8221;default&#8221; width=&#8221;51%&#8221; custom_margin=&#8221;|0px||70px|false|false&#8221; custom_margin_tablet=&#8221;|0px||70px|false|false&#8221; custom_margin_phone=&#8221;-244px|0px||65px|false|false&#8221; custom_margin_last_edited=&#8221;on|phone&#8221; global_colors_info=&#8221;{}&#8221;][\/et_pb_image][\/et_pb_column][\/et_pb_row][\/et_pb_section]<\/p>\n","protected":false},"excerpt":{"rendered":"<p>Pruebas de Acceso a Ense\u00f1anzas Profesionales Nuestro Conservatorio de M\u00fasica \u201cPedro G\u00e1mez Laserna\u201d de Coria del R\u00edo imparte los cuatro cursos que componen las Ense\u00f1anzas Elementales de M\u00fasica. Al finalizar los estudios en nuestro centro, el alumnado puede continuar su formaci\u00f3n accediendo a las Ense\u00f1anzas Profesionales de M\u00fasica. El D.O.F.E.I. de nuestro Conservatorio, en su [&hellip;]<\/p>\n","protected":false},"author":14445,"featured_media":0,"parent":0,"menu_order":0,"comment_status":"closed","ping_status":"closed","template":"","meta":{"_et_pb_use_builder":"on","_et_pb_old_content":"","_et_gb_content_width":"","footnotes":""},"aioseo_notices":[],"_links":{"self":[{"href":"https:\/\/blogsaverroes.juntadeandalucia.es\/cempedrogamezlaserna\/wp-json\/wp\/v2\/pages\/4298"}],"collection":[{"href":"https:\/\/blogsaverroes.juntadeandalucia.es\/cempedrogamezlaserna\/wp-json\/wp\/v2\/pages"}],"about":[{"href":"https:\/\/blogsaverroes.juntadeandalucia.es\/cempedrogamezlaserna\/wp-json\/wp\/v2\/types\/page"}],"author":[{"embeddable":true,"href":"https:\/\/blogsaverroes.juntadeandalucia.es\/cempedrogamezlaserna\/wp-json\/wp\/v2\/users\/14445"}],"replies":[{"embeddable":true,"href":"https:\/\/blogsaverroes.juntadeandalucia.es\/cempedrogamezlaserna\/wp-json\/wp\/v2\/comments?post=4298"}],"version-history":[{"count":20,"href":"https:\/\/blogsaverroes.juntadeandalucia.es\/cempedrogamezlaserna\/wp-json\/wp\/v2\/pages\/4298\/revisions"}],"predecessor-version":[{"id":4494,"href":"https:\/\/blogsaverroes.juntadeandalucia.es\/cempedrogamezlaserna\/wp-json\/wp\/v2\/pages\/4298\/revisions\/4494"}],"wp:attachment":[{"href":"https:\/\/blogsaverroes.juntadeandalucia.es\/cempedrogamezlaserna\/wp-json\/wp\/v2\/media?parent=4298"}],"curies":[{"name":"wp","href":"https:\/\/api.w.org\/{rel}","templated":true}]}}