{"id":1105,"date":"2023-08-01T11:58:45","date_gmt":"2023-08-01T09:58:45","guid":{"rendered":"https:\/\/blogsaverroes.juntadeandalucia.es\/centroadultospalmete\/?page_id=1105"},"modified":"2023-08-01T12:26:57","modified_gmt":"2023-08-01T10:26:57","slug":"espanol-para-inmigrantes","status":"publish","type":"page","link":"https:\/\/blogsaverroes.juntadeandalucia.es\/centroadultospalmete\/materiales\/espanol-para-inmigrantes\/","title":{"rendered":"Espa\u00f1ol para inmigrantes"},"content":{"rendered":"<p><strong><span style=\"color: #008000\">CUESTIONARIOS DE ACOGIDAS<\/span><\/strong><\/p>\n<ul>\n<li><a href=\"https:\/\/blogsaverroes.juntadeandalucia.es\/centroadultospalmete\/files\/2023\/08\/Introducci\u00f3n.pdf\">Introducci\u00f3n<\/a><\/li>\n<li><a href=\"https:\/\/blogsaverroes.juntadeandalucia.es\/centroadultospalmete\/files\/2023\/08\/Fichadocentes.pdf\">Ficha docentes<\/a><\/li>\n<li><a href=\"https:\/\/blogsaverroes.juntadeandalucia.es\/centroadultospalmete\/files\/2023\/08\/alem\u00e1n.pdf\">alem\u00e1n<\/a><\/li>\n<li><a href=\"https:\/\/blogsaverroes.juntadeandalucia.es\/centroadultospalmete\/files\/2023\/08\/\u00e1rabe.pdf\">\u00e1rabe<\/a><\/li>\n<li><a href=\"https:\/\/blogsaverroes.juntadeandalucia.es\/centroadultospalmete\/files\/2023\/08\/bulgaro.pdf\">b\u00falgaro<\/a><\/li>\n<li><a href=\"https:\/\/blogsaverroes.juntadeandalucia.es\/centroadultospalmete\/files\/2023\/08\/chino.pdf\">chino<\/a><\/li>\n<li><a href=\"https:\/\/blogsaverroes.juntadeandalucia.es\/centroadultospalmete\/files\/2023\/08\/crioulo.pdf\">crioulo<\/a><\/li>\n<li><a href=\"https:\/\/blogsaverroes.juntadeandalucia.es\/centroadultospalmete\/files\/2023\/08\/ewe.pdf\">ewe<\/a><\/li>\n<li><a href=\"https:\/\/blogsaverroes.juntadeandalucia.es\/centroadultospalmete\/files\/2023\/08\/franc\u00e9s.pdf\">franc\u00e9s<\/a><\/li>\n<li><a href=\"https:\/\/blogsaverroes.juntadeandalucia.es\/centroadultospalmete\/files\/2023\/08\/h\u00fangaro.pdf\">h\u00fangaro<\/a><\/li>\n<li><a href=\"https:\/\/blogsaverroes.juntadeandalucia.es\/centroadultospalmete\/files\/2023\/08\/ingl\u00e9s.pdf\">ingl\u00e9s<\/a><\/li>\n<li><a href=\"https:\/\/blogsaverroes.juntadeandalucia.es\/centroadultospalmete\/files\/2023\/08\/italiano.pdf\">italiano<\/a><\/li>\n<li><a href=\"https:\/\/blogsaverroes.juntadeandalucia.es\/centroadultospalmete\/files\/2023\/08\/mandinkoo.pdf\">mandinkoo<\/a><\/li>\n<li><a href=\"https:\/\/blogsaverroes.juntadeandalucia.es\/centroadultospalmete\/files\/2023\/08\/portugu\u00e9s.pdf\">portugu\u00e9s<\/a><\/li>\n<li><a href=\"https:\/\/blogsaverroes.juntadeandalucia.es\/centroadultospalmete\/files\/2023\/08\/pular.pdf\">pular<\/a><\/li>\n<li><a href=\"https:\/\/blogsaverroes.juntadeandalucia.es\/centroadultospalmete\/files\/2023\/08\/rumano.pdf\">rumano<\/a><\/li>\n<li><a href=\"https:\/\/blogsaverroes.juntadeandalucia.es\/centroadultospalmete\/files\/2023\/08\/ruso.pdf\">ruso<\/a><\/li>\n<li><a href=\"https:\/\/blogsaverroes.juntadeandalucia.es\/centroadultospalmete\/files\/2023\/08\/wolof.pdf\">wolof<\/a><\/li>\n<\/ul>\n<p><strong><span style=\"color: #008000\">EL ESPA\u00d1OL NOS UNE<\/span><\/strong><\/p>\n<ul>\n<li><a href=\"https:\/\/blogsaverroes.juntadeandalucia.es\/centroadultospalmete\/files\/2023\/08\/El-espa\u00f1ol-nos-une-unidad_1.pdf\">El espa\u00f1ol nos une unidad_1<\/a><\/li>\n<li><a href=\"https:\/\/blogsaverroes.juntadeandalucia.es\/centroadultospalmete\/files\/2023\/08\/El-espa\u00f1ol-nos-une-unidad_2.pdf\">El espa\u00f1ol nos une unidad_2<\/a><\/li>\n<li><a href=\"https:\/\/blogsaverroes.juntadeandalucia.es\/centroadultospalmete\/files\/2023\/08\/El-espa\u00f1ol-nos-une-unidad_3.pdf\">El espa\u00f1ol nos une unidad_3<\/a><\/li>\n<li><a href=\"https:\/\/blogsaverroes.juntadeandalucia.es\/centroadultospalmete\/files\/2023\/08\/El-espa\u00f1ol-nos-une-unidad_4.pdf\">El espa\u00f1ol nos une unidad_4<\/a><\/li>\n<li><a href=\"https:\/\/blogsaverroes.juntadeandalucia.es\/centroadultospalmete\/files\/2023\/08\/El-espa\u00f1ol-nos-une-unidad_5.pdf\">El espa\u00f1ol nos une unidad_5<\/a><\/li>\n<li><a href=\"https:\/\/blogsaverroes.juntadeandalucia.es\/centroadultospalmete\/files\/2023\/08\/El-espa\u00f1ol-nos-une-unidad_6.pdf\">El espa\u00f1ol nos une unidad_6<\/a><\/li>\n<\/ul>\n<p><strong><span style=\"color: #008000\">GU\u00cdAS DE CONVERSACI\u00d3N<\/span><\/strong><\/p>\n<ul>\n<li><a href=\"https:\/\/blogsaverroes.juntadeandalucia.es\/centroadultospalmete\/files\/2023\/08\/gu\u00eda-\u00e1rabe.pdf\">gu\u00eda \u00e1rabe<\/a><\/li>\n<li><a href=\"https:\/\/blogsaverroes.juntadeandalucia.es\/centroadultospalmete\/files\/2023\/08\/gu\u00eda-china.pdf\">gu\u00eda china<\/a><\/li>\n<li><a href=\"https:\/\/blogsaverroes.juntadeandalucia.es\/centroadultospalmete\/files\/2023\/08\/gu\u00eda-portuguesa.pdf\">gu\u00eda portuguesa<\/a><\/li>\n<li><a href=\"https:\/\/blogsaverroes.juntadeandalucia.es\/centroadultospalmete\/files\/2023\/08\/gu\u00eda-rumana.pdf\">gu\u00eda rumana<\/a><\/li>\n<li><a href=\"https:\/\/blogsaverroes.juntadeandalucia.es\/centroadultospalmete\/files\/2023\/08\/gu\u00eda-rusa.pdf\">gu\u00eda rusa<\/a><\/li>\n<\/ul>\n","protected":false},"excerpt":{"rendered":"<p>CUESTIONARIOS DE ACOGIDAS Introducci\u00f3n Ficha docentes alem\u00e1n \u00e1rabe b\u00falgaro chino crioulo ewe franc\u00e9s h\u00fangaro ingl\u00e9s italiano mandinkoo portugu\u00e9s pular rumano ruso wolof EL ESPA\u00d1OL NOS UNE El espa\u00f1ol nos une unidad_1 El espa\u00f1ol nos&#46;&#46;&#46;<\/p>\n","protected":false},"author":6214,"featured_media":0,"parent":833,"menu_order":0,"comment_status":"closed","ping_status":"closed","template":"page-templates\/child-menu.php","meta":{"ngg_post_thumbnail":0,"footnotes":""},"aioseo_notices":[],"_links":{"self":[{"href":"https:\/\/blogsaverroes.juntadeandalucia.es\/centroadultospalmete\/wp-json\/wp\/v2\/pages\/1105"}],"collection":[{"href":"https:\/\/blogsaverroes.juntadeandalucia.es\/centroadultospalmete\/wp-json\/wp\/v2\/pages"}],"about":[{"href":"https:\/\/blogsaverroes.juntadeandalucia.es\/centroadultospalmete\/wp-json\/wp\/v2\/types\/page"}],"author":[{"embeddable":true,"href":"https:\/\/blogsaverroes.juntadeandalucia.es\/centroadultospalmete\/wp-json\/wp\/v2\/users\/6214"}],"replies":[{"embeddable":true,"href":"https:\/\/blogsaverroes.juntadeandalucia.es\/centroadultospalmete\/wp-json\/wp\/v2\/comments?post=1105"}],"version-history":[{"count":5,"href":"https:\/\/blogsaverroes.juntadeandalucia.es\/centroadultospalmete\/wp-json\/wp\/v2\/pages\/1105\/revisions"}],"predecessor-version":[{"id":1140,"href":"https:\/\/blogsaverroes.juntadeandalucia.es\/centroadultospalmete\/wp-json\/wp\/v2\/pages\/1105\/revisions\/1140"}],"up":[{"embeddable":true,"href":"https:\/\/blogsaverroes.juntadeandalucia.es\/centroadultospalmete\/wp-json\/wp\/v2\/pages\/833"}],"wp:attachment":[{"href":"https:\/\/blogsaverroes.juntadeandalucia.es\/centroadultospalmete\/wp-json\/wp\/v2\/media?parent=1105"}],"curies":[{"name":"wp","href":"https:\/\/api.w.org\/{rel}","templated":true}]}}