{"id":648,"date":"2023-06-19T19:25:25","date_gmt":"2023-06-19T17:25:25","guid":{"rendered":"https:\/\/blogsaverroes.juntadeandalucia.es\/centroadultospalmete\/?page_id=648"},"modified":"2023-07-02T10:28:55","modified_gmt":"2023-07-02T08:28:55","slug":"recomendamos","status":"publish","type":"page","link":"https:\/\/blogsaverroes.juntadeandalucia.es\/centroadultospalmete\/materiales\/recomendamos\/","title":{"rendered":"P\u00e1ginas web"},"content":{"rendered":"<p>Recomendamos la siguiente p\u00e1gina sobre la Exposici\u00f3n Iberoamericana de 1929 celebrada en Sevilla<\/p>\n<p><a href=\"http:\/\/exposicioniberoamericanadesevilla1929.blogspot.com\/\">http:\/\/exposicioniberoamericanadesevilla1929.blogspot.com\/<\/a><\/p>\n","protected":false},"excerpt":{"rendered":"<p>Recomendamos la siguiente p\u00e1gina sobre la Exposici\u00f3n Iberoamericana de 1929 celebrada en Sevilla http:\/\/exposicioniberoamericanadesevilla1929.blogspot.com\/<\/p>\n","protected":false},"author":6214,"featured_media":0,"parent":833,"menu_order":0,"comment_status":"closed","ping_status":"closed","template":"page-templates\/child-menu.php","meta":{"ngg_post_thumbnail":0,"footnotes":""},"aioseo_notices":[],"_links":{"self":[{"href":"https:\/\/blogsaverroes.juntadeandalucia.es\/centroadultospalmete\/wp-json\/wp\/v2\/pages\/648"}],"collection":[{"href":"https:\/\/blogsaverroes.juntadeandalucia.es\/centroadultospalmete\/wp-json\/wp\/v2\/pages"}],"about":[{"href":"https:\/\/blogsaverroes.juntadeandalucia.es\/centroadultospalmete\/wp-json\/wp\/v2\/types\/page"}],"author":[{"embeddable":true,"href":"https:\/\/blogsaverroes.juntadeandalucia.es\/centroadultospalmete\/wp-json\/wp\/v2\/users\/6214"}],"replies":[{"embeddable":true,"href":"https:\/\/blogsaverroes.juntadeandalucia.es\/centroadultospalmete\/wp-json\/wp\/v2\/comments?post=648"}],"version-history":[{"count":2,"href":"https:\/\/blogsaverroes.juntadeandalucia.es\/centroadultospalmete\/wp-json\/wp\/v2\/pages\/648\/revisions"}],"predecessor-version":[{"id":832,"href":"https:\/\/blogsaverroes.juntadeandalucia.es\/centroadultospalmete\/wp-json\/wp\/v2\/pages\/648\/revisions\/832"}],"up":[{"embeddable":true,"href":"https:\/\/blogsaverroes.juntadeandalucia.es\/centroadultospalmete\/wp-json\/wp\/v2\/pages\/833"}],"wp:attachment":[{"href":"https:\/\/blogsaverroes.juntadeandalucia.es\/centroadultospalmete\/wp-json\/wp\/v2\/media?parent=648"}],"curies":[{"name":"wp","href":"https:\/\/api.w.org\/{rel}","templated":true}]}}