{"id":701,"date":"2023-06-26T13:24:15","date_gmt":"2023-06-26T11:24:15","guid":{"rendered":"https:\/\/blogsaverroes.juntadeandalucia.es\/centroadultospalmete\/?page_id=701"},"modified":"2024-08-27T07:29:49","modified_gmt":"2024-08-27T05:29:49","slug":"cuentos","status":"publish","type":"page","link":"https:\/\/blogsaverroes.juntadeandalucia.es\/centroadultospalmete\/598-2\/cuentos\/","title":{"rendered":"Cuentos"},"content":{"rendered":"<ul>\n<li><a href=\"https:\/\/blogsaverroes.juntadeandalucia.es\/centroadultospalmete\/files\/2023\/07\/EL-LICOR-DE-SAN-SEREN\u00cdN.pdf\"><span style=\"color: #008000\">EL LICOR DE SAN SEREN\u00cdN &#8211; \u00c1LVARO DE LAIGLESIA<\/span><\/a><\/li>\n<li><a href=\"https:\/\/blogsaverroes.juntadeandalucia.es\/centroadultospalmete\/files\/2023\/07\/EMIGRANTE-EN-EL-ASCENSOR-\u00c1LVARO-DE-LAIGLESIA.pdf\"><span style=\"color: #008000\">EMIGRANTE EN EL ASCENSOR &#8211; \u00c1LVARO DE LAIGLESIA<\/span><\/a><\/li>\n<li><span style=\"color: #008000\"><a style=\"color: #008000\" href=\"https:\/\/blogsaverroes.juntadeandalucia.es\/centroadultospalmete\/files\/2023\/06\/LA-CAZA-DEL-AVI\u00d3N-\u00c1LVARO-DE-LAIGLESIA.pdf\">LA CAZA DEL AVI\u00d3N &#8211; \u00c1LVARO DE LAIGLESIA<\/a><\/span><\/li>\n<li><span style=\"color: #008000\"><a style=\"color: #008000\" href=\"https:\/\/blogsaverroes.juntadeandalucia.es\/centroadultospalmete\/files\/2023\/06\/PARTIDA-DE-NACIMIENTO-\u00c1LVARO-DE-LAIGLESIA.pdf\">PARTIDA DE NACIMIENTO &#8211; \u00c1LVARO DE LAIGLESIA<\/a><\/span><\/li>\n<li><span style=\"color: #008000\"><a style=\"color: #008000\" href=\"https:\/\/blogsaverroes.juntadeandalucia.es\/centroadultospalmete\/files\/2023\/06\/CARNE-HUMANA-EN-LA-DESPENSA-\u00c1LVARO-DE-LAIGLESIA.pdf\">CARNE HUMANA EN LA DESPENSA- \u00c1LVARO DE LAIGLESIA<\/a><\/span><\/li>\n<li><span style=\"color: #008000\"><a style=\"color: #008000\" href=\"https:\/\/blogsaverroes.juntadeandalucia.es\/centroadultospalmete\/files\/2023\/07\/D\u00cdGASELO-CON-FLORES-\u00c1LVARO-DE-LAIGLESIA.pdf\">D\u00cdGASELO CON FLORES &#8211;&nbsp; \u00c1LVARO DE LAIGLESIA<\/a><\/span><\/li>\n<li><span style=\"color: #008000\"><a style=\"color: #008000\" href=\"https:\/\/blogsaverroes.juntadeandalucia.es\/centroadultospalmete\/files\/2023\/07\/EN-BUSCA-DE-LA-FELICIDAD.pdf\">EN BUSCA DE LA FELICIDAD &#8211;&nbsp; \u00c1LVARO DE LAIGLESIA<\/a><\/span><\/li>\n<li><a href=\"https:\/\/blogsaverroes.juntadeandalucia.es\/centroadultospalmete\/files\/2024\/08\/SIMPLEMENTE-INGRID.pdf\"><span style=\"color: #008000\">SIMPLEMENTE INGRID \u00c1LVARO DE LAIGLESIA<\/span><\/a><\/li>\n<li><a href=\"https:\/\/blogsaverroes.juntadeandalucia.es\/centroadultospalmete\/files\/2024\/07\/LAS-FABULAS-DE-ESOPO.pdf\"><span style=\"color: #008000\">LAS F\u00c1BULAS &#8211; &nbsp;ESOPO<\/span><\/a><\/li>\n<li><span style=\"color: #008000\"><a style=\"color: #008000\" href=\"https:\/\/blogsaverroes.juntadeandalucia.es\/centroadultospalmete\/files\/2024\/08\/EL-CUENTO-DE-NAVIDAD-DE-AUGGIE-WREN-PAUL-AUSTER.pdf\">EL CUENTO DE NAVIDAD DE AUGGIE WREN PAUL AUSTER<\/a><\/span><\/li>\n<li><a href=\"https:\/\/blogsaverroes.juntadeandalucia.es\/centroadultospalmete\/files\/2024\/08\/EL-DUO-DE-LA-TOS-LEOPOLDO-ALAS-CLARIN.pdf\"><span style=\"color: #008000\">EL DUO DE LA TOS LEOPOLDO ALAS CLAR\u00cdN<\/span><\/a><\/li>\n<li><a href=\"https:\/\/blogsaverroes.juntadeandalucia.es\/centroadultospalmete\/files\/2024\/08\/EL-HOMBRE-QUE-PLANTABA-ARBOLES.pdf\"><span style=\"color: #008000\">EL HOMBRE QUE PLANTABA \u00c1RBOLES JEAN GIONO<\/span><\/a><\/li>\n<li><span style=\"color: #008000\"><a style=\"color: #008000\" href=\"https:\/\/blogsaverroes.juntadeandalucia.es\/centroadultospalmete\/files\/2024\/08\/EL-ENCAJE-ROTO-EMILIA-PARDO-BAZAN.pdf\">EL ENCAJE ROTO EMILIA PARDO BAZ\u00c1N<\/a><\/span><\/li>\n<li><span style=\"color: #008000\"><a style=\"color: #008000\" href=\"https:\/\/blogsaverroes.juntadeandalucia.es\/centroadultospalmete\/files\/2024\/08\/EL-INDULTO-EMILIA-PARDO-BAZAN.pdf\">EL INDULTO EMILIA PARDO BAZ\u00c1N<\/a><\/span><\/li>\n<li><span style=\"color: #008000\"><a style=\"color: #008000\" href=\"https:\/\/blogsaverroes.juntadeandalucia.es\/centroadultospalmete\/files\/2024\/08\/LA-MAYORAZGA-DE-BOUZAS-EMILIA-PARDO-BAZAN.pdf\">LA MAYORAZGA DE BOUZAS EMILIA PARDO BAZAN<\/a><\/span><\/li>\n<li><a href=\"https:\/\/blogsaverroes.juntadeandalucia.es\/centroadultospalmete\/files\/2024\/08\/SOLO-VINE-A-LLAMAR-POR-TELEFONO-GABRIEL-GARCIA-MARQUEZ.pdf\"><span style=\"color: #008000\">S\u00d3LO VINE A LLAMAR POR TEL\u00c9FONO GABRIEL GARC\u00cdA M\u00c1RQUEZ<\/span><\/a><\/li>\n<li><a href=\"https:\/\/blogsaverroes.juntadeandalucia.es\/centroadultospalmete\/files\/2024\/08\/CRUCERO-HACIA-LA-MUERTE-ALVARO-DE-LAIGLESIA-.pdf\"><span style=\"color: #008000\">CRUCERO HACIA LA MUERTE \u00c1LVARO DE LAIGLESIA<\/span><\/a><\/li>\n<li><span style=\"color: #008000\"><a style=\"color: #008000\" href=\"https:\/\/blogsaverroes.juntadeandalucia.es\/centroadultospalmete\/files\/2024\/08\/EL-MUCHACHO-QUE-PERDIO-LA-VERGUENZA-ALVRO-DE-LAIGLESIA.pdf\">EL MUCHACHO QUE PERDI\u00d3 LA VERG\u00dcENZA \u00c1LVRO DE LAIGLESIA<\/a><\/span><\/li>\n<li><span style=\"color: #008000\"><a style=\"color: #008000\" href=\"https:\/\/blogsaverroes.juntadeandalucia.es\/centroadultospalmete\/files\/2024\/08\/EL-NACIMIENTO-DEL-RIO-ALVARO-DE-LAIGLESIA.pdf\">EL NACIMIENTO DEL R\u00cdO- \u00c1LVARO DE LAIGLESIA<\/a><\/span><\/li>\n<li><span style=\"color: #008000\"><a style=\"color: #008000\" href=\"https:\/\/blogsaverroes.juntadeandalucia.es\/centroadultospalmete\/files\/2024\/08\/EL-VENENO-DE-LA-FELICIDAD-ALVARO-DE-LAIGLESIA.pdf\">EL VENENO DE LA FELICIDAD \u00c1LVARO DE LAIGLESIA<\/a><\/span><\/li>\n<li><span style=\"color: #008000\"><a style=\"color: #008000\" href=\"https:\/\/blogsaverroes.juntadeandalucia.es\/centroadultospalmete\/files\/2024\/08\/ENTUSIASMO-ALVARO-DE-LAIGLESIA.pdf\">ENTUSIASMO \u00c1LVARO DE LAIGLESIA<\/a><\/span><\/li>\n<li><span style=\"color: #008000\"><a style=\"color: #008000\" href=\"https:\/\/blogsaverroes.juntadeandalucia.es\/centroadultospalmete\/files\/2024\/08\/LA-DOLCE-MUERTE-ALVARO-DE-LAIGLESIA.pdf\">LA DOLCE MUERTE \u00c1LVARO DE LAIGLESIA<\/a><\/span><\/li>\n<li><span style=\"color: #008000\"><a style=\"color: #008000\" href=\"https:\/\/blogsaverroes.juntadeandalucia.es\/centroadultospalmete\/files\/2024\/08\/LA-PROCESION-VA-POR-DENTRO-ALVARO-DE-LAIGLESIA.pdf\">LA PROCESI\u00d3N VA POR DENTRO \u00c1LVARO DE LAIGLESIA<\/a><\/span><\/li>\n<li><a href=\"https:\/\/blogsaverroes.juntadeandalucia.es\/centroadultospalmete\/files\/2024\/08\/LA-PROMESA-ALVARO-DE-LAIGLESIA.pdf\"><span style=\"color: #008000\">LA PROMESA&nbsp; \u00c1LVARO DE LAIGLESIA<\/span><\/a><\/li>\n<li><span style=\"color: #008000\"><a style=\"color: #008000\" href=\"https:\/\/blogsaverroes.juntadeandalucia.es\/centroadultospalmete\/files\/2024\/08\/LA-VOZ-DE-LA-CAPSULA-ALVARO-DE-LAIGLESIA.pdf\">LA VOZ DE LA C\u00c1PSULA \u00c1LVARO DE LAIGLESIA<\/a><\/span><\/li>\n<li><span style=\"color: #008000\"><a style=\"color: #008000\" href=\"https:\/\/blogsaverroes.juntadeandalucia.es\/centroadultospalmete\/files\/2024\/08\/LOGRONO-MON-AMOUR-ALVARO-DE-LA-IGLESIA.pdf\">LOGRO\u00d1O, MON AMOUR \u00c1LVARO DE LA IGLESIA<\/a><\/span><\/li>\n<li><span style=\"color: #008000\"><a style=\"color: #008000\" href=\"https:\/\/blogsaverroes.juntadeandalucia.es\/centroadultospalmete\/files\/2024\/08\/MORIR-JUNTO-ALVARO-DE-LAIGLESIA.pdf\">MORIR JUNTO \u00c1LVARO DE LAIGLESIA<\/a><\/span><\/li>\n<li><span style=\"color: #008000\"><a style=\"color: #008000\" href=\"https:\/\/blogsaverroes.juntadeandalucia.es\/centroadultospalmete\/files\/2024\/08\/NINGUN-HOMBRE-EN-CASA-ALVARO-DE-LAIGLESIA.pdf\">NING\u00daN HOMBRE EN CASA- \u00c1LVARO DE LAIGLESIA<\/a><\/span><\/li>\n<li><span style=\"color: #008000\"><a style=\"color: #008000\" href=\"https:\/\/blogsaverroes.juntadeandalucia.es\/centroadultospalmete\/files\/2024\/08\/PECES-DE-CARRETERA.-ALVARO-DE-LAIGLESIA.pdf\">PECES DE CARRETERA. ALVARO DE LAIGLESIA<\/a><\/span><\/li>\n<li><span style=\"color: #008000\"><a style=\"color: #008000\" href=\"https:\/\/blogsaverroes.juntadeandalucia.es\/centroadultospalmete\/files\/2024\/08\/SE-BUSCA-REY-EN-BUEN-ESTADO-ALVARO-DE-LAIGLESIA.pdf\">SE BUSCA REY EN BUEN ESTADO-\u00c1LVARO DE LAIGLESIA<\/a><\/span><\/li>\n<li><span style=\"color: #008000\"><a style=\"color: #008000\" href=\"https:\/\/blogsaverroes.juntadeandalucia.es\/centroadultospalmete\/files\/2024\/08\/UN-GOLPE-DE-TELEFONO-ALVARO-DE-LAIGLESIA.pdf\">UN GOLPE DE TEL\u00c9FONO \u00c1LVARO DE LAIGLESIA<\/a><\/span><\/li>\n<li><span style=\"color: #008000\"><a style=\"color: #008000\" href=\"https:\/\/blogsaverroes.juntadeandalucia.es\/centroadultospalmete\/files\/2024\/08\/UN-TRONO-PARA-MI-HIJO-ALVARO-DE-LAIGLESIA.pdf\">UN TRONO PARA MI HIJO \u00c1LVARO DE LAIGLESIA<\/a><\/span><\/li>\n<li><span style=\"color: #008000\"><a style=\"color: #008000\" href=\"https:\/\/blogsaverroes.juntadeandalucia.es\/centroadultospalmete\/files\/2024\/08\/UN-TURISTA-EXCEPCIONAL-ALVARO-DE-LAIGLESIA.pdf\">UN TURISTA EXCEPCIONAL \u00c1LVARO DE LAIGLESIA<\/a><\/span><\/li>\n<\/ul>\n","protected":false},"excerpt":{"rendered":"<p>EL LICOR DE SAN SEREN\u00cdN &#8211; \u00c1LVARO DE LAIGLESIA EMIGRANTE EN EL ASCENSOR &#8211; \u00c1LVARO DE LAIGLESIA LA CAZA DEL AVI\u00d3N &#8211; \u00c1LVARO DE LAIGLESIA PARTIDA DE NACIMIENTO &#8211; \u00c1LVARO DE LAIGLESIA CARNE HUMANA&#46;&#46;&#46;<\/p>\n","protected":false},"author":6214,"featured_media":0,"parent":598,"menu_order":0,"comment_status":"closed","ping_status":"closed","template":"","meta":{"ngg_post_thumbnail":0,"footnotes":""},"aioseo_notices":[],"_links":{"self":[{"href":"https:\/\/blogsaverroes.juntadeandalucia.es\/centroadultospalmete\/wp-json\/wp\/v2\/pages\/701"}],"collection":[{"href":"https:\/\/blogsaverroes.juntadeandalucia.es\/centroadultospalmete\/wp-json\/wp\/v2\/pages"}],"about":[{"href":"https:\/\/blogsaverroes.juntadeandalucia.es\/centroadultospalmete\/wp-json\/wp\/v2\/types\/page"}],"author":[{"embeddable":true,"href":"https:\/\/blogsaverroes.juntadeandalucia.es\/centroadultospalmete\/wp-json\/wp\/v2\/users\/6214"}],"replies":[{"embeddable":true,"href":"https:\/\/blogsaverroes.juntadeandalucia.es\/centroadultospalmete\/wp-json\/wp\/v2\/comments?post=701"}],"version-history":[{"count":20,"href":"https:\/\/blogsaverroes.juntadeandalucia.es\/centroadultospalmete\/wp-json\/wp\/v2\/pages\/701\/revisions"}],"predecessor-version":[{"id":1521,"href":"https:\/\/blogsaverroes.juntadeandalucia.es\/centroadultospalmete\/wp-json\/wp\/v2\/pages\/701\/revisions\/1521"}],"up":[{"embeddable":true,"href":"https:\/\/blogsaverroes.juntadeandalucia.es\/centroadultospalmete\/wp-json\/wp\/v2\/pages\/598"}],"wp:attachment":[{"href":"https:\/\/blogsaverroes.juntadeandalucia.es\/centroadultospalmete\/wp-json\/wp\/v2\/media?parent=701"}],"curies":[{"name":"wp","href":"https:\/\/api.w.org\/{rel}","templated":true}]}}