{"id":840,"date":"2023-07-02T10:33:51","date_gmt":"2023-07-02T08:33:51","guid":{"rendered":"https:\/\/blogsaverroes.juntadeandalucia.es\/centroadultospalmete\/?page_id=840"},"modified":"2025-06-20T09:06:08","modified_gmt":"2025-06-20T07:06:08","slug":"lengua","status":"publish","type":"page","link":"https:\/\/blogsaverroes.juntadeandalucia.es\/centroadultospalmete\/materiales\/lengua\/","title":{"rendered":"Lengua"},"content":{"rendered":"<ul>\n<li><a href=\"https:\/\/blogsaverroes.juntadeandalucia.es\/centroadultospalmete\/files\/2023\/07\/90-LECTURAS-ADULTOS.pdf\"><span style=\"color: #008000\">90 LECTURAS ADULTOS<\/span><\/a><\/li>\n<li><a href=\"https:\/\/blogsaverroes.juntadeandalucia.es\/centroadultospalmete\/files\/2023\/07\/Cuaderno-Escritura-Creativa-Primaria.pdf\"><span style=\"color: #008000\">Cuaderno Escritura Creativa (Primaria)<\/span><\/a><\/li>\n<\/ul>\n<p><strong><span style=\"color: #008000\">ALFABETIZACI\u00d3N<\/span><\/strong><\/p>\n<ul>\n<li><span style=\"color: #008000\"><a style=\"color: #008000\" href=\"https:\/\/blogsaverroes.juntadeandalucia.es\/centroadultospalmete\/files\/2024\/08\/ACTIVIDADES-LECTOESCRITURA-1.pdf\">ACTIVIDADES LECTOESCRITURA 1<\/a><\/span><\/li>\n<li><a href=\"https:\/\/blogsaverroes.juntadeandalucia.es\/centroadultospalmete\/files\/2024\/08\/TALLER-DE-CALIGRAFIA.pdf\"><span style=\"color: #008000\">TALLER DE CALIGRAF\u00cdA<\/span><\/a><\/li>\n<li><a href=\"https:\/\/blogsaverroes.juntadeandalucia.es\/centroadultospalmete\/files\/2024\/08\/CUADERNO-DE-CALIGRAFIA-didactalia.pdf\"><span style=\"color: #008000\">CUADERNO DE CALIGRAF\u00cdA didactalia<\/span><\/a><\/li>\n<li><a href=\"https:\/\/blogsaverroes.juntadeandalucia.es\/centroadultospalmete\/files\/2024\/08\/70-EJERCICIOS-PARA-ESTIMULAR-LA-COMPRENSION-LECTORA-1-basico.pdf\"><span style=\"color: #008000\">70 EJERCICIOS PARA ESTIMULAR LA COMPRENSI\u00d3N LECTORA 1 -b\u00e1sico<\/span><\/a><\/li>\n<li><a href=\"https:\/\/blogsaverroes.juntadeandalucia.es\/centroadultospalmete\/files\/2024\/08\/FICHAS-COMPRENSIONLECTORA-1-CEP-POLIGONO-SUR.pdf\"><span style=\"color: #008000\">FICHAS COMPRENSI\u00d3N LECTORA 1 CEP POL\u00cdGONO SUR<\/span><\/a><\/li>\n<li><span style=\"color: #008000\"><a style=\"color: #008000\" href=\"https:\/\/blogsaverroes.juntadeandalucia.es\/centroadultospalmete\/files\/2024\/08\/FICHAS-COMPRENSION-LECTORA-2-SEP-PALMETE.pdf\">FICHAS COMPRENSI\u00d3N LECTORA 2 SEP PALMETE<\/a><\/span><\/li>\n<li><span style=\"color: #008000\"><a style=\"color: #008000\" href=\"https:\/\/blogsaverroes.juntadeandalucia.es\/centroadultospalmete\/files\/2024\/08\/MODELOS-DE-PAUTAS-PARA-ESCRIBIR.pdf\">MODELOS DE PAUTAS PARA ESCRIBIR<\/a><\/span><\/li>\n<\/ul>\n<p><strong><span style=\"color: #008000\">FIB<\/span><\/strong><\/p>\n<ul>\n<li><a href=\"https:\/\/blogsaverroes.juntadeandalucia.es\/centroadultospalmete\/files\/2025\/06\/LENGUAJE-1.pdf\"><span style=\"color: #008000\">LENGUAJE 1<\/span><\/a><\/li>\n<\/ul>\n","protected":false},"excerpt":{"rendered":"<p>90 LECTURAS ADULTOS Cuaderno Escritura Creativa (Primaria) ALFABETIZACI\u00d3N ACTIVIDADES LECTOESCRITURA 1 TALLER DE CALIGRAF\u00cdA CUADERNO DE CALIGRAF\u00cdA didactalia 70 EJERCICIOS PARA ESTIMULAR LA COMPRENSI\u00d3N LECTORA 1 -b\u00e1sico FICHAS COMPRENSI\u00d3N LECTORA 1 CEP POL\u00cdGONO SUR&#46;&#46;&#46;<\/p>\n","protected":false},"author":6214,"featured_media":0,"parent":833,"menu_order":0,"comment_status":"closed","ping_status":"closed","template":"page-templates\/child-menu.php","meta":{"ngg_post_thumbnail":0,"footnotes":""},"aioseo_notices":[],"_links":{"self":[{"href":"https:\/\/blogsaverroes.juntadeandalucia.es\/centroadultospalmete\/wp-json\/wp\/v2\/pages\/840"}],"collection":[{"href":"https:\/\/blogsaverroes.juntadeandalucia.es\/centroadultospalmete\/wp-json\/wp\/v2\/pages"}],"about":[{"href":"https:\/\/blogsaverroes.juntadeandalucia.es\/centroadultospalmete\/wp-json\/wp\/v2\/types\/page"}],"author":[{"embeddable":true,"href":"https:\/\/blogsaverroes.juntadeandalucia.es\/centroadultospalmete\/wp-json\/wp\/v2\/users\/6214"}],"replies":[{"embeddable":true,"href":"https:\/\/blogsaverroes.juntadeandalucia.es\/centroadultospalmete\/wp-json\/wp\/v2\/comments?post=840"}],"version-history":[{"count":12,"href":"https:\/\/blogsaverroes.juntadeandalucia.es\/centroadultospalmete\/wp-json\/wp\/v2\/pages\/840\/revisions"}],"predecessor-version":[{"id":1559,"href":"https:\/\/blogsaverroes.juntadeandalucia.es\/centroadultospalmete\/wp-json\/wp\/v2\/pages\/840\/revisions\/1559"}],"up":[{"embeddable":true,"href":"https:\/\/blogsaverroes.juntadeandalucia.es\/centroadultospalmete\/wp-json\/wp\/v2\/pages\/833"}],"wp:attachment":[{"href":"https:\/\/blogsaverroes.juntadeandalucia.es\/centroadultospalmete\/wp-json\/wp\/v2\/media?parent=840"}],"curies":[{"name":"wp","href":"https:\/\/api.w.org\/{rel}","templated":true}]}}