{"id":850,"date":"2023-07-02T10:35:17","date_gmt":"2023-07-02T08:35:17","guid":{"rendered":"https:\/\/blogsaverroes.juntadeandalucia.es\/centroadultospalmete\/?page_id=850"},"modified":"2023-08-01T18:49:21","modified_gmt":"2023-08-01T16:49:21","slug":"salud","status":"publish","type":"page","link":"https:\/\/blogsaverroes.juntadeandalucia.es\/centroadultospalmete\/materiales\/salud\/","title":{"rendered":"Salud"},"content":{"rendered":"<ul>\n<li><a href=\"https:\/\/blogsaverroes.juntadeandalucia.es\/centroadultospalmete\/files\/2023\/08\/00-PRESENTACI\u00d3N.pdf\">00 PRESENTACI\u00d3N<\/a><\/li>\n<li><a href=\"https:\/\/blogsaverroes.juntadeandalucia.es\/centroadultospalmete\/files\/2023\/08\/01-LA-SALUD-ES-LO-PRIMERO-GU\u00cdA.pdf\">01 LA SALUD ES LO PRIMERO GU\u00cdA<\/a><\/li>\n<li><a href=\"https:\/\/blogsaverroes.juntadeandalucia.es\/centroadultospalmete\/files\/2023\/08\/02-LA-SALUD-ES-LO-PRIMERO.pdf\">02 LA SALUD ES LO PRIMERO<\/a><\/li>\n<li><a href=\"https:\/\/blogsaverroes.juntadeandalucia.es\/centroadultospalmete\/files\/2023\/08\/03-ALIMENTACI\u00d3N-Y-EJERCICIO-F\u00cdSICO-GU\u00cdA.pdf\">03 ALIMENTACI\u00d3N Y EJERCICIO F\u00cdSICO GU\u00cdA<\/a><\/li>\n<li><a href=\"https:\/\/blogsaverroes.juntadeandalucia.es\/centroadultospalmete\/files\/2023\/08\/04-ALIMENTACI\u00d3N-Y-EJERCICIO-F\u00cdSICO.pdf\">04 ALIMENTACI\u00d3N Y EJERCICIO F\u00cdSICO<\/a><\/li>\n<li><a href=\"https:\/\/blogsaverroes.juntadeandalucia.es\/centroadultospalmete\/files\/2023\/08\/05-PREVENIR-LAS-ENFERMEDADES-GU\u00cdA.pdf\">05 PREVENIR LAS ENFERMEDADES GU\u00cdA<\/a><\/li>\n<li><a href=\"https:\/\/blogsaverroes.juntadeandalucia.es\/centroadultospalmete\/files\/2023\/08\/06-PREVENIR-LAS-ENFERMEDADES.pdf\">06 PREVENIR LAS ENFERMEDADES<\/a><\/li>\n<li><a href=\"https:\/\/blogsaverroes.juntadeandalucia.es\/centroadultospalmete\/files\/2023\/08\/07-TRABAJO-Y-SALUD-EN-EL-HOGAR-GU\u00cdA.pdf\">07 TRABAJO Y SALUD EN EL HOGAR GU\u00cdA<\/a><\/li>\n<li><a href=\"https:\/\/blogsaverroes.juntadeandalucia.es\/centroadultospalmete\/files\/2023\/08\/08-TRABAJO-Y-SALUD-EN-EL-HOGAR.pdf\">08 TRABAJO Y SALUD EN EL HOGAR<\/a><\/li>\n<li><a href=\"https:\/\/blogsaverroes.juntadeandalucia.es\/centroadultospalmete\/files\/2023\/08\/09-PREVENCI\u00d3N-DE-RIESGOS-LABORALES-GU\u00cdA.pdf\">09 PREVENCI\u00d3N DE RIESGOS LABORALES GU\u00cdA<\/a><\/li>\n<li><a href=\"https:\/\/blogsaverroes.juntadeandalucia.es\/centroadultospalmete\/files\/2023\/08\/09-PREVENCI\u00d3N-DE-RIESGOS-LABORALES.pdf\">10 PREVENCI\u00d3N DE RIESGOS LABORALES<\/a><\/li>\n<li><a href=\"https:\/\/blogsaverroes.juntadeandalucia.es\/centroadultospalmete\/files\/2023\/08\/10-PRIMEROS-AUXILIOS-GU\u00cdA.pdf\">11 PRIMEROS AUXILIOS GU\u00cdA<\/a><\/li>\n<li><a href=\"https:\/\/blogsaverroes.juntadeandalucia.es\/centroadultospalmete\/files\/2023\/08\/12-PRIMEROS-AUXILIOS.pdf\">12 PRIMEROS AUXILIOS<\/a><\/li>\n<\/ul>\n","protected":false},"excerpt":{"rendered":"<p>00 PRESENTACI\u00d3N 01 LA SALUD ES LO PRIMERO GU\u00cdA 02 LA SALUD ES LO PRIMERO 03 ALIMENTACI\u00d3N Y EJERCICIO F\u00cdSICO GU\u00cdA 04 ALIMENTACI\u00d3N Y EJERCICIO F\u00cdSICO 05 PREVENIR LAS ENFERMEDADES GU\u00cdA 06 PREVENIR LAS&#46;&#46;&#46;<\/p>\n","protected":false},"author":6214,"featured_media":0,"parent":833,"menu_order":0,"comment_status":"closed","ping_status":"closed","template":"page-templates\/child-menu.php","meta":{"ngg_post_thumbnail":0,"footnotes":""},"aioseo_notices":[],"_links":{"self":[{"href":"https:\/\/blogsaverroes.juntadeandalucia.es\/centroadultospalmete\/wp-json\/wp\/v2\/pages\/850"}],"collection":[{"href":"https:\/\/blogsaverroes.juntadeandalucia.es\/centroadultospalmete\/wp-json\/wp\/v2\/pages"}],"about":[{"href":"https:\/\/blogsaverroes.juntadeandalucia.es\/centroadultospalmete\/wp-json\/wp\/v2\/types\/page"}],"author":[{"embeddable":true,"href":"https:\/\/blogsaverroes.juntadeandalucia.es\/centroadultospalmete\/wp-json\/wp\/v2\/users\/6214"}],"replies":[{"embeddable":true,"href":"https:\/\/blogsaverroes.juntadeandalucia.es\/centroadultospalmete\/wp-json\/wp\/v2\/comments?post=850"}],"version-history":[{"count":3,"href":"https:\/\/blogsaverroes.juntadeandalucia.es\/centroadultospalmete\/wp-json\/wp\/v2\/pages\/850\/revisions"}],"predecessor-version":[{"id":1155,"href":"https:\/\/blogsaverroes.juntadeandalucia.es\/centroadultospalmete\/wp-json\/wp\/v2\/pages\/850\/revisions\/1155"}],"up":[{"embeddable":true,"href":"https:\/\/blogsaverroes.juntadeandalucia.es\/centroadultospalmete\/wp-json\/wp\/v2\/pages\/833"}],"wp:attachment":[{"href":"https:\/\/blogsaverroes.juntadeandalucia.es\/centroadultospalmete\/wp-json\/wp\/v2\/media?parent=850"}],"curies":[{"name":"wp","href":"https:\/\/api.w.org\/{rel}","templated":true}]}}