{"id":952,"date":"2023-07-25T10:05:33","date_gmt":"2023-07-25T08:05:33","guid":{"rendered":"https:\/\/blogsaverroes.juntadeandalucia.es\/centroadultospalmete\/?page_id=952"},"modified":"2025-06-30T13:00:52","modified_gmt":"2025-06-30T11:00:52","slug":"tutoria","status":"publish","type":"page","link":"https:\/\/blogsaverroes.juntadeandalucia.es\/centroadultospalmete\/materiales\/tutoria\/","title":{"rendered":"Tutor\u00eda"},"content":{"rendered":"<ul>\n<li><span style=\"color: #008000\"><a style=\"color: #008000\" href=\"https:\/\/blogsaverroes.juntadeandalucia.es\/centroadultospalmete\/files\/2023\/07\/VOLVER-A-EMPEZAR-Retomar-los-estudios.pdf\">VOLVER A EMPEZAR- Retomar los estudios<\/a><\/span><\/li>\n<li><span style=\"color: #008000\"><a style=\"color: #008000\" href=\"https:\/\/blogsaverroes.juntadeandalucia.es\/centroadultospalmete\/files\/2023\/07\/AUTOESTIMA-ADULTOS.pdf\">AUTOESTIMA ADULTOS<\/a><\/span><\/li>\n<li><a href=\"https:\/\/blogsaverroes.juntadeandalucia.es\/centroadultospalmete\/files\/2023\/07\/MANUAL-DE-TECNICAS-DE-TRABAJO-INTELECTUAL.pdf\"><span style=\"color: #008000\">MANUAL DE T\u00c9CNICAS DE TRABAJO INTELECTUAL<\/span><\/a><\/li>\n<li><a href=\"https:\/\/blogsaverroes.juntadeandalucia.es\/centroadultospalmete\/files\/2025\/06\/CLAVES-PARA-PRIMERA-CLASE-DOCENTE.pdf\"><span style=\"color: #008000\">CLAVES PARA LA PRIMERA CLASE DOCENTE<\/span><\/a><\/li>\n<li><span style=\"color: #008000\"><a style=\"color: #008000\" href=\"https:\/\/blogsaverroes.juntadeandalucia.es\/centroadultospalmete\/files\/2025\/06\/COMO-INICIAR-UNA-CLASE-DE-MANERA-EFECTIVA.pdf\">C\u00d3MO INICIAR UNA CLASE DE MANERA EFECTIVA<\/a><\/span><\/li>\n<li><span style=\"color: #008000\"><a style=\"color: #008000\" href=\"https:\/\/blogsaverroes.juntadeandalucia.es\/centroadultospalmete\/files\/2025\/06\/COMO-TRABAJAR-EL-PENSAMIENTO-CRITICO-EN-LA-CLASE-DE-HISTORIA.pdf\">C\u00d3MO TRABAJAR EL PENSAMIENTO CR\u00cdTICO EN LA CLASE DE HISTORIA<\/a><\/span><\/li>\n<li><span style=\"color: #008000\"><a style=\"color: #008000\" href=\"https:\/\/blogsaverroes.juntadeandalucia.es\/centroadultospalmete\/files\/2025\/06\/ESTRATEGIAS-DE-ENSENANZA-PARA-LOS-MIMENTOS-DE-UNA-CLASE.pdf\">ESTRATEGIAS DE ENSE\u00d1ANZA PARA LOS MOMENTOS DE UNA CLASE<\/a><\/span><\/li>\n<li><a href=\"https:\/\/blogsaverroes.juntadeandalucia.es\/centroadultospalmete\/files\/2025\/06\/COMO-SON-LOS-PROFESORES-QUE-DEJAN-HUELLA.pdf\"><span style=\"color: #008000\">C\u00d3MO SON LOS PROFESORES QUE DEJAN HUELLA<\/span><\/a><\/li>\n<li><a href=\"https:\/\/blogsaverroes.juntadeandalucia.es\/centroadultospalmete\/files\/2025\/06\/COMO-PONER-LIMITES-A-LOS-NINOS-SIN-DANARLOS.pdf\"><span style=\"color: #008000\">C\u00d3MO PONER L\u00cdMITES A LOS INFANTES SIN DA\u00d1ARLOS<\/span><\/a><\/li>\n<li><span style=\"color: #008000\"><a style=\"color: #008000\" href=\"https:\/\/blogsaverroes.juntadeandalucia.es\/centroadultospalmete\/files\/2025\/06\/LOS-10-MANDAMIENTOS-PARA-USAR-LA-IA-EN-LA-ESCUELA-QUE-TODO-DOCENTE-DEBE-SABER.pdf\">LOS 10 MANDAMIENTOS PARA USAR LA IA EN LA ESCUELA QUE TODO DOCENTE DEBE SABER<\/a> <a style=\"color: #008000\" href=\"https:\/\/blogsaverroes.juntadeandalucia.es\/centroadultospalmete\/files\/2025\/06\/POR-QUE-ES-IMPORTANTE-LA-RUTINA-EN-EL-AULA.pdf\">POR QU\u00c9 ES IMPORTANTE LA RUTINA EN EL AULA<\/a><\/span><\/li>\n<li><span style=\"color: #008000\"><a style=\"color: #008000\" href=\"https:\/\/blogsaverroes.juntadeandalucia.es\/centroadultospalmete\/files\/2025\/06\/QUE-DEBEN-SABER-LOS-DOCENTES-SOBRE-LA-MEMORIA-DE-LOS-ADOLESCENTES.pdf\">QU\u00c9 DEBEN SABER LOS DOCENTES SOBRE LA MEMORIA DE LOS ADOLESCENTES<\/a><\/span><\/li>\n<li><a href=\"https:\/\/blogsaverroes.juntadeandalucia.es\/centroadultospalmete\/files\/2025\/06\/COMO-FOMENTAR-EL-APRENDIZAJE-SIGNIFICATIVO-EN-EL-AULA.pdf\"><span style=\"color: #008000\">C\u00d3MO FOMENTAR EL APRENDIZAJE SIGNIFICATIVO EN EL AULA<\/span><\/a><\/li>\n<li><span style=\"color: #008000\"><a style=\"color: #008000\" href=\"https:\/\/blogsaverroes.juntadeandalucia.es\/centroadultospalmete\/files\/2025\/06\/METODOS-Y-TECNICAS-PEDAGOGICAS-CENTRADA-EN-EL-ALUMNADO.pdf\">M\u00c9TODOS Y T\u00c9CNICAS PEDAG\u00d3GICAS CENTRADA EN EL ALUMNADO<\/a><\/span><\/li>\n<li><span style=\"color: #008000\"><a style=\"color: #008000\" href=\"https:\/\/blogsaverroes.juntadeandalucia.es\/centroadultospalmete\/files\/2025\/06\/SECRETOS-DE-ESTUDIO.pdf\">SECRETOS DE ESTUDIO<\/a><\/span><\/li>\n<li><span style=\"color: #008000\"><a style=\"color: #008000\" href=\"https:\/\/blogsaverroes.juntadeandalucia.es\/centroadultospalmete\/files\/2025\/06\/10-CLAVES-PARA-MANTENER-EL-INTERES-DEL-ALUMNADO.pdf\">10 CLAVES PARA MANTENER EL INTER\u00c9S DEL ALUMNADO<\/a><\/span><\/li>\n<li><span style=\"color: #008000\"><a style=\"color: #008000\" href=\"https:\/\/blogsaverroes.juntadeandalucia.es\/centroadultospalmete\/files\/2025\/06\/DIFERENCIA-ESTRATEGIAS-DE-ENSENANZA-Y-APRENDIZAJE.pdf\">DIFERENCIA ESTRATEGIAS DE ENSE\u00d1ANZA Y APRENDIZAJE<\/a><\/span><\/li>\n<li><span style=\"color: #008000\"><a style=\"color: #008000\" href=\"https:\/\/blogsaverroes.juntadeandalucia.es\/centroadultospalmete\/files\/2025\/06\/NIVELES-DE-COMPRENSION-LECTORA.pdf\">NIVELES DE COMPRENSI\u00d3N LECTORA<\/a><\/span><\/li>\n<li><span style=\"color: #008000\"><a style=\"color: #008000\" href=\"https:\/\/blogsaverroes.juntadeandalucia.es\/centroadultospalmete\/files\/2025\/06\/TIPOS-DE-DICTADOS.pdf\">TIPOS DE DICTADO<\/a><\/span><\/li>\n<\/ul>\n","protected":false},"excerpt":{"rendered":"<p>VOLVER A EMPEZAR- Retomar los estudios AUTOESTIMA ADULTOS MANUAL DE T\u00c9CNICAS DE TRABAJO INTELECTUAL CLAVES PARA LA PRIMERA CLASE DOCENTE C\u00d3MO INICIAR UNA CLASE DE MANERA EFECTIVA C\u00d3MO TRABAJAR EL PENSAMIENTO CR\u00cdTICO EN LA&#46;&#46;&#46;<\/p>\n","protected":false},"author":6214,"featured_media":0,"parent":833,"menu_order":0,"comment_status":"closed","ping_status":"closed","template":"page-templates\/child-menu.php","meta":{"ngg_post_thumbnail":0,"footnotes":""},"aioseo_notices":[],"_links":{"self":[{"href":"https:\/\/blogsaverroes.juntadeandalucia.es\/centroadultospalmete\/wp-json\/wp\/v2\/pages\/952"}],"collection":[{"href":"https:\/\/blogsaverroes.juntadeandalucia.es\/centroadultospalmete\/wp-json\/wp\/v2\/pages"}],"about":[{"href":"https:\/\/blogsaverroes.juntadeandalucia.es\/centroadultospalmete\/wp-json\/wp\/v2\/types\/page"}],"author":[{"embeddable":true,"href":"https:\/\/blogsaverroes.juntadeandalucia.es\/centroadultospalmete\/wp-json\/wp\/v2\/users\/6214"}],"replies":[{"embeddable":true,"href":"https:\/\/blogsaverroes.juntadeandalucia.es\/centroadultospalmete\/wp-json\/wp\/v2\/comments?post=952"}],"version-history":[{"count":10,"href":"https:\/\/blogsaverroes.juntadeandalucia.es\/centroadultospalmete\/wp-json\/wp\/v2\/pages\/952\/revisions"}],"predecessor-version":[{"id":1601,"href":"https:\/\/blogsaverroes.juntadeandalucia.es\/centroadultospalmete\/wp-json\/wp\/v2\/pages\/952\/revisions\/1601"}],"up":[{"embeddable":true,"href":"https:\/\/blogsaverroes.juntadeandalucia.es\/centroadultospalmete\/wp-json\/wp\/v2\/pages\/833"}],"wp:attachment":[{"href":"https:\/\/blogsaverroes.juntadeandalucia.es\/centroadultospalmete\/wp-json\/wp\/v2\/media?parent=952"}],"curies":[{"name":"wp","href":"https:\/\/api.w.org\/{rel}","templated":true}]}}