{"id":982,"date":"2023-07-26T11:58:54","date_gmt":"2023-07-26T09:58:54","guid":{"rendered":"https:\/\/blogsaverroes.juntadeandalucia.es\/centroadultospalmete\/?page_id=982"},"modified":"2024-11-16T19:50:36","modified_gmt":"2024-11-16T18:50:36","slug":"administracion","status":"publish","type":"page","link":"https:\/\/blogsaverroes.juntadeandalucia.es\/centroadultospalmete\/materiales\/administracion\/","title":{"rendered":"Administraci\u00f3n"},"content":{"rendered":"<ul>\n<li><a href=\"https:\/\/blogsaverroes.juntadeandalucia.es\/centroadultospalmete\/files\/2023\/07\/PROGRAMACI\u00d3N-PATRIMONIO-2023-2024.pdf\"><span style=\"color: #008000\">PROGRAMACI\u00d3N PATRIMONIO 2023-2024<\/span><\/a><\/li>\n<li><span style=\"color: #008000\"><a style=\"color: #008000\" href=\"https:\/\/blogsaverroes.juntadeandalucia.es\/centroadultospalmete\/files\/2023\/07\/PROGRAMACI\u00d3N-DE-H\u00c1BITOS-SALUDABLES-2023-2024.pdf\">PROGRAMACI\u00d3N DE H\u00c1BITOS SALUDABLES 2023-2024<\/a><\/span><\/li>\n<li><span style=\"color: #008000\"><a style=\"color: #008000\" href=\"https:\/\/blogsaverroes.juntadeandalucia.es\/centroadultospalmete\/files\/2023\/07\/PROGRAMACI\u00d3N-INFORMATICA.pdf\">PROGRAMACI\u00d3N INFORM\u00c1TICA<\/a><\/span><\/li>\n<li><a href=\"https:\/\/blogsaverroes.juntadeandalucia.es\/centroadultospalmete\/files\/2023\/07\/PROGRAMACI\u00d3N-ESPA\u00d1OL-PARA-INMIGRANTES.pdf\"><span style=\"color: #008000\">PROGRAMACI\u00d3N ESPA\u00d1OL PARA INMIGRANTES<\/span><\/a><\/li>\n<li><span style=\"color: #008000\"><a style=\"color: #008000\" href=\"https:\/\/blogsaverroes.juntadeandalucia.es\/centroadultospalmete\/files\/2023\/07\/PROTOCOLO-ABSENTISMO-SEP-PALMETE.pdf\">PROTOCOLO ABSENTISMO SEP PALMETE<\/a><\/span><\/li>\n<li><span style=\"color: #008000\"><a style=\"color: #008000\" href=\"https:\/\/blogsaverroes.juntadeandalucia.es\/centroadultospalmete\/files\/2023\/07\/NORMAS-CONVIVENCIA-PALMETE.pdf\">NORMAS CONVIVENCIA&nbsp; SEP PALMETE<\/a><\/span><\/li>\n<li><span style=\"color: #008000\"><a style=\"color: #008000\" href=\"https:\/\/blogsaverroes.juntadeandalucia.es\/centroadultospalmete\/files\/2023\/09\/ROF-AMERICA-.pdf\">ROF&nbsp; CEPER AMERICA&nbsp; Y SECCIONES<\/a><\/span><\/li>\n<li><a href=\"https:\/\/blogsaverroes.juntadeandalucia.es\/centroadultospalmete\/files\/2024\/08\/MANUAL-DE-RUTAS-PARA-EL-CONOCIMIENTO-Y-USO-SENECA-Y-OTRAS-PLATAFORMAS-DE-ED.PERMANENTE-PARA-PUBLICACION-20-02-24-CON-LICENCIA.pdf\"><span style=\"color: #008000\">MANUAL DE RUTAS PARA EL CONOCIMIENTO Y USO S\u00c9NECA Y OTRAS PLATAFORMAS DE ED.PERMANENTE PARA PUBLICACI\u00d3N<\/span> <span style=\"color: #008000\">20-02-24 CON LICENCIA<\/span><\/a><\/li>\n<li><span style=\"color: #008000\"><a style=\"color: #008000\" href=\"https:\/\/blogsaverroes.juntadeandalucia.es\/centroadultospalmete\/files\/2024\/07\/RIESGOS-LABORALES-Seguridad_Centros_Docentes_compressed.pdf\">RIESGOS LABORALES Seguridad_Centros_Docentes<\/a><\/span><\/li>\n<li><span style=\"color: #008000\"><a style=\"color: #008000\" href=\"https:\/\/blogsaverroes.juntadeandalucia.es\/centroadultospalmete\/files\/2024\/07\/IMPRESO-MATRICULA-ANEXO-I.pdf\">IMPRESO MATR\u00cdCULA ANEXO I<\/a><\/span><\/li>\n<li><a href=\"https:\/\/blogsaverroes.juntadeandalucia.es\/centroadultospalmete\/files\/2024\/08\/TAREAS-EQUIPO-DIRECTIVO.pdf\"><span style=\"color: #008000\">TAREAS EQUIPO DIRECTIVO<\/span><\/a><\/li>\n<li><span style=\"color: #008000\"><a style=\"color: #008000\" href=\"https:\/\/blogsaverroes.juntadeandalucia.es\/centroadultospalmete\/files\/2024\/08\/GUIA-DE-ORGANIZACION-Y-FUNCIONAMIENTO-2017-2018.pdf\">GU\u00cdA DE ORGANIZACI\u00d3N Y FUNCIONAMIENTO <\/a><\/span><\/li>\n<li><span style=\"color: #008000\"><a style=\"color: #008000\" href=\"https:\/\/blogsaverroes.juntadeandalucia.es\/centroadultospalmete\/files\/2024\/08\/DOCUMENTACION-QUE-FALTA-ALUMNADO.pdf\">DOCUMENTACI\u00d3N QUE FALTA ALUMNADO<\/a><\/span><\/li>\n<li><span style=\"color: #008000\"><a style=\"color: #008000\" href=\"https:\/\/blogsaverroes.juntadeandalucia.es\/centroadultospalmete\/files\/2024\/08\/CUESTIONARIO-ALUMNADO.pdf\">CUESTIONARIO ALUMNADO<\/a><\/span><\/li>\n<li><span style=\"color: #008000\"><a style=\"color: #008000\" href=\"https:\/\/blogsaverroes.juntadeandalucia.es\/centroadultospalmete\/files\/2024\/08\/ELECCION-DELEGADO-A-DE-CLASE.pdf\">ELECCI\u00d3N DELEGADO-A DE CLASE<\/a><\/span><\/li>\n<li><span style=\"color: #008000\"><a style=\"color: #008000\" href=\"https:\/\/blogsaverroes.juntadeandalucia.es\/centroadultospalmete\/files\/2024\/08\/PLANTEILLA-ASISTENCIA-ALUMNADO.pdf\">PLANTILLA ASISTENCIA ALUMNADO<\/a><\/span><\/li>\n<li><span style=\"color: #008000\"><a style=\"color: #008000\" href=\"https:\/\/blogsaverroes.juntadeandalucia.es\/centroadultospalmete\/files\/2024\/07\/MENORES-ANEXO-I-RELLENABLE.pdf\">MENORES Anexo I RELLENABLE<\/a><\/span><\/li>\n<li><span style=\"color: #008000\"><a style=\"color: #008000\" href=\"https:\/\/blogsaverroes.juntadeandalucia.es\/centroadultospalmete\/files\/2024\/07\/MENORES-Anexo-II.pdf\">MENORES Anexo II<\/a><\/span><\/li>\n<li><span style=\"color: #008000\"><a style=\"color: #008000\" href=\"https:\/\/blogsaverroes.juntadeandalucia.es\/centroadultospalmete\/files\/2024\/07\/MENORES-Anexo-III-RELLENABLE.pdf\">MENORES Anexo III RELLENABLE<\/a><\/span><\/li>\n<li><span style=\"color: #008000\"><a style=\"color: #008000\" href=\"https:\/\/blogsaverroes.juntadeandalucia.es\/centroadultospalmete\/files\/2024\/07\/FIRMAS-CRITERIOS-EVALUACION.pdf\">FIRMAS CRITERIOS EVALUACI\u00d3N<\/a><\/span><\/li>\n<li><span style=\"color: #008000\"><a style=\"color: #008000\" href=\"https:\/\/blogsaverroes.juntadeandalucia.es\/centroadultospalmete\/files\/2024\/07\/FIRMAS-NORMAS-DE-CONVIVENCIA.pdf\">FIRMAS NORMAS DE CONVIVENCIA<\/a><\/span><\/li>\n<li><a href=\"https:\/\/blogsaverroes.juntadeandalucia.es\/centroadultospalmete\/files\/2024\/07\/LISTADO-ALUMNADO-EDADES-Y-ESTUDIOS.pdf\"><span style=\"color: #008000\">LISTADO ALUMNADO EDADES Y ESTUDIOS<\/span><\/a><\/li>\n<li><a href=\"https:\/\/blogsaverroes.juntadeandalucia.es\/centroadultospalmete\/files\/2024\/07\/LICENCIAS-Anexo-I-normalizado-Actualizado-2022.pdf\"><span style=\"color: #008000\">LICENCIAS Anexo I normalizado Actualizado 2022<\/span><\/a><\/li>\n<li><a href=\"https:\/\/blogsaverroes.juntadeandalucia.es\/centroadultospalmete\/files\/2024\/07\/FICHA-DE-DATOS-DEL-PROFESORADO.pdf\"><span style=\"color: #008000\">FICHA DE DATOS DEL PROFESORADO<\/span><\/a><\/li>\n<li><a href=\"https:\/\/blogsaverroes.juntadeandalucia.es\/centroadultospalmete\/files\/2024\/08\/PLANING-ACTIVIDADES-EXTRAESCOLARES.pdf\"><span style=\"color: #008000\">PLANING ACTIVIDADES EXTRAESCOLARES<\/span><\/a><\/li>\n<li><a href=\"https:\/\/blogsaverroes.juntadeandalucia.es\/centroadultospalmete\/files\/2024\/07\/SALIDAS-EXCURSIONES.pdf\"><span style=\"color: #008000\">SALIDAS EXCURSIONES<\/span><\/a><\/li>\n<li><a href=\"https:\/\/blogsaverroes.juntadeandalucia.es\/centroadultospalmete\/files\/2024\/11\/MODELO-AUTORIZACION-REC-OGIDA-DOCUMENTOS.pdf\"><span style=\"color: #008000\">MODELO AUTORIZACI\u00d3N REC OGIDA DOCUMENTOS<\/span><\/a><\/li>\n<\/ul>\n","protected":false},"excerpt":{"rendered":"<p>PROGRAMACI\u00d3N PATRIMONIO 2023-2024 PROGRAMACI\u00d3N DE H\u00c1BITOS SALUDABLES 2023-2024 PROGRAMACI\u00d3N INFORM\u00c1TICA PROGRAMACI\u00d3N ESPA\u00d1OL PARA INMIGRANTES PROTOCOLO ABSENTISMO SEP PALMETE NORMAS CONVIVENCIA&nbsp; SEP PALMETE ROF&nbsp; CEPER AMERICA&nbsp; Y SECCIONES MANUAL DE RUTAS PARA EL CONOCIMIENTO Y&#46;&#46;&#46;<\/p>\n","protected":false},"author":6214,"featured_media":0,"parent":833,"menu_order":0,"comment_status":"closed","ping_status":"closed","template":"page-templates\/child-menu.php","meta":{"ngg_post_thumbnail":0,"footnotes":""},"aioseo_notices":[],"_links":{"self":[{"href":"https:\/\/blogsaverroes.juntadeandalucia.es\/centroadultospalmete\/wp-json\/wp\/v2\/pages\/982"}],"collection":[{"href":"https:\/\/blogsaverroes.juntadeandalucia.es\/centroadultospalmete\/wp-json\/wp\/v2\/pages"}],"about":[{"href":"https:\/\/blogsaverroes.juntadeandalucia.es\/centroadultospalmete\/wp-json\/wp\/v2\/types\/page"}],"author":[{"embeddable":true,"href":"https:\/\/blogsaverroes.juntadeandalucia.es\/centroadultospalmete\/wp-json\/wp\/v2\/users\/6214"}],"replies":[{"embeddable":true,"href":"https:\/\/blogsaverroes.juntadeandalucia.es\/centroadultospalmete\/wp-json\/wp\/v2\/comments?post=982"}],"version-history":[{"count":17,"href":"https:\/\/blogsaverroes.juntadeandalucia.es\/centroadultospalmete\/wp-json\/wp\/v2\/pages\/982\/revisions"}],"predecessor-version":[{"id":1542,"href":"https:\/\/blogsaverroes.juntadeandalucia.es\/centroadultospalmete\/wp-json\/wp\/v2\/pages\/982\/revisions\/1542"}],"up":[{"embeddable":true,"href":"https:\/\/blogsaverroes.juntadeandalucia.es\/centroadultospalmete\/wp-json\/wp\/v2\/pages\/833"}],"wp:attachment":[{"href":"https:\/\/blogsaverroes.juntadeandalucia.es\/centroadultospalmete\/wp-json\/wp\/v2\/media?parent=982"}],"curies":[{"name":"wp","href":"https:\/\/api.w.org\/{rel}","templated":true}]}}