{"id":33,"date":"2020-01-09T12:42:06","date_gmt":"2020-01-09T11:42:06","guid":{"rendered":"http:\/\/blogsaverroes.juntadeandalucia.es\/pre\/nuevoceip2v2\/?page_id=33"},"modified":"2025-12-16T17:58:49","modified_gmt":"2025-12-16T16:58:49","slug":"aula-matinal","status":"publish","type":"page","link":"https:\/\/blogsaverroes.juntadeandalucia.es\/centroeducacionespecialluispastoraprosmo\/aula-matinal\/","title":{"rendered":"Aula matinal"},"content":{"rendered":"<p>[et_pb_section fb_built=&#8221;1&#8243; admin_label=&#8221;Header&#8221; _builder_version=&#8221;4.25.1&#8243; _module_preset=&#8221;default&#8221; background_color=&#8221;gcid-8544a4e2-27b8-420a-83de-1cee04f2fb29&#8243; collapsed=&#8221;off&#8221; global_colors_info=&#8221;{%22gcid-8544a4e2-27b8-420a-83de-1cee04f2fb29%22:%91%22background_color%22%93}&#8221;][et_pb_row column_structure=&#8221;2_3,1_3&#8243; _builder_version=&#8221;4.25.1&#8243; _module_preset=&#8221;default&#8221; global_colors_info=&#8221;{}&#8221;][et_pb_column type=&#8221;2_3&#8243; _builder_version=&#8221;4.25.1&#8243; _module_preset=&#8221;default&#8221; global_colors_info=&#8221;{}&#8221;][et_pb_heading title=&#8221;Aula matinal&#8221; _builder_version=&#8221;4.24.2&#8243; _module_preset=&#8221;4bda0048-9575-4baa-b1e7-56c5ec49b921&#8243; max_width=&#8221;700px&#8221; custom_padding=&#8221;20px||||false|false&#8221; border_width_top=&#8221;2px&#8221; locked=&#8221;off&#8221; global_colors_info=&#8221;{}&#8221;][\/et_pb_heading][\/et_pb_column][et_pb_column type=&#8221;1_3&#8243; _builder_version=&#8221;4.25.1&#8243; _module_preset=&#8221;default&#8221; global_colors_info=&#8221;{}&#8221;][\/et_pb_column][\/et_pb_row][et_pb_row _builder_version=&#8221;4.25.1&#8243; _module_preset=&#8221;default&#8221; global_colors_info=&#8221;{}&#8221;][et_pb_column type=&#8221;4_4&#8243; _builder_version=&#8221;4.25.1&#8243; _module_preset=&#8221;default&#8221; global_colors_info=&#8221;{}&#8221;][et_pb_image src=&#8221;https:\/\/formainfancia.com\/wp-content\/uploads\/aula-matinal.jpg&#8221; title_text=&#8221;psychologist-04&#8243; show_bottom_space=&#8221;off&#8221; _builder_version=&#8221;4.24.2&#8243; _module_preset=&#8221;default&#8221; border_radii=&#8221;on|500px|500px|500px|500px&#8221; global_colors_info=&#8221;{}&#8221;][\/et_pb_image][et_pb_divider show_divider=&#8221;off&#8221; _builder_version=&#8221;4.25.1&#8243; _module_preset=&#8221;default&#8221; background_color=&#8221;gcid-bcc99e3b-722a-4dba-85e5-49c6d1592562&#8243; positioning=&#8221;absolute&#8221; position_origin_a=&#8221;bottom_left&#8221; width=&#8221;90px&#8221; width_tablet=&#8221;90px&#8221; width_phone=&#8221;60px&#8221; width_last_edited=&#8221;on|desktop&#8221; height=&#8221;90px&#8221; height_tablet=&#8221;90px&#8221; height_phone=&#8221;60px&#8221; height_last_edited=&#8221;on|desktop&#8221; border_radii=&#8221;on|500px|500px|500px|500px&#8221; locked=&#8221;off&#8221; global_colors_info=&#8221;{%22gcid-bcc99e3b-722a-4dba-85e5-49c6d1592562%22:%91%22background_color%22,%22background_color%22%93}&#8221;][\/et_pb_divider][\/et_pb_column][\/et_pb_row][\/et_pb_section][et_pb_section fb_built=&#8221;1&#8243; admin_label=&#8221;About&#8221; _builder_version=&#8221;4.25.1&#8243; _module_preset=&#8221;default&#8221; background_color=&#8221;gcid-8544a4e2-27b8-420a-83de-1cee04f2fb29&#8243; locked=&#8221;off&#8221; collapsed=&#8221;off&#8221; global_colors_info=&#8221;{%22gcid-8544a4e2-27b8-420a-83de-1cee04f2fb29%22:%91%22background_color%22%93}&#8221;][et_pb_row _builder_version=&#8221;4.25.1&#8243; _module_preset=&#8221;default&#8221; global_colors_info=&#8221;{}&#8221;][et_pb_column type=&#8221;4_4&#8243; _builder_version=&#8221;4.25.1&#8243; _module_preset=&#8221;default&#8221; global_colors_info=&#8221;{}&#8221;][et_pb_heading title=&#8221;Un comienzo tranquilo para el d\u00eda&#8221; _builder_version=&#8221;4.24.2&#8243; _module_preset=&#8221;a3fbcf4e-5dd4-400d-885f-c10f24b0412c&#8221; title_text_align=&#8221;center&#8221; locked=&#8221;off&#8221; global_colors_info=&#8221;{}&#8221;][\/et_pb_heading][et_pb_text _builder_version=&#8221;4.24.2&#8243; _module_preset=&#8221;aa9011b6-307d-4e83-b37a-7a8aabc3d74e&#8221; hover_enabled=&#8221;0&#8243; global_colors_info=&#8221;{}&#8221; sticky_enabled=&#8221;0&#8243;]<\/p>\n<p data-path-to-node=\"6\">En el CDPEE Luis Pastor somos conscientes de la necesidad de conciliar la vida laboral y familiar. Por ello, ponemos a disposici\u00f3n de las familias nuestro servicio de <b>Aula Matinal<\/b>, un espacio seguro y adaptado donde nuestro alumnado comienza la ma\u00f1ana con calma y atenci\u00f3n especializada antes de entrar a clase.<\/p>\n<p data-path-to-node=\"7\"><b>Horario de Atenci\u00f3n<\/b> El servicio est\u00e1 operativo cada ma\u00f1ana lectiva con el siguiente horario:<\/p>\n<ul data-path-to-node=\"8\">\n<li>\n<p data-path-to-node=\"8,0,0\"><b>Apertura:<\/b> 08:00 h.<\/p>\n<\/li>\n<li>\n<p data-path-to-node=\"8,1,0\"><b>Cierre:<\/b> 09:30 h. (Momento en el que comienza la jornada escolar ordinaria).<\/p>\n<\/li>\n<\/ul>\n<p data-path-to-node=\"9\"><b>\u00bfQu\u00e9 hacemos en el Aula Matinal?<\/b> Nuestro objetivo es garantizar una transici\u00f3n suave desde casa hasta el aula. Durante este tiempo, el alumnado est\u00e1 atendido por profesionales que realizan actividades de baja intensidad para favorecer la relajaci\u00f3n y el despertar progresivo:<\/p>\n<ul data-path-to-node=\"10\">\n<li>\n<p data-path-to-node=\"10,0,0\">Escucha de m\u00fasica relajante.<\/p>\n<\/li>\n<li>\n<p data-path-to-node=\"10,1,0\">Juegos tranquilos y manipulativos.<\/p>\n<\/li>\n<li>\n<p data-path-to-node=\"10,2,0\">Lectura de cuentos o pictogramas.<\/p>\n<\/li>\n<li>\n<p data-path-to-node=\"10,3,0\">Descanso para aquellos que madrugan mucho.<\/p>\n<\/li>\n<\/ul>\n<p data-path-to-node=\"11\">Es el lugar ideal para que lleguen sin prisas y se preparen para un gran d\u00eda de aprendizaje.<\/p>\n<p>[\/et_pb_text][\/et_pb_column][\/et_pb_row][\/et_pb_section]<\/p>\n","protected":false},"excerpt":{"rendered":"<p>En el CDPEE Luis Pastor somos conscientes de la necesidad de conciliar la vida laboral y familiar. Por ello, ponemos a disposici\u00f3n de las familias nuestro servicio de Aula Matinal, un espacio seguro y adaptado donde nuestro alumnado comienza la ma\u00f1ana con calma y atenci\u00f3n especializada antes de entrar a clase. Horario de Atenci\u00f3n El [&hellip;]<\/p>\n","protected":false},"author":7051,"featured_media":0,"parent":0,"menu_order":0,"comment_status":"closed","ping_status":"closed","template":"","meta":{"_et_pb_use_builder":"on","_et_pb_old_content":"","_et_gb_content_width":"","ngg_post_thumbnail":0,"footnotes":""},"aioseo_notices":[],"_links":{"self":[{"href":"https:\/\/blogsaverroes.juntadeandalucia.es\/centroeducacionespecialluispastoraprosmo\/wp-json\/wp\/v2\/pages\/33"}],"collection":[{"href":"https:\/\/blogsaverroes.juntadeandalucia.es\/centroeducacionespecialluispastoraprosmo\/wp-json\/wp\/v2\/pages"}],"about":[{"href":"https:\/\/blogsaverroes.juntadeandalucia.es\/centroeducacionespecialluispastoraprosmo\/wp-json\/wp\/v2\/types\/page"}],"author":[{"embeddable":true,"href":"https:\/\/blogsaverroes.juntadeandalucia.es\/centroeducacionespecialluispastoraprosmo\/wp-json\/wp\/v2\/users\/7051"}],"replies":[{"embeddable":true,"href":"https:\/\/blogsaverroes.juntadeandalucia.es\/centroeducacionespecialluispastoraprosmo\/wp-json\/wp\/v2\/comments?post=33"}],"version-history":[{"count":7,"href":"https:\/\/blogsaverroes.juntadeandalucia.es\/centroeducacionespecialluispastoraprosmo\/wp-json\/wp\/v2\/pages\/33\/revisions"}],"predecessor-version":[{"id":1215,"href":"https:\/\/blogsaverroes.juntadeandalucia.es\/centroeducacionespecialluispastoraprosmo\/wp-json\/wp\/v2\/pages\/33\/revisions\/1215"}],"wp:attachment":[{"href":"https:\/\/blogsaverroes.juntadeandalucia.es\/centroeducacionespecialluispastoraprosmo\/wp-json\/wp\/v2\/media?parent=33"}],"curies":[{"name":"wp","href":"https:\/\/api.w.org\/{rel}","templated":true}]}}