{"id":39,"date":"2020-01-09T12:44:11","date_gmt":"2020-01-09T11:44:11","guid":{"rendered":"http:\/\/blogsaverroes.juntadeandalucia.es\/pre\/nuevoceip2v2\/?page_id=39"},"modified":"2025-12-16T18:05:17","modified_gmt":"2025-12-16T17:05:17","slug":"comedor-escolar","status":"publish","type":"page","link":"https:\/\/blogsaverroes.juntadeandalucia.es\/centroeducacionespecialluispastoraprosmo\/comedor-escolar\/","title":{"rendered":"Comedor escolar"},"content":{"rendered":"<p>[et_pb_section fb_built=&#8221;1&#8243; admin_label=&#8221;Header&#8221; _builder_version=&#8221;4.25.1&#8243; _module_preset=&#8221;default&#8221; background_color=&#8221;gcid-8544a4e2-27b8-420a-83de-1cee04f2fb29&#8243; collapsed=&#8221;off&#8221; global_colors_info=&#8221;{%22gcid-8544a4e2-27b8-420a-83de-1cee04f2fb29%22:%91%22background_color%22%93}&#8221;][et_pb_row column_structure=&#8221;2_3,1_3&#8243; _builder_version=&#8221;4.25.1&#8243; _module_preset=&#8221;default&#8221; global_colors_info=&#8221;{}&#8221;][et_pb_column type=&#8221;2_3&#8243; _builder_version=&#8221;4.25.1&#8243; _module_preset=&#8221;default&#8221; global_colors_info=&#8221;{}&#8221;][et_pb_heading title=&#8221;Comedor escolar&#8221; _builder_version=&#8221;4.24.2&#8243; _module_preset=&#8221;7367333b-9da7-4dfc-a897-578fd64e5d2a&#8221; max_width=&#8221;700px&#8221; custom_padding=&#8221;20px||||false|false&#8221; border_width_top=&#8221;2px&#8221; locked=&#8221;off&#8221; global_colors_info=&#8221;{}&#8221;][\/et_pb_heading][\/et_pb_column][et_pb_column type=&#8221;1_3&#8243; _builder_version=&#8221;4.25.1&#8243; _module_preset=&#8221;default&#8221; global_colors_info=&#8221;{}&#8221;][\/et_pb_column][\/et_pb_row][et_pb_row _builder_version=&#8221;4.25.1&#8243; _module_preset=&#8221;default&#8221; global_colors_info=&#8221;{}&#8221;][et_pb_column type=&#8221;4_4&#8243; _builder_version=&#8221;4.25.1&#8243; _module_preset=&#8221;default&#8221; global_colors_info=&#8221;{}&#8221;][et_pb_image src=&#8221;https:\/\/www.lavozdelsur.es\/uploads\/s1\/25\/16\/78\/5\/comedor-escolar-consejera-20.jpeg&#8221; title_text=&#8221;psychologist-04&#8243; show_bottom_space=&#8221;off&#8221; _builder_version=&#8221;4.24.2&#8243; _module_preset=&#8221;default&#8221; border_radii=&#8221;on|500px|500px|500px|500px&#8221; global_colors_info=&#8221;{}&#8221;][\/et_pb_image][et_pb_divider show_divider=&#8221;off&#8221; _builder_version=&#8221;4.25.1&#8243; _module_preset=&#8221;default&#8221; background_color=&#8221;gcid-bcc99e3b-722a-4dba-85e5-49c6d1592562&#8243; positioning=&#8221;absolute&#8221; position_origin_a=&#8221;bottom_left&#8221; width=&#8221;90px&#8221; width_tablet=&#8221;90px&#8221; width_phone=&#8221;60px&#8221; width_last_edited=&#8221;on|desktop&#8221; height=&#8221;90px&#8221; height_tablet=&#8221;90px&#8221; height_phone=&#8221;60px&#8221; height_last_edited=&#8221;on|desktop&#8221; border_radii=&#8221;on|500px|500px|500px|500px&#8221; locked=&#8221;off&#8221; global_colors_info=&#8221;{%22gcid-bcc99e3b-722a-4dba-85e5-49c6d1592562%22:%91%22background_color%22,%22background_color%22%93}&#8221;][\/et_pb_divider][\/et_pb_column][\/et_pb_row][\/et_pb_section][et_pb_section fb_built=&#8221;1&#8243; admin_label=&#8221;About&#8221; _builder_version=&#8221;4.25.1&#8243; _module_preset=&#8221;default&#8221; background_color=&#8221;gcid-8544a4e2-27b8-420a-83de-1cee04f2fb29&#8243; locked=&#8221;off&#8221; collapsed=&#8221;off&#8221; global_colors_info=&#8221;{%22gcid-8544a4e2-27b8-420a-83de-1cee04f2fb29%22:%91%22background_color%22%93}&#8221;][et_pb_row _builder_version=&#8221;4.25.1&#8243; _module_preset=&#8221;default&#8221; global_colors_info=&#8221;{}&#8221;][et_pb_column type=&#8221;4_4&#8243; _builder_version=&#8221;4.25.1&#8243; _module_preset=&#8221;default&#8221; global_colors_info=&#8221;{}&#8221;][et_pb_heading title=&#8221;Comedor Escolar: Salud, Convivencia y Autonom\u00eda&#8221; _builder_version=&#8221;4.24.2&#8243; _module_preset=&#8221;82262810-56f9-4db6-ac7c-92c22def2ac7&#8243; title_text_align=&#8221;center&#8221; locked=&#8221;off&#8221; global_colors_info=&#8221;{}&#8221;][\/et_pb_heading][et_pb_text _builder_version=&#8221;4.24.2&#8243; _module_preset=&#8221;79f35835-b99a-4601-a642-79a96cb6e7e8&#8243; hover_enabled=&#8221;0&#8243; global_colors_info=&#8221;{}&#8221; sticky_enabled=&#8221;0&#8243;]<\/p>\n<p data-path-to-node=\"6\">El servicio de Comedor Escolar del CDPEE Luis Pastor es un espacio educativo fundamental dentro de nuestra jornada. Entendemos la alimentaci\u00f3n no solo como una necesidad fisiol\u00f3gica, sino como una oportunidad diaria para seguir aprendiendo y compartiendo.<\/p>\n<p data-path-to-node=\"7\"><b>Horario y Funcionamiento<\/b> El servicio se ofrece justo al terminar las clases, facilitando la conciliaci\u00f3n familiar y extendiendo la jornada educativa.<\/p>\n<ul data-path-to-node=\"8\">\n<li>\n<p data-path-to-node=\"8,0,0\"><b>Horario:<\/b> De 13:00 h. a 14:30 h.<\/p>\n<\/li>\n<\/ul>\n<p data-path-to-node=\"9\"><b>M\u00e1s que un plato de comida<\/b> Nuestro comedor est\u00e1 atendido por <b>Monitores\/as <\/b>especializados, que conocen perfectamente las necesidades de nuestro alumnado. Durante este tiempo trabajamos objetivos espec\u00edficos adaptados a cada comensal:<\/p>\n<ul data-path-to-node=\"10\">\n<li>\n<p data-path-to-node=\"10,0,0\"><b>Autonom\u00eda en la mesa:<\/b> Uso de cubiertos, beber en vaso, poner y quitar la mesa.<\/p>\n<\/li>\n<li>\n<p data-path-to-node=\"10,1,0\"><b>H\u00e1bitos de Higiene:<\/b> Lavado de manos y cepillado de dientes posterior.<\/p>\n<\/li>\n<li>\n<p data-path-to-node=\"10,2,0\"><b>Educaci\u00f3n para la Salud:<\/b> Fomento de una dieta equilibrada y variada.<\/p>\n<\/li>\n<li>\n<p data-path-to-node=\"10,3,0\"><b>Socializaci\u00f3n:<\/b> Disfrutar de la comida en un ambiente relajado con los compa\u00f1eros.<\/p>\n<\/li>\n<\/ul>\n<p data-path-to-node=\"11\"><b>Men\u00fas y Dietas Especiales<\/b> Ofrecemos un men\u00fa equilibrado y supervisado por nutricionistas. Somos muy rigurosos con la salud de nuestro alumnado:<\/p>\n<ul data-path-to-node=\"12\">\n<li>\n<p data-path-to-node=\"12,0,0\"><b>Adaptaci\u00f3n de texturas:<\/b> Men\u00fas triturados, de f\u00e1cil masticaci\u00f3n o enteros seg\u00fan la necesidad.<\/p>\n<\/li>\n<li>\n<p data-path-to-node=\"12,1,0\"><b>Alergias e Intolerancias:<\/b> Men\u00fas espec\u00edficos para celiaqu\u00eda, intolerancia a la lactosa, alergias, etc. (previa presentaci\u00f3n de informe m\u00e9dico).<\/p>\n<\/li>\n<\/ul>\n<p>[\/et_pb_text][\/et_pb_column][\/et_pb_row][\/et_pb_section]<\/p>\n","protected":false},"excerpt":{"rendered":"<p>El servicio de Comedor Escolar del CDPEE Luis Pastor es un espacio educativo fundamental dentro de nuestra jornada. Entendemos la alimentaci\u00f3n no solo como una necesidad fisiol\u00f3gica, sino como una oportunidad diaria para seguir aprendiendo y compartiendo. Horario y Funcionamiento El servicio se ofrece justo al terminar las clases, facilitando la conciliaci\u00f3n familiar y extendiendo [&hellip;]<\/p>\n","protected":false},"author":7051,"featured_media":0,"parent":0,"menu_order":0,"comment_status":"closed","ping_status":"closed","template":"","meta":{"_et_pb_use_builder":"on","_et_pb_old_content":"","_et_gb_content_width":"","ngg_post_thumbnail":0,"footnotes":""},"aioseo_notices":[],"_links":{"self":[{"href":"https:\/\/blogsaverroes.juntadeandalucia.es\/centroeducacionespecialluispastoraprosmo\/wp-json\/wp\/v2\/pages\/39"}],"collection":[{"href":"https:\/\/blogsaverroes.juntadeandalucia.es\/centroeducacionespecialluispastoraprosmo\/wp-json\/wp\/v2\/pages"}],"about":[{"href":"https:\/\/blogsaverroes.juntadeandalucia.es\/centroeducacionespecialluispastoraprosmo\/wp-json\/wp\/v2\/types\/page"}],"author":[{"embeddable":true,"href":"https:\/\/blogsaverroes.juntadeandalucia.es\/centroeducacionespecialluispastoraprosmo\/wp-json\/wp\/v2\/users\/7051"}],"replies":[{"embeddable":true,"href":"https:\/\/blogsaverroes.juntadeandalucia.es\/centroeducacionespecialluispastoraprosmo\/wp-json\/wp\/v2\/comments?post=39"}],"version-history":[{"count":4,"href":"https:\/\/blogsaverroes.juntadeandalucia.es\/centroeducacionespecialluispastoraprosmo\/wp-json\/wp\/v2\/pages\/39\/revisions"}],"predecessor-version":[{"id":1222,"href":"https:\/\/blogsaverroes.juntadeandalucia.es\/centroeducacionespecialluispastoraprosmo\/wp-json\/wp\/v2\/pages\/39\/revisions\/1222"}],"wp:attachment":[{"href":"https:\/\/blogsaverroes.juntadeandalucia.es\/centroeducacionespecialluispastoraprosmo\/wp-json\/wp\/v2\/media?parent=39"}],"curies":[{"name":"wp","href":"https:\/\/api.w.org\/{rel}","templated":true}]}}