{"id":41,"date":"2020-01-09T12:45:03","date_gmt":"2020-01-09T11:45:03","guid":{"rendered":"http:\/\/blogsaverroes.juntadeandalucia.es\/pre\/nuevoceip2v2\/?page_id=41"},"modified":"2025-12-16T16:53:33","modified_gmt":"2025-12-16T15:53:33","slug":"el-centro","status":"publish","type":"page","link":"https:\/\/blogsaverroes.juntadeandalucia.es\/centroeducacionespecialluispastoraprosmo\/el-centro\/","title":{"rendered":"El centro"},"content":{"rendered":"<p>[et_pb_section fb_built=&#8221;1&#8243; admin_label=&#8221;NUESTRA HISTORIA&#8221; _builder_version=&#8221;4.25.1&#8243; _module_preset=&#8221;default&#8221; background_color=&#8221;gcid-8544a4e2-27b8-420a-83de-1cee04f2fb29&#8243; locked=&#8221;off&#8221; collapsed=&#8221;off&#8221; global_colors_info=&#8221;{%22gcid-8544a4e2-27b8-420a-83de-1cee04f2fb29%22:%91%22background_color%22%93}&#8221;][et_pb_row column_structure=&#8221;3_5,2_5&#8243; _builder_version=&#8221;4.25.1&#8243; _module_preset=&#8221;default&#8221; global_colors_info=&#8221;{}&#8221;][et_pb_column type=&#8221;3_5&#8243; _builder_version=&#8221;4.25.1&#8243; _module_preset=&#8221;default&#8221; global_colors_info=&#8221;{}&#8221;][et_pb_heading title=&#8221;Nuestra historia&#8221; _builder_version=&#8221;4.24.2&#8243; _module_preset=&#8221;1650f570-4c45-4e42-97fb-a0ee7d24db5e&#8221; custom_padding=&#8221;20px||||false|false&#8221; border_width_top=&#8221;2px&#8221; locked=&#8221;off&#8221; global_colors_info=&#8221;{}&#8221;][\/et_pb_heading][et_pb_text _builder_version=&#8221;4.24.2&#8243; _module_preset=&#8221;a88ba212-5844-4bf8-bfdf-79b3f6b704c0&#8243; locked=&#8221;off&#8221; global_colors_info=&#8221;{}&#8221;]<\/p>\n<p data-path-to-node=\"10\">Todo gran proyecto nace de una voluntad. La historia de nuestro centro comienza con el gesto altruista de <b>D. Luis Pastor Sequera<\/b>, quien en su testamento dej\u00f3 estipulado que su patrimonio deb\u00eda destinarse a una obra social en beneficio de Motril.<\/p>\n<p data-path-to-node=\"11\">Aunque el camino no fue sencillo, la perseverancia de la Comisi\u00f3n Testamentaria y el compromiso de la sociedad motrile\u00f1a permitieron que ese deseo se transformara en lo que somos hoy: un referente en la atenci\u00f3n a personas con discapacidad intelectual. Llevamos su nombre con orgullo, recordando cada d\u00eda que la generosidad es la semilla de la educaci\u00f3n.<\/p>\n<p>[\/et_pb_text][\/et_pb_column][et_pb_column type=&#8221;2_5&#8243; _builder_version=&#8221;4.25.1&#8243; _module_preset=&#8221;default&#8221; global_colors_info=&#8221;{}&#8221;][et_pb_image src=&#8221;https:\/\/aprosmo.org\/wp-content\/uploads\/2024\/07\/5823582715864269543.jpg&#8221; title_text=&#8221;psychologist-06&#8243; _builder_version=&#8221;4.24.2&#8243; _module_preset=&#8221;default&#8221; border_radii=&#8221;on|500px|500px|500px|500px&#8221; global_colors_info=&#8221;{}&#8221; width__hover_enabled=&#8221;off|desktop&#8221;][\/et_pb_image][et_pb_heading title=&#8221;%22Las Ra\u00edces: El legado de Luis Pastor%22 %22La verdadera generosidad hacia el futuro consiste en entregarlo todo al presente. El gesto de D. Luis Pastor no fue solo una donaci\u00f3n, fue la primera piedra de un hogar para el aprendizaje.%22&#8243; _builder_version=&#8221;4.24.2&#8243; _module_preset=&#8221;066546cf-d167-41aa-aa56-68731b48a38d&#8221; title_level=&#8221;h4&#8243; title_font=&#8221;Montserrat|700|on||||||&#8221; title_text_color=&#8221;gcid-fa3e187d-20a7-4c5a-962d-49a38117a4cc&#8221; global_colors_info=&#8221;{%22gcid-fa3e187d-20a7-4c5a-962d-49a38117a4cc%22:%91%22title_text_color%22%93}&#8221;][\/et_pb_heading][et_pb_divider show_divider=&#8221;off&#8221; _builder_version=&#8221;4.25.1&#8243; _module_preset=&#8221;default&#8221; background_color=&#8221;gcid-bcc99e3b-722a-4dba-85e5-49c6d1592562&#8243; positioning=&#8221;absolute&#8221; position_origin_a=&#8221;top_right&#8221; width=&#8221;90px&#8221; width_tablet=&#8221;90px&#8221; width_phone=&#8221;60px&#8221; width_last_edited=&#8221;on|desktop&#8221; height=&#8221;90px&#8221; height_tablet=&#8221;90px&#8221; height_phone=&#8221;60px&#8221; height_last_edited=&#8221;on|desktop&#8221; border_radii=&#8221;on|500px|500px|500px|500px&#8221; global_colors_info=&#8221;{%22gcid-bcc99e3b-722a-4dba-85e5-49c6d1592562%22:%91%22background_color%22,%22background_color%22,%22background_color%22%93}&#8221;][\/et_pb_divider][\/et_pb_column][\/et_pb_row][\/et_pb_section][et_pb_section fb_built=&#8221;1&#8243; admin_label=&#8221;LA FAMILIA APROSMO&#8221; _builder_version=&#8221;4.25.1&#8243; _module_preset=&#8221;default&#8221; background_color=&#8221;gcid-8544a4e2-27b8-420a-83de-1cee04f2fb29&#8243; locked=&#8221;off&#8221; collapsed=&#8221;off&#8221; global_colors_info=&#8221;{%22gcid-8544a4e2-27b8-420a-83de-1cee04f2fb29%22:%91%22background_color%22%93}&#8221;][et_pb_row column_structure=&#8221;1_3,2_3&#8243; _builder_version=&#8221;4.25.1&#8243; _module_preset=&#8221;default&#8221; locked=&#8221;off&#8221; global_colors_info=&#8221;{}&#8221;][et_pb_column type=&#8221;1_3&#8243; _builder_version=&#8221;4.25.1&#8243; _module_preset=&#8221;default&#8221; global_colors_info=&#8221;{}&#8221;][et_pb_image src=&#8221;https:\/\/aprosmo.org\/wp-content\/uploads\/2024\/07\/B8A38B87-0336-4720-8E4C-4BD6C7DED4DF-1-1024&#215;768.jpg&#8221; title_text=&#8221;psychologist-06&#8243; _builder_version=&#8221;4.24.2&#8243; _module_preset=&#8221;default&#8221; border_radii=&#8221;on|500px|500px|500px|500px&#8221; global_colors_info=&#8221;{}&#8221; width__hover_enabled=&#8221;off|desktop&#8221;][\/et_pb_image][\/et_pb_column][et_pb_column type=&#8221;2_3&#8243; _builder_version=&#8221;4.25.1&#8243; _module_preset=&#8221;default&#8221; global_colors_info=&#8221;{}&#8221;][et_pb_heading title=&#8221;La Familia APROSMO&#8221; _builder_version=&#8221;4.24.2&#8243; _module_preset=&#8221;8ba9794b-12c0-47e0-a5f5-f5d616d74374&#8243; global_colors_info=&#8221;{}&#8221;][\/et_pb_heading][et_pb_text _builder_version=&#8221;4.24.2&#8243; _module_preset=&#8221;a88ba212-5844-4bf8-bfdf-79b3f6b704c0&#8243; global_colors_info=&#8221;{}&#8221;]<\/p>\n<p data-path-to-node=\"13\">No se puede entender nuestro colegio sin nuestra casa madre: <b>APROSMO<\/b> (Asociaci\u00f3n en favor de las Personas con Discapacidad Intelectual de Motril y la Costa Granadina).<\/p>\n<p data-path-to-node=\"14\">Nacimos de la necesidad de las familias de la Costa y la Alpujarra de ofrecer un futuro digno y lleno de oportunidades a sus hijos e hijas. Lo que empez\u00f3 como un movimiento de padres y madres valientes, se ha convertido en una entidad declarada de Utilidad P\u00fablica que hoy atiende a cientos de usuarios. El <b>CDPEE Luis Pastor<\/b> es el coraz\u00f3n educativo de esta gran familia.<\/p>\n<p>[\/et_pb_text][et_pb_heading title=&#8221;%22El objetivo final es conseguir que nuestro alumnado adquiera la m\u00e1xima normalizaci\u00f3n en todos los \u00e1mbitos de la vida.%22&#8243; _builder_version=&#8221;4.24.2&#8243; _module_preset=&#8221;066546cf-d167-41aa-aa56-68731b48a38d&#8221; title_level=&#8221;h4&#8243; title_font=&#8221;Montserrat|700|on||||||&#8221; title_text_color=&#8221;gcid-fa3e187d-20a7-4c5a-962d-49a38117a4cc&#8221; global_colors_info=&#8221;{%22gcid-fa3e187d-20a7-4c5a-962d-49a38117a4cc%22:%91%22title_text_color%22%93}&#8221;][\/et_pb_heading][\/et_pb_column][\/et_pb_row][\/et_pb_section][et_pb_section fb_built=&#8221;1&#8243; admin_label=&#8221;El Centro Hoy: Creciendo Juntos&#8221; _builder_version=&#8221;4.25.1&#8243; _module_preset=&#8221;default&#8221; background_color=&#8221;gcid-8544a4e2-27b8-420a-83de-1cee04f2fb29&#8243; locked=&#8221;off&#8221; collapsed=&#8221;off&#8221; global_colors_info=&#8221;{%22gcid-8544a4e2-27b8-420a-83de-1cee04f2fb29%22:%91%22background_color%22%93}&#8221;][et_pb_row column_structure=&#8221;1_3,2_3&#8243; _builder_version=&#8221;4.24.2&#8243; _module_preset=&#8221;default&#8221; locked=&#8221;off&#8221; global_colors_info=&#8221;{}&#8221;][et_pb_column type=&#8221;1_3&#8243; _builder_version=&#8221;4.25.1&#8243; _module_preset=&#8221;default&#8221; global_colors_info=&#8221;{}&#8221;][et_pb_image src=&#8221;https:\/\/blogsaverroes.juntadeandalucia.es\/centroeducacionespecialluispastoraprosmo\/files\/2020\/02\/1739981317000-scaled.jpg&#8221; title_text=&#8221;1739981317000&#8243; align=&#8221;right&#8221; _builder_version=&#8221;4.24.2&#8243; _module_preset=&#8221;default&#8221; border_radii=&#8221;on|500px|500px|500px|500px&#8221; global_colors_info=&#8221;{}&#8221; width__hover_enabled=&#8221;off|desktop&#8221;][\/et_pb_image][\/et_pb_column][et_pb_column type=&#8221;2_3&#8243; _builder_version=&#8221;4.25.1&#8243; _module_preset=&#8221;default&#8221; global_colors_info=&#8221;{}&#8221;][et_pb_heading title=&#8221;El Centro Hoy: Creciendo Juntos&#8221; _builder_version=&#8221;4.24.2&#8243; _module_preset=&#8221;8ba9794b-12c0-47e0-a5f5-f5d616d74374&#8243; global_colors_info=&#8221;{}&#8221;][\/et_pb_heading][et_pb_text _builder_version=&#8221;4.24.2&#8243; _module_preset=&#8221;a88ba212-5844-4bf8-bfdf-79b3f6b704c0&#8243; global_colors_info=&#8221;{}&#8221;]<\/p>\n<p data-path-to-node=\"16\">Actualmente, el CDPEE Luis Pastor es mucho m\u00e1s que un colegio; es un espacio de vida para alumnos de entre <b>3 y 21 a\u00f1os<\/b>.<\/p>\n<p data-path-to-node=\"17\">Como centro concertado de Educaci\u00f3n Especial, hemos evolucionado adapt\u00e1ndonos a los nuevos tiempos, pero manteniendo intacta nuestra esencia:<\/p>\n<ul data-path-to-node=\"18\">\n<li>\n<p data-path-to-node=\"18,0,0\"><b>Educaci\u00f3n B\u00e1sica Obligatoria (EBO):<\/b> Donde sentamos las bases del aprendizaje y la autonom\u00eda.<\/p>\n<\/li>\n<li>\n<p data-path-to-node=\"18,1,0\"><b>Transici\u00f3n a la Vida Adulta y Laboral (PFTVAL):<\/b> Con nuestros talleres de <b>Carpinter\u00eda, Corte y Confecci\u00f3n, y Jardiner\u00eda<\/b>, donde nuestros chicos y chicas demuestran que, con los apoyos adecuados, no hay barreras para el talento.<\/p>\n<\/li>\n<\/ul>\n<ul data-path-to-node=\"21\">\n<li>\n<p data-path-to-node=\"21,0,0\">Desarrollar la autonom\u00eda personal y social.<\/p>\n<\/li>\n<li>\n<p data-path-to-node=\"21,1,0\">Fomentar la autoestima y el descubrimiento de capacidades.<\/p>\n<\/li>\n<li>\n<p data-path-to-node=\"21,2,0\">Preparar para la vida en sociedad y el mundo laboral.<\/p>\n<\/li>\n<\/ul>\n<p data-path-to-node=\"22\">En el Luis Pastor no solo ense\u00f1amos contenidos; ense\u00f1amos a convivir, a respetar y a ser felices.<\/p>\n<p>[\/et_pb_text][et_pb_heading title=&#8221;Un Centro en Reinvenci\u00f3n: Respuesta a los Nuevos Retos&#8221; _builder_version=&#8221;4.24.2&#8243; _module_preset=&#8221;fb6f729e-981a-4162-ae41-a52a6cd873a4&#8243; title_level=&#8221;h3&#8243; custom_margin=&#8221;||0px||false|false&#8221; hover_enabled=&#8221;0&#8243; global_colors_info=&#8221;{%22gcid-fa3e187d-20a7-4c5a-962d-49a38117a4cc%22:%91%22title_text_color%22%93}&#8221; sticky_enabled=&#8221;0&#8243;][\/et_pb_heading][et_pb_text _builder_version=&#8221;4.24.2&#8243; _module_preset=&#8221;a88ba212-5844-4bf8-bfdf-79b3f6b704c0&#8243; hover_enabled=&#8221;0&#8243; global_colors_info=&#8221;{}&#8221; sticky_enabled=&#8221;0&#8243;]<\/p>\n<p data-path-to-node=\"6\">Lejos de conformarnos, en el CDPEE Luis Pastor entendemos que la educaci\u00f3n especial debe ser din\u00e1mica. Por eso, actualmente estamos inmersos en un proceso de <b>reinvenci\u00f3n educativa<\/b> para dar respuesta a las necesidades emergentes de nuestro entorno.<\/p>\n<p data-path-to-node=\"7\">Hemos puesto en marcha un <b>Aula Espec\u00edfica para alumnado con Trastornos Graves de Conducta<\/b>. Este recurso nace con un objetivo esperanzador y necesario: brindar el apoyo terap\u00e9utico y educativo especializado que estos alumnos necesitan para su <b>re-inclusi\u00f3n<\/b>. No se trata solo de estar en el aula, sino de trabajar para que puedan retomar su camino en la oferta educativa y volver a participar activamente en la sociedad. Creemos firmemente en las oportunidades y en la recuperaci\u00f3n a trav\u00e9s de la educaci\u00f3n.<\/p>\n<p data-path-to-node=\"17\">Como centro concertado de Educaci\u00f3n Especial, hemos evolucionado adapt\u00e1ndonos a los nuevos tiempos, pero manteniendo intacta nuestra esencia:<\/p>\n<ul data-path-to-node=\"18\">\n<li>\n<p data-path-to-node=\"18,0,0\"><b>Educaci\u00f3n B\u00e1sica Obligatoria (EBO):<\/b> Donde sentamos las bases del aprendizaje y la autonom\u00eda.<\/p>\n<\/li>\n<li>\n<p data-path-to-node=\"18,1,0\"><b>Transici\u00f3n a la Vida Adulta y Laboral (PFTVAL):<\/b> Con nuestros talleres de <b>Carpinter\u00eda, Corte y Confecci\u00f3n, y Jardiner\u00eda<\/b>, donde nuestros chicos y chicas demuestran que, con los apoyos adecuados, no hay barreras para el talento.<\/p>\n<\/li>\n<\/ul>\n<ul data-path-to-node=\"21\">\n<li>\n<p data-path-to-node=\"21,0,0\">Desarrollar la autonom\u00eda personal y social.<\/p>\n<\/li>\n<li>\n<p data-path-to-node=\"21,1,0\">Fomentar la autoestima y el descubrimiento de capacidades.<\/p>\n<\/li>\n<li>\n<p data-path-to-node=\"21,2,0\">Preparar para la vida en sociedad y el mundo laboral.<\/p>\n<\/li>\n<\/ul>\n<p data-path-to-node=\"22\">En el Luis Pastor no solo ense\u00f1amos contenidos; ense\u00f1amos a convivir, a respetar y a ser felices.<\/p>\n<p>[\/et_pb_text][et_pb_heading title=&#8221;Nuestra Misi\u00f3n y Valores&#8221; _builder_version=&#8221;4.24.2&#8243; _module_preset=&#8221;fb6f729e-981a-4162-ae41-a52a6cd873a4&#8243; title_level=&#8221;h3&#8243; custom_margin=&#8221;||0px||false|false&#8221; global_colors_info=&#8221;{%22gcid-fa3e187d-20a7-4c5a-962d-49a38117a4cc%22:%91%22title_text_color%22%93}&#8221;][\/et_pb_heading][et_pb_text _builder_version=&#8221;4.24.2&#8243; _module_preset=&#8221;a88ba212-5844-4bf8-bfdf-79b3f6b704c0&#8243; global_colors_info=&#8221;{}&#8221;]<\/p>\n<p data-path-to-node=\"20\">Miramos al futuro con el objetivo claro de conseguir la m\u00e1xima <b>normalizaci\u00f3n e inclusi\u00f3n<\/b> para nuestro alumnado. Trabajamos cada d\u00eda para:<\/p>\n<ul data-path-to-node=\"21\">\n<li>\n<p data-path-to-node=\"21,0,0\">Desarrollar la autonom\u00eda personal y social.<\/p>\n<\/li>\n<li>\n<p data-path-to-node=\"21,1,0\">Fomentar la autoestima y el descubrimiento de capacidades.<\/p>\n<\/li>\n<li>\n<p data-path-to-node=\"21,2,0\">Preparar para la vida en sociedad y el mundo laboral.<\/p>\n<\/li>\n<\/ul>\n<p data-path-to-node=\"22\">En el Luis Pastor no solo ense\u00f1amos contenidos; ense\u00f1amos a convivir, a respetar y a ser felices.<\/p>\n<p>[\/et_pb_text][et_pb_heading title=&#8221;%22Educar es dar nuevas oportunidades. Nuestra nueva aula especializada es un puente de retorno: un espacio para sanar, re-aprender y volver a conectar con la sociedad.%22&#8243; _builder_version=&#8221;4.24.2&#8243; _module_preset=&#8221;066546cf-d167-41aa-aa56-68731b48a38d&#8221; title_level=&#8221;h4&#8243; title_font=&#8221;Montserrat|700|on||||||&#8221; title_text_color=&#8221;gcid-fa3e187d-20a7-4c5a-962d-49a38117a4cc&#8221; global_colors_info=&#8221;{%22gcid-fa3e187d-20a7-4c5a-962d-49a38117a4cc%22:%91%22title_text_color%22%93}&#8221;][\/et_pb_heading][\/et_pb_column][\/et_pb_row][\/et_pb_section]<\/p>\n","protected":false},"excerpt":{"rendered":"<p>Todo gran proyecto nace de una voluntad. La historia de nuestro centro comienza con el gesto altruista de D. Luis Pastor Sequera, quien en su testamento dej\u00f3 estipulado que su patrimonio deb\u00eda destinarse a una obra social en beneficio de Motril. Aunque el camino no fue sencillo, la perseverancia de la Comisi\u00f3n Testamentaria y el [&hellip;]<\/p>\n","protected":false},"author":7051,"featured_media":0,"parent":0,"menu_order":0,"comment_status":"closed","ping_status":"closed","template":"","meta":{"_et_pb_use_builder":"on","_et_pb_old_content":"","_et_gb_content_width":"","ngg_post_thumbnail":0,"footnotes":""},"aioseo_notices":[],"_links":{"self":[{"href":"https:\/\/blogsaverroes.juntadeandalucia.es\/centroeducacionespecialluispastoraprosmo\/wp-json\/wp\/v2\/pages\/41"}],"collection":[{"href":"https:\/\/blogsaverroes.juntadeandalucia.es\/centroeducacionespecialluispastoraprosmo\/wp-json\/wp\/v2\/pages"}],"about":[{"href":"https:\/\/blogsaverroes.juntadeandalucia.es\/centroeducacionespecialluispastoraprosmo\/wp-json\/wp\/v2\/types\/page"}],"author":[{"embeddable":true,"href":"https:\/\/blogsaverroes.juntadeandalucia.es\/centroeducacionespecialluispastoraprosmo\/wp-json\/wp\/v2\/users\/7051"}],"replies":[{"embeddable":true,"href":"https:\/\/blogsaverroes.juntadeandalucia.es\/centroeducacionespecialluispastoraprosmo\/wp-json\/wp\/v2\/comments?post=41"}],"version-history":[{"count":21,"href":"https:\/\/blogsaverroes.juntadeandalucia.es\/centroeducacionespecialluispastoraprosmo\/wp-json\/wp\/v2\/pages\/41\/revisions"}],"predecessor-version":[{"id":1136,"href":"https:\/\/blogsaverroes.juntadeandalucia.es\/centroeducacionespecialluispastoraprosmo\/wp-json\/wp\/v2\/pages\/41\/revisions\/1136"}],"wp:attachment":[{"href":"https:\/\/blogsaverroes.juntadeandalucia.es\/centroeducacionespecialluispastoraprosmo\/wp-json\/wp\/v2\/media?parent=41"}],"curies":[{"name":"wp","href":"https:\/\/api.w.org\/{rel}","templated":true}]}}