{"id":14,"date":"2025-10-28T16:00:13","date_gmt":"2025-10-28T14:00:13","guid":{"rendered":"https:\/\/blogsaverroes.juntadeandalucia.es\/centrosbilinguessevilla\/?page_id=14"},"modified":"2025-11-20T01:23:56","modified_gmt":"2025-11-19T23:23:56","slug":"aicle","status":"publish","type":"page","link":"https:\/\/blogsaverroes.juntadeandalucia.es\/centrosbilinguessevilla\/aicle\/","title":{"rendered":"AICLE"},"content":{"rendered":"<p><a href=\"https:\/\/www.youtube.com\/watch?v=k7wMkClJlxU\">AICLE y evaluaci\u00f3n. V\u00eddeo del m\u00f3dulo 3 Formaci\u00f3n para la actualizaci\u00f3n de las personas responsables de la coordinaci\u00f3n biling\u00fce<\/a><\/p>\n<p><a href=\"https:\/\/www.youtube.com\/watch?v=-Czdg8-6mJA\">CLIL (AICLE) Entrevista a David Marsh<\/a>, 2010<\/p>\n<p><a href=\"https:\/\/www.youtube.com\/watch?v=URNsMhexQpM\">Definici\u00f3n de CLIL (AICLE)<\/a>, Do Coyle, 2018<\/p>\n<p><a href=\"https:\/\/www.youtube.com\/watch?v=0vksvYEFTdk\">\u00bfQu\u00e9 no es CLIL (AICLE) ?<\/a>, Do Coyle, 2018<\/p>\n<p><a href=\"https:\/\/www.youtube.com\/watch?v=fS7VfRLOgnI&amp;t=73s\">Principios de CLIL (AICLE)<\/a>, Do Coyle, 2018<\/p>\n<p><a href=\"https:\/\/www.youtube.com\/watch?v=VaSwrfDLWwA&amp;t=25s\">Formaci\u00f3n del profesorado CLIL (AICLE)<\/a>, Do Coyle, 2018<\/p>\n<p><a href=\"https:\/\/adibeproject.com\/\">ADIBE Project<\/a><\/p>\n<p><a href=\"https:\/\/blogsaverroes.juntadeandalucia.es\/auxiliaresconversacionsevilla\/files\/2017\/05\/Plantilla-para-la-evaluaci\u00f3n-de-las-competencias-del-profesorado-CLIL.pdf\">Plantilla para la evaluaci\u00f3n de las competencias del profesorado CLIL<\/a> P Bertaux, C M Coonan, M J Figols-Martin, P Mehisto, 2010.<\/p>\n<p><a href=\"https:\/\/studylib.es\/doc\/5618493\/aprendizaje-integrado-de-contenido-y-lengua-extranjera--a\">Aprendizaje Integrado de Contenido y Lengua Extranjera (AICLE)<\/a> M\u00aa Elvira Barrios Espinosa.<\/p>\n<p><a href=\"https:\/\/view.genial.ly\/602567aedef9800dab246fad\/presentation-science\">Banco de recursos biling\u00fce (Science, Ed.Primaria)<\/a><\/p>\n<p><a href=\"https:\/\/www.edubilingue.com\/con%C3%B3cenos\">EduBiling\u00fce (Experiencias, proyectos y recursos educativos biling\u00fces, Ed. Primaria)<\/a><\/p>\n","protected":false},"excerpt":{"rendered":"<p>AICLE y evaluaci\u00f3n. V\u00eddeo del m\u00f3dulo 3 Formaci\u00f3n para la actualizaci\u00f3n de las personas responsables de la coordinaci\u00f3n biling\u00fce CLIL (AICLE) Entrevista a David Marsh, 2010 Definici\u00f3n de CLIL (AICLE), Do Coyle, 2018 \u00bfQu\u00e9&#46;&#46;&#46;<\/p>\n","protected":false},"author":1252,"featured_media":0,"parent":0,"menu_order":0,"comment_status":"open","ping_status":"closed","template":"","meta":{"ngg_post_thumbnail":0,"footnotes":""},"aioseo_notices":[],"_links":{"self":[{"href":"https:\/\/blogsaverroes.juntadeandalucia.es\/centrosbilinguessevilla\/wp-json\/wp\/v2\/pages\/14"}],"collection":[{"href":"https:\/\/blogsaverroes.juntadeandalucia.es\/centrosbilinguessevilla\/wp-json\/wp\/v2\/pages"}],"about":[{"href":"https:\/\/blogsaverroes.juntadeandalucia.es\/centrosbilinguessevilla\/wp-json\/wp\/v2\/types\/page"}],"author":[{"embeddable":true,"href":"https:\/\/blogsaverroes.juntadeandalucia.es\/centrosbilinguessevilla\/wp-json\/wp\/v2\/users\/1252"}],"replies":[{"embeddable":true,"href":"https:\/\/blogsaverroes.juntadeandalucia.es\/centrosbilinguessevilla\/wp-json\/wp\/v2\/comments?post=14"}],"version-history":[{"count":13,"href":"https:\/\/blogsaverroes.juntadeandalucia.es\/centrosbilinguessevilla\/wp-json\/wp\/v2\/pages\/14\/revisions"}],"predecessor-version":[{"id":3198,"href":"https:\/\/blogsaverroes.juntadeandalucia.es\/centrosbilinguessevilla\/wp-json\/wp\/v2\/pages\/14\/revisions\/3198"}],"wp:attachment":[{"href":"https:\/\/blogsaverroes.juntadeandalucia.es\/centrosbilinguessevilla\/wp-json\/wp\/v2\/media?parent=14"}],"curies":[{"name":"wp","href":"https:\/\/api.w.org\/{rel}","templated":true}]}}