{"id":19,"date":"2025-10-28T15:05:24","date_gmt":"2025-10-28T13:05:24","guid":{"rendered":"https:\/\/blogsaverroes.juntadeandalucia.es\/centrosbilinguessevilla\/?page_id=19"},"modified":"2025-10-30T15:18:17","modified_gmt":"2025-10-30T13:18:17","slug":"atencion-a-la-diversidad","status":"publish","type":"page","link":"https:\/\/blogsaverroes.juntadeandalucia.es\/centrosbilinguessevilla\/atencion-a-la-diversidad\/","title":{"rendered":"ATENCI\u00d3N A LA DIVERSIDAD"},"content":{"rendered":"<p><a href=\"https:\/\/www.youtube.com\/watch?v=M1qcgmnD6c8\">Buenas pr\u00e1cticas para la atenci\u00f3n a la diversidad en la ense\u00f1anza biling\u00fce. V\u00eddeo del m\u00f3dulo 3 Formaci\u00f3n para la actualizaci\u00f3n de las personas responsables de la coordinaci\u00f3n biling\u00fce&nbsp;<\/a><\/p>\n<p><a href=\"http:\/\/englishpuasanjose.blogspot.com\/2020\/01\/evaluacion-y-atencion-la-diversidad-en.html\">Evaluaci\u00f3n y atenci\u00f3n a la diversidad en la ense\u00f1anza biling\u00fce. CEIP Ntra Sra del Patrocinio. San Jos\u00e9 de la Rinconada (Sevilla)<\/a><\/p>\n<p><a href=\"https:\/\/adibeproject.com\/\">Proyecto ADIBE: CLIL for All: Attention to Diversity in Bilingual Education<\/a> ( <strong><span style=\"color: #ff0000\">vid. Outputs, ***Output 4 &#8211; 20 v\u00eddeos sobre atenci\u00f3n a la diversidad en CLIL<\/span><\/strong> )<\/p>\n<p><a href=\"https:\/\/ibmodel.org\/\">Proyecto IBMODEL<\/a> ( <strong><span style=\"color: #ff0000\">vid. Results *** Tests, materiales y app<\/span><\/strong> )<\/p>\n","protected":false},"excerpt":{"rendered":"<p>Buenas pr\u00e1cticas para la atenci\u00f3n a la diversidad en la ense\u00f1anza biling\u00fce. V\u00eddeo del m\u00f3dulo 3 Formaci\u00f3n para la actualizaci\u00f3n de las personas responsables de la coordinaci\u00f3n biling\u00fce&nbsp; Evaluaci\u00f3n y atenci\u00f3n a la diversidad&#46;&#46;&#46;<\/p>\n","protected":false},"author":1252,"featured_media":0,"parent":0,"menu_order":0,"comment_status":"open","ping_status":"closed","template":"","meta":{"ngg_post_thumbnail":0,"footnotes":""},"aioseo_notices":[],"_links":{"self":[{"href":"https:\/\/blogsaverroes.juntadeandalucia.es\/centrosbilinguessevilla\/wp-json\/wp\/v2\/pages\/19"}],"collection":[{"href":"https:\/\/blogsaverroes.juntadeandalucia.es\/centrosbilinguessevilla\/wp-json\/wp\/v2\/pages"}],"about":[{"href":"https:\/\/blogsaverroes.juntadeandalucia.es\/centrosbilinguessevilla\/wp-json\/wp\/v2\/types\/page"}],"author":[{"embeddable":true,"href":"https:\/\/blogsaverroes.juntadeandalucia.es\/centrosbilinguessevilla\/wp-json\/wp\/v2\/users\/1252"}],"replies":[{"embeddable":true,"href":"https:\/\/blogsaverroes.juntadeandalucia.es\/centrosbilinguessevilla\/wp-json\/wp\/v2\/comments?post=19"}],"version-history":[{"count":6,"href":"https:\/\/blogsaverroes.juntadeandalucia.es\/centrosbilinguessevilla\/wp-json\/wp\/v2\/pages\/19\/revisions"}],"predecessor-version":[{"id":3110,"href":"https:\/\/blogsaverroes.juntadeandalucia.es\/centrosbilinguessevilla\/wp-json\/wp\/v2\/pages\/19\/revisions\/3110"}],"wp:attachment":[{"href":"https:\/\/blogsaverroes.juntadeandalucia.es\/centrosbilinguessevilla\/wp-json\/wp\/v2\/media?parent=19"}],"curies":[{"name":"wp","href":"https:\/\/api.w.org\/{rel}","templated":true}]}}