{"id":25,"date":"2026-03-26T08:45:01","date_gmt":"2026-03-26T06:45:01","guid":{"rendered":"https:\/\/blogsaverroes.juntadeandalucia.es\/centrosbilinguessevilla\/?page_id=25"},"modified":"2026-03-27T15:04:47","modified_gmt":"2026-03-27T13:04:47","slug":"centros-bilingues-publicos","status":"publish","type":"page","link":"https:\/\/blogsaverroes.juntadeandalucia.es\/centrosbilinguessevilla\/centros-bilingues-publicos\/","title":{"rendered":"CENTROS BILING\u00dcES P\u00daBLICOS"},"content":{"rendered":"<p><a href=\"https:\/\/blogsaverroes.juntadeandalucia.es\/centrosbilinguessevilla\/files\/2026\/03\/SITIOS-WEB-DE-LOS-CENTROS-BILINGUES-PUBLICOS-DE-SEVILLA_ACTUALIZACION-26032026.pdf\">SITIOS WEB DE LOS CENTROS BILING\u00dcES P\u00daBLICOS DE SEVILLA_ACTUALIZACI\u00d3N 26032026<\/a><\/p>\n","protected":false},"excerpt":{"rendered":"<p>SITIOS WEB DE LOS CENTROS BILING\u00dcES P\u00daBLICOS DE SEVILLA_ACTUALIZACI\u00d3N 26032026<\/p>\n","protected":false},"author":1252,"featured_media":0,"parent":0,"menu_order":0,"comment_status":"open","ping_status":"closed","template":"","meta":{"ngg_post_thumbnail":0,"footnotes":""},"aioseo_notices":[],"_links":{"self":[{"href":"https:\/\/blogsaverroes.juntadeandalucia.es\/centrosbilinguessevilla\/wp-json\/wp\/v2\/pages\/25"}],"collection":[{"href":"https:\/\/blogsaverroes.juntadeandalucia.es\/centrosbilinguessevilla\/wp-json\/wp\/v2\/pages"}],"about":[{"href":"https:\/\/blogsaverroes.juntadeandalucia.es\/centrosbilinguessevilla\/wp-json\/wp\/v2\/types\/page"}],"author":[{"embeddable":true,"href":"https:\/\/blogsaverroes.juntadeandalucia.es\/centrosbilinguessevilla\/wp-json\/wp\/v2\/users\/1252"}],"replies":[{"embeddable":true,"href":"https:\/\/blogsaverroes.juntadeandalucia.es\/centrosbilinguessevilla\/wp-json\/wp\/v2\/comments?post=25"}],"version-history":[{"count":20,"href":"https:\/\/blogsaverroes.juntadeandalucia.es\/centrosbilinguessevilla\/wp-json\/wp\/v2\/pages\/25\/revisions"}],"predecessor-version":[{"id":3334,"href":"https:\/\/blogsaverroes.juntadeandalucia.es\/centrosbilinguessevilla\/wp-json\/wp\/v2\/pages\/25\/revisions\/3334"}],"wp:attachment":[{"href":"https:\/\/blogsaverroes.juntadeandalucia.es\/centrosbilinguessevilla\/wp-json\/wp\/v2\/media?parent=25"}],"curies":[{"name":"wp","href":"https:\/\/api.w.org\/{rel}","templated":true}]}}