{"id":2823,"date":"2017-10-02T11:37:52","date_gmt":"2017-10-02T11:37:52","guid":{"rendered":"https:\/\/blogsaverroes.juntadeandalucia.es\/cepdebaza\/?page_id=2823"},"modified":"2017-10-04T11:16:23","modified_gmt":"2017-10-04T11:16:23","slug":"los-programas-europeos-en-un-centro-de-ensenanza","status":"publish","type":"page","link":"https:\/\/blogsaverroes.juntadeandalucia.es\/cepdebaza\/30-aniversario-del-cep-de-baza\/los-programas-europeos-en-un-centro-de-ensenanza\/","title":{"rendered":"Los Programas europeos en un centro de Ense\u00f1anza"},"content":{"rendered":"<p style=\"text-align: center\"><span style=\"color: #800000\"><strong>Los Proyectos europeos en el IES P. Jim\u00e9nez Montoya de Baza<\/strong><\/span><\/p>\n<p style=\"text-align: justify\">Los Proyectos europeos, y en concreto los Programas Erasmus +, son una magn\u00edfica oportunidad para los Centros Educativos a nivel de profesorado, de alumnado y del propio Centro. Para el profesorado significan la oportunidad de formarse, innovar y compartir experiencias con profesionales de otros pa\u00edses. Para el alumnado aportan contextos reales y significativos de aplicaci\u00f3n de aprendizajes espec\u00edficos relacionados con el tema del proyecto, as\u00ed como de otras \u00e1reas generales como son los idiomas. En muchos casos estos proyectos son adem\u00e1s una apertura de mente de cara a una futura formaci\u00f3n en el extranjero. Para los centros educativos son adem\u00e1s una fuente de ingresos para afrontar las modificaciones estructurales y en dotaci\u00f3n de material para el desarrollo del proyecto, as\u00ed como una oportunidad para ampliar la red de contactos y sinergias con otros centros, instituciones y administraciones.<\/p>\n<p style=\"text-align: justify\"><a href=\"https:\/\/blogsaverroes.juntadeandalucia.es\/cepdebaza\/files\/2017\/10\/Erasmus-2.jpg\"><img fetchpriority=\"high\" decoding=\"async\" class=\"aligncenter wp-image-2895 size-large\" src=\"https:\/\/blogsaverroes.juntadeandalucia.es\/cepdebaza\/files\/2017\/10\/Erasmus-2-1024x714.jpg\" alt=\"\" width=\"720\" height=\"502\" srcset=\"https:\/\/blogsaverroes.juntadeandalucia.es\/cepdebaza\/files\/2017\/10\/Erasmus-2-1024x714.jpg 1024w, https:\/\/blogsaverroes.juntadeandalucia.es\/cepdebaza\/files\/2017\/10\/Erasmus-2-300x209.jpg 300w, https:\/\/blogsaverroes.juntadeandalucia.es\/cepdebaza\/files\/2017\/10\/Erasmus-2-768x535.jpg 768w, https:\/\/blogsaverroes.juntadeandalucia.es\/cepdebaza\/files\/2017\/10\/Erasmus-2-24x17.jpg 24w, https:\/\/blogsaverroes.juntadeandalucia.es\/cepdebaza\/files\/2017\/10\/Erasmus-2-36x25.jpg 36w, https:\/\/blogsaverroes.juntadeandalucia.es\/cepdebaza\/files\/2017\/10\/Erasmus-2-48x33.jpg 48w, https:\/\/blogsaverroes.juntadeandalucia.es\/cepdebaza\/files\/2017\/10\/Erasmus-2.jpg 1600w\" sizes=\"(max-width: 720px) 100vw, 720px\" \/><\/a><\/p>\n<p style=\"text-align: justify\"><a href=\"https:\/\/blogsaverroes.juntadeandalucia.es\/cepdebaza\/files\/2017\/10\/Erasmus-1.jpg\"><img decoding=\"async\" class=\"aligncenter wp-image-2896 size-large\" src=\"https:\/\/blogsaverroes.juntadeandalucia.es\/cepdebaza\/files\/2017\/10\/Erasmus-1-1024x479.jpg\" alt=\"\" width=\"720\" height=\"337\" srcset=\"https:\/\/blogsaverroes.juntadeandalucia.es\/cepdebaza\/files\/2017\/10\/Erasmus-1-1024x479.jpg 1024w, https:\/\/blogsaverroes.juntadeandalucia.es\/cepdebaza\/files\/2017\/10\/Erasmus-1-300x140.jpg 300w, https:\/\/blogsaverroes.juntadeandalucia.es\/cepdebaza\/files\/2017\/10\/Erasmus-1-768x359.jpg 768w, https:\/\/blogsaverroes.juntadeandalucia.es\/cepdebaza\/files\/2017\/10\/Erasmus-1-24x11.jpg 24w, https:\/\/blogsaverroes.juntadeandalucia.es\/cepdebaza\/files\/2017\/10\/Erasmus-1-36x17.jpg 36w, https:\/\/blogsaverroes.juntadeandalucia.es\/cepdebaza\/files\/2017\/10\/Erasmus-1-48x22.jpg 48w, https:\/\/blogsaverroes.juntadeandalucia.es\/cepdebaza\/files\/2017\/10\/Erasmus-1.jpg 1600w\" sizes=\"(max-width: 720px) 100vw, 720px\" \/><\/a><\/p>\n","protected":false},"excerpt":{"rendered":"<p>Los Proyectos europeos en el IES P. Jim\u00e9nez Montoya de Baza Los Proyectos europeos, y en concreto los Programas Erasmus +, son una magn\u00edfica oportunidad&hellip;<\/p>\n","protected":false},"author":5198,"featured_media":0,"parent":2697,"menu_order":0,"comment_status":"closed","ping_status":"closed","template":"","meta":{"ngg_post_thumbnail":0,"footnotes":"","_mc_calendar":[]},"aioseo_notices":[],"_links":{"self":[{"href":"https:\/\/blogsaverroes.juntadeandalucia.es\/cepdebaza\/wp-json\/wp\/v2\/pages\/2823"}],"collection":[{"href":"https:\/\/blogsaverroes.juntadeandalucia.es\/cepdebaza\/wp-json\/wp\/v2\/pages"}],"about":[{"href":"https:\/\/blogsaverroes.juntadeandalucia.es\/cepdebaza\/wp-json\/wp\/v2\/types\/page"}],"author":[{"embeddable":true,"href":"https:\/\/blogsaverroes.juntadeandalucia.es\/cepdebaza\/wp-json\/wp\/v2\/users\/5198"}],"replies":[{"embeddable":true,"href":"https:\/\/blogsaverroes.juntadeandalucia.es\/cepdebaza\/wp-json\/wp\/v2\/comments?post=2823"}],"version-history":[{"count":4,"href":"https:\/\/blogsaverroes.juntadeandalucia.es\/cepdebaza\/wp-json\/wp\/v2\/pages\/2823\/revisions"}],"predecessor-version":[{"id":2897,"href":"https:\/\/blogsaverroes.juntadeandalucia.es\/cepdebaza\/wp-json\/wp\/v2\/pages\/2823\/revisions\/2897"}],"up":[{"embeddable":true,"href":"https:\/\/blogsaverroes.juntadeandalucia.es\/cepdebaza\/wp-json\/wp\/v2\/pages\/2697"}],"wp:attachment":[{"href":"https:\/\/blogsaverroes.juntadeandalucia.es\/cepdebaza\/wp-json\/wp\/v2\/media?parent=2823"}],"curies":[{"name":"wp","href":"https:\/\/api.w.org\/{rel}","templated":true}]}}