{"id":4706,"date":"2021-05-05T11:52:46","date_gmt":"2021-05-05T11:52:46","guid":{"rendered":"https:\/\/blogsaverroes.juntadeandalucia.es\/cepdebaza\/?page_id=4706"},"modified":"2025-05-09T10:19:56","modified_gmt":"2025-05-09T10:19:56","slug":"primaria","status":"publish","type":"page","link":"https:\/\/blogsaverroes.juntadeandalucia.es\/cepdebaza\/primaria\/","title":{"rendered":"PRIMARIA"},"content":{"rendered":"<table style=\"width: 62.9628%;height: 493px\">\n<tbody>\n<tr style=\"height: 12px\">\n<td style=\"width: 13.4251%;height: 12px\">31.&nbsp;&nbsp;&nbsp;&nbsp;&nbsp;&nbsp;&nbsp;&nbsp;&nbsp;<\/td>\n<td style=\"width: 50.9466%;height: 12px\">C.E.I.P. AMANCIA BURGOS<\/td>\n<td style=\"width: 52.1515%;height: 12px\">BENAMAUREL<\/td>\n<\/tr>\n<tr style=\"height: 12px\">\n<td style=\"width: 13.4251%;height: 12px\">17.&nbsp;&nbsp;&nbsp;&nbsp;&nbsp;&nbsp;&nbsp;&nbsp;&nbsp;<\/td>\n<td style=\"width: 50.9466%;height: 12px\">C.E.I.P. CERVANTES<\/td>\n<td style=\"width: 52.1515%;height: 12px\">HU\u00c9SCAR<\/td>\n<\/tr>\n<tr style=\"height: 12px\">\n<td style=\"width: 13.4251%;height: 12px\">3.&nbsp;&nbsp;&nbsp;&nbsp;&nbsp;&nbsp;&nbsp;&nbsp;&nbsp;&nbsp;&nbsp;&nbsp;&nbsp;&nbsp;<\/td>\n<td style=\"width: 50.9466%;height: 12px\">C.E.I.P. CIUDAD DE BAZA<\/td>\n<td style=\"width: 52.1515%;height: 12px\">BAZA<\/td>\n<\/tr>\n<tr style=\"height: 12px\">\n<td style=\"width: 13.4251%;height: 12px\">45.&nbsp;&nbsp;&nbsp;&nbsp;&nbsp;&nbsp;&nbsp;&nbsp;&nbsp;<\/td>\n<td style=\"width: 50.9466%;height: 12px\">C.E.I.P. CRISTO DE LA EXPIRACI\u00d3N<\/td>\n<td style=\"width: 52.1515%;height: 12px\">GALERA<\/td>\n<\/tr>\n<tr style=\"height: 12px\">\n<td style=\"width: 13.4251%;height: 12px\">4.&nbsp;&nbsp;&nbsp;&nbsp;&nbsp;&nbsp;&nbsp;&nbsp;&nbsp;&nbsp;&nbsp;&nbsp;&nbsp;&nbsp;<\/td>\n<td style=\"width: 50.9466%;height: 12px\">C.E.I.P. FRANCISCO DE VELASCO<\/td>\n<td style=\"width: 52.1515%;height: 12px\">BAZA<\/td>\n<\/tr>\n<tr style=\"height: 12px\">\n<td style=\"width: 13.4251%;height: 12px\">5.&nbsp;&nbsp;&nbsp;&nbsp;&nbsp;&nbsp;&nbsp;&nbsp;&nbsp;&nbsp;&nbsp;&nbsp;&nbsp;<\/td>\n<td style=\"width: 50.9466%;height: 12px\">C.E.I.P. JABALC\u00d3N<\/td>\n<td style=\"width: 52.1515%;height: 12px\">BAZA<\/td>\n<\/tr>\n<tr style=\"height: 12px\">\n<td style=\"width: 13.4251%;height: 12px\">28.&nbsp;&nbsp;&nbsp;&nbsp;&nbsp;&nbsp;&nbsp;&nbsp;&nbsp;<\/td>\n<td style=\"width: 50.9466%;height: 12px\">C.E.I.P. JUAN XXIII<\/td>\n<td style=\"width: 52.1515%;height: 12px\">CANILES<\/td>\n<\/tr>\n<tr style=\"height: 12px\">\n<td style=\"width: 13.4251%;height: 12px\">25.&nbsp;&nbsp;&nbsp;&nbsp;&nbsp;&nbsp;&nbsp;&nbsp;&nbsp;<\/td>\n<td style=\"width: 50.9466%;height: 12px\">C.E.I.P. LA HINOJORA<\/td>\n<td style=\"width: 52.1515%;height: 12px\">C\u00daLLAR<\/td>\n<\/tr>\n<tr style=\"height: 12px\">\n<td style=\"width: 13.4251%;height: 12px\">37.&nbsp;&nbsp;&nbsp;&nbsp;&nbsp;&nbsp;&nbsp;&nbsp;&nbsp;<\/td>\n<td style=\"width: 50.9466%;height: 12px\">C.E.I.P. LOS R\u00cdOS<\/td>\n<td style=\"width: 52.1515%;height: 12px\">CASTILL\u00c9JAR<\/td>\n<\/tr>\n<tr style=\"height: 12px\">\n<td style=\"width: 13.4251%;height: 12px\">48.&nbsp;&nbsp;&nbsp;&nbsp;&nbsp;&nbsp;&nbsp;&nbsp;&nbsp;<\/td>\n<td style=\"width: 50.9466%;height: 12px\">C.E.I.P. MAR\u00cdA P\u00c9REZ GARC\u00cdA<\/td>\n<td style=\"width: 52.1515%;height: 12px\">ORCE<\/td>\n<\/tr>\n<tr style=\"height: 12px\">\n<td style=\"width: 13.4251%;height: 12px\">24.&nbsp;&nbsp;&nbsp;&nbsp;&nbsp;&nbsp;&nbsp;&nbsp;&nbsp;<\/td>\n<td style=\"width: 50.9466%;height: 12px\">C.E.I.P. MURES<\/td>\n<td style=\"width: 52.1515%;height: 12px\">C\u00daLLAR<\/td>\n<\/tr>\n<tr style=\"height: 12px\">\n<td style=\"width: 13.4251%;height: 12px\">36.&nbsp;&nbsp;&nbsp;&nbsp;&nbsp;&nbsp;&nbsp;&nbsp;&nbsp;<\/td>\n<td style=\"width: 50.9466%;height: 12px\">C.E.I.P. NTRA. SRA. DEL ROSARIO<\/td>\n<td style=\"width: 52.1515%;height: 12px\">CAMPOCAMARA<\/td>\n<\/tr>\n<tr style=\"height: 12px\">\n<td style=\"width: 13.4251%;height: 12px\">18.&nbsp;&nbsp;&nbsp;&nbsp;&nbsp;&nbsp;&nbsp;&nbsp;&nbsp;<\/td>\n<td style=\"width: 50.9466%;height: 12px\">C.E.I.P. PRINCESA SOFIA<\/td>\n<td style=\"width: 52.1515%;height: 12px\">HU\u00c9SCAR<\/td>\n<\/tr>\n<tr style=\"height: 12px\">\n<td style=\"width: 13.4251%;height: 12px\">42.&nbsp;&nbsp;&nbsp;&nbsp;&nbsp;&nbsp;&nbsp;&nbsp;&nbsp;<\/td>\n<td style=\"width: 50.9466%;height: 12px\">C.E.I.P. SAN ISIDRO LABRADOR<\/td>\n<td style=\"width: 52.1515%;height: 12px\">CUEVAS DEL CAMPO<\/td>\n<\/tr>\n<tr style=\"height: 12px\">\n<td style=\"width: 13.4251%;height: 12px\">6.&nbsp;&nbsp;&nbsp;&nbsp;&nbsp;&nbsp;&nbsp;&nbsp;&nbsp;&nbsp;&nbsp;&nbsp;&nbsp;&nbsp;<\/td>\n<td style=\"width: 50.9466%;height: 12px\">C.E.I.P. SAN JOSE DE CALASANZ<\/td>\n<td style=\"width: 52.1515%;height: 12px\">BAZA<\/td>\n<\/tr>\n<tr style=\"height: 12px\">\n<td style=\"width: 13.4251%;height: 12px\">41.&nbsp;&nbsp;&nbsp;&nbsp;&nbsp;&nbsp;&nbsp;&nbsp;&nbsp;<\/td>\n<td style=\"width: 50.9466%;height: 12px\">C.E.I.P. SANTOS M\u00c9DICOS<\/td>\n<td style=\"width: 52.1515%;height: 12px\">CORTES DE BAZA<\/td>\n<\/tr>\n<tr style=\"height: 12px\">\n<td style=\"width: 13.4251%;height: 12px\">16.&nbsp;&nbsp;&nbsp;&nbsp;&nbsp;&nbsp;&nbsp;&nbsp;&nbsp;<\/td>\n<td style=\"width: 50.9466%;height: 12px\">C.E.I.P.&nbsp; NATALIO RIVAS<\/td>\n<td style=\"width: 52.1515%;height: 12px\">HU\u00c9SCAR<\/td>\n<\/tr>\n<tr style=\"height: 12px\">\n<td style=\"width: 13.4251%;height: 12px\">34.&nbsp;&nbsp;&nbsp;&nbsp;&nbsp;&nbsp;&nbsp;&nbsp;&nbsp;<\/td>\n<td style=\"width: 50.9466%;height: 12px\">C.E.I.P.&nbsp; SANTO ANGEL<\/td>\n<td style=\"width: 52.1515%;height: 12px\">Z\u00daJAR<\/td>\n<\/tr>\n<tr style=\"height: 12px\">\n<td style=\"width: 13.4251%;height: 12px\">39.&nbsp;&nbsp;&nbsp;&nbsp;&nbsp;&nbsp;&nbsp;&nbsp;&nbsp;<\/td>\n<td style=\"width: 50.9466%;height: 12px\">C.E.I.P.NTRA.SRA DEL&nbsp; ROSARIO<\/td>\n<td style=\"width: 52.1515%;height: 12px\">CASTRIL<\/td>\n<\/tr>\n<tr style=\"height: 12px\">\n<td style=\"width: 13.4251%;height: 12px\">43.&nbsp;&nbsp;&nbsp;&nbsp;&nbsp;&nbsp;&nbsp;&nbsp;&nbsp;<\/td>\n<td style=\"width: 50.9466%;height: 12px\">C.EIP. FRANCISCO AYALA<\/td>\n<td style=\"width: 52.1515%;height: 12px\">FATIMA<\/td>\n<\/tr>\n<tr style=\"height: 12px\">\n<td style=\"width: 13.4251%;height: 12px\">49.&nbsp;&nbsp;&nbsp;&nbsp;&nbsp;&nbsp;&nbsp;&nbsp;&nbsp;<\/td>\n<td style=\"width: 50.9466%;height: 12px\">C.P.R&nbsp; RAM\u00d3N Y CAJAL<\/td>\n<td style=\"width: 52.1515%;height: 12px\">PUEBLA DE D. FABRIQUE<\/td>\n<\/tr>\n<tr style=\"height: 12px\">\n<td style=\"width: 13.4251%;height: 12px\">47.&nbsp;&nbsp;&nbsp;&nbsp;&nbsp;&nbsp;&nbsp;&nbsp;&nbsp;<\/td>\n<td style=\"width: 50.9466%;height: 12px\">C.P.R. CAMPO DEL REY<\/td>\n<td style=\"width: 52.1515%;height: 12px\">ALMONTARAS<\/td>\n<\/tr>\n<tr style=\"height: 12px\">\n<td style=\"width: 13.4251%;height: 12px\">44.&nbsp;&nbsp;&nbsp;&nbsp;&nbsp;&nbsp;&nbsp;&nbsp;&nbsp;<\/td>\n<td style=\"width: 50.9466%;height: 12px\">C.P.R. NEGRAT\u00cdN<\/td>\n<td style=\"width: 52.1515%;height: 12px\">FREILA<\/td>\n<\/tr>\n<tr style=\"height: 12px\">\n<td style=\"width: 13.4251%;height: 12px\">22.&nbsp;&nbsp;&nbsp;&nbsp;&nbsp;&nbsp;&nbsp;&nbsp;&nbsp;<\/td>\n<td style=\"width: 50.9466%;height: 12px\">CEPER LA VEREA<\/td>\n<td style=\"width: 52.1515%;height: 12px\">HU\u00c9SCAR<\/td>\n<\/tr>\n<tr style=\"height: 12px\">\n<td style=\"width: 13.4251%;height: 12px\">8.&nbsp;&nbsp;&nbsp;&nbsp;&nbsp;&nbsp;&nbsp;&nbsp;&nbsp;&nbsp;&nbsp;&nbsp;&nbsp;&nbsp;<\/td>\n<td style=\"width: 50.9466%;height: 12px\">CEPER MAR\u00cdA DE LUNA<\/td>\n<td style=\"width: 52.1515%;height: 12px\">BAZA<\/td>\n<\/tr>\n<tr style=\"height: 12px\">\n<td style=\"width: 13.4251%;height: 28px\">19.&nbsp;&nbsp;&nbsp;&nbsp;&nbsp;&nbsp;&nbsp;&nbsp;&nbsp;<\/td>\n<td style=\"width: 50.9466%;height: 28px\">EQUIPO DE ORIENTACI\u00d3N EDUCATIVA.<\/td>\n<td style=\"width: 52.1515%;height: 28px\">HU\u00c9SCAR<\/td>\n<\/tr>\n<tr style=\"height: 10px\">\n<td style=\"width: 13.4251%;height: 10px\">9.&nbsp; &nbsp; &nbsp; &nbsp; &nbsp; &nbsp; &nbsp;<\/td>\n<td style=\"width: 50.9466%;height: 10px\">EQUIPO ORIENTACION EDUCATIVA.<\/td>\n<td style=\"width: 52.1515%;height: 10px\">BAZA<\/td>\n<\/tr>\n<tr style=\"height: 12px\">\n<td style=\"width: 13.4251%;height: 12px\">41.&nbsp;&nbsp;&nbsp;&nbsp;&nbsp;&nbsp;&nbsp;&nbsp;&nbsp;<\/td>\n<td style=\"width: 50.9466%;height: 12px\">C.E.I.P. SANTOS M\u00c9DICOS<\/td>\n<td style=\"width: 52.1515%;height: 12px\">CORTES DE BAZA<\/td>\n<\/tr>\n<tr style=\"height: 12px\">\n<td style=\"width: 13.4251%;height: 12px\">42.&nbsp;&nbsp;&nbsp;&nbsp;&nbsp;&nbsp;&nbsp;&nbsp;&nbsp;<\/td>\n<td style=\"width: 50.9466%;height: 12px\">C.E.I.P. SAN ISIDRO LABRADOR<\/td>\n<td style=\"width: 52.1515%;height: 12px\">CUEVAS DEL CAMPO<\/td>\n<\/tr>\n<tr style=\"height: 12px\">\n<td style=\"width: 13.4251%;height: 12px\">43.&nbsp;&nbsp;&nbsp;&nbsp;&nbsp;&nbsp;&nbsp;&nbsp;&nbsp;<\/td>\n<td style=\"width: 50.9466%;height: 12px\">C.EIP. FRANCISCO AYALA<\/td>\n<td style=\"width: 52.1515%;height: 12px\">FATIMA<\/td>\n<\/tr>\n<tr style=\"height: 12px\">\n<td style=\"width: 13.4251%;height: 12px\">44.&nbsp;&nbsp;&nbsp;&nbsp;&nbsp;&nbsp;&nbsp;&nbsp;&nbsp;<\/td>\n<td style=\"width: 50.9466%;height: 12px\">C.P.R. NEGRAT\u00cdN<\/td>\n<td style=\"width: 52.1515%;height: 12px\">FREILA<\/td>\n<\/tr>\n<tr style=\"height: 12px\">\n<td style=\"width: 13.4251%;height: 12px\">45.&nbsp;&nbsp;&nbsp;&nbsp;&nbsp;&nbsp;&nbsp;&nbsp;&nbsp;<\/td>\n<td style=\"width: 50.9466%;height: 12px\">C.E.I.P. CRISTO DE LA EXPIRACI\u00d3N<\/td>\n<td style=\"width: 52.1515%;height: 12px\">GALERA<\/td>\n<\/tr>\n<tr style=\"height: 12px\">\n<td style=\"width: 13.4251%;height: 12px\">46.&nbsp;&nbsp;&nbsp;&nbsp;&nbsp;&nbsp;&nbsp;&nbsp;&nbsp;<\/td>\n<td style=\"width: 50.9466%;height: 12px\">SEP GALERA<\/td>\n<td style=\"width: 52.1515%;height: 12px\">GALERA<\/td>\n<\/tr>\n<tr style=\"height: 12px\">\n<td style=\"width: 13.4251%;height: 12px\">47.&nbsp;&nbsp;&nbsp;&nbsp;&nbsp;&nbsp;&nbsp;&nbsp;&nbsp;<\/td>\n<td style=\"width: 50.9466%;height: 12px\">C.P.R. CAMPO DEL REY<\/td>\n<td style=\"width: 52.1515%;height: 12px\">ALMONTARAS<\/td>\n<\/tr>\n<tr style=\"height: 12px\">\n<td style=\"width: 13.4251%;height: 12px\">48.&nbsp;&nbsp;&nbsp;&nbsp;&nbsp;&nbsp;&nbsp;&nbsp;&nbsp;<\/td>\n<td style=\"width: 50.9466%;height: 12px\">C.E.I.P. MAR\u00cdA P\u00c9REZ GARC\u00cdA<\/td>\n<td style=\"width: 52.1515%;height: 12px\">ORCE<\/td>\n<\/tr>\n<tr style=\"height: 12px\">\n<td style=\"width: 13.4251%;height: 12px\">49.&nbsp;&nbsp;&nbsp;&nbsp;&nbsp;&nbsp;&nbsp;&nbsp;&nbsp;<\/td>\n<td style=\"width: 50.9466%;height: 12px\">C.P.R&nbsp; RAM\u00d3N Y CAJAL<\/td>\n<td style=\"width: 52.1515%;height: 12px\">PUEBLA DE D. FABRIQUE<\/td>\n<\/tr>\n<tr style=\"height: 12px\">\n<td style=\"width: 13.4251%;height: 12px\">50.&nbsp;&nbsp;&nbsp;&nbsp;&nbsp;&nbsp;&nbsp;&nbsp;&nbsp;<\/td>\n<td style=\"width: 50.9466%;height: 12px\">SEP LA PUEBLA DE DON FADRIQUE<\/td>\n<td style=\"width: 52.1515%;height: 12px\">PUEBLA DE D. FABRIQUE<\/td>\n<\/tr>\n<tr style=\"height: 12px\">\n<td style=\"width: 13.4251%;height: 12px\">1.&nbsp;&nbsp;&nbsp;&nbsp;&nbsp;&nbsp;&nbsp;&nbsp;&nbsp;&nbsp;<\/td>\n<td style=\"width: 50.9466%;height: 12px\">C.D.P DIVINO MAESTRO<\/td>\n<td style=\"width: 52.1515%;height: 12px\">BAZA<\/td>\n<\/tr>\n<tr style=\"height: 23px\">\n<td style=\"width: 13.4251%;height: 23px\">2.&nbsp;&nbsp;&nbsp;&nbsp;&nbsp;&nbsp;&nbsp;&nbsp;&nbsp;&nbsp;&nbsp;&nbsp;&nbsp;&nbsp;<\/td>\n<td style=\"width: 50.9466%;height: 23px\">C.D.P. LA PRESENTACI\u00d3N<\/td>\n<td style=\"width: 52.1515%;height: 23px\">BAZA<\/td>\n<\/tr>\n<\/tbody>\n<\/table>\n","protected":false},"excerpt":{"rendered":"<p>31.&nbsp;&nbsp;&nbsp;&nbsp;&nbsp;&nbsp;&nbsp;&nbsp;&nbsp; C.E.I.P. AMANCIA BURGOS BENAMAUREL 17.&nbsp;&nbsp;&nbsp;&nbsp;&nbsp;&nbsp;&nbsp;&nbsp;&nbsp; C.E.I.P. CERVANTES HU\u00c9SCAR 3.&nbsp;&nbsp;&nbsp;&nbsp;&nbsp;&nbsp;&nbsp;&nbsp;&nbsp;&nbsp;&nbsp;&nbsp;&nbsp;&nbsp; C.E.I.P. CIUDAD DE BAZA BAZA 45.&nbsp;&nbsp;&nbsp;&nbsp;&nbsp;&nbsp;&nbsp;&nbsp;&nbsp; C.E.I.P. CRISTO DE LA EXPIRACI\u00d3N GALERA 4.&nbsp;&nbsp;&nbsp;&nbsp;&nbsp;&nbsp;&nbsp;&nbsp;&nbsp;&nbsp;&nbsp;&nbsp;&nbsp;&nbsp; C.E.I.P. FRANCISCO&hellip;<\/p>\n","protected":false},"author":5198,"featured_media":0,"parent":0,"menu_order":0,"comment_status":"closed","ping_status":"closed","template":"","meta":{"ngg_post_thumbnail":0,"footnotes":"","_mc_calendar":[]},"aioseo_notices":[],"_links":{"self":[{"href":"https:\/\/blogsaverroes.juntadeandalucia.es\/cepdebaza\/wp-json\/wp\/v2\/pages\/4706"}],"collection":[{"href":"https:\/\/blogsaverroes.juntadeandalucia.es\/cepdebaza\/wp-json\/wp\/v2\/pages"}],"about":[{"href":"https:\/\/blogsaverroes.juntadeandalucia.es\/cepdebaza\/wp-json\/wp\/v2\/types\/page"}],"author":[{"embeddable":true,"href":"https:\/\/blogsaverroes.juntadeandalucia.es\/cepdebaza\/wp-json\/wp\/v2\/users\/5198"}],"replies":[{"embeddable":true,"href":"https:\/\/blogsaverroes.juntadeandalucia.es\/cepdebaza\/wp-json\/wp\/v2\/comments?post=4706"}],"version-history":[{"count":4,"href":"https:\/\/blogsaverroes.juntadeandalucia.es\/cepdebaza\/wp-json\/wp\/v2\/pages\/4706\/revisions"}],"predecessor-version":[{"id":5125,"href":"https:\/\/blogsaverroes.juntadeandalucia.es\/cepdebaza\/wp-json\/wp\/v2\/pages\/4706\/revisions\/5125"}],"wp:attachment":[{"href":"https:\/\/blogsaverroes.juntadeandalucia.es\/cepdebaza\/wp-json\/wp\/v2\/media?parent=4706"}],"curies":[{"name":"wp","href":"https:\/\/api.w.org\/{rel}","templated":true}]}}