{"id":4710,"date":"2021-05-05T11:53:21","date_gmt":"2021-05-05T11:53:21","guid":{"rendered":"https:\/\/blogsaverroes.juntadeandalucia.es\/cepdebaza\/?page_id=4710"},"modified":"2025-05-09T10:06:05","modified_gmt":"2025-05-09T10:06:05","slug":"formacion-profesional","status":"publish","type":"page","link":"https:\/\/blogsaverroes.juntadeandalucia.es\/cepdebaza\/formacion-profesional\/","title":{"rendered":"FORMACI\u00d3N PROFESIONAL"},"content":{"rendered":"<table>\n<tbody>\n<tr>\n<td rowspan=\"9\">Ciclos formativos.<\/p>\n<p>Grado medio.<\/td>\n<td>T\u00e9cnico en Elaboraci\u00f3n de Productos Alimenticios&nbsp;&nbsp;<\/td>\n<\/tr>\n<tr>\n<td>T\u00e9cnico en Cuidados Auxiliares de Enfermer\u00eda.<\/td>\n<\/tr>\n<tr>\n<td>T\u00e9cnico en Atenci\u00f3n a Personas en Situaci\u00f3n de Dependencia.<\/td>\n<\/tr>\n<tr>\n<td>T\u00e9cnico en Electromec\u00e1nica de Veh\u00edculos Autom\u00f3viles.<\/td>\n<\/tr>\n<tr>\n<td>T\u00e9cnico en Instalaciones El\u00e9ctricas y Autom\u00e1ticas.<\/td>\n<\/tr>\n<tr>\n<td>T\u00e9cnico en Gesti\u00f3n Administrativa.&nbsp; &nbsp; &nbsp; &nbsp; &nbsp;&nbsp;&nbsp;&nbsp;&nbsp;<\/td>\n<\/tr>\n<tr>\n<td>T\u00e9cnico en Conducci\u00f3n de Actividades F\u00edsico Deportivas en el Medio Natural.<\/td>\n<\/tr>\n<tr>\n<td>T\u00e9cnico en sistemas microinform\u00e1ticos y redes<\/td>\n<\/tr>\n<tr>\n<td>T\u00e9cnico en Equipos Electr\u00f3nicos de Consumo<\/td>\n<\/tr>\n<tr>\n<td>&nbsp;<\/td>\n<td>&nbsp;<\/td>\n<\/tr>\n<tr>\n<td rowspan=\"6\">Ciclos formativos.<\/p>\n<p>Grado superior.<\/td>\n<td>T\u00e9cnico Superior en Laboratorio Cl\u00ednico y Biom\u00e9dico&nbsp; &nbsp; &nbsp; &nbsp;<\/td>\n<\/tr>\n<tr>\n<td>T\u00e9cnico Superior en Desarrollo de Aplicaciones Web<\/td>\n<\/tr>\n<tr>\n<td>T\u00e9cnico Superior en Educaci\u00f3n Infantil.<\/td>\n<\/tr>\n<tr>\n<td>T\u00e9cnico Superior en Ense\u00f1anza y Animaci\u00f3n Sociodeportiva<\/td>\n<\/tr>\n<tr>\n<td>T\u00e9cnico Superior en Administraci\u00f3n y Finanzas.<\/td>\n<\/tr>\n<tr>\n<td>T\u00e9cnico Superior en Ense\u00f1anza y Animaci\u00f3n Sociodeportiva.<\/td>\n<\/tr>\n<tr>\n<td>&nbsp;<\/td>\n<td>&nbsp;<\/td>\n<\/tr>\n<tr>\n<td rowspan=\"6\">F.P. dual<\/td>\n<td>T\u00e9cnico en Producci\u00f3n Agropecuaria<\/td>\n<\/tr>\n<tr>\n<td>T\u00e9cnico en Atenci\u00f3n a Personas en Situaci\u00f3n de Dependencia.<\/td>\n<\/tr>\n<tr>\n<td>T\u00e9cnico en Carrocer\u00eda<\/td>\n<\/tr>\n<tr>\n<td>T\u00e9cnico en Instalaciones El\u00e9ctricas y Autom\u00e1ticas.<\/td>\n<\/tr>\n<tr>\n<td>T\u00e9cnico Superior en Automatizaci\u00f3n y Rob\u00f3tica Industrial<\/td>\n<\/tr>\n<tr>\n<td>T\u00e9cnico Superior en Atenci\u00f3n a Personas en Situaci\u00f3n de Dependencia.<\/td>\n<\/tr>\n<tr>\n<td>&nbsp;<\/td>\n<td>&nbsp;<\/td>\n<\/tr>\n<tr>\n<td rowspan=\"2\">FPB<\/td>\n<td>Auxiliar de Instalaciones Electrot\u00e9cnicas&nbsp; de Comunicaciones.<\/td>\n<\/tr>\n<tr>\n<td>Auxiliar de Oficina y Gesti\u00f3n Administrativa.<\/td>\n<\/tr>\n<tr>\n<td rowspan=\"4\">Educaci\u00f3n secundaria para adultos.<\/td>\n<td>Educaci\u00f3n Secundaria a Adultos. &nbsp; &nbsp; &nbsp;&nbsp;&nbsp;&nbsp;&nbsp;&nbsp;&nbsp;&nbsp;&nbsp;&nbsp;&nbsp;<\/td>\n<\/tr>\n<tr>\n<td>Semipresencial. Nivel I y II.&nbsp;<\/td>\n<\/tr>\n<tr>\n<td>\u00c1mbito Cient\u00edfico Tecnol\u00f3gico.<\/td>\n<\/tr>\n<tr>\n<td>\u00c1mbito social. \u00c1mbito de Comunicaci\u00f3n.<\/td>\n<\/tr>\n<tr>\n<td>PTVAL de Jardiner\u00eda.<\/p>\n<p>Alumnado del Aula de Educaci\u00f3n Espec\u00edfica<\/td>\n<td>Programa de Transici\u00f3n a la Vida Adulta y Laboral de Auxiliar de Jardiner\u00eda.<\/td>\n<\/tr>\n<tr>\n<td rowspan=\"4\">Escuela de Arte<\/td>\n<td>T\u00e9cnico de Artes Pl\u00e1sticas y Dise\u00f1o en Ebanister\u00eda Art\u00edstica.<\/td>\n<\/tr>\n<tr>\n<td>&nbsp;&nbsp;&nbsp;&nbsp;&nbsp;&nbsp;&nbsp;&nbsp;&nbsp;&nbsp;&nbsp; T\u00e9cnico en Artes Pl\u00e1sticas y Dise\u00f1o en Forja Art\u00edstica.<\/td>\n<\/tr>\n<tr>\n<td>T\u00e9cnico en Artes Pl\u00e1sticas y Dise\u00f1o en Cer\u00e1mica Art\u00edstica.<\/td>\n<\/tr>\n<tr>\n<td>&nbsp;&nbsp;&nbsp;&nbsp;&nbsp;&nbsp;&nbsp;&nbsp;&nbsp;&nbsp;&nbsp; T\u00e9cnico en Artes Pl\u00e1sticas y Dise\u00f1o en Proyectos y Direcci\u00f3n de Obras de Decoraci\u00f3n.<\/td>\n<\/tr>\n<\/tbody>\n<\/table>\n","protected":false},"excerpt":{"rendered":"<p>Ciclos formativos. Grado medio. T\u00e9cnico en Elaboraci\u00f3n de Productos Alimenticios&nbsp;&nbsp; T\u00e9cnico en Cuidados Auxiliares de Enfermer\u00eda. T\u00e9cnico en Atenci\u00f3n a Personas en Situaci\u00f3n de Dependencia.&hellip;<\/p>\n","protected":false},"author":5198,"featured_media":0,"parent":0,"menu_order":0,"comment_status":"closed","ping_status":"closed","template":"","meta":{"ngg_post_thumbnail":0,"footnotes":"","_mc_calendar":[]},"aioseo_notices":[],"_links":{"self":[{"href":"https:\/\/blogsaverroes.juntadeandalucia.es\/cepdebaza\/wp-json\/wp\/v2\/pages\/4710"}],"collection":[{"href":"https:\/\/blogsaverroes.juntadeandalucia.es\/cepdebaza\/wp-json\/wp\/v2\/pages"}],"about":[{"href":"https:\/\/blogsaverroes.juntadeandalucia.es\/cepdebaza\/wp-json\/wp\/v2\/types\/page"}],"author":[{"embeddable":true,"href":"https:\/\/blogsaverroes.juntadeandalucia.es\/cepdebaza\/wp-json\/wp\/v2\/users\/5198"}],"replies":[{"embeddable":true,"href":"https:\/\/blogsaverroes.juntadeandalucia.es\/cepdebaza\/wp-json\/wp\/v2\/comments?post=4710"}],"version-history":[{"count":2,"href":"https:\/\/blogsaverroes.juntadeandalucia.es\/cepdebaza\/wp-json\/wp\/v2\/pages\/4710\/revisions"}],"predecessor-version":[{"id":5121,"href":"https:\/\/blogsaverroes.juntadeandalucia.es\/cepdebaza\/wp-json\/wp\/v2\/pages\/4710\/revisions\/5121"}],"wp:attachment":[{"href":"https:\/\/blogsaverroes.juntadeandalucia.es\/cepdebaza\/wp-json\/wp\/v2\/media?parent=4710"}],"curies":[{"name":"wp","href":"https:\/\/api.w.org\/{rel}","templated":true}]}}