{"id":4735,"date":"2021-09-20T08:48:52","date_gmt":"2021-09-20T08:48:52","guid":{"rendered":"https:\/\/blogsaverroes.juntadeandalucia.es\/cepdebaza\/?page_id=4735"},"modified":"2022-10-15T23:25:14","modified_gmt":"2022-10-15T23:25:14","slug":"grupos-de-trabajo","status":"publish","type":"page","link":"https:\/\/blogsaverroes.juntadeandalucia.es\/cepdebaza\/grupos-de-trabajo\/","title":{"rendered":"Grupos de trabajo (GT)"},"content":{"rendered":"<div class=\"page\" title=\"Page 2\">\n<div class=\"section\">\n<div class=\"layoutArea\">\n<div class=\"column\">\n<p style=\"text-align: justify\"><a href=\"https:\/\/blogsaverroes.juntadeandalucia.es\/cepdebaza\/files\/2021\/09\/Logotipo-Bienestar-Centro-Verde-Loto.jpg\"><img decoding=\"async\" class=\"alignleft wp-image-4756\" src=\"https:\/\/blogsaverroes.juntadeandalucia.es\/cepdebaza\/files\/2021\/09\/Logotipo-Bienestar-Centro-Verde-Loto.jpg\" alt=\"\" width=\"167\" height=\"167\" srcset=\"https:\/\/blogsaverroes.juntadeandalucia.es\/cepdebaza\/files\/2021\/09\/Logotipo-Bienestar-Centro-Verde-Loto.jpg 500w, https:\/\/blogsaverroes.juntadeandalucia.es\/cepdebaza\/files\/2021\/09\/Logotipo-Bienestar-Centro-Verde-Loto-300x300.jpg 300w, https:\/\/blogsaverroes.juntadeandalucia.es\/cepdebaza\/files\/2021\/09\/Logotipo-Bienestar-Centro-Verde-Loto-150x150.jpg 150w, https:\/\/blogsaverroes.juntadeandalucia.es\/cepdebaza\/files\/2021\/09\/Logotipo-Bienestar-Centro-Verde-Loto-80x80.jpg 80w, https:\/\/blogsaverroes.juntadeandalucia.es\/cepdebaza\/files\/2021\/09\/Logotipo-Bienestar-Centro-Verde-Loto-320x320.jpg 320w\" sizes=\"(max-width: 167px) 100vw, 167px\" \/><\/a>Los Grupos de Trabajo constituyen una modalidad formativa centrada en la propia pra\u0301ctica, vinculada a contextos concretos, que permite dar respuesta a diversos niveles de experiencia profesional. Al tratarse de un proyecto de trabajo colaborativo, favorece la reflexio\u0301n compartida, el intercambio de ideas y propuestas, la construccio\u0301n conjunta de conocimiento y la capacidad de innovar introduciendo mejoras en el aula y centro.<a href=\"https:\/\/blogsaverroes.juntadeandalucia.es\/cepdebaza\/files\/2021\/09\/Logotipo-Bienestar-Centro-Verde-Loto.jpg\"><br \/>\n<\/a><\/p>\n<\/div>\n<\/div>\n<\/div>\n<\/div>\n<p style=\"text-align: justify\">El plazo de convocatoria para solicitar la formaci\u00f3n de grupos de trabajo<strong>&nbsp;es del 1 de septiembre hasta el 15 de octubre de cada curso escolar<\/strong>.<\/p>\n<p style=\"text-align: justify\"><strong>Si se trata de un grupo de trabajo de continuidad en la solicitud deber\u00e1 quedar reflejado, indicando el t\u00edtulo y c\u00f3digo de la actividad origen del curso escolar anterior.<\/strong><\/p>\n<p style=\"text-align: center\">\u2b07\ufe0f M\u00c1S INFORMACI\u00d3N \u2b07\ufe0f<\/p>\n<table style=\"border-collapse: collapse;width: 100%\">\n<tbody>\n<tr>\n<td style=\"width: 50%\"><a href=\"https:\/\/view.genial.ly\/5f7317bc82b94f0d8494f6e5\/horizontal-infographic-review-instrucciones-gt-2022-2023\"><img fetchpriority=\"high\" decoding=\"async\" class=\"alignright wp-image-4935 size-full\" src=\"https:\/\/blogsaverroes.juntadeandalucia.es\/cepdebaza\/files\/2022\/10\/GT-22-23.jpg\" alt=\"\" width=\"1464\" height=\"866\" srcset=\"https:\/\/blogsaverroes.juntadeandalucia.es\/cepdebaza\/files\/2022\/10\/GT-22-23.jpg 1464w, https:\/\/blogsaverroes.juntadeandalucia.es\/cepdebaza\/files\/2022\/10\/GT-22-23-300x177.jpg 300w, https:\/\/blogsaverroes.juntadeandalucia.es\/cepdebaza\/files\/2022\/10\/GT-22-23-1024x606.jpg 1024w, https:\/\/blogsaverroes.juntadeandalucia.es\/cepdebaza\/files\/2022\/10\/GT-22-23-768x454.jpg 768w\" sizes=\"(max-width: 1464px) 100vw, 1464px\" \/><\/a><\/td>\n<td style=\"width: 50%\"><a href=\"https:\/\/www.juntadeandalucia.es\/educacion\/portals\/delegate\/content\/70c846cd-1c51-46c1-bfc9-d02f088f58e5\/Instrucciones%20de%20Grupos%20de%20Trabajo\"><img decoding=\"async\" class=\"alignright wp-image-4936 size-full\" src=\"https:\/\/blogsaverroes.juntadeandalucia.es\/cepdebaza\/files\/2022\/10\/GT.jpg\" alt=\"\" width=\"916\" height=\"282\" srcset=\"https:\/\/blogsaverroes.juntadeandalucia.es\/cepdebaza\/files\/2022\/10\/GT.jpg 916w, https:\/\/blogsaverroes.juntadeandalucia.es\/cepdebaza\/files\/2022\/10\/GT-300x92.jpg 300w, https:\/\/blogsaverroes.juntadeandalucia.es\/cepdebaza\/files\/2022\/10\/GT-768x236.jpg 768w\" sizes=\"(max-width: 916px) 100vw, 916px\" \/><\/a><\/td>\n<\/tr>\n<\/tbody>\n<\/table>\n","protected":false},"excerpt":{"rendered":"<p>Los Grupos de Trabajo constituyen una modalidad formativa centrada en la propia pra\u0301ctica, vinculada a contextos concretos, que permite dar respuesta a diversos niveles de&hellip;<\/p>\n","protected":false},"author":5198,"featured_media":0,"parent":0,"menu_order":0,"comment_status":"closed","ping_status":"closed","template":"","meta":{"ngg_post_thumbnail":0,"footnotes":"","_mc_calendar":[]},"aioseo_notices":[],"_links":{"self":[{"href":"https:\/\/blogsaverroes.juntadeandalucia.es\/cepdebaza\/wp-json\/wp\/v2\/pages\/4735"}],"collection":[{"href":"https:\/\/blogsaverroes.juntadeandalucia.es\/cepdebaza\/wp-json\/wp\/v2\/pages"}],"about":[{"href":"https:\/\/blogsaverroes.juntadeandalucia.es\/cepdebaza\/wp-json\/wp\/v2\/types\/page"}],"author":[{"embeddable":true,"href":"https:\/\/blogsaverroes.juntadeandalucia.es\/cepdebaza\/wp-json\/wp\/v2\/users\/5198"}],"replies":[{"embeddable":true,"href":"https:\/\/blogsaverroes.juntadeandalucia.es\/cepdebaza\/wp-json\/wp\/v2\/comments?post=4735"}],"version-history":[{"count":10,"href":"https:\/\/blogsaverroes.juntadeandalucia.es\/cepdebaza\/wp-json\/wp\/v2\/pages\/4735\/revisions"}],"predecessor-version":[{"id":4938,"href":"https:\/\/blogsaverroes.juntadeandalucia.es\/cepdebaza\/wp-json\/wp\/v2\/pages\/4735\/revisions\/4938"}],"wp:attachment":[{"href":"https:\/\/blogsaverroes.juntadeandalucia.es\/cepdebaza\/wp-json\/wp\/v2\/media?parent=4735"}],"curies":[{"name":"wp","href":"https:\/\/api.w.org\/{rel}","templated":true}]}}