{"id":4851,"date":"2022-03-07T12:05:42","date_gmt":"2022-03-07T12:05:42","guid":{"rendered":"https:\/\/blogsaverroes.juntadeandalucia.es\/cepdebaza\/?page_id=4851"},"modified":"2025-05-07T11:45:31","modified_gmt":"2025-05-07T11:45:31","slug":"ceip-ciudad-de-baza","status":"publish","type":"page","link":"https:\/\/blogsaverroes.juntadeandalucia.es\/cepdebaza\/ceip-ciudad-de-baza\/","title":{"rendered":"C+ CEIP Ciudad de Baza 21\/22"},"content":{"rendered":"<table style=\"height: 302px;width: 100%;border-collapse: collapse;border-color: #000000\">\n<tbody>\n<tr style=\"height: 30px\">\n<td style=\"width: 1311px;background-color: #0f38db;height: 46px\"><span style=\"color: #ffffff\"><strong>T\u00cdTULO:<\/strong>&nbsp; &nbsp;ACTIVIDADES ESCUELA ESPACIO DE PAZ<\/span><\/td>\n<\/tr>\n<tr style=\"height: 24px\">\n<td style=\"width: 1311px;background-color: #2390de;height: 24px\"><strong><span style=\"color: #ffffff\">RESPONSABLE:&nbsp; &nbsp;<\/span><\/strong><span style=\"color: #ffffff\">Mari Carmen S\u00e1nchez Coca<\/span><\/td>\n<\/tr>\n<tr style=\"height: 37px\">\n<td style=\"width: 1311px;background-color: #c956f0;height: 37px;text-align: left\"><span style=\"color: #ffffff\"><strong>DESCRIPCI\u00d3N:<\/strong><\/span><\/td>\n<\/tr>\n<tr style=\"height: 24px\">\n<td style=\"width: 1311px;height: 24px;text-align: left\"><span style=\"font-weight: 400\">Con mucha ilusi\u00f3n y ganas de continuar con la labor emprendida a\u00f1os atr\u00e1s, el CEIP \u201cCiudad de Baza\u201d participa en el Programa \u201cEscuela, espacio de paz\u201d.<\/span><\/p>\n<p><span style=\"font-weight: 400\">Seg\u00fan subyace en el Plan de Convivencia del colegio, se considera necesario llevar a cabo una intervenci\u00f3n convenientemente planificada y coordinada desde todos los sectores de la comunidad educativa, encaminada al desarrollo y difusi\u00f3n de una <\/span><b>cultura de paz<\/b><span style=\"font-weight: 400\"> que haga de nuestro labor educativa un trabajo de formaci\u00f3n de verdaderos seres humanos, capaces de convivir de forma democr\u00e1tica y pac\u00edfica. Una cultura de paz que, tal y como se recoge en el Plan Andaluz para la Cultura de Paz y No violencia, tenga como pilares b\u00e1sicos:<\/span><\/p>\n<p><b><i>\u201cEl aprendizaje de una ciudadan\u00eda democr\u00e1tica\u201d.<\/i><\/b><\/p>\n<p><b><i>\u201cLa educaci\u00f3n para la paz, los derechos humanos, la democracia y la tolerancia\u201d.<\/i><\/b><\/p>\n<p><b><i>\u201cLa mejora de la convivencia escolar y la resoluci\u00f3n pac\u00edfica de conflictos\u201d.<\/i><\/b><\/p>\n<p><b><i>\u201cLa prevenci\u00f3n de la violencia\u201d.<\/i><\/b><\/p>\n<p><span style=\"font-weight: 400\">El presente plan de trabajo surge con la clara intenci\u00f3n de potenciar aquellos aspectos relacionados con la Cultura de Paz (solidaridad, tolerancia, respeto, convivencia&#8230;) en todos y cada uno de los niveles de la vida de nuestro centro.<\/span><\/p>\n<p><span style=\"font-weight: 400\">Dicho trabajo se acometer\u00e1 en las reuniones de ciclo, ya que la intenci\u00f3n final es incluir la \u00abCultura de Paz\u00bb en las Programaciones Did\u00e1cticas de cada Ciclo y\/o \u00e1rea, para lograr que la concienciaci\u00f3n, tanto de maestros\/as como de alumnos\/as, alcance mayor efectividad a lo largo de las etapas.<\/span><\/p>\n<p><span style=\"font-weight: 400\">En este sentido, la implicaci\u00f3n del profesorado debe ser de b\u00fasqueda de opciones que permitan que su quehacer diario se ajuste a las intencionalidades del proyecto y a las necesidades que surjan, buscando coordinaci\u00f3n interprofesional y la participaci\u00f3n de las familias en este proceso.&nbsp;<\/span><\/p>\n<p><span style=\"font-weight: 400\">Todo este quehacer se realizar\u00e1 bajo las pautas del Plan de Convivencia, que servir\u00e1 de gu\u00eda para mejorar el trabajo que a este nivel se viene desarrollando en el Centro.<\/span><\/td>\n<\/tr>\n<tr style=\"height: 36px\">\n<td style=\"width: 1311px;background-color: #b64cd9;height: 36px;text-align: left\"><span style=\"color: #ffffff\"><strong>OBJETIVOS:<\/strong><\/span><\/td>\n<\/tr>\n<tr style=\"height: 24px\">\n<td style=\"width: 1311px;height: 24px;text-align: left\">\n<ol>\n<li><span style=\"font-weight: 400\"> Fomentar la participaci\u00f3n del alumnado en la vida escolar del centro, revalorizando la figura del <\/span><span style=\"font-weight: 400\">delegado\/a de clase<\/span><span style=\"font-weight: 400\"> como agente de representaci\u00f3n del sentir del alumnado en la estructura escolar.<\/span><\/li>\n<li><span style=\"font-weight: 400\"> Concienciar al alumnado de que la vida escolar, social y familiar se rige por una serie de <\/span><span style=\"font-weight: 400\">normas<\/span><span style=\"font-weight: 400\"> b\u00e1sicas que hay que asumir y respetar siguiendo unas l\u00edneas democr\u00e1ticas establecidas.<\/span><\/li>\n<li><span style=\"font-weight: 400\"> Favorecer la participaci\u00f3n del alumnado en la <\/span><span style=\"font-weight: 400\">elaboraci\u00f3n y seguimiento de las normas<\/span><span style=\"font-weight: 400\"> de convivencia de Centro y de clase.<\/span><\/li>\n<li><span style=\"font-weight: 400\">Respetar las diferencias individuales<\/span><span style=\"font-weight: 400\"> debidas a sexo, religi\u00f3n, raza, cultura y\/o discapacidad, tratando de ofrecer v\u00edas de apoyo que faciliten la integraci\u00f3n de este alumnado en la vida del centro.<\/span><\/li>\n<li><span style=\"font-weight: 400\"> Crear un clima escolar basado en la <\/span><span style=\"font-weight: 400\">cooperaci\u00f3n<\/span><span style=\"font-weight: 400\">, donde se valore el <\/span><span style=\"font-weight: 400\">respeto y la ayuda mutua<\/span><span style=\"font-weight: 400\"> favoreciendo, en cualquier caso, establecer relaciones afectivas.<\/span><\/li>\n<li>Abordar problemas tanto personales como interpersonales a trav\u00e9s del di\u00e1logo para la resoluci\u00f3n <span style=\"font-weight: 400\">de conflictos<\/span><span style=\"font-weight: 400\">.<\/span><\/li>\n<\/ol>\n<\/td>\n<\/tr>\n<tr style=\"height: 39px\">\n<td style=\"width: 1311px;background-color: #b64cd9;height: 39px;text-align: left\"><span style=\"color: #ffffff\"><strong>Enlaces de inter\u00e9s de las actividades desarrolladas a lo <\/strong><strong>largo del proyecto:<\/strong><\/span><\/td>\n<\/tr>\n<tr style=\"height: 24px\">\n<td style=\"width: 1311px;height: 24px\"><strong><a href=\"https:\/\/drive.google.com\/file\/d\/11W3TWpsORrF1CDRdmgpfW-j8ALZ6v0Tm\/view?usp=share_link\">https:\/\/drive.google.com\/file\/d\/11W3TWpsORrF1CDRdmgpfW-j8ALZ6v0Tm\/view?usp=share_link<\/a><\/strong><\/p>\n<p><strong><a href=\"https:\/\/blogsaverroes.juntadeandalucia.es\/ceipciudaddebaza\/\">CEIP Ciudad de Baza | Otro sitio m\u00e1s de Averroes Blogs (juntadeandalucia.es)<\/a><\/strong><\/p>\n<p><strong><a href=\"https:\/\/www.facebook.com\/people\/Colegio-Ciudad-de-Baza\/100042121186717\/\">Colegio Ciudad de Baza | Baza | Facebook<\/a><\/strong><\/p>\n<p><strong><a href=\"https:\/\/www.instagram.com\/p\/Ctda4taty1A\/?igshid=NTc4MTIwNjQ2YQ\">https:\/\/www.instagram.com\/p\/Ctda4taty1A\/?igshid=NTc4MTIwNjQ2YQ<\/a>==<\/strong><\/td>\n<\/tr>\n<tr style=\"height: 24px\">\n<td style=\"width: 1311px;height: 24px\"><a href=\"https:\/\/blogsaverroes.juntadeandalucia.es\/cepdebaza\/files\/2023\/07\/CIUDAD-DE-BAZA.jpg\"><img fetchpriority=\"high\" decoding=\"async\" class=\"wp-image-4992 aligncenter\" src=\"https:\/\/blogsaverroes.juntadeandalucia.es\/cepdebaza\/files\/2023\/07\/CIUDAD-DE-BAZA.jpg\" alt=\"\" width=\"716\" height=\"384\" srcset=\"https:\/\/blogsaverroes.juntadeandalucia.es\/cepdebaza\/files\/2023\/07\/CIUDAD-DE-BAZA.jpg 1398w, https:\/\/blogsaverroes.juntadeandalucia.es\/cepdebaza\/files\/2023\/07\/CIUDAD-DE-BAZA-300x161.jpg 300w, https:\/\/blogsaverroes.juntadeandalucia.es\/cepdebaza\/files\/2023\/07\/CIUDAD-DE-BAZA-1024x549.jpg 1024w, https:\/\/blogsaverroes.juntadeandalucia.es\/cepdebaza\/files\/2023\/07\/CIUDAD-DE-BAZA-768x412.jpg 768w\" sizes=\"(max-width: 716px) 100vw, 716px\" \/><\/a><\/td>\n<\/tr>\n<\/tbody>\n<\/table>\n","protected":false},"excerpt":{"rendered":"<p>T\u00cdTULO:&nbsp; &nbsp;ACTIVIDADES ESCUELA ESPACIO DE PAZ RESPONSABLE:&nbsp; &nbsp;Mari Carmen S\u00e1nchez Coca DESCRIPCI\u00d3N: Con mucha ilusi\u00f3n y ganas de continuar con la labor emprendida a\u00f1os atr\u00e1s,&hellip;<\/p>\n","protected":false},"author":5198,"featured_media":0,"parent":0,"menu_order":0,"comment_status":"closed","ping_status":"closed","template":"","meta":{"ngg_post_thumbnail":0,"footnotes":"","_mc_calendar":[]},"aioseo_notices":[],"_links":{"self":[{"href":"https:\/\/blogsaverroes.juntadeandalucia.es\/cepdebaza\/wp-json\/wp\/v2\/pages\/4851"}],"collection":[{"href":"https:\/\/blogsaverroes.juntadeandalucia.es\/cepdebaza\/wp-json\/wp\/v2\/pages"}],"about":[{"href":"https:\/\/blogsaverroes.juntadeandalucia.es\/cepdebaza\/wp-json\/wp\/v2\/types\/page"}],"author":[{"embeddable":true,"href":"https:\/\/blogsaverroes.juntadeandalucia.es\/cepdebaza\/wp-json\/wp\/v2\/users\/5198"}],"replies":[{"embeddable":true,"href":"https:\/\/blogsaverroes.juntadeandalucia.es\/cepdebaza\/wp-json\/wp\/v2\/comments?post=4851"}],"version-history":[{"count":5,"href":"https:\/\/blogsaverroes.juntadeandalucia.es\/cepdebaza\/wp-json\/wp\/v2\/pages\/4851\/revisions"}],"predecessor-version":[{"id":5101,"href":"https:\/\/blogsaverroes.juntadeandalucia.es\/cepdebaza\/wp-json\/wp\/v2\/pages\/4851\/revisions\/5101"}],"wp:attachment":[{"href":"https:\/\/blogsaverroes.juntadeandalucia.es\/cepdebaza\/wp-json\/wp\/v2\/media?parent=4851"}],"curies":[{"name":"wp","href":"https:\/\/api.w.org\/{rel}","templated":true}]}}