{"id":4867,"date":"2022-03-21T11:00:42","date_gmt":"2022-03-21T11:00:42","guid":{"rendered":"https:\/\/blogsaverroes.juntadeandalucia.es\/cepdebaza\/?page_id=4867"},"modified":"2025-05-07T11:49:43","modified_gmt":"2025-05-07T11:49:43","slug":"ies-alcrebite","status":"publish","type":"page","link":"https:\/\/blogsaverroes.juntadeandalucia.es\/cepdebaza\/ies-alcrebite\/","title":{"rendered":"C+ IES Alcrebite 21\/22"},"content":{"rendered":"<table style=\"height: 302px;width: 100%;border-collapse: collapse;border-color: #000000\">\n<tbody>\n<tr style=\"height: 30px\">\n<td style=\"width: 1311px;background-color: #0f38db;height: 46px;text-align: center\"><span style=\"color: #ffffff\"><strong>T\u00cdTULO:<\/strong>&nbsp; &nbsp; Revista sobre protocolos acoso escolar para 2 de Mayo<\/span><\/td>\n<\/tr>\n<tr style=\"height: 24px\">\n<td style=\"width: 1311px;background-color: #2390de;height: 24px;text-align: center\"><strong><span style=\"color: #ffffff\">RESPONSABLES:&nbsp; : <\/span><\/strong><span style=\"color: #ffffff\">Nerea Aznar Gavil\u00e1n<\/span><span style=\"color: #ffffff\">&nbsp;<\/span><\/td>\n<\/tr>\n<tr style=\"height: 37px\">\n<td style=\"width: 1311px;background-color: #c956f0;height: 37px;text-align: left\"><span style=\"color: #ffffff\"><strong>DESCRIPCI\u00d3N:<\/strong><\/span><\/td>\n<\/tr>\n<tr style=\"height: 24px\">\n<td style=\"width: 1311px;height: 24px;text-align: left\">El alumnado de 3\u00b0 ESO ha realizado un resumen de los protocolos de actuaci\u00f3n en caso de los cinco tipos de acoso y agresi\u00f3n que se contemplan en la Consejer\u00eda de la Junta de Andaluc\u00eda: acoso escolar, ciberacoso, agresi\u00f3n al profesorado o personal no docente, maltrato infantil, y violencia de g\u00e9nero.<br \/>\nDespu\u00e9s de elaborar los res\u00famenes, han creado un documento usando el programa Canva, y los han transformado en una revista o folleto.<br \/>\nHemos impreso copias de dicha revista y los alumnos\/as han recorrido las aulas del alumnado de 2\u00b0 y 1\u00b0 ESO para mostrarla a los estudiantes. Tras leerla, se ha hecho un concurso pasando un cuestionario a todos los estudiantes para que lo contesten. Los primeros acertantes de las diez respuestas, han ganado un premio que ha consistido en un desayuno de convivencia con los alumnos\/as de 3\u00b0 que han elaborado la revista.<\/td>\n<\/tr>\n<tr style=\"height: 36px\">\n<td style=\"width: 1311px;background-color: #b64cd9;height: 36px;text-align: left\"><span style=\"color: #ffffff\"><strong>OBJETIVOS:<\/strong><\/span><\/td>\n<\/tr>\n<tr style=\"height: 24px\">\n<td style=\"width: 1311px;height: 24px;text-align: left\">&#8211; Fomentar la convivencia entre el alumnado, evitar las situaciones de acoso y ciberacoso, agresiones y maltrato, as\u00ed como que el alumnado conozca los protocolos de actuaci\u00f3n en caso de cualquier tipo de situaci\u00f3n de acoso\/agresi\u00f3n que se pueda dar en la comunidad educativa.<br \/>\n&#8211; Promover la resoluci\u00f3n de conflictos mediante el di\u00e1logo, y que los alumnos\/as interact\u00faen con el alumnado de otros cursos.<\/td>\n<\/tr>\n<tr style=\"height: 39px\">\n<td style=\"width: 1311px;background-color: #b64cd9;height: 39px;text-align: left\"><span style=\"color: #ffffff\"><strong>Enlaces de inter\u00e9s de las actividades desarrolladas a lo <\/strong><strong>largo del proyecto:<\/strong><\/span><\/td>\n<\/tr>\n<tr style=\"height: 24px\">\n<td style=\"width: 1311px;height: 24px\">&nbsp;<\/td>\n<\/tr>\n<tr style=\"height: 24px\">\n<td style=\"width: 1311px;height: 24px\"><a href=\"https:\/\/blogsaverroes.juntadeandalucia.es\/cepdebaza\/files\/2023\/07\/alcrebite.jpg\"><img fetchpriority=\"high\" decoding=\"async\" class=\" wp-image-5004 aligncenter\" src=\"https:\/\/blogsaverroes.juntadeandalucia.es\/cepdebaza\/files\/2023\/07\/alcrebite.jpg\" alt=\"\" width=\"658\" height=\"495\" srcset=\"https:\/\/blogsaverroes.juntadeandalucia.es\/cepdebaza\/files\/2023\/07\/alcrebite.jpg 1012w, https:\/\/blogsaverroes.juntadeandalucia.es\/cepdebaza\/files\/2023\/07\/alcrebite-300x226.jpg 300w, https:\/\/blogsaverroes.juntadeandalucia.es\/cepdebaza\/files\/2023\/07\/alcrebite-768x578.jpg 768w\" sizes=\"(max-width: 658px) 100vw, 658px\" \/><\/a><\/td>\n<\/tr>\n<\/tbody>\n<\/table>\n","protected":false},"excerpt":{"rendered":"<p>T\u00cdTULO:&nbsp; &nbsp; Revista sobre protocolos acoso escolar para 2 de Mayo RESPONSABLES:&nbsp; : Nerea Aznar Gavil\u00e1n&nbsp; DESCRIPCI\u00d3N: El alumnado de 3\u00b0 ESO ha realizado un&hellip;<\/p>\n","protected":false},"author":5198,"featured_media":0,"parent":0,"menu_order":0,"comment_status":"closed","ping_status":"closed","template":"","meta":{"ngg_post_thumbnail":0,"footnotes":"","_mc_calendar":[]},"aioseo_notices":[],"_links":{"self":[{"href":"https:\/\/blogsaverroes.juntadeandalucia.es\/cepdebaza\/wp-json\/wp\/v2\/pages\/4867"}],"collection":[{"href":"https:\/\/blogsaverroes.juntadeandalucia.es\/cepdebaza\/wp-json\/wp\/v2\/pages"}],"about":[{"href":"https:\/\/blogsaverroes.juntadeandalucia.es\/cepdebaza\/wp-json\/wp\/v2\/types\/page"}],"author":[{"embeddable":true,"href":"https:\/\/blogsaverroes.juntadeandalucia.es\/cepdebaza\/wp-json\/wp\/v2\/users\/5198"}],"replies":[{"embeddable":true,"href":"https:\/\/blogsaverroes.juntadeandalucia.es\/cepdebaza\/wp-json\/wp\/v2\/comments?post=4867"}],"version-history":[{"count":7,"href":"https:\/\/blogsaverroes.juntadeandalucia.es\/cepdebaza\/wp-json\/wp\/v2\/pages\/4867\/revisions"}],"predecessor-version":[{"id":5104,"href":"https:\/\/blogsaverroes.juntadeandalucia.es\/cepdebaza\/wp-json\/wp\/v2\/pages\/4867\/revisions\/5104"}],"wp:attachment":[{"href":"https:\/\/blogsaverroes.juntadeandalucia.es\/cepdebaza\/wp-json\/wp\/v2\/media?parent=4867"}],"curies":[{"name":"wp","href":"https:\/\/api.w.org\/{rel}","templated":true}]}}