{"id":5236,"date":"2025-06-16T10:35:16","date_gmt":"2025-06-16T10:35:16","guid":{"rendered":"https:\/\/blogsaverroes.juntadeandalucia.es\/cepdebaza\/?page_id=5236"},"modified":"2025-06-16T11:05:00","modified_gmt":"2025-06-16T11:05:00","slug":"2024-2025-bbpp-convivencia","status":"publish","type":"page","link":"https:\/\/blogsaverroes.juntadeandalucia.es\/cepdebaza\/2024-2025-bbpp-convivencia\/","title":{"rendered":"2024\/2025 BBPP Convivencia+"},"content":{"rendered":"\t\t<div data-elementor-type=\"wp-page\" data-elementor-id=\"5236\" class=\"elementor elementor-5236\">\n\t\t\t\t\t\t<section class=\"elementor-section elementor-top-section elementor-element elementor-element-4366dee elementor-section-boxed elementor-section-height-default elementor-section-height-default\" data-id=\"4366dee\" data-element_type=\"section\">\n\t\t\t\t\t\t<div class=\"elementor-container elementor-column-gap-default\">\n\t\t\t\t\t<div class=\"elementor-column elementor-col-50 elementor-top-column elementor-element elementor-element-d88d476\" data-id=\"d88d476\" data-element_type=\"column\">\n\t\t\t<div class=\"elementor-widget-wrap elementor-element-populated\">\n\t\t\t\t\t\t<div class=\"elementor-element elementor-element-cb6b823 elementor-widget elementor-widget-image\" data-id=\"cb6b823\" data-element_type=\"widget\" data-widget_type=\"image.default\">\n\t\t\t\t<div class=\"elementor-widget-container\">\n\t\t\t\t\t\t\t\t\t\t\t\t\t\t\t<img fetchpriority=\"high\" decoding=\"async\" width=\"811\" height=\"395\" src=\"https:\/\/blogsaverroes.juntadeandalucia.es\/cepdebaza\/files\/2025\/06\/Captura-de-pantalla-2025-06-16-a-las-12.55.01.png\" class=\"attachment-large size-large wp-image-5243\" alt=\"\" srcset=\"https:\/\/blogsaverroes.juntadeandalucia.es\/cepdebaza\/files\/2025\/06\/Captura-de-pantalla-2025-06-16-a-las-12.55.01.png 811w, https:\/\/blogsaverroes.juntadeandalucia.es\/cepdebaza\/files\/2025\/06\/Captura-de-pantalla-2025-06-16-a-las-12.55.01-300x146.png 300w, https:\/\/blogsaverroes.juntadeandalucia.es\/cepdebaza\/files\/2025\/06\/Captura-de-pantalla-2025-06-16-a-las-12.55.01-768x374.png 768w\" sizes=\"(max-width: 811px) 100vw, 811px\" \/>\t\t\t\t\t\t\t\t\t\t\t\t\t\t\t<\/div>\n\t\t\t\t<\/div>\n\t\t\t\t<div class=\"elementor-element elementor-element-81921a7 elementor-align-center elementor-widget elementor-widget-button\" data-id=\"81921a7\" data-element_type=\"widget\" data-widget_type=\"button.default\">\n\t\t\t\t<div class=\"elementor-widget-container\">\n\t\t\t\t\t\t\t\t\t<div class=\"elementor-button-wrapper\">\n\t\t\t\t\t<a class=\"elementor-button elementor-button-link elementor-size-sm\" href=\"https:\/\/www.canva.com\/design\/DAGp2s16I0c\/hjfxGdeoluTFRf214hpxuA\/view?utm_content=DAGp2s16I0c&#038;utm_campaign=designshare&#038;utm_medium=link2&#038;utm_source=uniquelinks&#038;utlId=hce5999d68f\">\n\t\t\t\t\t\t<span class=\"elementor-button-content-wrapper\">\n\t\t\t\t\t\t\t\t\t<span class=\"elementor-button-text\">Haz clic aqu\u00ed<\/span>\n\t\t\t\t\t<\/span>\n\t\t\t\t\t<\/a>\n\t\t\t\t<\/div>\n\t\t\t\t\t\t\t\t<\/div>\n\t\t\t\t<\/div>\n\t\t\t\t\t<\/div>\n\t\t<\/div>\n\t\t\t\t<div class=\"elementor-column elementor-col-50 elementor-top-column elementor-element elementor-element-a8bae33\" data-id=\"a8bae33\" data-element_type=\"column\">\n\t\t\t<div class=\"elementor-widget-wrap elementor-element-populated\">\n\t\t\t\t\t\t<div class=\"elementor-element elementor-element-a46ffbc elementor-widget elementor-widget-image\" data-id=\"a46ffbc\" data-element_type=\"widget\" data-widget_type=\"image.default\">\n\t\t\t\t<div class=\"elementor-widget-container\">\n\t\t\t\t\t\t\t\t\t\t\t\t\t\t\t<img decoding=\"async\" width=\"769\" height=\"384\" src=\"https:\/\/blogsaverroes.juntadeandalucia.es\/cepdebaza\/files\/2025\/06\/Captura-de-pantalla-2025-06-16-a-las-12.56.38.png\" class=\"attachment-large size-large wp-image-5244\" alt=\"\" srcset=\"https:\/\/blogsaverroes.juntadeandalucia.es\/cepdebaza\/files\/2025\/06\/Captura-de-pantalla-2025-06-16-a-las-12.56.38.png 769w, https:\/\/blogsaverroes.juntadeandalucia.es\/cepdebaza\/files\/2025\/06\/Captura-de-pantalla-2025-06-16-a-las-12.56.38-300x150.png 300w\" sizes=\"(max-width: 769px) 100vw, 769px\" \/>\t\t\t\t\t\t\t\t\t\t\t\t\t\t\t<\/div>\n\t\t\t\t<\/div>\n\t\t\t\t<div class=\"elementor-element elementor-element-1771cc9 elementor-align-center elementor-widget elementor-widget-button\" data-id=\"1771cc9\" data-element_type=\"widget\" data-widget_type=\"button.default\">\n\t\t\t\t<div class=\"elementor-widget-container\">\n\t\t\t\t\t\t\t\t\t<div class=\"elementor-button-wrapper\">\n\t\t\t\t\t<a class=\"elementor-button elementor-button-link elementor-size-sm\" href=\"https:\/\/www.canva.com\/design\/DAGp2DwXfmM\/T3cx675Q22sxufI9QjjWVw\/view?utm_content=DAGp2DwXfmM&#038;utm_campaign=designshare&#038;utm_medium=link2&#038;utm_source=uniquelinks&#038;utlId=h11fb017d2c\">\n\t\t\t\t\t\t<span class=\"elementor-button-content-wrapper\">\n\t\t\t\t\t\t\t\t\t<span class=\"elementor-button-text\">Haz clic aqu\u00ed<\/span>\n\t\t\t\t\t<\/span>\n\t\t\t\t\t<\/a>\n\t\t\t\t<\/div>\n\t\t\t\t\t\t\t\t<\/div>\n\t\t\t\t<\/div>\n\t\t\t\t\t<\/div>\n\t\t<\/div>\n\t\t\t\t\t<\/div>\n\t\t<\/section>\n\t\t\t\t<section class=\"elementor-section elementor-top-section elementor-element elementor-element-d6a8b8a elementor-section-boxed elementor-section-height-default elementor-section-height-default\" data-id=\"d6a8b8a\" data-element_type=\"section\">\n\t\t\t\t\t\t<div class=\"elementor-container elementor-column-gap-default\">\n\t\t\t\t\t<div class=\"elementor-column elementor-col-50 elementor-top-column elementor-element elementor-element-d07f348\" data-id=\"d07f348\" data-element_type=\"column\">\n\t\t\t<div class=\"elementor-widget-wrap elementor-element-populated\">\n\t\t\t\t\t\t<div class=\"elementor-element elementor-element-726b3c2 elementor-widget elementor-widget-image\" data-id=\"726b3c2\" data-element_type=\"widget\" data-widget_type=\"image.default\">\n\t\t\t\t<div class=\"elementor-widget-container\">\n\t\t\t\t\t\t\t\t\t\t\t\t\t\t\t<img decoding=\"async\" width=\"801\" height=\"432\" src=\"https:\/\/blogsaverroes.juntadeandalucia.es\/cepdebaza\/files\/2025\/06\/Captura-de-pantalla-2025-06-16-a-las-12.59.00.png\" class=\"attachment-large size-large wp-image-5245\" alt=\"\" srcset=\"https:\/\/blogsaverroes.juntadeandalucia.es\/cepdebaza\/files\/2025\/06\/Captura-de-pantalla-2025-06-16-a-las-12.59.00.png 801w, https:\/\/blogsaverroes.juntadeandalucia.es\/cepdebaza\/files\/2025\/06\/Captura-de-pantalla-2025-06-16-a-las-12.59.00-300x162.png 300w, https:\/\/blogsaverroes.juntadeandalucia.es\/cepdebaza\/files\/2025\/06\/Captura-de-pantalla-2025-06-16-a-las-12.59.00-768x414.png 768w\" sizes=\"(max-width: 801px) 100vw, 801px\" \/>\t\t\t\t\t\t\t\t\t\t\t\t\t\t\t<\/div>\n\t\t\t\t<\/div>\n\t\t\t\t<div class=\"elementor-element elementor-element-94c113a elementor-align-center elementor-widget elementor-widget-button\" data-id=\"94c113a\" data-element_type=\"widget\" data-widget_type=\"button.default\">\n\t\t\t\t<div class=\"elementor-widget-container\">\n\t\t\t\t\t\t\t\t\t<div class=\"elementor-button-wrapper\">\n\t\t\t\t\t<a class=\"elementor-button elementor-button-link elementor-size-sm\" href=\"https:\/\/www.canva.com\/design\/DAGp2oGiTQ8\/G3MkijOJSxFnMuGm-wJYlw\/view?utm_content=DAGp2oGiTQ8&#038;utm_campaign=designshare&#038;utm_medium=link2&#038;utm_source=uniquelinks&#038;utlId=h2d3a15135e\">\n\t\t\t\t\t\t<span class=\"elementor-button-content-wrapper\">\n\t\t\t\t\t\t\t\t\t<span class=\"elementor-button-text\">Haz clic aqu\u00ed<\/span>\n\t\t\t\t\t<\/span>\n\t\t\t\t\t<\/a>\n\t\t\t\t<\/div>\n\t\t\t\t\t\t\t\t<\/div>\n\t\t\t\t<\/div>\n\t\t\t\t\t<\/div>\n\t\t<\/div>\n\t\t\t\t<div class=\"elementor-column elementor-col-50 elementor-top-column elementor-element elementor-element-0b20119\" data-id=\"0b20119\" data-element_type=\"column\">\n\t\t\t<div class=\"elementor-widget-wrap elementor-element-populated\">\n\t\t\t\t\t\t<div class=\"elementor-element elementor-element-d35628e elementor-widget elementor-widget-image\" data-id=\"d35628e\" data-element_type=\"widget\" data-widget_type=\"image.default\">\n\t\t\t\t<div class=\"elementor-widget-container\">\n\t\t\t\t\t\t\t\t\t\t\t\t\t\t\t<img loading=\"lazy\" decoding=\"async\" width=\"753\" height=\"386\" src=\"https:\/\/blogsaverroes.juntadeandalucia.es\/cepdebaza\/files\/2025\/06\/Captura-de-pantalla-2025-06-16-a-las-13.00.03.png\" class=\"attachment-large size-large wp-image-5246\" alt=\"\" srcset=\"https:\/\/blogsaverroes.juntadeandalucia.es\/cepdebaza\/files\/2025\/06\/Captura-de-pantalla-2025-06-16-a-las-13.00.03.png 753w, https:\/\/blogsaverroes.juntadeandalucia.es\/cepdebaza\/files\/2025\/06\/Captura-de-pantalla-2025-06-16-a-las-13.00.03-300x154.png 300w\" sizes=\"(max-width: 753px) 100vw, 753px\" \/>\t\t\t\t\t\t\t\t\t\t\t\t\t\t\t<\/div>\n\t\t\t\t<\/div>\n\t\t\t\t<div class=\"elementor-element elementor-element-897f033 elementor-align-center elementor-widget elementor-widget-button\" data-id=\"897f033\" data-element_type=\"widget\" data-widget_type=\"button.default\">\n\t\t\t\t<div class=\"elementor-widget-container\">\n\t\t\t\t\t\t\t\t\t<div class=\"elementor-button-wrapper\">\n\t\t\t\t\t<a class=\"elementor-button elementor-button-link elementor-size-sm\" href=\"https:\/\/www.canva.com\/design\/DAGp2tfiHYw\/2msBrlvRrBm6u_Qb8hzLig\/view?utm_content=DAGp2tfiHYw&#038;utm_campaign=designshare&#038;utm_medium=link2&#038;utm_source=uniquelinks&#038;utlId=hba9fffa2bb\">\n\t\t\t\t\t\t<span class=\"elementor-button-content-wrapper\">\n\t\t\t\t\t\t\t\t\t<span class=\"elementor-button-text\">Haz clic aqu\u00ed<\/span>\n\t\t\t\t\t<\/span>\n\t\t\t\t\t<\/a>\n\t\t\t\t<\/div>\n\t\t\t\t\t\t\t\t<\/div>\n\t\t\t\t<\/div>\n\t\t\t\t\t<\/div>\n\t\t<\/div>\n\t\t\t\t\t<\/div>\n\t\t<\/section>\n\t\t\t\t<section class=\"elementor-section elementor-top-section elementor-element elementor-element-2ce0135 elementor-section-boxed elementor-section-height-default elementor-section-height-default\" data-id=\"2ce0135\" data-element_type=\"section\">\n\t\t\t\t\t\t<div class=\"elementor-container elementor-column-gap-default\">\n\t\t\t\t\t<div class=\"elementor-column elementor-col-50 elementor-top-column elementor-element elementor-element-49ed267\" data-id=\"49ed267\" data-element_type=\"column\">\n\t\t\t<div class=\"elementor-widget-wrap elementor-element-populated\">\n\t\t\t\t\t\t<div class=\"elementor-element elementor-element-ba4acf1 elementor-widget elementor-widget-image\" data-id=\"ba4acf1\" data-element_type=\"widget\" data-widget_type=\"image.default\">\n\t\t\t\t<div class=\"elementor-widget-container\">\n\t\t\t\t\t\t\t\t\t\t\t\t\t\t\t<img loading=\"lazy\" decoding=\"async\" width=\"761\" height=\"414\" src=\"https:\/\/blogsaverroes.juntadeandalucia.es\/cepdebaza\/files\/2025\/06\/Captura-de-pantalla-2025-06-16-a-las-13.02.36.png\" class=\"attachment-large size-large wp-image-5247\" alt=\"\" srcset=\"https:\/\/blogsaverroes.juntadeandalucia.es\/cepdebaza\/files\/2025\/06\/Captura-de-pantalla-2025-06-16-a-las-13.02.36.png 761w, https:\/\/blogsaverroes.juntadeandalucia.es\/cepdebaza\/files\/2025\/06\/Captura-de-pantalla-2025-06-16-a-las-13.02.36-300x163.png 300w\" sizes=\"(max-width: 761px) 100vw, 761px\" \/>\t\t\t\t\t\t\t\t\t\t\t\t\t\t\t<\/div>\n\t\t\t\t<\/div>\n\t\t\t\t<div class=\"elementor-element elementor-element-5006d06 elementor-align-center elementor-widget elementor-widget-button\" data-id=\"5006d06\" data-element_type=\"widget\" data-widget_type=\"button.default\">\n\t\t\t\t<div class=\"elementor-widget-container\">\n\t\t\t\t\t\t\t\t\t<div class=\"elementor-button-wrapper\">\n\t\t\t\t\t<a class=\"elementor-button elementor-button-link elementor-size-sm\" href=\"https:\/\/www.canva.com\/design\/DAGp2voNGZE\/c9URqLR9x5Rqj30pacJOEw\/view?utm_content=DAGp2voNGZE&#038;utm_campaign=designshare&#038;utm_medium=link2&#038;utm_source=uniquelinks&#038;utlId=ha449d2c11c\">\n\t\t\t\t\t\t<span class=\"elementor-button-content-wrapper\">\n\t\t\t\t\t\t\t\t\t<span class=\"elementor-button-text\">Haz clic aqu\u00ed<\/span>\n\t\t\t\t\t<\/span>\n\t\t\t\t\t<\/a>\n\t\t\t\t<\/div>\n\t\t\t\t\t\t\t\t<\/div>\n\t\t\t\t<\/div>\n\t\t\t\t\t<\/div>\n\t\t<\/div>\n\t\t\t\t<div class=\"elementor-column elementor-col-50 elementor-top-column elementor-element elementor-element-a687da1\" data-id=\"a687da1\" data-element_type=\"column\">\n\t\t\t<div class=\"elementor-widget-wrap elementor-element-populated\">\n\t\t\t\t\t\t<div class=\"elementor-element elementor-element-66d5666 elementor-widget elementor-widget-image\" data-id=\"66d5666\" data-element_type=\"widget\" data-widget_type=\"image.default\">\n\t\t\t\t<div class=\"elementor-widget-container\">\n\t\t\t\t\t\t\t\t\t\t\t\t\t\t\t<img loading=\"lazy\" decoding=\"async\" width=\"738\" height=\"414\" src=\"https:\/\/blogsaverroes.juntadeandalucia.es\/cepdebaza\/files\/2025\/06\/Captura-de-pantalla-2025-06-16-a-las-13.03.54.png\" class=\"attachment-large size-large wp-image-5248\" alt=\"\" srcset=\"https:\/\/blogsaverroes.juntadeandalucia.es\/cepdebaza\/files\/2025\/06\/Captura-de-pantalla-2025-06-16-a-las-13.03.54.png 738w, https:\/\/blogsaverroes.juntadeandalucia.es\/cepdebaza\/files\/2025\/06\/Captura-de-pantalla-2025-06-16-a-las-13.03.54-300x168.png 300w\" sizes=\"(max-width: 738px) 100vw, 738px\" \/>\t\t\t\t\t\t\t\t\t\t\t\t\t\t\t<\/div>\n\t\t\t\t<\/div>\n\t\t\t\t<div class=\"elementor-element elementor-element-887d36a elementor-align-center elementor-widget elementor-widget-button\" data-id=\"887d36a\" data-element_type=\"widget\" data-widget_type=\"button.default\">\n\t\t\t\t<div class=\"elementor-widget-container\">\n\t\t\t\t\t\t\t\t\t<div class=\"elementor-button-wrapper\">\n\t\t\t\t\t<a class=\"elementor-button elementor-button-link elementor-size-sm\" href=\"https:\/\/www.canva.com\/design\/DAGp2m4tqQw\/XeFtDbVzdJ58UuxV8wuQRA\/view?utm_content=DAGp2m4tqQw&#038;utm_campaign=designshare&#038;utm_medium=link2&#038;utm_source=uniquelinks&#038;utlId=hd34fd42bc7\">\n\t\t\t\t\t\t<span class=\"elementor-button-content-wrapper\">\n\t\t\t\t\t\t\t\t\t<span class=\"elementor-button-text\">Haz clic aqu\u00ed<\/span>\n\t\t\t\t\t<\/span>\n\t\t\t\t\t<\/a>\n\t\t\t\t<\/div>\n\t\t\t\t\t\t\t\t<\/div>\n\t\t\t\t<\/div>\n\t\t\t\t\t<\/div>\n\t\t<\/div>\n\t\t\t\t\t<\/div>\n\t\t<\/section>\n\t\t\t\t<section class=\"elementor-section elementor-top-section elementor-element elementor-element-c99d0a4 elementor-section-boxed elementor-section-height-default elementor-section-height-default\" data-id=\"c99d0a4\" data-element_type=\"section\">\n\t\t\t\t\t\t<div class=\"elementor-container elementor-column-gap-default\">\n\t\t\t\t\t<div class=\"elementor-column elementor-col-100 elementor-top-column elementor-element elementor-element-1f23bad\" data-id=\"1f23bad\" data-element_type=\"column\">\n\t\t\t<div class=\"elementor-widget-wrap elementor-element-populated\">\n\t\t\t\t\t\t<div class=\"elementor-element elementor-element-298024c elementor-widget elementor-widget-image\" data-id=\"298024c\" data-element_type=\"widget\" data-widget_type=\"image.default\">\n\t\t\t\t<div class=\"elementor-widget-container\">\n\t\t\t\t\t\t\t\t\t\t\t\t\t\t\t<img loading=\"lazy\" decoding=\"async\" width=\"843\" height=\"856\" src=\"https:\/\/blogsaverroes.juntadeandalucia.es\/cepdebaza\/files\/2025\/06\/Captura-de-pantalla-2025-06-16-a-las-12.45.26-1008x1024.png\" class=\"attachment-large size-large wp-image-5242\" alt=\"\" srcset=\"https:\/\/blogsaverroes.juntadeandalucia.es\/cepdebaza\/files\/2025\/06\/Captura-de-pantalla-2025-06-16-a-las-12.45.26-1008x1024.png 1008w, https:\/\/blogsaverroes.juntadeandalucia.es\/cepdebaza\/files\/2025\/06\/Captura-de-pantalla-2025-06-16-a-las-12.45.26-295x300.png 295w, https:\/\/blogsaverroes.juntadeandalucia.es\/cepdebaza\/files\/2025\/06\/Captura-de-pantalla-2025-06-16-a-las-12.45.26-768x780.png 768w, https:\/\/blogsaverroes.juntadeandalucia.es\/cepdebaza\/files\/2025\/06\/Captura-de-pantalla-2025-06-16-a-las-12.45.26.png 1236w\" sizes=\"(max-width: 843px) 100vw, 843px\" \/>\t\t\t\t\t\t\t\t\t\t\t\t\t\t\t<\/div>\n\t\t\t\t<\/div>\n\t\t\t\t\t<\/div>\n\t\t<\/div>\n\t\t\t\t\t<\/div>\n\t\t<\/section>\n\t\t\t\t<\/div>\n\t\t","protected":false},"excerpt":{"rendered":"<p>Haz clic aqu\u00ed Haz clic aqu\u00ed Haz clic aqu\u00ed Haz clic aqu\u00ed Haz clic aqu\u00ed Haz clic aqu\u00ed<\/p>\n","protected":false},"author":5198,"featured_media":0,"parent":0,"menu_order":0,"comment_status":"closed","ping_status":"closed","template":"","meta":{"ngg_post_thumbnail":0,"footnotes":"","_mc_calendar":[]},"aioseo_notices":[],"_links":{"self":[{"href":"https:\/\/blogsaverroes.juntadeandalucia.es\/cepdebaza\/wp-json\/wp\/v2\/pages\/5236"}],"collection":[{"href":"https:\/\/blogsaverroes.juntadeandalucia.es\/cepdebaza\/wp-json\/wp\/v2\/pages"}],"about":[{"href":"https:\/\/blogsaverroes.juntadeandalucia.es\/cepdebaza\/wp-json\/wp\/v2\/types\/page"}],"author":[{"embeddable":true,"href":"https:\/\/blogsaverroes.juntadeandalucia.es\/cepdebaza\/wp-json\/wp\/v2\/users\/5198"}],"replies":[{"embeddable":true,"href":"https:\/\/blogsaverroes.juntadeandalucia.es\/cepdebaza\/wp-json\/wp\/v2\/comments?post=5236"}],"version-history":[{"count":4,"href":"https:\/\/blogsaverroes.juntadeandalucia.es\/cepdebaza\/wp-json\/wp\/v2\/pages\/5236\/revisions"}],"predecessor-version":[{"id":5251,"href":"https:\/\/blogsaverroes.juntadeandalucia.es\/cepdebaza\/wp-json\/wp\/v2\/pages\/5236\/revisions\/5251"}],"wp:attachment":[{"href":"https:\/\/blogsaverroes.juntadeandalucia.es\/cepdebaza\/wp-json\/wp\/v2\/media?parent=5236"}],"curies":[{"name":"wp","href":"https:\/\/api.w.org\/{rel}","templated":true}]}}