{"id":2690,"date":"2020-11-26T18:15:54","date_gmt":"2020-11-26T17:15:54","guid":{"rendered":"https:\/\/blogsaverroes.juntadeandalucia.es\/ceper-alsadif\/?page_id=2690"},"modified":"2020-12-02T18:47:16","modified_gmt":"2020-12-02T17:47:16","slug":"ingles-basico","status":"publish","type":"page","link":"https:\/\/blogsaverroes.juntadeandalucia.es\/ceper-alsadif\/ingles-basico\/","title":{"rendered":"Ingl\u00e9s B\u00e1sico"},"content":{"rendered":"<p><strong>Tutora:<\/strong> Sonia Jim\u00e9nez Rodr\u00edguez.<\/p>\n<p style=\"text-align: justify\">La finalidad principal del Ingl\u00e9s B\u00e1sico es la de iniciar al alumnado en el uso del idioma receptiva y productivamente, tanto de forma hablada como escrita, para desenvolverse en situaciones cotidianas donde puedan producir textos breves, en lengua est\u00e1ndar y con elementos ling\u00fc\u00edsticos de uso frecuente.&nbsp;<\/p>\n","protected":false},"excerpt":{"rendered":"<p>Tutora: Sonia Jim\u00e9nez Rodr\u00edguez. La finalidad principal del Ingl\u00e9s B\u00e1sico es la de iniciar al alumnado en el uso del idioma receptiva y productivamente, tanto de forma hablada como escrita, para desenvolverse en situaciones&#46;&#46;&#46;<\/p>\n","protected":false},"author":11457,"featured_media":0,"parent":0,"menu_order":0,"comment_status":"closed","ping_status":"closed","template":"","meta":{"ngg_post_thumbnail":0,"footnotes":"","_mc_calendar":[]},"aioseo_notices":[],"post_mailing_queue_ids":[],"_links":{"self":[{"href":"https:\/\/blogsaverroes.juntadeandalucia.es\/ceper-alsadif\/wp-json\/wp\/v2\/pages\/2690"}],"collection":[{"href":"https:\/\/blogsaverroes.juntadeandalucia.es\/ceper-alsadif\/wp-json\/wp\/v2\/pages"}],"about":[{"href":"https:\/\/blogsaverroes.juntadeandalucia.es\/ceper-alsadif\/wp-json\/wp\/v2\/types\/page"}],"author":[{"embeddable":true,"href":"https:\/\/blogsaverroes.juntadeandalucia.es\/ceper-alsadif\/wp-json\/wp\/v2\/users\/11457"}],"replies":[{"embeddable":true,"href":"https:\/\/blogsaverroes.juntadeandalucia.es\/ceper-alsadif\/wp-json\/wp\/v2\/comments?post=2690"}],"version-history":[{"count":5,"href":"https:\/\/blogsaverroes.juntadeandalucia.es\/ceper-alsadif\/wp-json\/wp\/v2\/pages\/2690\/revisions"}],"predecessor-version":[{"id":2923,"href":"https:\/\/blogsaverroes.juntadeandalucia.es\/ceper-alsadif\/wp-json\/wp\/v2\/pages\/2690\/revisions\/2923"}],"wp:attachment":[{"href":"https:\/\/blogsaverroes.juntadeandalucia.es\/ceper-alsadif\/wp-json\/wp\/v2\/media?parent=2690"}],"curies":[{"name":"wp","href":"https:\/\/api.w.org\/{rel}","templated":true}]}}