{"id":2700,"date":"2020-11-26T18:34:17","date_gmt":"2020-11-26T17:34:17","guid":{"rendered":"https:\/\/blogsaverroes.juntadeandalucia.es\/ceper-alsadif\/?page_id=2700"},"modified":"2020-12-02T18:44:25","modified_gmt":"2020-12-02T17:44:25","slug":"conocimiento-y-conservacion-del-patrimonio-cultural-andaluz-y-del-medio-ambiente-animacion-a-la-lectura","status":"publish","type":"page","link":"https:\/\/blogsaverroes.juntadeandalucia.es\/ceper-alsadif\/conocimiento-y-conservacion-del-patrimonio-cultural-andaluz-y-del-medio-ambiente-animacion-a-la-lectura\/","title":{"rendered":"Conocimiento y conservaci\u00f3n del patrimonio cultural andaluz y del medio ambiente (animaci\u00f3n a la lectura)."},"content":{"rendered":"<p><strong>Tutora:<\/strong> Mar\u00eda \u00c1ngeles Medina Jim\u00e9nez.<\/p>\n<p style=\"text-align: justify\">El Patrimonio nos muestra la pervivencia de un pasado, nos otorga identidad y una herencia cultural compartida, nos muestra unos valores que han ido permaneciendo en la memoria y el tiempo, estableciendo v\u00ednculos con otras personas de nuestra comunidad, reforzando, en definitiva, nuestra identidad como pueblo.&nbsp;<\/p>\n<p style=\"text-align: justify\">Este plan educativo pretende la realizaci\u00f3n de unos estudios que pueden servir al alumnado como referente cultural a la vez que como inicio en una formaci\u00f3n que le lleve a conocer, conervar, defender y amar el Patrimonio Cultural Andaluz.<\/p>\n<p style=\"text-align: justify\">&nbsp;<\/p>\n","protected":false},"excerpt":{"rendered":"<p>Tutora: Mar\u00eda \u00c1ngeles Medina Jim\u00e9nez. El Patrimonio nos muestra la pervivencia de un pasado, nos otorga identidad y una herencia cultural compartida, nos muestra unos valores que han ido permaneciendo en la memoria y&#46;&#46;&#46;<\/p>\n","protected":false},"author":11457,"featured_media":0,"parent":0,"menu_order":0,"comment_status":"closed","ping_status":"closed","template":"","meta":{"ngg_post_thumbnail":0,"footnotes":"","_mc_calendar":[]},"aioseo_notices":[],"post_mailing_queue_ids":[],"_links":{"self":[{"href":"https:\/\/blogsaverroes.juntadeandalucia.es\/ceper-alsadif\/wp-json\/wp\/v2\/pages\/2700"}],"collection":[{"href":"https:\/\/blogsaverroes.juntadeandalucia.es\/ceper-alsadif\/wp-json\/wp\/v2\/pages"}],"about":[{"href":"https:\/\/blogsaverroes.juntadeandalucia.es\/ceper-alsadif\/wp-json\/wp\/v2\/types\/page"}],"author":[{"embeddable":true,"href":"https:\/\/blogsaverroes.juntadeandalucia.es\/ceper-alsadif\/wp-json\/wp\/v2\/users\/11457"}],"replies":[{"embeddable":true,"href":"https:\/\/blogsaverroes.juntadeandalucia.es\/ceper-alsadif\/wp-json\/wp\/v2\/comments?post=2700"}],"version-history":[{"count":2,"href":"https:\/\/blogsaverroes.juntadeandalucia.es\/ceper-alsadif\/wp-json\/wp\/v2\/pages\/2700\/revisions"}],"predecessor-version":[{"id":2918,"href":"https:\/\/blogsaverroes.juntadeandalucia.es\/ceper-alsadif\/wp-json\/wp\/v2\/pages\/2700\/revisions\/2918"}],"wp:attachment":[{"href":"https:\/\/blogsaverroes.juntadeandalucia.es\/ceper-alsadif\/wp-json\/wp\/v2\/media?parent=2700"}],"curies":[{"name":"wp","href":"https:\/\/api.w.org\/{rel}","templated":true}]}}