{"id":2709,"date":"2020-11-26T19:01:13","date_gmt":"2020-11-26T18:01:13","guid":{"rendered":"https:\/\/blogsaverroes.juntadeandalucia.es\/ceper-alsadif\/?page_id=2709"},"modified":"2020-12-02T18:48:11","modified_gmt":"2020-12-02T17:48:11","slug":"tic-ii","status":"publish","type":"page","link":"https:\/\/blogsaverroes.juntadeandalucia.es\/ceper-alsadif\/tic-ii\/","title":{"rendered":"TIC"},"content":{"rendered":"<p><strong>Tutor en CE.PER &#8220;al-Sadif&#8221;<\/strong>: Sergio Hern\u00e1ndez Quintero.<\/p>\n<p><strong>Tutora en &#8220;El Moh\u00edno&#8221;<\/strong>: Mar\u00eda Cristina Luque Mu\u00f1oz.<\/p>\n<p><strong>Tutora en SEP &#8220;El amanecer&#8221;<\/strong>: Mar\u00eda Esther Exp\u00f3sito Ang\u00fcita.<\/p>\n<p style=\"text-align: justify\">El presente Plan tiene como objetivo el desarrollo de la competencia TIC del alumnado, los cuales pueden o no tener una base en el uso de las herramientas digitales b\u00e1sicas: ordenadores, tablets y tel\u00e9fonos m\u00f3viles.<\/p>\n<p style=\"text-align: justify\">De este modo, se pretende que el alumnado profundice en el uso de distintos programas para poder aplicarlos a su vida diaria y as\u00ed poder hacer frente a una sociedad cada vez m\u00e1s digitalizada.<\/p>\n","protected":false},"excerpt":{"rendered":"<p>Tutor en CE.PER &#8220;al-Sadif&#8221;: Sergio Hern\u00e1ndez Quintero. Tutora en &#8220;El Moh\u00edno&#8221;: Mar\u00eda Cristina Luque Mu\u00f1oz. Tutora en SEP &#8220;El amanecer&#8221;: Mar\u00eda Esther Exp\u00f3sito Ang\u00fcita. El presente Plan tiene como objetivo el desarrollo de la&#46;&#46;&#46;<\/p>\n","protected":false},"author":11457,"featured_media":0,"parent":0,"menu_order":0,"comment_status":"closed","ping_status":"closed","template":"","meta":{"ngg_post_thumbnail":0,"footnotes":"","_mc_calendar":[]},"aioseo_notices":[],"post_mailing_queue_ids":[],"_links":{"self":[{"href":"https:\/\/blogsaverroes.juntadeandalucia.es\/ceper-alsadif\/wp-json\/wp\/v2\/pages\/2709"}],"collection":[{"href":"https:\/\/blogsaverroes.juntadeandalucia.es\/ceper-alsadif\/wp-json\/wp\/v2\/pages"}],"about":[{"href":"https:\/\/blogsaverroes.juntadeandalucia.es\/ceper-alsadif\/wp-json\/wp\/v2\/types\/page"}],"author":[{"embeddable":true,"href":"https:\/\/blogsaverroes.juntadeandalucia.es\/ceper-alsadif\/wp-json\/wp\/v2\/users\/11457"}],"replies":[{"embeddable":true,"href":"https:\/\/blogsaverroes.juntadeandalucia.es\/ceper-alsadif\/wp-json\/wp\/v2\/comments?post=2709"}],"version-history":[{"count":3,"href":"https:\/\/blogsaverroes.juntadeandalucia.es\/ceper-alsadif\/wp-json\/wp\/v2\/pages\/2709\/revisions"}],"predecessor-version":[{"id":2927,"href":"https:\/\/blogsaverroes.juntadeandalucia.es\/ceper-alsadif\/wp-json\/wp\/v2\/pages\/2709\/revisions\/2927"}],"wp:attachment":[{"href":"https:\/\/blogsaverroes.juntadeandalucia.es\/ceper-alsadif\/wp-json\/wp\/v2\/media?parent=2709"}],"curies":[{"name":"wp","href":"https:\/\/api.w.org\/{rel}","templated":true}]}}