{"id":2715,"date":"2020-11-26T19:50:41","date_gmt":"2020-11-26T18:50:41","guid":{"rendered":"https:\/\/blogsaverroes.juntadeandalucia.es\/ceper-alsadif\/?page_id=2715"},"modified":"2023-05-09T14:10:19","modified_gmt":"2023-05-09T12:10:19","slug":"datos-del-centro","status":"publish","type":"page","link":"https:\/\/blogsaverroes.juntadeandalucia.es\/ceper-alsadif\/datos-del-centro\/","title":{"rendered":"Datos del centro"},"content":{"rendered":"<p style=\"text-align: justify\">El <strong>CEPER al-Sadif<\/strong>, centro principal, junto al <strong>SEP<\/strong> <strong>El Amanecer<\/strong> son de titularidad p\u00fablica e imparten educaci\u00f3n para adultos.<\/p>\n<p>Los datos de contacto son:<\/p>\n<p><strong>CEPER al-Sadif:<\/strong>&nbsp;<\/p>\n<p style=\"padding-left: 40px\"><strong>Direcci\u00f3n:<\/strong> Calle Gracia, 15.<\/p>\n<p style=\"padding-left: 40px\"><strong>C\u00f3digo postal: <\/strong>14700.<\/p>\n<p style=\"padding-left: 40px\"><strong>Poblaci\u00f3n: <\/strong>Palma del R\u00edo (C\u00f3rdoba, Espa\u00f1a).<\/p>\n<p style=\"padding-left: 40px\"><strong>Tel\u00e9fono: <\/strong>&nbsp;628077154<\/p>\n<p style=\"padding-left: 40px\"><strong>Correo electr\u00f3nico:<\/strong>&nbsp;<a href=\"mailto:14003526.edu@juntadeandalucia.es\">14500111.edu@juntadeandalucia.es<\/a><\/p>\n[googlemaps https:\/\/www.google.com\/maps\/embed?pb=!1m18!1m12!1m3!1d3156.985687350601!2d-5.283946084684619!3d37.69653517977377!2m3!1f0!2f0!3f0!3m2!1i1024!2i768!4f13.1!3m3!1m2!1s0xd12db317916c433%3A0xdd79a9bcaee18dea!2sCalle%20Gracia%2C%205%2C%2014700%20Palma%20del%20R%C3%ADo%2C%20C%C3%B3rdoba!5e0!3m2!1ses!2ses!4v1606497345762!5m2!1ses!2ses&amp;w=600&amp;h=450]\n<p>&nbsp;<\/p>\n<p>Aula anexa del <strong>CEPER al-Sadif<\/strong>.<\/p>\n<p style=\"padding-left: 40px\"><strong>Direcci\u00f3n: <\/strong>Calle Moh\u00edno.&nbsp;<\/p>\n<p style=\"padding-left: 40px\"><strong>Poblaci\u00f3n:<\/strong> Vered\u00f3n El Moh\u00edno (Palma del R\u00edo, C\u00f3rdoba, Espa\u00f1a).<\/p>\n[googlemaps https:\/\/www.google.com\/maps\/embed?pb=!1m18!1m12!1m3!1d641.9764697013624!2d-5.221415390119594!3d37.7327561663329!2m3!1f0!2f0!3f0!3m2!1i1024!2i768!4f13.1!3m3!1m2!1s0xd12d07c2a50c55b%3A0x2618ca3f783d6441!2zQ2FsbGUgTW9ow61ubywgMzUsIDE0NzQwIEVsIE1vaMOtbm8sIEPDs3Jkb2Jh!5e1!3m2!1ses!2ses!4v1606497976240!5m2!1ses!2ses&amp;w=600&amp;h=450]\n<p>&nbsp;<\/p>\n<p><strong>SEP<\/strong>&nbsp;&nbsp;<strong>El Amanecer:<\/strong><\/p>\n<p style=\"padding-left: 40px\"><strong>&nbsp;<\/strong><strong>Direcci\u00f3n:<\/strong> Calle Antonio Machado, 10.<\/p>\n<p style=\"padding-left: 40px\"><strong>C\u00f3digo postal: <\/strong>14740.<\/p>\n<p style=\"padding-left: 40px\"><strong>Poblaci\u00f3n: <\/strong>Hornachuelos (C\u00f3rdoba, Espa\u00f1a).<\/p>\n<p style=\"padding-left: 40px\"><strong>Tel\u00e9fono: <\/strong>&nbsp;957 579 501 &nbsp; &nbsp;<\/p>\n<p style=\"padding-left: 40px\"><strong>Correo electr\u00f3nico:<\/strong>&nbsp;<a href=\"mailto:14003526.edu@juntadeandalucia.es\">14500111.edu@juntadeandalucia.es<\/a><\/p>\n[googlemaps https:\/\/www.google.com\/maps\/embed?pb=!1m18!1m12!1m3!1d3151.261043934027!2d-5.243848685325806!3d37.83077421670973!2m3!1f0!2f0!3f0!3m2!1i1024!2i768!4f13.1!3m3!1m2!1s0xd12d83a0f7c630d%3A0xbbbc5ff11bad26a8!2sCalle%20Antonio%20Machado%2C%2010%2C%2014740%20Hornachuelos%2C%20C%C3%B3rdoba!5e0!3m2!1ses!2ses!4v1606497695624!5m2!1ses!2ses&amp;w=600&amp;h=450]\n","protected":false},"excerpt":{"rendered":"<p>El CEPER al-Sadif, centro principal, junto al SEP El Amanecer son de titularidad p\u00fablica e imparten educaci\u00f3n para adultos. Los datos de contacto son: CEPER al-Sadif:&nbsp; Direcci\u00f3n: Calle Gracia, 15. C\u00f3digo postal: 14700. Poblaci\u00f3n:&#46;&#46;&#46;<\/p>\n","protected":false},"author":11457,"featured_media":0,"parent":0,"menu_order":0,"comment_status":"closed","ping_status":"closed","template":"","meta":{"ngg_post_thumbnail":0,"footnotes":"","_mc_calendar":[]},"aioseo_notices":[],"post_mailing_queue_ids":[],"_links":{"self":[{"href":"https:\/\/blogsaverroes.juntadeandalucia.es\/ceper-alsadif\/wp-json\/wp\/v2\/pages\/2715"}],"collection":[{"href":"https:\/\/blogsaverroes.juntadeandalucia.es\/ceper-alsadif\/wp-json\/wp\/v2\/pages"}],"about":[{"href":"https:\/\/blogsaverroes.juntadeandalucia.es\/ceper-alsadif\/wp-json\/wp\/v2\/types\/page"}],"author":[{"embeddable":true,"href":"https:\/\/blogsaverroes.juntadeandalucia.es\/ceper-alsadif\/wp-json\/wp\/v2\/users\/11457"}],"replies":[{"embeddable":true,"href":"https:\/\/blogsaverroes.juntadeandalucia.es\/ceper-alsadif\/wp-json\/wp\/v2\/comments?post=2715"}],"version-history":[{"count":14,"href":"https:\/\/blogsaverroes.juntadeandalucia.es\/ceper-alsadif\/wp-json\/wp\/v2\/pages\/2715\/revisions"}],"predecessor-version":[{"id":3454,"href":"https:\/\/blogsaverroes.juntadeandalucia.es\/ceper-alsadif\/wp-json\/wp\/v2\/pages\/2715\/revisions\/3454"}],"wp:attachment":[{"href":"https:\/\/blogsaverroes.juntadeandalucia.es\/ceper-alsadif\/wp-json\/wp\/v2\/media?parent=2715"}],"curies":[{"name":"wp","href":"https:\/\/api.w.org\/{rel}","templated":true}]}}