{"id":2822,"date":"2020-11-29T23:05:05","date_gmt":"2020-11-29T22:05:05","guid":{"rendered":"https:\/\/blogsaverroes.juntadeandalucia.es\/ceper-alsadif\/?page_id=2822"},"modified":"2022-09-24T12:10:31","modified_gmt":"2022-09-24T10:10:31","slug":"matricula","status":"publish","type":"page","link":"https:\/\/blogsaverroes.juntadeandalucia.es\/ceper-alsadif\/matricula\/","title":{"rendered":"Matr\u00edcula"},"content":{"rendered":"<p style=\"text-align: justify\">Solo podr\u00e1s solicitar y cursar un m\u00e1ximo de dos planes educativos durante el curso escolar.<\/p>\n<p style=\"text-align: justify\">&nbsp;<\/p>\n<p style=\"text-align: justify\"><strong>LUGAR Y HORARIO DE ENTREGA DE MATR\u00cdCULAS&nbsp;<\/strong><\/p>\n<ul style=\"list-style-type: disc;text-align: justify\">\n<li>Secretar\u00eda del CEPER al-Sadif: por determinar.<\/li>\n<\/ul>\n<p style=\"text-align: justify\">&nbsp;<\/p>\n<p style=\"text-align: justify\"><strong>REQUISITOS<\/strong><\/p>\n<p style=\"text-align: justify\">Para cursar estas ense\u00f1anzas, puedes consultar los requisitos en:<\/p>\n<p style=\"text-align: justify\"><a href=\"https:\/\/www.juntadeandalucia.es\/educacion\/portals\/web\/educacion-permanente\/planes\/requisitos\">https:\/\/www.juntadeandalucia.es\/educacion\/portals\/web\/educacion-permanente\/planes\/requisitos<\/a><\/p>\n<p style=\"text-align: justify\">&nbsp;<\/p>\n<p style=\"text-align: justify\"><strong>PROCEDIMIENTO<\/strong><\/p>\n<p style=\"text-align: justify\"><strong>Se realizar\u00e1 preferentemente de forma presencial en la Secretar\u00eda del CEPER al-Sadif o del SEP El Amanecer.&nbsp;<\/strong><\/p>\n<ul style=\"text-align: justify\">\n<li><b>Se utilizar\u00e1 el modelo oficial de impreso de matr\u00edcula. <\/b>Disponible a continuaci\u00f3n para su descarga, para su cumplimentaci\u00f3n y para poder entregarlo en secretar\u00eda. No obstante, el centro tambi\u00e9n dispondr\u00e1 de impresos.<\/li>\n<\/ul>\n<p style=\"text-align: justify\"><a href=\"https:\/\/blogsaverroes.juntadeandalucia.es\/ceper-alsadif\/files\/2020\/12\/SOLICITUD-MATRICULACI\u00d3N-PLANES-EDUC.-PERSONAS-ADULTAS.pdf\"><img loading=\"lazy\" decoding=\"async\" class=\"aligncenter wp-image-2889\" src=\"https:\/\/blogsaverroes.juntadeandalucia.es\/ceper-alsadif\/files\/2020\/12\/SOLICITUD-MATRICULACI\u00d3N--224x300.jpg\" alt=\"\" width=\"156\" height=\"209\" srcset=\"https:\/\/blogsaverroes.juntadeandalucia.es\/ceper-alsadif\/files\/2020\/12\/SOLICITUD-MATRICULACI\u00d3N--224x300.jpg 224w, https:\/\/blogsaverroes.juntadeandalucia.es\/ceper-alsadif\/files\/2020\/12\/SOLICITUD-MATRICULACI\u00d3N--18x24.jpg 18w, https:\/\/blogsaverroes.juntadeandalucia.es\/ceper-alsadif\/files\/2020\/12\/SOLICITUD-MATRICULACI\u00d3N--27x36.jpg 27w, https:\/\/blogsaverroes.juntadeandalucia.es\/ceper-alsadif\/files\/2020\/12\/SOLICITUD-MATRICULACI\u00d3N--36x48.jpg 36w, https:\/\/blogsaverroes.juntadeandalucia.es\/ceper-alsadif\/files\/2020\/12\/SOLICITUD-MATRICULACI\u00d3N-.jpg 449w\" sizes=\"(max-width: 156px) 100vw, 156px\" \/><\/a><\/p>\n<ul style=\"text-align: justify\">\n<li>Las solicitudes nuevas deben acompa\u00f1ar una <strong>fotocopia del DNI<\/strong>.<\/li>\n<li>Si <strong>has estado matriculado en el curso anterior <\/strong>en el centro<strong>, <\/strong>no tienes que aportar copia del DNI. Pero s\u00ed tienes que presentar la matr\u00edcula para el siguiente curso.<\/li>\n<\/ul>\n<p style=\"text-align: justify\">&nbsp;<\/p>\n<p style=\"text-align: justify\">En el caso de no poder hacer la matr\u00edcula de manera presencial, tambi\u00e9n podr\u00e1s realizarla a trav\u00e9s de la Secretar\u00eda virtual<b>,&nbsp;<\/b>con o sin certificado digital.<\/p>\n<ul>\n<li style=\"text-align: justify\">P\u00e1gina: <a href=\"https:\/\/www.juntadeandalucia.es\/educacion\/portals\/web\/educacion-permanente\/planes\/tramitacion\">https:\/\/www.juntadeandalucia.es\/educacion\/portals\/web\/educacion-permanente\/planes\/tramitacion<\/a><\/li>\n<\/ul>\n","protected":false},"excerpt":{"rendered":"<p>Solo podr\u00e1s solicitar y cursar un m\u00e1ximo de dos planes educativos durante el curso escolar. &nbsp; LUGAR Y HORARIO DE ENTREGA DE MATR\u00cdCULAS&nbsp; Secretar\u00eda del CEPER al-Sadif: por determinar. &nbsp; REQUISITOS Para cursar estas&#46;&#46;&#46;<\/p>\n","protected":false},"author":11457,"featured_media":0,"parent":0,"menu_order":0,"comment_status":"closed","ping_status":"closed","template":"","meta":{"ngg_post_thumbnail":0,"footnotes":"","_mc_calendar":[]},"aioseo_notices":[],"post_mailing_queue_ids":[],"_links":{"self":[{"href":"https:\/\/blogsaverroes.juntadeandalucia.es\/ceper-alsadif\/wp-json\/wp\/v2\/pages\/2822"}],"collection":[{"href":"https:\/\/blogsaverroes.juntadeandalucia.es\/ceper-alsadif\/wp-json\/wp\/v2\/pages"}],"about":[{"href":"https:\/\/blogsaverroes.juntadeandalucia.es\/ceper-alsadif\/wp-json\/wp\/v2\/types\/page"}],"author":[{"embeddable":true,"href":"https:\/\/blogsaverroes.juntadeandalucia.es\/ceper-alsadif\/wp-json\/wp\/v2\/users\/11457"}],"replies":[{"embeddable":true,"href":"https:\/\/blogsaverroes.juntadeandalucia.es\/ceper-alsadif\/wp-json\/wp\/v2\/comments?post=2822"}],"version-history":[{"count":17,"href":"https:\/\/blogsaverroes.juntadeandalucia.es\/ceper-alsadif\/wp-json\/wp\/v2\/pages\/2822\/revisions"}],"predecessor-version":[{"id":3367,"href":"https:\/\/blogsaverroes.juntadeandalucia.es\/ceper-alsadif\/wp-json\/wp\/v2\/pages\/2822\/revisions\/3367"}],"wp:attachment":[{"href":"https:\/\/blogsaverroes.juntadeandalucia.es\/ceper-alsadif\/wp-json\/wp\/v2\/media?parent=2822"}],"curies":[{"name":"wp","href":"https:\/\/api.w.org\/{rel}","templated":true}]}}