{"id":2932,"date":"2020-12-02T18:56:53","date_gmt":"2020-12-02T17:56:53","guid":{"rendered":"https:\/\/blogsaverroes.juntadeandalucia.es\/ceper-alsadif\/?page_id=2932"},"modified":"2020-12-02T18:56:53","modified_gmt":"2020-12-02T17:56:53","slug":"formacion-basica","status":"publish","type":"page","link":"https:\/\/blogsaverroes.juntadeandalucia.es\/ceper-alsadif\/formacion-basica\/","title":{"rendered":"Formaci\u00f3n B\u00e1sica"},"content":{"rendered":"<p><strong>Tutores\/as<\/strong>: Sergio Hern\u00e1ndez Quinterio, Mar\u00eda \u00c1ngeles Medina Jim\u00e9nez, M\u00f3nica Le\u00f3n Escribano, Mar\u00eda Cristina Luque Mu\u00f1oz, Carolina Miranda Mu\u00f1oz y Ester Exp\u00f3sito Anguita.&nbsp;<\/p>\n<p style=\"text-align: justify\">El plan educativo de Formaci\u00f3n B\u00e1sica para Personas Adultas se organiza en dos niveles (nivel I y nivel II), cada uno de ellos estructurado en tres \u00e1mbitos: cient\u00edfico-tecnol\u00f3gico, comunicativo y social.&nbsp;<\/p>\n<p style=\"text-align: justify\">Con el presente programa se pretende, entre otros aspectos, que el alumnado adquiera destrezas y habilidades que les permitan leer y escribir de forma fluida, contribuir al desarrollo personal, valorar positivamente la biodiversidad, fomentar la creatividad y el esfuerzo personal, etc.&nbsp;<\/p>\n","protected":false},"excerpt":{"rendered":"<p>Tutores\/as: Sergio Hern\u00e1ndez Quinterio, Mar\u00eda \u00c1ngeles Medina Jim\u00e9nez, M\u00f3nica Le\u00f3n Escribano, Mar\u00eda Cristina Luque Mu\u00f1oz, Carolina Miranda Mu\u00f1oz y Ester Exp\u00f3sito Anguita.&nbsp; El plan educativo de Formaci\u00f3n B\u00e1sica para Personas Adultas se organiza en&#46;&#46;&#46;<\/p>\n","protected":false},"author":11457,"featured_media":0,"parent":0,"menu_order":0,"comment_status":"closed","ping_status":"closed","template":"","meta":{"ngg_post_thumbnail":0,"footnotes":"","_mc_calendar":[]},"aioseo_notices":[],"post_mailing_queue_ids":[],"_links":{"self":[{"href":"https:\/\/blogsaverroes.juntadeandalucia.es\/ceper-alsadif\/wp-json\/wp\/v2\/pages\/2932"}],"collection":[{"href":"https:\/\/blogsaverroes.juntadeandalucia.es\/ceper-alsadif\/wp-json\/wp\/v2\/pages"}],"about":[{"href":"https:\/\/blogsaverroes.juntadeandalucia.es\/ceper-alsadif\/wp-json\/wp\/v2\/types\/page"}],"author":[{"embeddable":true,"href":"https:\/\/blogsaverroes.juntadeandalucia.es\/ceper-alsadif\/wp-json\/wp\/v2\/users\/11457"}],"replies":[{"embeddable":true,"href":"https:\/\/blogsaverroes.juntadeandalucia.es\/ceper-alsadif\/wp-json\/wp\/v2\/comments?post=2932"}],"version-history":[{"count":1,"href":"https:\/\/blogsaverroes.juntadeandalucia.es\/ceper-alsadif\/wp-json\/wp\/v2\/pages\/2932\/revisions"}],"predecessor-version":[{"id":2933,"href":"https:\/\/blogsaverroes.juntadeandalucia.es\/ceper-alsadif\/wp-json\/wp\/v2\/pages\/2932\/revisions\/2933"}],"wp:attachment":[{"href":"https:\/\/blogsaverroes.juntadeandalucia.es\/ceper-alsadif\/wp-json\/wp\/v2\/media?parent=2932"}],"curies":[{"name":"wp","href":"https:\/\/api.w.org\/{rel}","templated":true}]}}