{"id":2944,"date":"2020-12-03T17:31:40","date_gmt":"2020-12-03T16:31:40","guid":{"rendered":"https:\/\/blogsaverroes.juntadeandalucia.es\/ceper-alsadif\/?page_id=2944"},"modified":"2020-12-03T17:32:08","modified_gmt":"2020-12-03T16:32:08","slug":"tae","status":"publish","type":"page","link":"https:\/\/blogsaverroes.juntadeandalucia.es\/ceper-alsadif\/tae\/","title":{"rendered":"TAE"},"content":{"rendered":"<p style=\"text-align: justify\"><strong>Tutores\/as:<\/strong> Sonia Jim\u00e9nez Rodr\u00edguez, Sergio Hern\u00e1ndez Quintero, M\u00f3nica Le\u00f3n Escribano y Ester Exp\u00f3sito Anguita.&nbsp;<\/p>\n<p style=\"text-align: justify\">Las TAE (Tutor\u00edas de Apoyo al Estudio), son sesiones presenciales de apoyo a los estudiantes matriculados en el IES para obtener el t\u00edtulo de graduado. Por tanto, este plan est\u00e1 destinado a los estudiantes interesados en la Educaci\u00f3n Secundaria para Personas Adultas. Las TAE est\u00e1n divididas en dos niveles: TAE I (correspondiente al nivel 1\u00ba\/2\u00ba de ESO) y TAE II (correspondiente al nivel 3\u00ba\/4\u00ba ESO). Ambos niveles est\u00e1n divididos en los siguientes \u00e1mbitos:<\/p>\n<ul style=\"text-align: justify\">\n<li>\u00c1mbito Cient\u00edfico-Tecnol\u00f3gico.<\/li>\n<li>\u00c1mbito de Comunicaci\u00f3n- Ingl\u00e9s.<\/li>\n<li>\u00c1mbito Social.<\/li>\n<\/ul>\n<p style=\"text-align: justify\">Si est\u00e1s interesado\/a en obtener el t\u00edtulo de ESO a trav\u00e9s de esta modalidad debes dirigirte a nuestro centro, donde te informaremos sobre los pasos a seguir.&nbsp;<\/p>\n","protected":false},"excerpt":{"rendered":"<p>Tutores\/as: Sonia Jim\u00e9nez Rodr\u00edguez, Sergio Hern\u00e1ndez Quintero, M\u00f3nica Le\u00f3n Escribano y Ester Exp\u00f3sito Anguita.&nbsp; Las TAE (Tutor\u00edas de Apoyo al Estudio), son sesiones presenciales de apoyo a los estudiantes matriculados en el IES para&#46;&#46;&#46;<\/p>\n","protected":false},"author":11457,"featured_media":0,"parent":0,"menu_order":0,"comment_status":"closed","ping_status":"closed","template":"","meta":{"ngg_post_thumbnail":0,"footnotes":"","_mc_calendar":[]},"aioseo_notices":[],"post_mailing_queue_ids":[],"_links":{"self":[{"href":"https:\/\/blogsaverroes.juntadeandalucia.es\/ceper-alsadif\/wp-json\/wp\/v2\/pages\/2944"}],"collection":[{"href":"https:\/\/blogsaverroes.juntadeandalucia.es\/ceper-alsadif\/wp-json\/wp\/v2\/pages"}],"about":[{"href":"https:\/\/blogsaverroes.juntadeandalucia.es\/ceper-alsadif\/wp-json\/wp\/v2\/types\/page"}],"author":[{"embeddable":true,"href":"https:\/\/blogsaverroes.juntadeandalucia.es\/ceper-alsadif\/wp-json\/wp\/v2\/users\/11457"}],"replies":[{"embeddable":true,"href":"https:\/\/blogsaverroes.juntadeandalucia.es\/ceper-alsadif\/wp-json\/wp\/v2\/comments?post=2944"}],"version-history":[{"count":2,"href":"https:\/\/blogsaverroes.juntadeandalucia.es\/ceper-alsadif\/wp-json\/wp\/v2\/pages\/2944\/revisions"}],"predecessor-version":[{"id":2946,"href":"https:\/\/blogsaverroes.juntadeandalucia.es\/ceper-alsadif\/wp-json\/wp\/v2\/pages\/2944\/revisions\/2946"}],"wp:attachment":[{"href":"https:\/\/blogsaverroes.juntadeandalucia.es\/ceper-alsadif\/wp-json\/wp\/v2\/media?parent=2944"}],"curies":[{"name":"wp","href":"https:\/\/api.w.org\/{rel}","templated":true}]}}