{"id":2948,"date":"2020-12-03T18:35:15","date_gmt":"2020-12-03T17:35:15","guid":{"rendered":"https:\/\/blogsaverroes.juntadeandalucia.es\/ceper-alsadif\/?page_id=2948"},"modified":"2020-12-03T18:35:15","modified_gmt":"2020-12-03T17:35:15","slug":"covid-19","status":"publish","type":"page","link":"https:\/\/blogsaverroes.juntadeandalucia.es\/ceper-alsadif\/covid-19\/","title":{"rendered":"COVID-19"},"content":{"rendered":"<p style=\"text-align: justify\">A continuaci\u00f3n, mostramos las <strong>normas a seguir<\/strong>&nbsp; en nuestro centro por todo el alumnado ante la situaci\u00f3n de pandemia provocada por el <strong>COVID-19<\/strong>.&nbsp;<\/p>\n<ol style=\"text-align: justify\">\n<li>Si un alumno\/a se encuentra con <strong>sintomatolog\u00eda COVID-19 no debe asistir,<\/strong> bajo ning\u00fan concepto, al centro: fiebre, tos distinta a la normal, estornudos frecuentes, malestar muscular, p\u00e9rdida del gusto, p\u00e9rdida del olfato&#8230; En estos casos, deben de <strong>ponerse en contacto con el Centro de Salud de referencia<\/strong>.&nbsp;<\/li>\n<li>La <strong>entrada<\/strong> al centro se har\u00e1 por la <strong>puerta principal<\/strong>, y la<strong> salida<\/strong> por la del <strong>patio grande<\/strong>.&nbsp;<\/li>\n<li>La <strong>entrada al centro<\/strong> se har\u00e1 <strong>de forma escalonada<\/strong> para cada grupo.&nbsp;<\/li>\n<li><strong>Se entrar\u00e1 al Centro de forma ordenada,<\/strong> siendo recibidos en la puerta principal por el tutor\/a quien organizar\u00e1 la entrada de 1 en 1.&nbsp;<\/li>\n<li>Las <strong>salidas<\/strong> del aula tambi\u00e9n se har\u00e1n <strong>de forma escalonada<\/strong>, de 1 en 1.&nbsp;<\/li>\n<li>No entrar\u00e1 al centro aquel alumno\/a que no sea puntual de acuerdo a la hora de entrada de su grupo.&nbsp;<\/li>\n<li>La <strong>salida<\/strong> del aula ser\u00e1 <strong>a la hora establecida<\/strong> no pudiendo salir a otra hora, salvo indisposici\u00f3n de la persona.<\/li>\n<li>El <strong>uso de mascarilla<\/strong> es <strong>obligatorio<\/strong> en todo momento, mientras se permanezca en el centro.&nbsp;<\/li>\n<li>Est\u00e1 <strong>prohibido<\/strong> el establecimiento de <strong>corrillos<\/strong> o de charlas fuera del aula.&nbsp;<\/li>\n<li>Solo se saldr\u00e1 del aula para ir al servicio o en aquellos casos excepcionales de urgencia.<\/li>\n<li>El <strong>acompa\u00f1amiento de alg\u00fan alumno\/a por un familiar<\/strong>, por problemas de movilidad, <strong>solo<\/strong> se har\u00e1 <strong>hasta la entrada<\/strong>, siendo el tutor o un compa\u00f1ero\/a, el encargado de acompa\u00f1ar a esa persona hasta el aula. Del mismo modo se proceder\u00e1 a la salida.<\/li>\n<li><strong>Cada alumno\/a tendr\u00e1 asignado su asiento<\/strong>, siendo este intransferible.<\/li>\n<li>Antes de sentarse se procedera a la <strong>limpieza<\/strong> del asiento, as\u00ed como la mesa de trabajo, y en su caso, la de los dispositivos electr\u00f3nicos. As\u00ed, tambi\u00e9n, al levantarse.<\/li>\n<li>La <strong>limpieza de manos con hidrogel<\/strong> ser\u00e1 obligatoria al comenzar las clases y a la salida, as\u00ed como cuando se llegue del aseo.<\/li>\n<li>Al <strong>toser o al estornudar<\/strong> se bajar\u00e1 la mascarilla y se proceder\u00e1 a ponerse en la boca un <strong>pa\u00f1uelo<\/strong>. Este se tirar\u00e1 en la papelera.<\/li>\n<li><strong>No<\/strong> se realizar\u00e1n <strong>momentos de convivencia<\/strong> con la toma de caf\u00e9 y pasteles.<\/li>\n<li>Las <strong>ventanas siempre<\/strong> estar\u00e1n <strong>abiertas<\/strong> por su parte superior.<\/li>\n<li>Las <strong>puertas siempre<\/strong> estar\u00e1n <strong>entreabiertas<\/strong>.<\/li>\n<li>El <strong>uso del material escolar<\/strong> (l\u00e1pices, bol\u00edgramos, gomas, libros&#8230;) ser\u00e1 <strong>individual<\/strong>, estando prohibidos los pr\u00e9stamos. No se dejar\u00e1 ning\u00fan material en las aulas, tray\u00e9ndose y llev\u00e1ndose individualmente.&nbsp;<\/li>\n<li>El <strong>uso de<\/strong> los <strong>aseos<\/strong> ser\u00e1 <strong>individual<\/strong> y estar\u00e1n cerrados. Para su uso las llaves estar\u00e1n colocadas en la entrada que dan acceso a las distintas aulas.<\/li>\n<li><strong>Todos los\/las alumnos\/as deber\u00e1n traerse su botellita de agua<\/strong> para evitar desplazamientos y contacto con la fuente de agua.<\/li>\n<li>Durante el periodo lectivo, para evitar desplazamientos, <strong>se evitar\u00e1 el uso de la m\u00e1quina expendedora<\/strong>.<\/li>\n<li>Para la <strong>subida y bajada a la planta alta<\/strong> se usar\u00e1 exclusivamente las <strong>escaleras.<\/strong> Se subir\u00e1 por el extremo derecho y se bajar\u00e1 por el izquierdo. Solo aquella persona que tenga problemas de movilidad usar\u00e1 el ascensor y solo lo har\u00e1 individualmente. Aquellas que por problemas respiratorios no puedan hacerlo traer\u00e1n informe m\u00e9dico.&nbsp;<\/li>\n<li>Se respetar\u00e1n <strong>siempre<\/strong> las <strong>se\u00f1alizaciones<\/strong> establecidas.<\/li>\n<li>Las <strong>tareas administrativas<\/strong> se resolver\u00e1n, en la medida de lo posible, <strong>por tel\u00e9fono<\/strong> y cuando sea necesaria la presencia, se dar\u00e1 cita.<\/li>\n<li>Las <strong>actividades de talleres, d\u00edas de convivencia y excursiones<\/strong> quedan <strong>suspendidas<\/strong> hasta el establecimiento de la normalidad.<\/li>\n<\/ol>\n<p style=\"text-align: justify\">&nbsp;<\/p>\n<p style=\"text-align: justify\">Respetemos estas normas por nuestro bien y por el de todos\/as.&nbsp;<\/p>\n","protected":false},"excerpt":{"rendered":"<p>A continuaci\u00f3n, mostramos las normas a seguir&nbsp; en nuestro centro por todo el alumnado ante la situaci\u00f3n de pandemia provocada por el COVID-19.&nbsp; Si un alumno\/a se encuentra con sintomatolog\u00eda COVID-19 no debe asistir,&#46;&#46;&#46;<\/p>\n","protected":false},"author":11457,"featured_media":0,"parent":0,"menu_order":0,"comment_status":"closed","ping_status":"closed","template":"","meta":{"ngg_post_thumbnail":0,"footnotes":"","_mc_calendar":[]},"aioseo_notices":[],"post_mailing_queue_ids":[],"_links":{"self":[{"href":"https:\/\/blogsaverroes.juntadeandalucia.es\/ceper-alsadif\/wp-json\/wp\/v2\/pages\/2948"}],"collection":[{"href":"https:\/\/blogsaverroes.juntadeandalucia.es\/ceper-alsadif\/wp-json\/wp\/v2\/pages"}],"about":[{"href":"https:\/\/blogsaverroes.juntadeandalucia.es\/ceper-alsadif\/wp-json\/wp\/v2\/types\/page"}],"author":[{"embeddable":true,"href":"https:\/\/blogsaverroes.juntadeandalucia.es\/ceper-alsadif\/wp-json\/wp\/v2\/users\/11457"}],"replies":[{"embeddable":true,"href":"https:\/\/blogsaverroes.juntadeandalucia.es\/ceper-alsadif\/wp-json\/wp\/v2\/comments?post=2948"}],"version-history":[{"count":1,"href":"https:\/\/blogsaverroes.juntadeandalucia.es\/ceper-alsadif\/wp-json\/wp\/v2\/pages\/2948\/revisions"}],"predecessor-version":[{"id":2949,"href":"https:\/\/blogsaverroes.juntadeandalucia.es\/ceper-alsadif\/wp-json\/wp\/v2\/pages\/2948\/revisions\/2949"}],"wp:attachment":[{"href":"https:\/\/blogsaverroes.juntadeandalucia.es\/ceper-alsadif\/wp-json\/wp\/v2\/media?parent=2948"}],"curies":[{"name":"wp","href":"https:\/\/api.w.org\/{rel}","templated":true}]}}