{"id":1692,"date":"2026-01-27T16:42:07","date_gmt":"2026-01-27T15:42:07","guid":{"rendered":"https:\/\/blogsaverroes.juntadeandalucia.es\/ceper-el-torcal\/?page_id=1692"},"modified":"2026-03-26T13:12:05","modified_gmt":"2026-03-26T12:12:05","slug":"equipo","status":"publish","type":"page","link":"https:\/\/blogsaverroes.juntadeandalucia.es\/ceper-el-torcal\/equipo\/","title":{"rendered":"Equipo"},"content":{"rendered":"<p>[et_pb_section fb_built=&#8221;1&#8243; admin_label=&#8221;section&#8221; _builder_version=&#8221;4.24.2&#8243; background_color=&#8221;#E02B20&#8243; background_image=&#8221;https:\/\/blogsaverroes.juntadeandalucia.es\/ceper-el-torcal\/files\/2026\/01\/bg-secciones.jpg&#8221; background_enable_mask_style=&#8221;on&#8221; background_mask_style=&#8221;chevrons&#8221; max_width_last_edited=&#8221;off|desktop&#8221; custom_padding=&#8221;5%||5%||true|false&#8221; hover_enabled=&#8221;0&#8243; global_colors_info=&#8221;{}&#8221; sticky_enabled=&#8221;0&#8243;][et_pb_row admin_label=&#8221;row&#8221; _builder_version=&#8221;4.16&#8243; background_size=&#8221;initial&#8221; background_position=&#8221;top_left&#8221; background_repeat=&#8221;repeat&#8221; global_colors_info=&#8221;{}&#8221;][et_pb_column type=&#8221;4_4&#8243; _builder_version=&#8221;4.16&#8243; custom_padding=&#8221;|||&#8221; global_colors_info=&#8221;{}&#8221; custom_padding__hover=&#8221;|||&#8221;][et_pb_heading title=&#8221;Nuestro equipo&#8221; _builder_version=&#8221;4.24.2&#8243; _module_preset=&#8221;default&#8221; title_text_align=&#8221;left&#8221; title_text_color=&#8221;#0C71C3&#8243; title_font_size=&#8221;45px&#8221; background_enable_image=&#8221;off&#8221; hover_enabled=&#8221;0&#8243; text_shadow_style=&#8221;preset2&#8243; text_shadow_horizontal_length=&#8221;0.01em&#8221; text_shadow_vertical_length=&#8221;0.01em&#8221; text_shadow_color=&#8221;#FFFFFF&#8221; global_colors_info=&#8221;{}&#8221; sticky_enabled=&#8221;0&#8243;][\/et_pb_heading][\/et_pb_column][\/et_pb_row][\/et_pb_section][et_pb_section fb_built=&#8221;1&#8243; _builder_version=&#8221;4.24.2&#8243; _module_preset=&#8221;default&#8221; global_colors_info=&#8221;{}&#8221;][et_pb_row column_structure=&#8221;2_3,1_3&#8243; _builder_version=&#8221;4.24.2&#8243; _module_preset=&#8221;default&#8221; global_colors_info=&#8221;{}&#8221;][et_pb_column type=&#8221;2_3&#8243; _builder_version=&#8221;4.24.2&#8243; _module_preset=&#8221;default&#8221; global_colors_info=&#8221;{}&#8221;][et_pb_text _builder_version=&#8221;4.24.2&#8243; _module_preset=&#8221;default&#8221; hover_enabled=&#8221;0&#8243; global_colors_info=&#8221;{}&#8221; sticky_enabled=&#8221;0&#8243;]<\/p>\n<p><strong>Directora:<\/strong><br \/>D\u00f1a. Yolanda Ruiz M\u00e1rquez<\/p>\n<p><strong>Jefe de estudios:<\/strong><br \/>D. Ildefonso Valenzuela Jaime<\/p>\n<p><strong>Profesorado:<\/strong><br \/>D. Daniel Carretero Mar\u00edn<br \/>D\u00f1a. Virginia Moreno Garc\u00eda<br \/>D\u00f1a. Almudena Rodr\u00edguez Prados<br \/>D. Joaqu\u00edn J. P\u00e9rez Vizca\u00edno<br \/>D\u00f1a.Ana Rojas G\u00f6mez<\/p>\n<p><strong>Jefe de secci\u00f3n San Andr\u00e9s:<\/strong><\/p>\n<p>D. Francisco Javier Rodr\u00edguez Palomino<br \/>D\u00f1a. Irene Fern\u00e1ndez Sotomayor<\/p>\n<p><strong>Jefe de secci\u00f3n Churriana:<\/strong><\/p>\n<p>D. Rafael Crespo P\u00e9rez<\/p>\n<p>[\/et_pb_text][\/et_pb_column][et_pb_column type=&#8221;1_3&#8243; _builder_version=&#8221;4.24.2&#8243; _module_preset=&#8221;default&#8221; global_colors_info=&#8221;{}&#8221;][et_pb_sidebar _builder_version=&#8221;4.24.2&#8243; _module_preset=&#8221;default&#8221; global_colors_info=&#8221;{}&#8221;][\/et_pb_sidebar][\/et_pb_column][\/et_pb_row][\/et_pb_section]<\/p>\n","protected":false},"excerpt":{"rendered":"<p>Directora:D\u00f1a. Yolanda Ruiz M\u00e1rquez Jefe de estudios:D. Ildefonso Valenzuela Jaime Profesorado:D. Daniel Carretero Mar\u00ednD\u00f1a. Virginia Moreno Garc\u00edaD\u00f1a. Almudena Rodr\u00edguez PradosD. Joaqu\u00edn J. P\u00e9rez Vizca\u00ednoD\u00f1a.Ana Rojas G\u00f6mez Jefe de secci\u00f3n San Andr\u00e9s: D. Francisco Javier Rodr\u00edguez PalominoD\u00f1a. Irene Fern\u00e1ndez Sotomayor Jefe de secci\u00f3n Churriana: D. Rafael Crespo P\u00e9rez<\/p>\n","protected":false},"author":17658,"featured_media":0,"parent":0,"menu_order":0,"comment_status":"closed","ping_status":"closed","template":"","meta":{"_et_pb_use_builder":"on","_et_pb_old_content":"","_et_gb_content_width":"","ngg_post_thumbnail":0,"footnotes":""},"aioseo_notices":[],"_links":{"self":[{"href":"https:\/\/blogsaverroes.juntadeandalucia.es\/ceper-el-torcal\/wp-json\/wp\/v2\/pages\/1692"}],"collection":[{"href":"https:\/\/blogsaverroes.juntadeandalucia.es\/ceper-el-torcal\/wp-json\/wp\/v2\/pages"}],"about":[{"href":"https:\/\/blogsaverroes.juntadeandalucia.es\/ceper-el-torcal\/wp-json\/wp\/v2\/types\/page"}],"author":[{"embeddable":true,"href":"https:\/\/blogsaverroes.juntadeandalucia.es\/ceper-el-torcal\/wp-json\/wp\/v2\/users\/17658"}],"replies":[{"embeddable":true,"href":"https:\/\/blogsaverroes.juntadeandalucia.es\/ceper-el-torcal\/wp-json\/wp\/v2\/comments?post=1692"}],"version-history":[{"count":5,"href":"https:\/\/blogsaverroes.juntadeandalucia.es\/ceper-el-torcal\/wp-json\/wp\/v2\/pages\/1692\/revisions"}],"predecessor-version":[{"id":2524,"href":"https:\/\/blogsaverroes.juntadeandalucia.es\/ceper-el-torcal\/wp-json\/wp\/v2\/pages\/1692\/revisions\/2524"}],"wp:attachment":[{"href":"https:\/\/blogsaverroes.juntadeandalucia.es\/ceper-el-torcal\/wp-json\/wp\/v2\/media?parent=1692"}],"curies":[{"name":"wp","href":"https:\/\/api.w.org\/{rel}","templated":true}]}}