{"id":2184,"date":"2026-01-30T13:21:30","date_gmt":"2026-01-30T12:21:30","guid":{"rendered":"https:\/\/blogsaverroes.juntadeandalucia.es\/ceper-el-torcal\/?page_id=2184"},"modified":"2026-02-03T09:53:56","modified_gmt":"2026-02-03T08:53:56","slug":"escuela-espacio-de-paz","status":"publish","type":"page","link":"https:\/\/blogsaverroes.juntadeandalucia.es\/ceper-el-torcal\/escuela-espacio-de-paz\/","title":{"rendered":"Escuela Espacio de Paz"},"content":{"rendered":"<p>[et_pb_section fb_built=&#8221;1&#8243; admin_label=&#8221;section&#8221; _builder_version=&#8221;4.24.2&#8243; background_color=&#8221;#E02B20&#8243; background_image=&#8221;https:\/\/blogsaverroes.juntadeandalucia.es\/ceper-el-torcal\/files\/2026\/01\/bg-secciones.jpg&#8221; background_enable_mask_style=&#8221;on&#8221; background_mask_style=&#8221;chevrons&#8221; max_width_last_edited=&#8221;off|desktop&#8221; custom_padding=&#8221;5%||5%||true|false&#8221; global_colors_info=&#8221;{}&#8221;][et_pb_row admin_label=&#8221;row&#8221; _builder_version=&#8221;4.16&#8243; background_size=&#8221;initial&#8221; background_position=&#8221;top_left&#8221; background_repeat=&#8221;repeat&#8221; global_colors_info=&#8221;{}&#8221;][et_pb_column type=&#8221;4_4&#8243; _builder_version=&#8221;4.16&#8243; custom_padding=&#8221;|||&#8221; global_colors_info=&#8221;{}&#8221; custom_padding__hover=&#8221;|||&#8221;][et_pb_heading title=&#8221;Escuela Espacio de Paz&#8221; _builder_version=&#8221;4.24.2&#8243; _module_preset=&#8221;default&#8221; title_text_align=&#8221;left&#8221; title_text_color=&#8221;#0C71C3&#8243; title_font_size=&#8221;45px&#8221; background_enable_image=&#8221;off&#8221; text_shadow_style=&#8221;preset2&#8243; text_shadow_horizontal_length=&#8221;0.01em&#8221; text_shadow_vertical_length=&#8221;0.01em&#8221; text_shadow_color=&#8221;#FFFFFF&#8221; global_colors_info=&#8221;{}&#8221;][\/et_pb_heading][\/et_pb_column][\/et_pb_row][\/et_pb_section][et_pb_section fb_built=&#8221;1&#8243; _builder_version=&#8221;4.24.2&#8243; _module_preset=&#8221;default&#8221; global_colors_info=&#8221;{}&#8221;][et_pb_row column_structure=&#8221;2_3,1_3&#8243; _builder_version=&#8221;4.24.2&#8243; _module_preset=&#8221;default&#8221; global_colors_info=&#8221;{}&#8221;][et_pb_column type=&#8221;2_3&#8243; _builder_version=&#8221;4.24.2&#8243; _module_preset=&#8221;default&#8221; global_colors_info=&#8221;{}&#8221;][et_pb_text _builder_version=&#8221;4.24.2&#8243; _module_preset=&#8221;default&#8221; global_colors_info=&#8221;{}&#8221;]<\/p>\n<p dir=\"ltr\">En el C.E.PER. El Torcal, la S.E.P. Churriana y la S.E.P. San Andr\u00e9s tenemos el compromiso trabajar la educaci\u00f3n en valores con instrumentos que favorezcan la reflexi\u00f3n, la autoestima, la confianza, el apoyo mutuo, el respeto, la solidaridad, el trabajo cooperativo, la lucha por el bien com\u00fan; con el objetivo de mejorar las vidas de las personas participantes e intentar, a trav\u00e9s de ellas, crear espacios para el di\u00e1logo y la reflexi\u00f3n.&nbsp;<\/p>\n<p dir=\"ltr\">Por eso participamos en la Red Andaluza \u201cEscuela, espacio de paz\u201d, as\u00ed como en el Plan de Igualdad, que trabajamos de manera conjunta y transversal a lo largo de todo el curso a trav\u00e9s de diferentes actividades.<\/p>\n<p><strong>\u00a1Un mundo mejor es posible!<\/strong><\/p>\n<p>[\/et_pb_text][et_pb_gallery gallery_ids=&#8221;2406,2407,2408,2409,2410,2411,2412,2413,2414,2415,2416,2417,2418,2419,2420,2421&#8243; gallery_orderby=&#8221;rand&#8221; orientation=&#8221;portrait&#8221; show_title_and_caption=&#8221;off&#8221; _builder_version=&#8221;4.24.2&#8243; _module_preset=&#8221;default&#8221; hover_enabled=&#8221;0&#8243; global_colors_info=&#8221;{}&#8221; sticky_enabled=&#8221;0&#8243;][\/et_pb_gallery][\/et_pb_column][et_pb_column type=&#8221;1_3&#8243; _builder_version=&#8221;4.24.2&#8243; _module_preset=&#8221;default&#8221; global_colors_info=&#8221;{}&#8221;][et_pb_sidebar _builder_version=&#8221;4.24.2&#8243; _module_preset=&#8221;default&#8221; global_colors_info=&#8221;{}&#8221;][\/et_pb_sidebar][\/et_pb_column][\/et_pb_row][\/et_pb_section]<\/p>\n","protected":false},"excerpt":{"rendered":"<p>En el C.E.PER. El Torcal, la S.E.P. Churriana y la S.E.P. San Andr\u00e9s tenemos el compromiso trabajar la educaci\u00f3n en valores con instrumentos que favorezcan la reflexi\u00f3n, la autoestima, la confianza, el apoyo mutuo, el respeto, la solidaridad, el trabajo cooperativo, la lucha por el bien com\u00fan; con el objetivo de mejorar las vidas de [&hellip;]<\/p>\n","protected":false},"author":17658,"featured_media":0,"parent":0,"menu_order":0,"comment_status":"closed","ping_status":"closed","template":"","meta":{"_et_pb_use_builder":"on","_et_pb_old_content":"","_et_gb_content_width":"","ngg_post_thumbnail":0,"footnotes":""},"aioseo_notices":[],"_links":{"self":[{"href":"https:\/\/blogsaverroes.juntadeandalucia.es\/ceper-el-torcal\/wp-json\/wp\/v2\/pages\/2184"}],"collection":[{"href":"https:\/\/blogsaverroes.juntadeandalucia.es\/ceper-el-torcal\/wp-json\/wp\/v2\/pages"}],"about":[{"href":"https:\/\/blogsaverroes.juntadeandalucia.es\/ceper-el-torcal\/wp-json\/wp\/v2\/types\/page"}],"author":[{"embeddable":true,"href":"https:\/\/blogsaverroes.juntadeandalucia.es\/ceper-el-torcal\/wp-json\/wp\/v2\/users\/17658"}],"replies":[{"embeddable":true,"href":"https:\/\/blogsaverroes.juntadeandalucia.es\/ceper-el-torcal\/wp-json\/wp\/v2\/comments?post=2184"}],"version-history":[{"count":3,"href":"https:\/\/blogsaverroes.juntadeandalucia.es\/ceper-el-torcal\/wp-json\/wp\/v2\/pages\/2184\/revisions"}],"predecessor-version":[{"id":2422,"href":"https:\/\/blogsaverroes.juntadeandalucia.es\/ceper-el-torcal\/wp-json\/wp\/v2\/pages\/2184\/revisions\/2422"}],"wp:attachment":[{"href":"https:\/\/blogsaverroes.juntadeandalucia.es\/ceper-el-torcal\/wp-json\/wp\/v2\/media?parent=2184"}],"curies":[{"name":"wp","href":"https:\/\/api.w.org\/{rel}","templated":true}]}}