{"id":2449,"date":"2026-02-09T11:18:28","date_gmt":"2026-02-09T10:18:28","guid":{"rendered":"https:\/\/blogsaverroes.juntadeandalucia.es\/ceper-el-torcal\/?page_id=2449"},"modified":"2026-02-09T11:39:31","modified_gmt":"2026-02-09T10:39:31","slug":"oferta-educativa","status":"publish","type":"page","link":"https:\/\/blogsaverroes.juntadeandalucia.es\/ceper-el-torcal\/oferta-educativa\/","title":{"rendered":"Oferta educativa"},"content":{"rendered":"<p>[et_pb_section fb_built=&#8221;1&#8243; admin_label=&#8221;section&#8221; _builder_version=&#8221;4.24.2&#8243; background_color=&#8221;#E02B20&#8243; background_image=&#8221;https:\/\/blogsaverroes.juntadeandalucia.es\/ceper-el-torcal\/files\/2026\/01\/bg-secciones.jpg&#8221; background_enable_mask_style=&#8221;on&#8221; background_mask_style=&#8221;chevrons&#8221; max_width_last_edited=&#8221;off|desktop&#8221; custom_padding=&#8221;5%||5%||true|false&#8221; global_colors_info=&#8221;{}&#8221;][et_pb_row admin_label=&#8221;row&#8221; _builder_version=&#8221;4.16&#8243; background_size=&#8221;initial&#8221; background_position=&#8221;top_left&#8221; background_repeat=&#8221;repeat&#8221; global_colors_info=&#8221;{}&#8221;][et_pb_column type=&#8221;4_4&#8243; _builder_version=&#8221;4.16&#8243; custom_padding=&#8221;|||&#8221; global_colors_info=&#8221;{}&#8221; custom_padding__hover=&#8221;|||&#8221;][et_pb_heading title=&#8221;Oferta educativa&#8221; _builder_version=&#8221;4.24.2&#8243; _module_preset=&#8221;default&#8221; title_text_align=&#8221;left&#8221; title_text_color=&#8221;#0C71C3&#8243; title_font_size=&#8221;45px&#8221; background_enable_image=&#8221;off&#8221; text_shadow_style=&#8221;preset2&#8243; text_shadow_horizontal_length=&#8221;0.01em&#8221; text_shadow_vertical_length=&#8221;0.01em&#8221; text_shadow_color=&#8221;#FFFFFF&#8221; global_colors_info=&#8221;{}&#8221;][\/et_pb_heading][\/et_pb_column][\/et_pb_row][\/et_pb_section][et_pb_section fb_built=&#8221;1&#8243; _builder_version=&#8221;4.24.2&#8243; _module_preset=&#8221;default&#8221; global_colors_info=&#8221;{}&#8221;][et_pb_row column_structure=&#8221;3_4,1_4&#8243; _builder_version=&#8221;4.24.2&#8243; _module_preset=&#8221;default&#8221; global_colors_info=&#8221;{}&#8221;][et_pb_column type=&#8221;3_4&#8243; _builder_version=&#8221;4.24.2&#8243; _module_preset=&#8221;default&#8221; global_colors_info=&#8221;{}&#8221;][et_pb_text _builder_version=&#8221;4.24.2&#8243; _module_preset=&#8221;default&#8221; global_colors_info=&#8221;{}&#8221;]<\/p>\n<p>La oferta educativa del centro educativo en su conjunto es la siguiente (con independencia de que no se impartan todas ellas en alguna de las Secciones o Aula de Extensi\u00f3n):<\/p>\n<ol>\n<li><strong>Plan de tutor\u00edas de apoyo al estudio al alumnado i<\/strong>nscrito en el nivel de<strong> Educaci\u00f3n Secundaria Obligatoria para Adultos<\/strong> en la modalidad semipresencial (NIVEL II, en adelante TAE). Este grupo de alumnado se presenta a las pruebas para conseguir la titulaci\u00f3n de Secundaria cada trimestre en el IPEP, centro de referencia con quien trabajamos estrechamente. Matriculamos al alumnado que desea obtener titulaci\u00f3n y&nbsp; ha estado matriculado anteriormente en 3\u00ba de la ESO<\/li>\n<li><strong>Plan de tutor\u00edas de apoyo al estudio al alumnado<\/strong> inscrito en el nivel de <strong>Escuela Oficial de Idiomas<\/strong> en la modalidad semipresencial (NIVELES A1 y A2, en adelante TAE A1 y TAE A2). Estos grupos reciben clases con el temario de la EOI y se presentan a los ex\u00e1menes oficiales cada cuatrimestre.<\/li>\n<li><strong>Plan educativo de Uso B\u00e1sico de Idiomas Extranjeros-Ingl\u00e9s<\/strong>, (en adelante Ingl\u00e9s). En estos grupos impartimos docencia de ingl\u00e9s estableciendo horarios seg\u00fan el nivel del alumnado. Tenemos tres niveles diferentes adapt\u00e1ndonos a las necesidades de la demanda.<\/li>\n<li><strong>Plan educativo de uso b\u00e1sico de las Tecnolog\u00edas de la Informaci\u00f3n y la Comunicaci\u00f3n<\/strong> (en adelante TIC). En estos grupos impartimos inform\u00e1tica seg\u00fan el nivel del alumnado y los distribuimos en tres niveles diferentes desde iniciaci\u00f3n a avanzado.<\/li>\n<li><strong>Plan educativo de adquisici\u00f3n de h\u00e1bitos de vida saludable y prevenci\u00f3n de enfermedades y riesgos profesionales<\/strong> (en adelante HVS). Y su modalidad biling\u00fce. Estos grupos parten de la necesidad de hablar en ingl\u00e9s&nbsp;por lo que se crearon para alumnado que presenta un nivel desde B1.<\/li>\n<li><strong>Plan educativo de Interculturalidad, Espa\u00f1ol y Cultura Espa\u00f1ola<\/strong> para personas procedentes de otros pa\u00edses. En nuestros centros impartimos clase de espa\u00f1ol para aquel alumnado que llega a Espa\u00f1a.<\/li>\n<li><strong>Plan educativo Conocimiento y conservaci\u00f3n del Patrimonio Cultural Andaluz<\/strong>. En estos grupos mostramos el Patrimonio cultural y realizamos visitas a nuestro entorno para aplicar lo aprendido.<\/li>\n<li><strong>Plan educativo obtenci\u00f3n titulaci\u00f3n b\u00e1sica. Preparaci\u00f3n prueba libre ESA<\/strong>. En este grupo&nbsp;matriculamos al alunado que desea obtener titulaci\u00f3n y no ha estado matriculado anteriormente en 3\u00ba de la ESO. Se les prepara para las pruebas libres que se convocan&nbsp;en abril y junio.<\/li>\n<\/ol>\n<p>Los Planes que se imparten en el CEPER y Secciones pueden variar en funci\u00f3n de las demandas del alumnado y de las necesidades detectadas en la zona de influencia de cada uno de los centros. As\u00ed mismo, el n\u00famero de grupos de cada uno de los Planes que se imparten, estar\u00e1 en funci\u00f3n de la matriculaci\u00f3n de cada curso escolar.<\/p>\n<p>Recogemos en este sentido, que si alguno de los grupos \/planes que se imparten en el centro o secciones dejara de ser operativo por falta de asistencia del alumnado o cualquier otro motivo justificado, dejar\u00eda de funcionar de acuerdo con lo recogido en el art\u00edculo 12.1.a) de la <strong>ORDEN de 24 de septiembre de 2007, por la que se regulan los planes educativos de car\u00e1cter no formal para personas adultas<\/strong>, que se\u00f1ala la posibilidad de suprimir un plan educativo antes de su finalizaci\u00f3n cuando la situaci\u00f3n concreta lo aconseje, e implementar alg\u00fan otro que genere nuevas expectativas al alumnado, previa propuesta justificada de alguno de los miembros que componen la comunidad escolar y la correspondiente autorizaci\u00f3n de la persona titular de la direcci\u00f3n del centro, que informar\u00e1 de ello al Consejo de Centro.<\/p>\n<p>[\/et_pb_text][\/et_pb_column][et_pb_column type=&#8221;1_4&#8243; _builder_version=&#8221;4.24.2&#8243; _module_preset=&#8221;default&#8221; global_colors_info=&#8221;{}&#8221;][et_pb_sidebar _builder_version=&#8221;4.24.2&#8243; _module_preset=&#8221;default&#8221; global_colors_info=&#8221;{}&#8221;][\/et_pb_sidebar][\/et_pb_column][\/et_pb_row][\/et_pb_section][et_pb_section fb_built=&#8221;1&#8243; _builder_version=&#8221;4.24.2&#8243; _module_preset=&#8221;default&#8221; global_colors_info=&#8221;{}&#8221;][et_pb_row _builder_version=&#8221;4.24.2&#8243; _module_preset=&#8221;default&#8221; global_colors_info=&#8221;{}&#8221;][et_pb_column type=&#8221;4_4&#8243; _builder_version=&#8221;4.24.2&#8243; _module_preset=&#8221;default&#8221; global_colors_info=&#8221;{}&#8221;][et_pb_heading title=&#8221;A continuaci\u00f3n se detallan  los Planes impartidos en cada centro y el n\u00famero de grupos:&#8221; _builder_version=&#8221;4.24.2&#8243; _module_preset=&#8221;default&#8221; title_level=&#8221;h2&#8243; global_colors_info=&#8221;{}&#8221;][\/et_pb_heading][\/et_pb_column][\/et_pb_row][et_pb_row column_structure=&#8221;1_3,1_3,1_3&#8243; _builder_version=&#8221;4.24.2&#8243; _module_preset=&#8221;default&#8221; global_colors_info=&#8221;{}&#8221;][et_pb_column type=&#8221;1_3&#8243; _builder_version=&#8221;4.24.2&#8243; _module_preset=&#8221;default&#8221; global_colors_info=&#8221;{}&#8221;][et_pb_heading title=&#8221;CEPER El Torcal  y A.E. Emilio Prados(29500371)&#8221; title_last_edited=&#8221;off|desktop&#8221; _builder_version=&#8221;4.24.2&#8243; _module_preset=&#8221;default&#8221; title_level=&#8221;h3&#8243; hover_enabled=&#8221;0&#8243; global_colors_info=&#8221;{}&#8221; width=&#8221;100%&#8221; sticky_enabled=&#8221;0&#8243;][\/et_pb_heading][et_pb_text _builder_version=&#8221;4.24.2&#8243; _module_preset=&#8221;default&#8221; global_colors_info=&#8221;{}&#8221;]<\/p>\n<p>P.E. OBTENCI\u00d3N TITULACI\u00d3N B\u00c1SICA (TAE IDIOMAS) \u2013 4 grupos en horario de ma\u00f1ana y tarde<\/p>\n<p>P.E. OBTENCI\u00d3N TITULACI\u00d3N B\u00c1SICA (PRUEBAS LIBRES ESA) \u2013 1 grupo en horario de tarde<\/p>\n<p>P.E. OBTENCI\u00d3N TITULACI\u00d3N B\u00c1SICA (TAE II ESA) \u2013 1 grupo en horario de ma\u00f1anas<\/p>\n<p>P.E. FOMENTO CIUDADAN\u00cdA ACTIVA (PATRIMONIO) \u2013 10 grupos repartidos entre ma\u00f1anas y tardes<\/p>\n<p>P.E. FOMENTO CIUDADAN\u00cdA ACTIVA (HVS-INGL\u00c9S) \u2013 2 grupos por las ma\u00f1anas y las tardes<\/p>\n<p>P.E. FOMENTO CIUDADAN\u00cdA ACTIVA (UBI) \u2013 3 grupos repartidos en horarios de ma\u00f1anas y tardes<\/p>\n<p>P.E. FOMENTO CIUDADAN\u00cdA ACTIVA (TIC) \u2013 9 grupos en horario de ma\u00f1anas y tardes<\/p>\n<p>&nbsp;<\/p>\n<p>[\/et_pb_text][\/et_pb_column][et_pb_column type=&#8221;1_3&#8243; _builder_version=&#8221;4.24.2&#8243; _module_preset=&#8221;default&#8221; global_colors_info=&#8221;{}&#8221;][et_pb_heading title=&#8221;SEPER Churriana (29500502)&#8221; title_last_edited=&#8221;off|desktop&#8221; _builder_version=&#8221;4.24.2&#8243; _module_preset=&#8221;default&#8221; title_level=&#8221;h3&#8243; global_colors_info=&#8221;{}&#8221;][\/et_pb_heading][et_pb_text _builder_version=&#8221;4.24.2&#8243; _module_preset=&#8221;default&#8221; global_colors_info=&#8221;{}&#8221;]<\/p>\n<p>P.E. OBTENCI\u00d3N TITULACI\u00d3N B\u00c1SICA (PRUEBAS LIBRES ESA) &#8211; 1<\/p>\n<p>P.E. FOMENTO CIUDADAN\u00cdA ACTIVA (HVS-INGL\u00c9S) &#8211; 1<\/p>\n<p>P.E. FOMENTO CIUDADAN\u00cdA ACTIVA (INTERCULTURALIDAD) &#8211; 1<\/p>\n<p>P.E. FOMENTO CIUDADAN\u00cdA ACTIVA (UBI) &#8211; 1<\/p>\n<p>P.E. FOMENTO CIUDADAN\u00cdA ACTIVA (PATRIMONIO) &#8211; 1<\/p>\n<p>[\/et_pb_text][\/et_pb_column][et_pb_column type=&#8221;1_3&#8243; _builder_version=&#8221;4.24.2&#8243; _module_preset=&#8221;default&#8221; global_colors_info=&#8221;{}&#8221;][et_pb_heading title=&#8221;SEPER San Andr\u00e9s (29500381)&#8221; title_last_edited=&#8221;off|desktop&#8221; _builder_version=&#8221;4.24.2&#8243; _module_preset=&#8221;default&#8221; title_level=&#8221;h3&#8243; global_colors_info=&#8221;{}&#8221;][\/et_pb_heading][et_pb_text _builder_version=&#8221;4.24.2&#8243; _module_preset=&#8221;default&#8221; global_colors_info=&#8221;{}&#8221;]<\/p>\n<p>P.E. OBTENCI\u00d3N TITULACI\u00d3N B\u00c1SICA (PRUEBAS LIBRES ESA) &#8211; 1<\/p>\n<p>P.E. FOMENTO CIUDADAN\u00cdA ACTIVA(HVS BILING\u00dcE) &#8211; 1<\/p>\n<p>P.E. FOMENTO CIUDADAN\u00cdA ACTIVA (INTERCULTURALIDAD) &#8211; 2<\/p>\n<p>P.E. FOMENTO CIUDADAN\u00cdA ACTIVA (UBI) &#8211; 1<\/p>\n<p>P.E. FOMENTO CIUDADAN\u00cdA ACTIVA (TIC) &#8211; 1<\/p>\n<p>P.E. FOMENTO CIUDADAN\u00cdA ACTIVA (PATRIMONIO) &#8211; 2<\/p>\n<p>&nbsp;<\/p>\n<p>[\/et_pb_text][\/et_pb_column][\/et_pb_row][\/et_pb_section][et_pb_section fb_built=&#8221;1&#8243; _builder_version=&#8221;4.24.2&#8243; _module_preset=&#8221;default&#8221; global_colors_info=&#8221;{}&#8221;][et_pb_row column_structure=&#8221;1_3,1_3,1_3&#8243; _builder_version=&#8221;4.24.2&#8243; _module_preset=&#8221;default&#8221; global_colors_info=&#8221;{}&#8221;][et_pb_column type=&#8221;1_3&#8243; _builder_version=&#8221;4.24.2&#8243; _module_preset=&#8221;default&#8221; global_colors_info=&#8221;{}&#8221;][et_pb_button button_url=&#8221;http:\/\/www.juntadeandalucia.es\/educacion\/permanente\/materiales\/index.php?etapa=1&#8243; url_new_window=&#8221;on&#8221; button_text=&#8221;Prueba Libre ESO&#8221; button_alignment=&#8221;center&#8221; _builder_version=&#8221;4.24.2&#8243; _module_preset=&#8221;default&#8221; global_colors_info=&#8221;{}&#8221;][\/et_pb_button][et_pb_button button_url=&#8221;https:\/\/www.juntadeandalucia.es\/educacion\/permanente\/materiales\/index.php?etapa=2&#8243; url_new_window=&#8221;on&#8221; button_text=&#8221;TAE&#8221; button_alignment=&#8221;center&#8221; _builder_version=&#8221;4.24.2&#8243; _module_preset=&#8221;default&#8221; global_colors_info=&#8221;{}&#8221;][\/et_pb_button][\/et_pb_column][et_pb_column type=&#8221;1_3&#8243; _builder_version=&#8221;4.24.2&#8243; _module_preset=&#8221;default&#8221; global_colors_info=&#8221;{}&#8221;][et_pb_button button_url=&#8221;http:\/\/www.juntadeandalucia.es\/educacion\/permanente\/materiales\/index.php?etapa=7&amp;materia=292#space&#8221; url_new_window=&#8221;on&#8221; button_text=&#8221;A2 EOI&#8221; button_alignment=&#8221;center&#8221; _builder_version=&#8221;4.24.2&#8243; _module_preset=&#8221;default&#8221; hover_enabled=&#8221;0&#8243; global_colors_info=&#8221;{}&#8221; sticky_enabled=&#8221;0&#8243;][\/et_pb_button][et_pb_button button_url=&#8221;http:\/\/www.juntadeandalucia.es\/educacion\/permanente\/materiales\/index.php?patrimonio#space&#8221; url_new_window=&#8221;on&#8221; button_text=&#8221;Patrimonio Cultural&#8221; button_alignment=&#8221;center&#8221; _builder_version=&#8221;4.24.2&#8243; _module_preset=&#8221;default&#8221; global_colors_info=&#8221;{}&#8221;][\/et_pb_button][et_pb_button button_url=&#8221;https:\/\/blogsaverroes.juntadeandalucia.es\/ceper-el-torcal\/tae-tutoria-de-apoyo-al-estudio\/&#8221; button_text=&#8221;TAE (Tutor\u00eda de Apoyo al Estudio)&#8221; button_alignment=&#8221;center&#8221; _builder_version=&#8221;4.24.2&#8243; _module_preset=&#8221;default&#8221; global_colors_info=&#8221;{}&#8221;][\/et_pb_button][\/et_pb_column][et_pb_column type=&#8221;1_3&#8243; _builder_version=&#8221;4.24.2&#8243; _module_preset=&#8221;default&#8221; global_colors_info=&#8221;{}&#8221;][et_pb_button button_url=&#8221;http:\/\/www.juntadeandalucia.es\/educacion\/permanente\/materiales\/index.php?etapa=7&amp;materia=291#space&#8221; url_new_window=&#8221;on&#8221; button_text=&#8221;A1 EOI&#8221; button_alignment=&#8221;center&#8221; _builder_version=&#8221;4.24.2&#8243; _module_preset=&#8221;default&#8221; global_colors_info=&#8221;{}&#8221;][\/et_pb_button][et_pb_button button_url=&#8221;https:\/\/blogsaverroes.juntadeandalucia.es\/ceper-el-torcal\/habitos-de-vida-saludable\/&#8221; button_text=&#8221;H\u00e1bitos de vida saludable&#8221; button_alignment=&#8221;center&#8221; _builder_version=&#8221;4.24.2&#8243; _module_preset=&#8221;default&#8221; global_colors_info=&#8221;{}&#8221;][\/et_pb_button][\/et_pb_column][\/et_pb_row][\/et_pb_section]<\/p>\n","protected":false},"excerpt":{"rendered":"<p>La oferta educativa del centro educativo en su conjunto es la siguiente (con independencia de que no se impartan todas ellas en alguna de las Secciones o Aula de Extensi\u00f3n): Plan de tutor\u00edas de apoyo al estudio al alumnado inscrito en el nivel de Educaci\u00f3n Secundaria Obligatoria para Adultos en la modalidad semipresencial (NIVEL II, [&hellip;]<\/p>\n","protected":false},"author":17658,"featured_media":0,"parent":0,"menu_order":0,"comment_status":"closed","ping_status":"closed","template":"","meta":{"_et_pb_use_builder":"on","_et_pb_old_content":"","_et_gb_content_width":"","ngg_post_thumbnail":0,"footnotes":""},"aioseo_notices":[],"_links":{"self":[{"href":"https:\/\/blogsaverroes.juntadeandalucia.es\/ceper-el-torcal\/wp-json\/wp\/v2\/pages\/2449"}],"collection":[{"href":"https:\/\/blogsaverroes.juntadeandalucia.es\/ceper-el-torcal\/wp-json\/wp\/v2\/pages"}],"about":[{"href":"https:\/\/blogsaverroes.juntadeandalucia.es\/ceper-el-torcal\/wp-json\/wp\/v2\/types\/page"}],"author":[{"embeddable":true,"href":"https:\/\/blogsaverroes.juntadeandalucia.es\/ceper-el-torcal\/wp-json\/wp\/v2\/users\/17658"}],"replies":[{"embeddable":true,"href":"https:\/\/blogsaverroes.juntadeandalucia.es\/ceper-el-torcal\/wp-json\/wp\/v2\/comments?post=2449"}],"version-history":[{"count":9,"href":"https:\/\/blogsaverroes.juntadeandalucia.es\/ceper-el-torcal\/wp-json\/wp\/v2\/pages\/2449\/revisions"}],"predecessor-version":[{"id":2475,"href":"https:\/\/blogsaverroes.juntadeandalucia.es\/ceper-el-torcal\/wp-json\/wp\/v2\/pages\/2449\/revisions\/2475"}],"wp:attachment":[{"href":"https:\/\/blogsaverroes.juntadeandalucia.es\/ceper-el-torcal\/wp-json\/wp\/v2\/media?parent=2449"}],"curies":[{"name":"wp","href":"https:\/\/api.w.org\/{rel}","templated":true}]}}