{"id":998,"date":"2026-01-22T13:14:00","date_gmt":"2026-01-22T12:14:00","guid":{"rendered":"https:\/\/blogsaverroes.juntadeandalucia.es\/ceper-el-torcal\/?page_id=998"},"modified":"2026-03-24T12:42:38","modified_gmt":"2026-03-24T11:42:38","slug":"secciones","status":"publish","type":"page","link":"https:\/\/blogsaverroes.juntadeandalucia.es\/ceper-el-torcal\/secciones\/","title":{"rendered":"Secciones"},"content":{"rendered":"<p>[et_pb_section fb_built=&#8221;1&#8243; admin_label=&#8221;section&#8221; _builder_version=&#8221;4.24.2&#8243; background_color=&#8221;#E02B20&#8243; background_image=&#8221;https:\/\/blogsaverroes.juntadeandalucia.es\/ceper-el-torcal\/files\/2026\/01\/bg-secciones.jpg&#8221; background_enable_mask_style=&#8221;on&#8221; background_mask_style=&#8221;chevrons&#8221; max_width_last_edited=&#8221;off|desktop&#8221; custom_padding=&#8221;5%||5%||true|false&#8221; global_colors_info=&#8221;{}&#8221;][et_pb_row admin_label=&#8221;row&#8221; _builder_version=&#8221;4.16&#8243; background_size=&#8221;initial&#8221; background_position=&#8221;top_left&#8221; background_repeat=&#8221;repeat&#8221; global_colors_info=&#8221;{}&#8221;][et_pb_column type=&#8221;4_4&#8243; _builder_version=&#8221;4.16&#8243; custom_padding=&#8221;|||&#8221; global_colors_info=&#8221;{}&#8221; custom_padding__hover=&#8221;|||&#8221;][et_pb_heading title=&#8221;Secciones&#8221; _builder_version=&#8221;4.24.2&#8243; _module_preset=&#8221;default&#8221; title_text_align=&#8221;left&#8221; title_text_color=&#8221;#0C71C3&#8243; title_font_size=&#8221;45px&#8221; background_enable_image=&#8221;off&#8221; text_shadow_style=&#8221;preset2&#8243; text_shadow_horizontal_length=&#8221;0.01em&#8221; text_shadow_vertical_length=&#8221;0.01em&#8221; text_shadow_color=&#8221;#FFFFFF&#8221; global_colors_info=&#8221;{}&#8221;][\/et_pb_heading][\/et_pb_column][\/et_pb_row][\/et_pb_section][et_pb_section fb_built=&#8221;1&#8243; _builder_version=&#8221;4.24.2&#8243; _module_preset=&#8221;default&#8221; global_colors_info=&#8221;{}&#8221;][et_pb_row column_structure=&#8221;2_3,1_3&#8243; _builder_version=&#8221;4.24.2&#8243; _module_preset=&#8221;default&#8221; global_colors_info=&#8221;{}&#8221;][et_pb_column type=&#8221;2_3&#8243; _builder_version=&#8221;4.24.2&#8243; _module_preset=&#8221;default&#8221; global_colors_info=&#8221;{}&#8221;][et_pb_text _builder_version=&#8221;4.24.2&#8243; _module_preset=&#8221;default&#8221; global_colors_info=&#8221;{}&#8221;]<\/p>\n<p>El C.E.PER. El Torcal tiene dos secciones de Educaci\u00f3n Permanente: S.E.PER. San Andr\u00e9s y S.E.PER. Churriana. Adem\u00e1s, tiene un Aula de Extensi\u00f3n en el I.E.S. Emilio Prados para cubrir la demanda de la poblaci\u00f3n que se encuentra lejos de nuestro centro.<\/p>\n<p>Para m\u00e1s informaci\u00f3n, accede a cada uno de los apartados dedicados a cada Secci\u00f3n y al Aula de Extensi\u00f3n.<\/p>\n<p>[\/et_pb_text][et_pb_toggle title=&#8221;S.E.PER. \u201cSan Andr\u00e9s\u201d&#8221; closed_toggle_text_color=&#8221;#0C71C3&#8243; module_class=&#8221;secc-conmutador&#8221; _builder_version=&#8221;4.24.2&#8243; _module_preset=&#8221;default&#8221; title_text_color=&#8221;#0C71C3&#8243; closed_title_line_height=&#8221;2.5em&#8221; global_colors_info=&#8221;{}&#8221;]<\/p>\n<p>La Secci\u00f3n de Educaci\u00f3n Permanente San Andr\u00e9s se encuentra en la explanada de entrada a los CEIPs Guadaljaire y Francisco de Goya, as\u00ed como del I.E.S. Profesor Isidoro S\u00e1nchez, que est\u00e1n separados de las barriadas por una autov\u00eda, accedi\u00e9ndose a los Centros a trav\u00e9s de un t\u00fanel en la explanada. Nuestro centro consta de una \u00fanica Planta Baja con tres aulas, un despacho y una peque\u00f1a biblioteca, en donde actualmente se ubican 12 ordenadores.<\/p>\n<p>Una de las aulas es usada indistintamente para talleres planteados por el Ayuntamiento y el propio Centro. El S.E.PER. San Andr\u00e9s es una de las dos secciones que constituyen el Centro de Educaci\u00f3n Permanente \u201cEl Torcal\u201d, por ello, nos organizamos para coordinarnos entre los diferentes docentes que impartimos los mismos planes.<\/p>\n<p><strong>N\u00ba Profesores en el Centro:<\/strong> 2 docentes.<br \/><strong>Horario del Centro:<\/strong> 09:00 \u2013 14:00h<br \/>Horario de tarde para celebraci\u00f3n de Talleres.<br \/><strong>Contacto:<\/strong> C\/C\u00e1mara n\u00ba3 C.P. 29003 (dentro del IES Profesor Isidoro S\u00e1nchez) M\u00e1laga<br \/><strong>Tel\u00e9fono:<\/strong> 690232169<br \/><strong>Horario de Atenci\u00f3n:<\/strong> 16:00 \u2013 20:00<\/p>\n<p>A este Centro acuden personas que han abandonado el sistema educativo y que pueden dedicar menos tiempo diario al estudio a la vez que demandan una formaci\u00f3n no solo laboral, sino tambi\u00e9n capaz de facilitarles su inserci\u00f3n social. En los \u00faltimos cursos puede apreciarse un incremento significativo debido a la crisis econ\u00f3mica en la que nos vemos inmersos, as\u00ed como a la necesidad de obtener una titulaci\u00f3n que en su momento no obtuvieron.<\/p>\n<p>Dado que el Centro se encuentra situado en una zona de la ciudad que presenta un nivel econ\u00f3mico y socio-cultural bajo, la mayor\u00eda del alumnado matriculado presenta un nivel acad\u00e9mico muy limitado, evidenciando grav\u00edsimas carencias de conocimientos m\u00ednimos. El 76% del alumnado es menor de 31 a\u00f1os, lo cual nos invita a pensar que se trata de personas procedentes de situaci\u00f3n laboral de desempleo, las cuales han estado poco tiempo en contacto con la reglamentaci\u00f3n acad\u00e9mica de nuestro actual sistema educativo.<\/p>\n<p>Teniendo en cuenta estos factores, entre nuestras intenciones destaca la potenciaci\u00f3n del autoestima del alumnado, propiciando su regular asistencia a clase y pretendiendo solventar las carencias referentes a su nivel educativo. Intentamos tambi\u00e9n mejorar dichas carencias a trav\u00e9s del Plan dedicado a la Lengua Espa\u00f1ola, para mejorar su conocimiento sobre su idioma nativo, as\u00ed como de la Lengua Extranjea: Ingl\u00e9s, que en la mayor\u00eda de los casos nunca trabajaron.<\/p>\n<p>[\/et_pb_toggle][et_pb_toggle title=&#8221;S.E.PER. \u201cChurriana\u201d&#8221; closed_toggle_text_color=&#8221;#0C71C3&#8243; module_class=&#8221;secc-conmutador&#8221; _builder_version=&#8221;4.24.2&#8243; _module_preset=&#8221;default&#8221; title_text_color=&#8221;#0C71C3&#8243; closed_title_line_height=&#8221;2.5em&#8221; global_colors_info=&#8221;{}&#8221;]<\/p>\n<p>La Secci\u00f3n de Educaci\u00f3n Permanente de Churriana se encuentra en la 2\u00aa Planta del C.E.I.P. Manuel Fern\u00e1ndez, en la barriada de \u201cLa Noria\u201d, C\/ La Carolina s\/n. Dispone de 2 aulas, una de ellas con 10 ordenadores.<\/p>\n<p><strong>N\u00ba Profesores en la Secci\u00f3n:<\/strong> 1 docente.<br \/><strong>N\u00ba Total de Plazas Escolares Autorizadas:<\/strong> 70 plazas.<br \/><strong>Contacto:<\/strong> C\/La Carolina s\/n C.P. 29140 Churriana (M\u00e1laga)<br \/><strong>Tel\u00e9fono:<\/strong> 951293615<br \/><strong>e-mail:<\/strong> ceachurriana@yahoo.es<\/p>\n<p>[\/et_pb_toggle][et_pb_toggle title=&#8221;Aula de Extensi\u00f3n en el I.E.S. Emilio Prados&#8221; closed_toggle_text_color=&#8221;#0C71C3&#8243; module_class=&#8221;secc-conmutador&#8221; _builder_version=&#8221;4.24.2&#8243; _module_preset=&#8221;default&#8221; title_text_color=&#8221;#0C71C3&#8243; closed_title_line_height=&#8221;2.5em&#8221; global_colors_info=&#8221;{}&#8221;]<\/p>\n<div class=\"et_pb_module et_pb_text et_pb_text_0  et_pb_text_align_left et_pb_bg_layout_light\">\n<div class=\"et_pb_text_inner\">\n<p>El sentido de nuestra actuaci\u00f3n en esta zona de la ciudad de M\u00e1laga se de a la necesidad de dar respuesta a la demanda existente, posibilitando que los adultos puedan acercarse a un Centro Educativo m\u00e1s pr\u00f3ximo a su domicilio. Al disponer de un solo docente y de una \u00fanica aula, los grupos se estructuran en torno a un horario de tarde. En la actualidad, contamos con tres grupos de Formaci\u00f3n B\u00e1sica.<\/p>\n<p>La Formaci\u00f3n B\u00e1sica para personas adultas tiene como finalidad desarrollar las capacidades para la construcci\u00f3n de conocimientos y la participaci\u00f3n en la vida social, cultural, pol\u00edtica y econ\u00f3mica, adquiriendo las competencias necesarias para desenvolverse en ella y facilitar de esta forma una interpretaci\u00f3n cr\u00edtica y reflexiva de la realidad. La informaci\u00f3n y el conocimiento se convierten, de este modo, en los instrumentos fundamentales para desenvolverse y actuar en los diferentes entornos que conforman hoy la realidad vital m\u00e1s inmediata de las personas de forma positiva y creativa.<\/p>\n<p><strong>N\u00ba Profesores en el Centro:<\/strong> 1 docente.<br \/><strong>Horario del Centro:<\/strong> 16:00 \u2013 21:00<br \/><strong>Contacto:<\/strong> C\/Luis de Barahona de Soto N\u00ba16 C.P. 29004 M\u00e1laga<br \/><strong>Tel\u00e9fono:<\/strong> 951298484 (IES \u201cEmilio Prados\u201d) y 951293870 (C.E.PER. \u201cEl Torcal\u201d).<br \/><strong>Horario de atenci\u00f3n:<\/strong> 20:00 a 21:00 horas<\/p>\n<\/div>\n<\/div>\n<p>[\/et_pb_toggle][\/et_pb_column][et_pb_column type=&#8221;1_3&#8243; _builder_version=&#8221;4.24.2&#8243; _module_preset=&#8221;default&#8221; global_colors_info=&#8221;{}&#8221;][et_pb_sidebar _builder_version=&#8221;4.24.2&#8243; _module_preset=&#8221;default&#8221; global_colors_info=&#8221;{}&#8221;][\/et_pb_sidebar][\/et_pb_column][\/et_pb_row][\/et_pb_section]<\/p>\n","protected":false},"excerpt":{"rendered":"<p>El C.E.PER. El Torcal tiene dos secciones de Educaci\u00f3n Permanente: S.E.PER. San Andr\u00e9s y S.E.PER. Churriana. Adem\u00e1s, tiene un Aula de Extensi\u00f3n en el I.E.S. Emilio Prados para cubrir la demanda de la poblaci\u00f3n que se encuentra lejos de nuestro centro. Para m\u00e1s informaci\u00f3n, accede a cada uno de los apartados dedicados a cada Secci\u00f3n [&hellip;]<\/p>\n","protected":false},"author":17658,"featured_media":0,"parent":0,"menu_order":0,"comment_status":"closed","ping_status":"closed","template":"","meta":{"_et_pb_use_builder":"on","_et_pb_old_content":"","_et_gb_content_width":"","ngg_post_thumbnail":0,"footnotes":""},"aioseo_notices":[],"_links":{"self":[{"href":"https:\/\/blogsaverroes.juntadeandalucia.es\/ceper-el-torcal\/wp-json\/wp\/v2\/pages\/998"}],"collection":[{"href":"https:\/\/blogsaverroes.juntadeandalucia.es\/ceper-el-torcal\/wp-json\/wp\/v2\/pages"}],"about":[{"href":"https:\/\/blogsaverroes.juntadeandalucia.es\/ceper-el-torcal\/wp-json\/wp\/v2\/types\/page"}],"author":[{"embeddable":true,"href":"https:\/\/blogsaverroes.juntadeandalucia.es\/ceper-el-torcal\/wp-json\/wp\/v2\/users\/17658"}],"replies":[{"embeddable":true,"href":"https:\/\/blogsaverroes.juntadeandalucia.es\/ceper-el-torcal\/wp-json\/wp\/v2\/comments?post=998"}],"version-history":[{"count":33,"href":"https:\/\/blogsaverroes.juntadeandalucia.es\/ceper-el-torcal\/wp-json\/wp\/v2\/pages\/998\/revisions"}],"predecessor-version":[{"id":2493,"href":"https:\/\/blogsaverroes.juntadeandalucia.es\/ceper-el-torcal\/wp-json\/wp\/v2\/pages\/998\/revisions\/2493"}],"wp:attachment":[{"href":"https:\/\/blogsaverroes.juntadeandalucia.es\/ceper-el-torcal\/wp-json\/wp\/v2\/media?parent=998"}],"curies":[{"name":"wp","href":"https:\/\/api.w.org\/{rel}","templated":true}]}}